{"id":66623,"date":"2018-12-09T21:34:21","date_gmt":"2018-12-10T02:34:21","guid":{"rendered":"https:\/\/www.bjultrasonic.com\/shop\/130l-80khz-ultrasonic-cleaner\/"},"modified":"2026-03-28T20:46:11","modified_gmt":"2026-03-29T01:46:11","slug":"130l-80khz-ultrasonic-cleaner","status":"publish","type":"product","link":"https:\/\/www.bjultrasonic.com\/pt-pt\/shop\/130l-80khz-ultrasonic-cleaner\/","title":{"rendered":"Limpeza ultrass\u00f4nica digital de 130L 80kHz com controle de tempo, temperatura e pot\u00eancia"},"content":{"rendered":"<table class=\"table table-striped table-bordered\">\n<tbody>\n<tr>\n<td width=\"284\">Tipo<\/td>\n<td width=\"284\">BJUCDPTH8130<\/td>\n<\/tr>\n<tr>\n<td width=\"284\">Capacidade do Tanque<\/td>\n<td width=\"284\">130L<\/td>\n<\/tr>\n<tr>\n<td width=\"284\">Pot\u00eancia Ultrass\u00f4nica<\/td>\n<td width=\"284\">2160W<\/td>\n<\/tr>\n<tr>\n<td width=\"284\">Pot\u00eancia de Aquecimento<\/td>\n<td width=\"284\">3000W<\/td>\n<\/tr>\n<tr>\n<td width=\"284\">Frequ\u00eancia<\/td>\n<td width=\"284\">80KHZ<\/td>\n<\/tr>\n<tr>\n<td width=\"284\">Temporizador<\/td>\n<td width=\"284\">0-30 min<\/td>\n<\/tr>\n<tr>\n<td width=\"284\">Temperatura<\/td>\n<td width=\"284\">&lt; 80\u00b0C<\/td>\n<\/tr>\n<tr>\n<td width=\"284\">Dimens\u00f5es do Tanque<\/td>\n<td width=\"284\">650*450*450 mm C*L*A<\/td>\n<\/tr>\n<tr>\n<td width=\"284\">Dimens\u00f5es da M\u00e1quina<\/td>\n<td width=\"284\">750*500*720 mm C*L*A<\/td>\n<\/tr>\n<tr>\n<td width=\"284\">Dreno<\/td>\n<td width=\"284\">Possui<\/td>\n<\/tr>\n<tr>\n<td width=\"284\">Tampa<\/td>\n<td width=\"284\">Possui<\/td>\n<\/tr>\n<tr>\n<td width=\"284\">Peso Unit\u00e1rio<\/td>\n<td width=\"284\">95kg<\/td>\n<\/tr>\n<\/tbody>\n<\/table>\n<h3>Principais Fun\u00e7\u00f5es do Limpador Ultrass\u00f4nico de 80kHz<\/h3>\n<ul>\n<li>Temporizador: Ajuste de 1-30 min.<\/li>\n<li>Temperatura: Ajuste de 20-80\u2103;<\/li>\n<li>Ajuste de tempo, temperatura e pot\u00eancia<\/li>\n<li>Painel de Exibi\u00e7\u00e3o: Exibe o tempo de trabalho e a temperatura.<\/li>\n<li>Material: O tanque e a m\u00e1quina s\u00e3o feitos de a\u00e7o inoxid\u00e1vel.<\/li>\n<li>Vantagens do produto: tanque de limpeza por estampagem, solda sem defeitos.<\/li>\n<li>Qualidade dos componentes: Uso de transdutor ultrass\u00f4nico de alta qualidade. Pot\u00eancia forte.<\/li>\n<li>Alta qualidade do processo de colagem. O transdutor ultrass\u00f4nico \u00e9 fixado usando cola ep\u00f3xi.<\/li>\n<li>Sistema de drenagem: Modelos de 6L ou mais s\u00e3o equipados com v\u00e1lvula de esfera de drenagem.<\/li>\n<li>Sistema de refrigera\u00e7\u00e3o: Modelos de 10L ou mais s\u00e3o equipados com ventilador de refrigera\u00e7\u00e3o de alta efici\u00eancia.<\/li>\n<\/ul>\n<p><img loading=\"lazy\" decoding=\"async\" src=\"https:\/\/www.bjultrasonic.com\/wp-content\/uploads\/2018\/12\/80kHz-Ultrasonic-Cleaner-Package.jpg\" alt=\"Limpador Ultrass\u00f4nico 80kHz\" width=\"600\" height=\"868\" \/><\/p>\n","protected":false},"excerpt":{"rendered":"<p><a href=\"https:\/\/www.bjultrasonic.com\/pt-pt\/category\/ultrasonic-cleaning-system-pt-pt\/80khz-ultrasonic-cleaner-pt-pt\/\">Limpeza ultrass\u00f3nica digital de 80kHz<\/a> com controlo de tempo, temperatura e pot\u00eancia, amplamente utilizada para limpar joias, rel\u00f3gios, colares, brincos, an\u00e9is, pulseiras, moedas, correias de rel\u00f3gio, \u00f3culos, \u00f3culos de sol, acess\u00f3rios de lentes de contacto, dentaduras, pentes, escovas de dentes, utens\u00edlios de mesa e assim por diante.<\/p>\n","protected":false},"featured_media":19727,"comment_status":"open","ping_status":"closed","template":"","meta":[],"product_brand":[],"product_cat":[5875],"product_tag":[],"class_list":{"0":"post-66623","1":"product","2":"type-product","3":"status-publish","4":"has-post-thumbnail","6":"product_cat-80khz-ultrasonic-cleaner-pt-pt","8":"first","9":"instock","10":"shipping-taxable","11":"purchasable","12":"product-type-simple","13":"prodpage-classic"},"aioseo_notices":[],"_links":{"self":[{"href":"https:\/\/www.bjultrasonic.com\/pt-pt\/wp-json\/wp\/v2\/product\/66623","targetHints":{"allow":["GET"]}}],"collection":[{"href":"https:\/\/www.bjultrasonic.com\/pt-pt\/wp-json\/wp\/v2\/product"}],"about":[{"href":"https:\/\/www.bjultrasonic.com\/pt-pt\/wp-json\/wp\/v2\/types\/product"}],"replies":[{"embeddable":true,"href":"https:\/\/www.bjultrasonic.com\/pt-pt\/wp-json\/wp\/v2\/comments?post=66623"}],"wp:featuredmedia":[{"embeddable":true,"href":"https:\/\/www.bjultrasonic.com\/pt-pt\/wp-json\/wp\/v2\/media\/19727"}],"wp:attachment":[{"href":"https:\/\/www.bjultrasonic.com\/pt-pt\/wp-json\/wp\/v2\/media?parent=66623"}],"wp:term":[{"taxonomy":"product_brand","embeddable":true,"href":"https:\/\/www.bjultrasonic.com\/pt-pt\/wp-json\/wp\/v2\/product_brand?post=66623"},{"taxonomy":"product_cat","embeddable":true,"href":"https:\/\/www.bjultrasonic.com\/pt-pt\/wp-json\/wp\/v2\/product_cat?post=66623"},{"taxonomy":"product_tag","embeddable":true,"href":"https:\/\/www.bjultrasonic.com\/pt-pt\/wp-json\/wp\/v2\/product_tag?post=66623"}],"curies":[{"name":"wp","href":"https:\/\/api.w.org\/{rel}","templated":true}]}}