{"id":66663,"date":"2018-12-09T21:34:07","date_gmt":"2018-12-10T02:34:07","guid":{"rendered":"https:\/\/www.bjultrasonic.com\/shop\/58l-80khz-ultrasonic-cleaner\/"},"modified":"2026-03-28T20:46:08","modified_gmt":"2026-03-29T01:46:08","slug":"58l-80khz-ultrasonic-cleaner","status":"publish","type":"product","link":"https:\/\/www.bjultrasonic.com\/pt-pt\/shop\/58l-80khz-ultrasonic-cleaner\/","title":{"rendered":"Limpeza Ultrass\u00f4nica Digital de 58L 80kHz com Controle de Tempo, Temperatura e Pot\u00eancia"},"content":{"rendered":"<table class=\"table table-striped table-bordered\">\n<tbody>\n<tr>\n<td width=\"284\">Tipo<\/td>\n<td width=\"284\">BJUCDPTH858<\/td>\n<\/tr>\n<tr>\n<td width=\"284\">Capacidade do Tanque<\/td>\n<td width=\"284\">58L<\/td>\n<\/tr>\n<tr>\n<td width=\"284\">Pot\u00eancia Ultrass\u00f4nica<\/td>\n<td width=\"284\">1080W<\/td>\n<\/tr>\n<tr>\n<td width=\"284\">Pot\u00eancia de Aquecimento<\/td>\n<td width=\"284\">1000W<\/td>\n<\/tr>\n<tr>\n<td width=\"284\">Frequ\u00eancia<\/td>\n<td width=\"284\">80KHZ<\/td>\n<\/tr>\n<tr>\n<td width=\"284\">Temporizador<\/td>\n<td width=\"284\">0-30 mins<\/td>\n<\/tr>\n<tr>\n<td width=\"284\">Temperatura<\/td>\n<td width=\"284\">&lt; 80 Graus C<\/td>\n<\/tr>\n<tr>\n<td width=\"284\">Dimens\u00f5es do Tanque<\/td>\n<td width=\"284\">550*350*300 mm C*L*A<\/td>\n<\/tr>\n<tr>\n<td width=\"284\">Dimens\u00f5es da M\u00e1quina<\/td>\n<td width=\"284\">650*400*580 mm C*L*A<\/td>\n<\/tr>\n<tr>\n<td width=\"284\">Dreno<\/td>\n<td width=\"284\">Possui<\/td>\n<\/tr>\n<tr>\n<td width=\"284\">Tampa<\/td>\n<td width=\"284\">Possui<\/td>\n<\/tr>\n<tr>\n<td width=\"284\">Peso Unit\u00e1rio<\/td>\n<td width=\"284\">72kg<\/td>\n<\/tr>\n<\/tbody>\n<\/table>\n<h3>Principais Fun\u00e7\u00f5es do Limpador Ultrass\u00f4nico de 80kHz<\/h3>\n<ul>\n<li>Temporizador: Ajuste de 1-30 mins.<\/li>\n<li>Temperatura: Ajuste de 20-80\u2103;<\/li>\n<li>Ajuste de tempo, temperatura e pot\u00eancia<\/li>\n<li>Painel de Exibi\u00e7\u00e3o: Exibe o tempo de trabalho e a temperatura.<\/li>\n<li>Material: Tanque e M\u00e1quina s\u00e3o todos em a\u00e7o inoxid\u00e1vel.<\/li>\n<li>Vantagens do produto: tanque de limpeza por estampagem, solda sem defeitos.<\/li>\n<li>Qualidade dos componentes: Utiliza transdutor ultrass\u00f4nico de alta qualidade. Pot\u00eancia forte.<\/li>\n<li>Alta qualidade do processo de colagem. O transdutor ultrass\u00f4nico \u00e9 fixado usando cola ep\u00f3xi.<\/li>\n<li>Sistema de drenagem: Modelos de 6L e acima s\u00e3o equipados com v\u00e1lvula de esfera de drenagem.<\/li>\n<li>Sistema de refrigera\u00e7\u00e3o: 10L ou mais s\u00e3o equipados com ventilador de refrigera\u00e7\u00e3o de alta efici\u00eancia.<\/li>\n<\/ul>\n<p><img loading=\"lazy\" decoding=\"async\" src=\"https:\/\/www.bjultrasonic.com\/wp-content\/uploads\/2018\/12\/80kHz-Ultrasonic-Cleaner-Package.jpg\" alt=\"Limpador Ultrass\u00f4nico 80kHz\" width=\"600\" height=\"868\" \/><\/p>\n","protected":false},"excerpt":{"rendered":"<p><a href=\"https:\/\/www.bjultrasonic.com\/pt-pt\/category\/ultrasonic-cleaning-system-pt-pt\/80khz-ultrasonic-cleaner-pt-pt\/\">Limpeza ultrass\u00f4nica digital de 80kHz<\/a> com controle de tempo, temperatura e pot\u00eancia, amplamente utilizada para limpar joias, rel\u00f3gios, colares, brincos, an\u00e9is, pulseiras, moedas, pulseiras de rel\u00f3gio, \u00f3culos, \u00f3culos de sol, acess\u00f3rios para lentes de contato, dentaduras, pentes, escovas de dente, utens\u00edlios de mesa e assim por diante.<\/p>\n","protected":false},"featured_media":19709,"comment_status":"open","ping_status":"closed","template":"","meta":[],"product_brand":[],"product_cat":[5875],"product_tag":[],"class_list":{"0":"post-66663","1":"product","2":"type-product","3":"status-publish","4":"has-post-thumbnail","6":"product_cat-80khz-ultrasonic-cleaner-pt-pt","8":"first","9":"instock","10":"shipping-taxable","11":"purchasable","12":"product-type-simple","13":"prodpage-classic"},"aioseo_notices":[],"_links":{"self":[{"href":"https:\/\/www.bjultrasonic.com\/pt-pt\/wp-json\/wp\/v2\/product\/66663","targetHints":{"allow":["GET"]}}],"collection":[{"href":"https:\/\/www.bjultrasonic.com\/pt-pt\/wp-json\/wp\/v2\/product"}],"about":[{"href":"https:\/\/www.bjultrasonic.com\/pt-pt\/wp-json\/wp\/v2\/types\/product"}],"replies":[{"embeddable":true,"href":"https:\/\/www.bjultrasonic.com\/pt-pt\/wp-json\/wp\/v2\/comments?post=66663"}],"wp:featuredmedia":[{"embeddable":true,"href":"https:\/\/www.bjultrasonic.com\/pt-pt\/wp-json\/wp\/v2\/media\/19709"}],"wp:attachment":[{"href":"https:\/\/www.bjultrasonic.com\/pt-pt\/wp-json\/wp\/v2\/media?parent=66663"}],"wp:term":[{"taxonomy":"product_brand","embeddable":true,"href":"https:\/\/www.bjultrasonic.com\/pt-pt\/wp-json\/wp\/v2\/product_brand?post=66663"},{"taxonomy":"product_cat","embeddable":true,"href":"https:\/\/www.bjultrasonic.com\/pt-pt\/wp-json\/wp\/v2\/product_cat?post=66663"},{"taxonomy":"product_tag","embeddable":true,"href":"https:\/\/www.bjultrasonic.com\/pt-pt\/wp-json\/wp\/v2\/product_tag?post=66663"}],"curies":[{"name":"wp","href":"https:\/\/api.w.org\/{rel}","templated":true}]}}