{"id":66743,"date":"2018-12-09T21:33:43","date_gmt":"2018-12-10T02:33:43","guid":{"rendered":"https:\/\/www.bjultrasonic.com\/shop\/14l-80khz-ultrasonic-cleaner\/"},"modified":"2026-03-28T20:45:10","modified_gmt":"2026-03-29T01:45:10","slug":"14l-80khz-ultrasonic-cleaner","status":"publish","type":"product","link":"https:\/\/www.bjultrasonic.com\/pt-pt\/shop\/14l-80khz-ultrasonic-cleaner\/","title":{"rendered":"14L 80kHz Limpador Ultrass\u00f4nico Digital Com Controle de Tempo, Temperatura e Pot\u00eancia"},"content":{"rendered":"<table class=\"table table-striped table-bordered\">\n<tbody>\n<tr>\n<td width=\"284\">Tipo<\/td>\n<td width=\"284\">BJUCDPTH814<\/td>\n<\/tr>\n<tr>\n<td width=\"284\">Capacidade do Tanque<\/td>\n<td width=\"284\">14L<\/td>\n<\/tr>\n<tr>\n<td width=\"284\">Pot\u00eancia Ultrass\u00f4nica<\/td>\n<td width=\"284\">360W<\/td>\n<\/tr>\n<tr>\n<td width=\"284\">Pot\u00eancia de Aquecimento<\/td>\n<td width=\"284\">500W<\/td>\n<\/tr>\n<tr>\n<td width=\"284\">Frequ\u00eancia<\/td>\n<td width=\"284\">80KHZ<\/td>\n<\/tr>\n<tr>\n<td width=\"284\">Temporizador<\/td>\n<td width=\"284\">0-30 mins<\/td>\n<\/tr>\n<tr>\n<td width=\"284\">Temperatura<\/td>\n<td width=\"284\">&lt; 80 Graus C<\/td>\n<\/tr>\n<tr>\n<td width=\"284\">Tamanho do Tanque<\/td>\n<td width=\"284\">300*240*200 mm C*L*A<\/td>\n<\/tr>\n<tr>\n<td width=\"284\">Tamanho da M\u00e1quina<\/td>\n<td width=\"284\">400*300*380 mm C*L*A<\/td>\n<\/tr>\n<tr>\n<td width=\"284\">Dreno<\/td>\n<td width=\"284\">Possui<\/td>\n<\/tr>\n<tr>\n<td width=\"284\">Tampa<\/td>\n<td width=\"284\">Possui<\/td>\n<\/tr>\n<tr>\n<td width=\"284\">Peso Unit\u00e1rio<\/td>\n<td width=\"284\">16kg<\/td>\n<\/tr>\n<\/tbody>\n<\/table>\n<h3>Principais Fun\u00e7\u00f5es do Limpador Ultrass\u00f4nico de 80kHz<\/h3>\n<ul>\n<li>Temporizador: Ajuste de 1-30 mins.<\/li>\n<li>Temperatura: Ajuste de 20-80\u2103;<\/li>\n<li>Ajuste de tempo, temperatura e pot\u00eancia<\/li>\n<li>Painel de Exibi\u00e7\u00e3o: Exibe o tempo de trabalho e a temperatura.<\/li>\n<li>Material: Tanque e M\u00e1quina s\u00e3o todos de a\u00e7o inoxid\u00e1vel.<\/li>\n<li>Vantagens do produto: tanque de limpeza por estampagem, solda sem falhas.<\/li>\n<li>Qualidade do componente: Utiliza transdutor ultrass\u00f4nico de alta qualidade. Pot\u00eancia forte.<\/li>\n<li>Alta qualidade do processo de ades\u00e3o. Cola o transdutor ultrass\u00f4nico usando adesivo ep\u00f3xi.<\/li>\n<li>Sistema de drenagem: Modelos de 6 L e acima s\u00e3o instalados com v\u00e1lvula de esfera de drenagem.<\/li>\n<li>Sistema de refrigera\u00e7\u00e3o: 10L ou mais s\u00e3o instalados com ventilador de refrigera\u00e7\u00e3o de alta efici\u00eancia.<\/li>\n<\/ul>\n<p><img loading=\"lazy\" decoding=\"async\" src=\"https:\/\/www.bjultrasonic.com\/wp-content\/uploads\/2018\/12\/80kHz-Ultrasonic-Cleaner-Package.jpg\" alt=\"Limpador Ultrass\u00f4nico 80kHz\" width=\"600\" height=\"868\" \/><\/p>\n","protected":false},"excerpt":{"rendered":"<p><a href=\"https:\/\/www.bjultrasonic.com\/pt-pt\/category\/ultrasonic-cleaning-system-pt-pt\/80khz-ultrasonic-cleaner-pt-pt\/\">Limpeza ultrass\u00f4nica digital de 80kHz<\/a> com controle de tempo, temperatura e pot\u00eancia, amplamente utilizada para limpeza de joias, rel\u00f3gios, colares, brincos, an\u00e9is, pulseiras, moedas, pulseiras de rel\u00f3gio, \u00f3culos, \u00f3culos de sol, acess\u00f3rios de lentes de contato, dentaduras, pentes, escovas de dentes, utens\u00edlios de mesa e assim por diante.<\/p>\n","protected":false},"featured_media":19686,"comment_status":"open","ping_status":"closed","template":"","meta":[],"product_brand":[],"product_cat":[5875],"product_tag":[],"class_list":{"0":"post-66743","1":"product","2":"type-product","3":"status-publish","4":"has-post-thumbnail","6":"product_cat-80khz-ultrasonic-cleaner-pt-pt","8":"first","9":"instock","10":"featured","11":"shipping-taxable","12":"purchasable","13":"product-type-simple","14":"prodpage-classic"},"aioseo_notices":[],"_links":{"self":[{"href":"https:\/\/www.bjultrasonic.com\/pt-pt\/wp-json\/wp\/v2\/product\/66743","targetHints":{"allow":["GET"]}}],"collection":[{"href":"https:\/\/www.bjultrasonic.com\/pt-pt\/wp-json\/wp\/v2\/product"}],"about":[{"href":"https:\/\/www.bjultrasonic.com\/pt-pt\/wp-json\/wp\/v2\/types\/product"}],"replies":[{"embeddable":true,"href":"https:\/\/www.bjultrasonic.com\/pt-pt\/wp-json\/wp\/v2\/comments?post=66743"}],"wp:featuredmedia":[{"embeddable":true,"href":"https:\/\/www.bjultrasonic.com\/pt-pt\/wp-json\/wp\/v2\/media\/19686"}],"wp:attachment":[{"href":"https:\/\/www.bjultrasonic.com\/pt-pt\/wp-json\/wp\/v2\/media?parent=66743"}],"wp:term":[{"taxonomy":"product_brand","embeddable":true,"href":"https:\/\/www.bjultrasonic.com\/pt-pt\/wp-json\/wp\/v2\/product_brand?post=66743"},{"taxonomy":"product_cat","embeddable":true,"href":"https:\/\/www.bjultrasonic.com\/pt-pt\/wp-json\/wp\/v2\/product_cat?post=66743"},{"taxonomy":"product_tag","embeddable":true,"href":"https:\/\/www.bjultrasonic.com\/pt-pt\/wp-json\/wp\/v2\/product_tag?post=66743"}],"curies":[{"name":"wp","href":"https:\/\/api.w.org\/{rel}","templated":true}]}}