{"id":66763,"date":"2018-12-09T21:33:22","date_gmt":"2018-12-10T02:33:22","guid":{"rendered":"https:\/\/www.bjultrasonic.com\/shop\/10l-80khz-ultrasonic-cleaner\/"},"modified":"2026-03-28T20:45:09","modified_gmt":"2026-03-29T01:45:09","slug":"10l-80khz-ultrasonic-cleaner","status":"publish","type":"product","link":"https:\/\/www.bjultrasonic.com\/pt-pt\/shop\/10l-80khz-ultrasonic-cleaner\/","title":{"rendered":"Limpeza Ultrass\u00f4nica Digital de 10L 80kHz com Controle de Tempo, Temperatura e Pot\u00eancia"},"content":{"rendered":"<table class=\"table table-striped table-bordered\">\n<tbody>\n<tr>\n<td width=\"284\">Tipo<\/td>\n<td width=\"284\">BJUCDPTH810<\/td>\n<\/tr>\n<tr>\n<td width=\"284\">Capacidade do Tanque<\/td>\n<td width=\"284\">10L<\/td>\n<\/tr>\n<tr>\n<td width=\"284\">Pot\u00eancia Ultrass\u00f4nica<\/td>\n<td width=\"284\">240W<\/td>\n<\/tr>\n<tr>\n<td width=\"284\">Pot\u00eancia de Aquecimento<\/td>\n<td width=\"284\">500W<\/td>\n<\/tr>\n<tr>\n<td width=\"284\">Frequ\u00eancia<\/td>\n<td width=\"284\">80KHZ<\/td>\n<\/tr>\n<tr>\n<td width=\"284\">Temporizador<\/td>\n<td width=\"284\">0-30 mins<\/td>\n<\/tr>\n<tr>\n<td width=\"284\">Temperatura<\/td>\n<td width=\"284\">&lt; 80 Graus C<\/td>\n<\/tr>\n<tr>\n<td width=\"284\">Tamanho do Tanque<\/td>\n<td width=\"284\">300*240*150 mm L*A*H<\/td>\n<\/tr>\n<tr>\n<td width=\"284\">Tamanho da M\u00e1quina<\/td>\n<td width=\"284\">400*300*330 mm L*A*H<\/td>\n<\/tr>\n<tr>\n<td width=\"284\">Dreno<\/td>\n<td width=\"284\">Sim<\/td>\n<\/tr>\n<tr>\n<td width=\"284\">Tampa<\/td>\n<td width=\"284\">Sim<\/td>\n<\/tr>\n<tr>\n<td width=\"284\">Peso Unit\u00e1rio<\/td>\n<td width=\"284\">13kg<\/td>\n<\/tr>\n<\/tbody>\n<\/table>\n<h3>Principais Fun\u00e7\u00f5es do Limpador Ultrass\u00f4nico 80kHz<\/h3>\n<ul>\n<li>Temporizador: Ajuste de 1-30 mins.<\/li>\n<li>Temperatura: Ajuste de 20-80\u2103;<\/li>\n<li>Ajuste de tempo, temperatura e pot\u00eancia<\/li>\n<li>Painel de Exibi\u00e7\u00e3o: Exibe o tempo de trabalho e a temperatura.<\/li>\n<li>Material: Tanque e M\u00e1quina s\u00e3o todos em a\u00e7o inoxid\u00e1vel.<\/li>\n<li>Vantagens do produto: tanque de limpeza por estampagem, solda impec\u00e1vel.<\/li>\n<li>Qualidade dos componentes: Utiliza transdutor ultrass\u00f4nico de alta qualidade. Pot\u00eancia forte.<\/li>\n<li>Alta qualidade do processo de colagem. Cola o transdutor ultrass\u00f4nico usando adesivo ep\u00f3xi.<\/li>\n<li>Sistema de drenagem: Modelos de 6 L e acima s\u00e3o instalados com v\u00e1lvula de esfera de drenagem.<\/li>\n<li>Sistema de arrefecimento: 10L ou mais s\u00e3o instalados com ventoinha de arrefecimento de alta efici\u00eancia.<\/li>\n<\/ul>\n<p><img loading=\"lazy\" decoding=\"async\" src=\"https:\/\/www.bjultrasonic.com\/wp-content\/uploads\/2018\/12\/80kHz-Ultrasonic-Cleaner-Package.jpg\" alt=\"Limpador Ultrass\u00f4nico 80kHz\" width=\"600\" height=\"868\" \/><\/p>\n","protected":false},"excerpt":{"rendered":"<p><a href=\"https:\/\/www.bjultrasonic.com\/pt-pt\/category\/ultrasonic-cleaning-system-pt-pt\/80khz-ultrasonic-cleaner-pt-pt\/\">Limpeza ultrass\u00f4nica digital de 80kHz<\/a> com controle de tempo, temperatura e pot\u00eancia, amplamente utilizada para limpar joias, rel\u00f3gios, colares, brincos, an\u00e9is, pulseiras, moedas, pulseiras de rel\u00f3gio, \u00f3culos, \u00f3culos de sol, acess\u00f3rios de lentes de contato, dentaduras, pentes, escovas de dente, utens\u00edlios de mesa e assim por diante.<\/p>\n","protected":false},"featured_media":19678,"comment_status":"open","ping_status":"closed","template":"","meta":[],"product_brand":[],"product_cat":[5875],"product_tag":[],"class_list":{"0":"post-66763","1":"product","2":"type-product","3":"status-publish","4":"has-post-thumbnail","6":"product_cat-80khz-ultrasonic-cleaner-pt-pt","8":"first","9":"instock","10":"shipping-taxable","11":"purchasable","12":"product-type-simple","13":"prodpage-classic"},"aioseo_notices":[],"_links":{"self":[{"href":"https:\/\/www.bjultrasonic.com\/pt-pt\/wp-json\/wp\/v2\/product\/66763","targetHints":{"allow":["GET"]}}],"collection":[{"href":"https:\/\/www.bjultrasonic.com\/pt-pt\/wp-json\/wp\/v2\/product"}],"about":[{"href":"https:\/\/www.bjultrasonic.com\/pt-pt\/wp-json\/wp\/v2\/types\/product"}],"replies":[{"embeddable":true,"href":"https:\/\/www.bjultrasonic.com\/pt-pt\/wp-json\/wp\/v2\/comments?post=66763"}],"wp:featuredmedia":[{"embeddable":true,"href":"https:\/\/www.bjultrasonic.com\/pt-pt\/wp-json\/wp\/v2\/media\/19678"}],"wp:attachment":[{"href":"https:\/\/www.bjultrasonic.com\/pt-pt\/wp-json\/wp\/v2\/media?parent=66763"}],"wp:term":[{"taxonomy":"product_brand","embeddable":true,"href":"https:\/\/www.bjultrasonic.com\/pt-pt\/wp-json\/wp\/v2\/product_brand?post=66763"},{"taxonomy":"product_cat","embeddable":true,"href":"https:\/\/www.bjultrasonic.com\/pt-pt\/wp-json\/wp\/v2\/product_cat?post=66763"},{"taxonomy":"product_tag","embeddable":true,"href":"https:\/\/www.bjultrasonic.com\/pt-pt\/wp-json\/wp\/v2\/product_tag?post=66763"}],"curies":[{"name":"wp","href":"https:\/\/api.w.org\/{rel}","templated":true}]}}