{"id":66903,"date":"2018-08-16T05:28:58","date_gmt":"2018-08-16T10:28:58","guid":{"rendered":"https:\/\/www.bjultrasonic.com\/shop\/ultrasonic-atomizing-transducer-bja-350-12\/"},"modified":"2026-03-28T20:43:51","modified_gmt":"2026-03-29T01:43:51","slug":"ultrasonic-atomizing-transducer-bja-350-12","status":"publish","type":"product","link":"https:\/\/www.bjultrasonic.com\/pt-pt\/shop\/ultrasonic-atomizing-transducer-bja-350-12\/","title":{"rendered":"350ML Cool Mist Ultrasonic Humidifier 12PCs LED"},"content":{"rendered":"<p><iframe loading=\"lazy\" title=\"350ml Cool Mist Ultrasonic Humidifier 12PCs LED\" width=\"500\" height=\"281\" src=\"https:\/\/www.youtube.com\/embed\/vCk8yyu9LM0?feature=oembed\" frameborder=\"0\" allow=\"accelerometer; autoplay; clipboard-write; encrypted-media; gyroscope; picture-in-picture; web-share\" referrerpolicy=\"strict-origin-when-cross-origin\" allowfullscreen><\/iframe><\/p>\n<table class=\"table table-striped table-bordered\">\n<tbody>\n<tr>\n<td width=\"273\">Tipo<\/td>\n<td width=\"273\">BJA350-12<\/td>\n<\/tr>\n<tr>\n<td width=\"273\">Quantidade de Atomiza\u00e7\u00e3o<\/td>\n<td width=\"273\">&gt;350ML<\/td>\n<\/tr>\n<tr>\n<td width=\"273\">Tamanho<\/td>\n<td width=\"273\">45mm de di\u00e2metro, 35mm de altura<\/td>\n<\/tr>\n<tr>\n<td width=\"273\">Frequ\u00eancia de Trabalho<\/td>\n<td width=\"273\">1700\u00b150(KHZ)<\/td>\n<\/tr>\n<tr>\n<td width=\"273\">Temperatura de Trabalho<\/td>\n<td width=\"273\">5\uff5e45\u2103<\/td>\n<\/tr>\n<tr>\n<td width=\"273\">N\u00edvel de \u00c1gua<\/td>\n<td width=\"273\">40mm&#8211;90mm<\/td>\n<\/tr>\n<tr>\n<td width=\"273\">Pot\u00eancia:<\/td>\n<td width=\"273\">20W<\/td>\n<\/tr>\n<tr>\n<td width=\"273\">LED<\/td>\n<td width=\"273\">12 LEDs<\/p>\n<p>Mudan\u00e7as autom\u00e1ticas de 7 cores Dream<\/td>\n<\/tr>\n<tr>\n<td width=\"273\">Sensor de N\u00edvel de \u00c1gua<\/td>\n<td width=\"273\">Altura 12mm<\/td>\n<\/tr>\n<tr>\n<td width=\"273\">Cabo<\/td>\n<td width=\"273\">PVC preto 3.8mm, Comprimento 1400\u00b120mm<\/td>\n<\/tr>\n<tr>\n<td width=\"273\">Di\u00e2metro da Cer\u00e2mica Piezoel\u00e9trica<\/td>\n<td width=\"273\">20MM<\/td>\n<\/tr>\n<tr>\n<td width=\"273\">Tens\u00e3o de Trabalho<\/td>\n<td width=\"273\">24V AC\/DC 700MA<\/td>\n<\/tr>\n<tr>\n<td width=\"273\">Plugue<\/td>\n<td width=\"273\">Tomada 5.5*2.5mm<\/td>\n<\/tr>\n<\/tbody>\n<\/table>\n<h3>V\u00eddeo<\/h3>\n<p><iframe loading=\"lazy\" title=\"350ml Cool Mist Ultrasonic Humidifier 12PCs LED\" width=\"500\" height=\"281\" src=\"https:\/\/www.youtube.com\/embed\/bbsqGHAYlDA?feature=oembed\" frameborder=\"0\" allow=\"accelerometer; autoplay; clipboard-write; encrypted-media; gyroscope; picture-in-picture; web-share\" referrerpolicy=\"strict-origin-when-cross-origin\" allowfullscreen><\/iframe><\/p>\n<p><iframe loading=\"lazy\" title=\"Ultrasonic Humidifier\" width=\"500\" height=\"281\" src=\"https:\/\/www.youtube.com\/embed\/videoseries?list=PLLrjMYkO0_NEpofnqW3MnsGQ-KMwpBJul\" frameborder=\"0\" allow=\"accelerometer; autoplay; clipboard-write; encrypted-media; gyroscope; picture-in-picture; web-share\" referrerpolicy=\"strict-origin-when-cross-origin\" allowfullscreen><\/iframe><\/p>\n<h3>Perguntas Frequentes (FAQs)<\/h3>\n<p><strong>1. Podemos ajustar a quantidade de atomiza\u00e7\u00e3o?<\/strong><\/p>\n<p>N\u00e3o, s\u00f3 pode ser alterada pelo n\u00edvel da \u00e1gua.<\/p>\n<p><strong>2. Podemos desligar o LED (se tiver)?<\/strong><\/p>\n<p>N\u00e3o. \u00c9 melhor escolher um atomizador ultrass\u00f4nico sem LED para uso interno.<\/p>\n<p><strong>3. Faz barulho?<\/strong><\/p>\n<p>N\u00e3o. A maioria dos <a href=\"https:\/\/www.bjultrasonic.com\/pt-pt\/category\/ultrasonic-atomizer-pt-pt\/\">umidificadores ultrass\u00f4nicos<\/a> tende a operar de forma mais silenciosa do que outros modelos. Isso porque eles n\u00e3o t\u00eam uma ventoinha, como os umidificadores evaporativos geralmente t\u00eam. Isso mant\u00e9m os n\u00edveis de ru\u00eddo baixos.<\/p>\n<p><strong>4. Vazar\u00e1 eletricidade?<\/strong><\/p>\n<p>O princ\u00edpio do atomizador ultrass\u00f4nico \u00e9 que a vibra\u00e7\u00e3o ultrass\u00f4nica gera n\u00e9voa. N\u00e3o toque no atomizador com a m\u00e3o enquanto estiver funcionando, pode haver uma sensa\u00e7\u00e3o de formigamento, mas n\u00e3o \u00e9 eletricidade.<\/p>\n<h3>Considera\u00e7\u00f5es Gerais<\/h3>\n<ol>\n<li>Por favor, n\u00e3o vire o atomizador de cabe\u00e7a para baixo ap\u00f3s ligar a energia, pois isso danificar\u00e1 o atomizador.<\/li>\n<li>Por favor, n\u00e3o o use por muito tempo ou mais de 10 horas.<\/li>\n<li>N\u00e3o toque na placa de atomiza\u00e7\u00e3o enquanto o atomizador estiver em funcionamento.<\/li>\n<li>Garanta a qualidade da \u00e1gua. Por favor, use \u00e1gua da torneira limpa. (a deteriora\u00e7\u00e3o da qualidade da \u00e1gua afetar\u00e1 a vida \u00fatil)<\/li>\n<li>Desligue a energia antes de mover ou reparar.<\/li>\n<li>As <a href=\"https:\/\/www.bjultrasonic.com\/pt-pt\/category\/piezoelectric-ceramic-pt-pt\/\">cer\u00e2micas piezoel\u00e9tricas<\/a> atomizadas s\u00e3o itens de consumo com uma vida \u00fatil superior a 3600 horas. Se a capacidade de nebuliza\u00e7\u00e3o do atomizador for significativamente reduzida, limpe a cer\u00e2mica piezoel\u00e9trica atomizada (sem qualquer detergente) com um cotonete para mant\u00ea-la limpa. Se a quantidade de atomiza\u00e7\u00e3o ainda for pequena ap\u00f3s a limpeza, substitua a cer\u00e2mica de atomiza\u00e7\u00e3o. (sugere-se comprar a cer\u00e2mica de atomiza\u00e7\u00e3o junto)<\/li>\n<\/ol>\n<p><img loading=\"lazy\" decoding=\"async\" src=\"https:\/\/www.bjultrasonic.com\/wp-content\/uploads\/2018\/08\/Ultrasonic-Humidifier-with-LED.jpg\" alt=\"Ultrasonic-Humidifier-with-LED\" width=\"670\" height=\"925\" \/><\/p>\n","protected":false},"excerpt":{"rendered":"<p><a href=\"https:\/\/www.bjultrasonic.com\/pt-pt\/category\/ultrasonic-atomizer-pt-pt\/\">Humidificador ultrass\u00f3nico<\/a> utiliza energia ultrass\u00f3nica para transformar l\u00edquidos em part\u00edculas semelhantes a nuvens. Humidificador ultrass\u00f3nico tamb\u00e9m \u00e9 denominado <a href=\"https:\/\/www.bjultrasonic.com\/pt-pt\/shop\/ultrasonic-atomizing-transducer\/\">atomizador ultrass\u00f3nico<\/a>, criador de n\u00e9voa ultrass\u00f3nico, gerador de nevoeiro ultrass\u00f3nico.<\/p>\n","protected":false},"featured_media":19494,"comment_status":"open","ping_status":"closed","template":"","meta":[],"product_brand":[],"product_cat":[6205],"product_tag":[],"class_list":{"0":"post-66903","1":"product","2":"type-product","3":"status-publish","4":"has-post-thumbnail","6":"product_cat-ultrasonic-atomizer-pt-pt","8":"first","9":"instock","10":"shipping-taxable","11":"purchasable","12":"product-type-simple","13":"prodpage-classic"},"aioseo_notices":[],"_links":{"self":[{"href":"https:\/\/www.bjultrasonic.com\/pt-pt\/wp-json\/wp\/v2\/product\/66903","targetHints":{"allow":["GET"]}}],"collection":[{"href":"https:\/\/www.bjultrasonic.com\/pt-pt\/wp-json\/wp\/v2\/product"}],"about":[{"href":"https:\/\/www.bjultrasonic.com\/pt-pt\/wp-json\/wp\/v2\/types\/product"}],"replies":[{"embeddable":true,"href":"https:\/\/www.bjultrasonic.com\/pt-pt\/wp-json\/wp\/v2\/comments?post=66903"}],"wp:featuredmedia":[{"embeddable":true,"href":"https:\/\/www.bjultrasonic.com\/pt-pt\/wp-json\/wp\/v2\/media\/19494"}],"wp:attachment":[{"href":"https:\/\/www.bjultrasonic.com\/pt-pt\/wp-json\/wp\/v2\/media?parent=66903"}],"wp:term":[{"taxonomy":"product_brand","embeddable":true,"href":"https:\/\/www.bjultrasonic.com\/pt-pt\/wp-json\/wp\/v2\/product_brand?post=66903"},{"taxonomy":"product_cat","embeddable":true,"href":"https:\/\/www.bjultrasonic.com\/pt-pt\/wp-json\/wp\/v2\/product_cat?post=66903"},{"taxonomy":"product_tag","embeddable":true,"href":"https:\/\/www.bjultrasonic.com\/pt-pt\/wp-json\/wp\/v2\/product_tag?post=66903"}],"curies":[{"name":"wp","href":"https:\/\/api.w.org\/{rel}","templated":true}]}}