{"id":66983,"date":"2018-08-16T01:49:48","date_gmt":"2018-08-16T06:49:48","guid":{"rendered":"https:\/\/www.bjultrasonic.com\/shop\/500w-ultrasonic-immersible-transducer\/"},"modified":"2026-03-28T20:42:54","modified_gmt":"2026-03-29T01:42:54","slug":"500w-ultrasonic-immersible-transducer","status":"publish","type":"product","link":"https:\/\/www.bjultrasonic.com\/pt-pt\/shop\/500w-ultrasonic-immersible-transducer\/","title":{"rendered":"Limpador ultrass\u00f4nico de imers\u00e3o 500W Material de a\u00e7o inoxid\u00e1vel"},"content":{"rendered":"<ul>\n<li><strong>Pot\u00eancia<\/strong>: 500W (inclui 9 pe\u00e7as de 60W de <a href=\"https:\/\/www.bjultrasonic.com\/pt-pt\/category\/ultrasonic-transducer-pt-pt\/\">transdutor de limpeza ultrass\u00f4nica<\/a>)<\/li>\n<li><strong>Tamanho<\/strong>: 250*250*100mm L*W*H<\/li>\n<li><strong>Material<\/strong>: A\u00e7o inoxid\u00e1vel 304.<\/li>\n<li>Superf\u00edcie de vibra\u00e7\u00e3o revestida com cromo duro.<\/li>\n<li><strong>Frequ\u00eancia<\/strong>: 25kHz, 28kHz ou 40kHz, se precisar de outra frequ\u00eancia, entre em contato conosco.<\/li>\n<\/ul>\n<p><img loading=\"lazy\" decoding=\"async\" src=\"https:\/\/www.bjultrasonic.com\/wp-content\/uploads\/2018\/08\/Waterproof-ultrasonic-immersible-transducers.jpg\" alt=\"\" width=\"600\" height=\"600\" \/><\/p>\n<h3>Observa\u00e7\u00f5es<\/h3>\n<ul>\n<li>Os Transdutores Imers\u00edveis Ultrass\u00f4nicos s\u00e3o produtos personalizados. Portanto, para o pre\u00e7o, entre em contato com nosso Representante de Vendas (<a href=\"https:\/\/www.bjultrasonic.com\/contact\/\" target=\"_blank\" rel=\"noopener\">Formul\u00e1rio de Contato<\/a>). Responderemos em breve.<\/li>\n<li>Podemos projetar e personalizar v\u00e1rios transdutores imers\u00edveis ultrass\u00f4nicos com base nos requisitos.<\/li>\n<\/ul>\n<h3>V\u00eddeo do Transdutor Imers\u00edvel Ultrass\u00f4nico<\/h3>\n<p><iframe loading=\"lazy\" title=\"Submersible Ultrasonic Transducer - Beijing Ultrasonic\" width=\"500\" height=\"281\" src=\"https:\/\/www.youtube.com\/embed\/7zQnWPu-HG4?feature=oembed\" frameborder=\"0\" allow=\"accelerometer; autoplay; clipboard-write; encrypted-media; gyroscope; picture-in-picture; web-share\" referrerpolicy=\"strict-origin-when-cross-origin\" allowfullscreen><\/iframe><\/p>\n<h3>Caracter\u00edsticas do Transdutor Imers\u00edvel Ultrass\u00f4nico<\/h3>\n<ul>\n<li>Estrutura totalmente em a\u00e7o inoxid\u00e1vel: resistente a \u00e1cidos e \u00e1lcalis, art\u00edstica e dur\u00e1vel.<\/li>\n<li>Adota estrutura de fiss\u00e3o: conex\u00e3o de alta frequ\u00eancia com conector \u00e9 usada entre o transdutor imers\u00edvel ultrass\u00f4nico e o gerador ultrass\u00f4nico, \u00fatil e de manuten\u00e7\u00e3o conveniente.<\/li>\n<li>H\u00e1 v\u00e1rias maneiras de instalar o transdutor imers\u00edvel ultrass\u00f4nico: pode ser colocado no <strong>fundo<\/strong>, na <strong>superf\u00edcie<\/strong>, na <strong>lateral<\/strong> ou no <strong>topo<\/strong> do tanque de limpeza conforme necess\u00e1rio.\n<div id=\"attachment_853\" style=\"width: 252px\" class=\"wp-caption alignnone\"><img loading=\"lazy\" decoding=\"async\" aria-describedby=\"caption-attachment-853\" class=\"size-full wp-image-853\" title=\"the Type of Ultrasonic Immersible Transducer Installation\" src=\"\/\/www.bjultrasonic.com\/wp-content\/uploads\/2012\/04\/20124274.jpg\" alt=\"the type of ultrasonic immersible transducer installation\" width=\"242\" height=\"155\" \/><p id=\"caption-attachment-853\" class=\"wp-caption-text\">Tipo de Instala\u00e7\u00e3o do Transdutor Imers\u00edvel Ultrass\u00f4nico<\/p><\/div><\/li>\n<\/ul>\n<h3>Aplica\u00e7\u00e3o do Transdutor Imers\u00edvel Ultrass\u00f4nico<\/h3>\n<ul>\n<li>Limpeza pr\u00e9-galvaniza\u00e7\u00e3o de pe\u00e7as a serem galvanizadas, remo\u00e7\u00e3o de \u00f3leo e sujeira para pe\u00e7as mec\u00e2nicas met\u00e1licas, limpeza de chips de sil\u00edcio semicondutores, arma\u00e7\u00f5es de \u00f3culos e recipientes de vidro.<\/li>\n<li>Lentes, \u00f3culos de sol, espelhos para miopia e prismas, microsc\u00f3pios, c\u00e2meras, equipamentos de vidro, etc.<\/li>\n<\/ul>\n<h3>Mais imagens do Transdutor Imers\u00edvel Ultrass\u00f4nico<\/h3>\n<div id=\"attachment_856\" style=\"width: 460px\" class=\"wp-caption alignnone\"><a href=\"https:\/\/www.bjultrasonic.com\/wp-content\/uploads\/2012\/04\/20124272.jpg\" data-lightbox=\"image\"><img loading=\"lazy\" decoding=\"async\" aria-describedby=\"caption-attachment-856\" class=\"size-full wp-image-856 \" title=\"vibration effects of ultrasonic immersible transducer\" src=\"\/\/www.bjultrasonic.com\/wp-content\/uploads\/2012\/04\/20124272.jpg\" alt=\"vibration effects of ultrasonic immersible transducer\" width=\"450\" height=\"337\" srcset=\"https:\/\/www.bjultrasonic.com\/wp-content\/uploads\/2012\/04\/20124272.jpg 1500w, https:\/\/www.bjultrasonic.com\/wp-content\/uploads\/2012\/04\/20124272-1170x878.jpg 1170w\" sizes=\"auto, (max-width: 450px) 100vw, 450px\" \/><\/a><p id=\"caption-attachment-856\" class=\"wp-caption-text\">Efeitos de Vibra\u00e7\u00e3o do Transdutor Imers\u00edvel Ultrass\u00f4nico<\/p><\/div>\n<hr \/>\n<div id=\"attachment_857\" style=\"width: 460px\" class=\"wp-caption alignnone\"><a href=\"https:\/\/www.bjultrasonic.com\/wp-content\/uploads\/2012\/04\/20124273.jpg\" data-lightbox=\"image\"><img loading=\"lazy\" decoding=\"async\" aria-describedby=\"caption-attachment-857\" class=\"size-full wp-image-857 \" title=\"Inside of Ultrasonic Immersible Transducer\" src=\"\/\/www.bjultrasonic.com\/wp-content\/uploads\/2012\/04\/20124273.jpg\" alt=\"Inside of Ultrasonic Immersible Transducer\" width=\"450\" height=\"350\" \/><\/a><p id=\"caption-attachment-857\" class=\"wp-caption-text\">Interior do Transdutor Imers\u00edvel Ultrass\u00f4nico<\/p><\/div>\n<h3>Pagamento<\/h3>\n<p>Aceitamos PayPal, T\/T e Western Union atualmente.<\/p>\n<h3 class=\"shipping-methods\">Envio<\/h3>\n<p>As mercadorias ser\u00e3o enviadas dentro de 48 horas ap\u00f3s o recebimento do pagamento integral.<\/p>\n<ul>\n<li>Enviamos as mercadorias para o endere\u00e7o fornecido no pagamento do PayPal. Certifique-se de que o endere\u00e7o no PayPal est\u00e1 correto.<\/li>\n<li>Forneceremos o n\u00famero de rastreamento ap\u00f3s o envio das mercadorias; em geral, voc\u00ea receber\u00e1 as mercadorias em at\u00e9 cinco dias.<\/li>\n<li>Se tiver alguma d\u00favida, entre em contato conosco por e-mail (nosso endere\u00e7o de e-mail \u00e9 <a href=\"mailto:support@bjultrasonic.com\">support@bjultrasonic.com<\/a>)<\/li>\n<\/ul>\n<h3 align=\"left\">Garantia do Produto<\/h3>\n<p>O per\u00edodo de garantia do produto \u00e9 de um ano. Durante o per\u00edodo de garantia, os produtos adquiridos podem usufruir de manuten\u00e7\u00e3o gratuita ou troca.<\/p>\n","protected":false},"excerpt":{"rendered":"<ul>\n<li>Limpeza Ultrass\u00f4nica por Imers\u00e3o de 500W<\/li>\n<li>Transdutor de Imers\u00e3o em Array de 500W<\/li>\n<li>Transdutores de Limpeza Ultrass\u00f4nica Imers\u00edveis de 500W<\/li>\n<li>Sistema de Transdutor de Ultrassom Imers\u00edvel de 500W<\/li>\n<li>Transdutor Ultrass\u00f4nico de Array em Fase de 500W<\/li>\n<li>Limpeza Ultrass\u00f4nica Submers\u00edvel de 500W<\/li>\n<li>Transdutor Ultrass\u00f4nico Imers\u00edvel de 500W<\/li>\n<li>Transdutor Piezoel\u00e9trico Ultrass\u00f4nico Subaqu\u00e1tico de 500W<\/li>\n<li>Placa de Transdutor Imerso Ultrass\u00f4nico de 500W<\/li>\n<li>Transdutor Ultrass\u00f4nico Imers\u00edvel \u00e0 Prova d&#8217;\u00c1gua de 500W<\/li>\n<li>Transdutor Piezo Ultrass\u00f4nico \u00e0 Prova d&#8217;\u00c1gua de 500W<\/li>\n<\/ul>\n","protected":false},"featured_media":19472,"comment_status":"open","ping_status":"closed","template":"","meta":[],"product_brand":[],"product_cat":[5931],"product_tag":[],"class_list":{"0":"post-66983","1":"product","2":"type-product","3":"status-publish","4":"has-post-thumbnail","6":"product_cat-ultrasonic-immersible-transducer-pt-pt","8":"first","9":"instock","10":"shipping-taxable","11":"purchasable","12":"product-type-simple","13":"prodpage-classic"},"aioseo_notices":[],"_links":{"self":[{"href":"https:\/\/www.bjultrasonic.com\/pt-pt\/wp-json\/wp\/v2\/product\/66983","targetHints":{"allow":["GET"]}}],"collection":[{"href":"https:\/\/www.bjultrasonic.com\/pt-pt\/wp-json\/wp\/v2\/product"}],"about":[{"href":"https:\/\/www.bjultrasonic.com\/pt-pt\/wp-json\/wp\/v2\/types\/product"}],"replies":[{"embeddable":true,"href":"https:\/\/www.bjultrasonic.com\/pt-pt\/wp-json\/wp\/v2\/comments?post=66983"}],"wp:featuredmedia":[{"embeddable":true,"href":"https:\/\/www.bjultrasonic.com\/pt-pt\/wp-json\/wp\/v2\/media\/19472"}],"wp:attachment":[{"href":"https:\/\/www.bjultrasonic.com\/pt-pt\/wp-json\/wp\/v2\/media?parent=66983"}],"wp:term":[{"taxonomy":"product_brand","embeddable":true,"href":"https:\/\/www.bjultrasonic.com\/pt-pt\/wp-json\/wp\/v2\/product_brand?post=66983"},{"taxonomy":"product_cat","embeddable":true,"href":"https:\/\/www.bjultrasonic.com\/pt-pt\/wp-json\/wp\/v2\/product_cat?post=66983"},{"taxonomy":"product_tag","embeddable":true,"href":"https:\/\/www.bjultrasonic.com\/pt-pt\/wp-json\/wp\/v2\/product_tag?post=66983"}],"curies":[{"name":"wp","href":"https:\/\/api.w.org\/{rel}","templated":true}]}}