{"id":67023,"date":"2018-08-04T01:32:40","date_gmt":"2018-08-04T06:32:40","guid":{"rendered":"https:\/\/www.bjultrasonic.com\/shop\/1500w-ultrasonic-generator-pcb-below-45-khz\/"},"modified":"2026-03-28T20:42:28","modified_gmt":"2026-03-29T01:42:28","slug":"1500w-ultrasonic-generator-pcb-below-45-khz","status":"publish","type":"product","link":"https:\/\/www.bjultrasonic.com\/pt-pt\/shop\/1500w-ultrasonic-generator-pcb-below-45-khz\/","title":{"rendered":"Driver de Transdutor Ultrass\u00f4nico de 1500W Abaixo de 45 KHz"},"content":{"rendered":"<ul>\n<li>Tens\u00e3o de trabalho: AC 220V\/110V 50\/60Hz \u00b110%<\/li>\n<li>Corrente de trabalho: observe que o equipamento n\u00e3o pode funcionar por muito tempo no estado de opera\u00e7\u00e3o quando sua corrente for maior que a corrente nominal.<\/li>\n<li>Ambiente de trabalho: a temperatura \u00e9 de 0\u2103 a 40\u2103<\/li>\n<li>Umidade de trabalho: 40% a 90%<\/li>\n<li>Frequ\u00eancia de trabalho: de 17kHz a 135kHz<\/li>\n<li>Tempo: 0 a 59 minutos e 59 segundos<\/li>\n<\/ul>\n<p><strong>Notas:<\/strong><\/p>\n<ul>\n<li>O <a href=\"https:\/\/www.bjultrasonic.com\/pt-pt\/category\/ultrasonic-generator-pt-pt\/\">gerador ultrass\u00f4nico<\/a> n\u00e3o pode ser ligado em condi\u00e7\u00e3o de vazio (sem carga)<\/li>\n<li>Ap\u00f3s a instala\u00e7\u00e3o, n\u00e3o podemos ligar o equipamento at\u00e9 que o fluido de limpeza seja colocado<\/li>\n<li>O <a href=\"https:\/\/www.bjultrasonic.com\/pt-pt\/category\/ultrasonic-transducer-pt-pt\/\">transdutor ultrass\u00f4nico<\/a> possui duas termina\u00e7\u00f5es. A positiva fica no meio das duas pe\u00e7as de cer\u00e2mica. A negativa fica pr\u00f3xima \u00e0 coluna met\u00e1lica inferior. Por favor, n\u00e3o erre ao fazer a fia\u00e7\u00e3o.<\/li>\n<li>O lado maior com furo de parafuso no transdutor cer\u00e2mico, que tem a fun\u00e7\u00e3o de vibra\u00e7\u00e3o, pode ser fixado no fundo da m\u00e1quina de limpeza. E por favor, certifique-se de que a m\u00e1quina de limpeza esteja devidamente aterrada.<\/li>\n<li>O transdutor cer\u00e2mico deve ser colado no fundo da m\u00e1quina de limpeza usando cola especializada para transdutor ou usando bast\u00e3o de cola AB, mas o efeito \u00e9 um pouco pior, ou usar resina ep\u00f3xi na propor\u00e7\u00e3o de 10:4.<\/li>\n<li>A tens\u00e3o da placa de circuito de trabalho \u00e9 de 600V. A tens\u00e3o de sa\u00edda para o transdutor \u00e9 de 1100V. Por favor, garanta que a m\u00e1quina de limpeza esteja devidamente aterrada. Por favor, certifique-se de que o interruptor de prote\u00e7\u00e3o contra vazamento (disjuntor diferencial) esteja instalado na fonte de alimenta\u00e7\u00e3o para garantir a seguran\u00e7a.<\/li>\n<\/ul>\n<h3>Lista de Reprodu\u00e7\u00e3o de V\u00eddeo: Driver de Transdutor Ultrass\u00f4nico<\/h3>\n<p><iframe loading=\"lazy\" width=\"560\" height=\"315\" src=\"https:\/\/www.youtube.com\/embed\/videoseries?list=PLLrjMYkO0_NG56zqmQN9W9F1Xf9eev6dc\" frameborder=\"0\" allow=\"autoplay; encrypted-media\" allowfullscreen><\/iframe><\/p>\n","protected":false},"excerpt":{"rendered":"<p>Circuito gerador ultrass\u00f4nico, tamb\u00e9m denominado circuito acionador de <a href=\"https:\/\/www.bjultrasonic.com\/pt-pt\/category\/ultrasonic-transducer-pt-pt\/\">transdutor ultrass\u00f4nico<\/a> ou <a href=\"https:\/\/www.bjultrasonic.com\/pt-pt\/category\/ultrasonic-generator-pt-pt\/ultrasonic-generator-circuits-pt-pt\/\">placa de acionamento de energia para limpadores ultrass\u00f4nicos<\/a>. Ele fornece uma <a href=\"https:\/\/www.bjultrasonic.com\/pt-pt\/category\/ultrasonic-generator-pt-pt\/\">frequ\u00eancia ultrass\u00f4nica<\/a> para acionar os transdutores ultrass\u00f4nicos dentro dos <a href=\"https:\/\/www.bjultrasonic.com\/pt-pt\/category\/ultrasonic-cleaning-system-pt-pt\/\">limpadores ultrass\u00f4nicos<\/a>.<\/p>\n","protected":false},"featured_media":19343,"comment_status":"open","ping_status":"closed","template":"","meta":[],"product_brand":[],"product_cat":[6101],"product_tag":[],"class_list":{"0":"post-67023","1":"product","2":"type-product","3":"status-publish","4":"has-post-thumbnail","6":"product_cat-ultrasonic-generator-circuits-pt-pt","8":"first","9":"instock","10":"shipping-taxable","11":"purchasable","12":"product-type-simple","13":"prodpage-classic"},"aioseo_notices":[],"_links":{"self":[{"href":"https:\/\/www.bjultrasonic.com\/pt-pt\/wp-json\/wp\/v2\/product\/67023","targetHints":{"allow":["GET"]}}],"collection":[{"href":"https:\/\/www.bjultrasonic.com\/pt-pt\/wp-json\/wp\/v2\/product"}],"about":[{"href":"https:\/\/www.bjultrasonic.com\/pt-pt\/wp-json\/wp\/v2\/types\/product"}],"replies":[{"embeddable":true,"href":"https:\/\/www.bjultrasonic.com\/pt-pt\/wp-json\/wp\/v2\/comments?post=67023"}],"wp:featuredmedia":[{"embeddable":true,"href":"https:\/\/www.bjultrasonic.com\/pt-pt\/wp-json\/wp\/v2\/media\/19343"}],"wp:attachment":[{"href":"https:\/\/www.bjultrasonic.com\/pt-pt\/wp-json\/wp\/v2\/media?parent=67023"}],"wp:term":[{"taxonomy":"product_brand","embeddable":true,"href":"https:\/\/www.bjultrasonic.com\/pt-pt\/wp-json\/wp\/v2\/product_brand?post=67023"},{"taxonomy":"product_cat","embeddable":true,"href":"https:\/\/www.bjultrasonic.com\/pt-pt\/wp-json\/wp\/v2\/product_cat?post=67023"},{"taxonomy":"product_tag","embeddable":true,"href":"https:\/\/www.bjultrasonic.com\/pt-pt\/wp-json\/wp\/v2\/product_tag?post=67023"}],"curies":[{"name":"wp","href":"https:\/\/api.w.org\/{rel}","templated":true}]}}