{"id":67183,"date":"2018-08-04T01:06:52","date_gmt":"2018-08-04T06:06:52","guid":{"rendered":"https:\/\/www.bjultrasonic.com\/shop\/120khz-60w-ultrasonic-transducer-driver\/"},"modified":"2026-03-28T20:41:04","modified_gmt":"2026-03-29T01:41:04","slug":"120khz-60w-ultrasonic-transducer-driver","status":"publish","type":"product","link":"https:\/\/www.bjultrasonic.com\/pt-pt\/shop\/120khz-60w-ultrasonic-transducer-driver\/","title":{"rendered":"Driver de Transdutor Ultrass\u00f4nico de 60W 120KHz"},"content":{"rendered":"<h3>Nota<\/h3>\n<ul>\n<li>O <a href=\"https:\/\/www.bjultrasonic.com\/pt-pt\/category\/ultrasonic-generator-pt-pt\/\">gerador ultrass\u00f4nico<\/a> n\u00e3o pode ser ligado em condi\u00e7\u00e3o de vazio (sem carga).<\/li>\n<li>Ap\u00f3s a instala\u00e7\u00e3o, n\u00e3o podemos ligar o equipamento at\u00e9 que o fluido de limpeza seja colocado.<\/li>\n<li>O <a href=\"https:\/\/www.bjultrasonic.com\/pt-pt\/category\/ultrasonic-transducer-pt-pt\/\">transdutor ultrass\u00f4nico<\/a> possui dois terminais. O positivo fica no meio de duas pe\u00e7as de cer\u00e2mica. O negativo fica pr\u00f3ximo \u00e0 coluna met\u00e1lica inferior. Por favor, n\u00e3o erre na fia\u00e7\u00e3o.<\/li>\n<li>O lado maior com furo de parafuso no transdutor de cer\u00e2mica, que tem a fun\u00e7\u00e3o de vibra\u00e7\u00e3o, pode ser fixado no fundo da m\u00e1quina de limpeza. E por favor, certifique-se de que a m\u00e1quina de limpeza est\u00e1 devidamente aterrada.<\/li>\n<li>O transdutor de cer\u00e2mica deve ser colado no fundo da m\u00e1quina de limpeza usando cola especializada para transdutor ou usando bast\u00e3o de cola AB, mas o efeito \u00e9 um pouco pior, ou usar resina ep\u00f3xi na propor\u00e7\u00e3o de 10:4.<\/li>\n<li>A tens\u00e3o da placa de circuito de trabalho \u00e9 de 600V. A tens\u00e3o de sa\u00edda para o transdutor \u00e9 de 1100V. Por favor, garanta que a m\u00e1quina de limpeza est\u00e1 devidamente aterrada. Por favor, certifique-se de que um interruptor de prote\u00e7\u00e3o contra vazamento (disjuntor diferencial) est\u00e1 instalado na fonte de alimenta\u00e7\u00e3o para garantir a seguran\u00e7a.<\/li>\n<\/ul>\n<h3>Como Conectar o Transdutor Ultrass\u00f4nico ao Circuito do Gerador Ultrass\u00f4nico<\/h3>\n<p><img loading=\"lazy\" decoding=\"async\" class=\"alignnone size-full wp-image-19292\" src=\"https:\/\/www.bjultrasonic.com\/wp-content\/uploads\/2012\/12\/Connect-Ultrasonic-Transducer-with-Ultrasonic-Generator-Circuit.jpg\" sizes=\"auto, (max-width: 748px) 100vw, 748px\" srcset=\"https:\/\/www.bjultrasonic.com\/wp-content\/uploads\/2012\/12\/Connect-Ultrasonic-Transducer-with-Ultrasonic-Generator-Circuit.jpg 748w, https:\/\/www.bjultrasonic.com\/wp-content\/uploads\/2012\/12\/Connect-Ultrasonic-Transducer-with-Ultrasonic-Generator-Circuit-40x80.jpg 40w, https:\/\/www.bjultrasonic.com\/wp-content\/uploads\/2012\/12\/Connect-Ultrasonic-Transducer-with-Ultrasonic-Generator-Circuit-150x300.jpg 150w, https:\/\/www.bjultrasonic.com\/wp-content\/uploads\/2012\/12\/Connect-Ultrasonic-Transducer-with-Ultrasonic-Generator-Circuit-93x187.jpg 93w\" alt=\"\" width=\"748\" height=\"1500\" \/><\/p>\n<h3>Pagamento<\/h3>\n<p>Atualmente aceitamos PayPal, Transfer\u00eancia Banc\u00e1ria (T\/T) e Western Union.<\/p>\n<h3 class=\"shipping-methods\">Envio<\/h3>\n<p>As mercadorias ser\u00e3o enviadas em at\u00e9 48 horas ap\u00f3s o recebimento do pagamento integral.<\/p>\n<ul>\n<li>Enviamos as mercadorias para o endere\u00e7o fornecido no pagamento via PayPal. Por favor, certifique-se de que o endere\u00e7o no PayPal est\u00e1 correto.<\/li>\n<li>Forneceremos o n\u00famero de rastreamento ap\u00f3s o envio das mercadorias. Geralmente, voc\u00ea receber\u00e1 as mercadorias em at\u00e9 cinco dias.<\/li>\n<li>Se tiver alguma d\u00favida, por favor, entre em contato conosco por e-mail (nosso endere\u00e7o de e-mail \u00e9 <a href=\"mailto:support@bjultrasonic.com\">support@bjultrasonic.com<\/a>).<\/li>\n<\/ul>\n<h3 align=\"left\">Garantia do Produto<\/h3>\n<p>O per\u00edodo de garantia do produto \u00e9 de um ano. Durante o per\u00edodo de garantia, os produtos adquiridos podem usufruir de manuten\u00e7\u00e3o gratuita ou troca.<\/p>\n<h3>Lista de Reprodu\u00e7\u00e3o em V\u00eddeo: Driver de Transdutor Ultrass\u00f4nico<\/h3>\n<p><iframe loading=\"lazy\" width=\"560\" height=\"315\" src=\"https:\/\/www.youtube.com\/embed\/videoseries?list=PLLrjMYkO0_NG56zqmQN9W9F1Xf9eev6dc\" frameborder=\"0\" allow=\"autoplay; encrypted-media\" allowfullscreen><\/iframe><\/p>\n","protected":false},"excerpt":{"rendered":"<p>Circuito gerador ultrass\u00f3nico, tamb\u00e9m denominado circuito de acionamento de <a href=\"https:\/\/www.bjultrasonic.com\/pt-pt\/category\/ultrasonic-transducer-pt-pt\/\">transdutor ultrass\u00f3nico<\/a> ou <a href=\"https:\/\/www.bjultrasonic.com\/pt-pt\/category\/ultrasonic-generator-pt-pt\/ultrasonic-generator-circuits-pt-pt\/\">placa de acionamento de energia para limpadores ultrass\u00f3nicos<\/a>. Fornece uma <a href=\"https:\/\/www.bjultrasonic.com\/pt-pt\/category\/ultrasonic-generator-pt-pt\/\">frequ\u00eancia ultrass\u00f3nica<\/a> para acionar os transdutores ultrass\u00f3nicos no interior dos <a href=\"https:\/\/www.bjultrasonic.com\/pt-pt\/category\/ultrasonic-cleaning-system-pt-pt\/\">limpadores ultrass\u00f3nicos<\/a>.<\/p>\n","protected":false},"featured_media":19317,"comment_status":"open","ping_status":"closed","template":"","meta":[],"product_brand":[],"product_cat":[6101],"product_tag":[],"class_list":{"0":"post-67183","1":"product","2":"type-product","3":"status-publish","4":"has-post-thumbnail","6":"product_cat-ultrasonic-generator-circuits-pt-pt","8":"first","9":"instock","10":"featured","11":"shipping-taxable","12":"purchasable","13":"product-type-simple","14":"prodpage-classic"},"aioseo_notices":[],"_links":{"self":[{"href":"https:\/\/www.bjultrasonic.com\/pt-pt\/wp-json\/wp\/v2\/product\/67183","targetHints":{"allow":["GET"]}}],"collection":[{"href":"https:\/\/www.bjultrasonic.com\/pt-pt\/wp-json\/wp\/v2\/product"}],"about":[{"href":"https:\/\/www.bjultrasonic.com\/pt-pt\/wp-json\/wp\/v2\/types\/product"}],"replies":[{"embeddable":true,"href":"https:\/\/www.bjultrasonic.com\/pt-pt\/wp-json\/wp\/v2\/comments?post=67183"}],"wp:featuredmedia":[{"embeddable":true,"href":"https:\/\/www.bjultrasonic.com\/pt-pt\/wp-json\/wp\/v2\/media\/19317"}],"wp:attachment":[{"href":"https:\/\/www.bjultrasonic.com\/pt-pt\/wp-json\/wp\/v2\/media?parent=67183"}],"wp:term":[{"taxonomy":"product_brand","embeddable":true,"href":"https:\/\/www.bjultrasonic.com\/pt-pt\/wp-json\/wp\/v2\/product_brand?post=67183"},{"taxonomy":"product_cat","embeddable":true,"href":"https:\/\/www.bjultrasonic.com\/pt-pt\/wp-json\/wp\/v2\/product_cat?post=67183"},{"taxonomy":"product_tag","embeddable":true,"href":"https:\/\/www.bjultrasonic.com\/pt-pt\/wp-json\/wp\/v2\/product_tag?post=67183"}],"curies":[{"name":"wp","href":"https:\/\/api.w.org\/{rel}","templated":true}]}}