{"id":67203,"date":"2018-08-04T01:06:48","date_gmt":"2018-08-04T06:06:48","guid":{"rendered":"https:\/\/www.bjultrasonic.com\/shop\/100khz-50w-ultrasonic-board-generator\/"},"modified":"2026-03-28T20:41:02","modified_gmt":"2026-03-29T01:41:02","slug":"100khz-50w-ultrasonic-board-generator","status":"publish","type":"product","link":"https:\/\/www.bjultrasonic.com\/pt-pt\/shop\/100khz-50w-ultrasonic-board-generator\/","title":{"rendered":"Driver de Transdutor Ultrass\u00f4nico 100KHz 50W"},"content":{"rendered":"<h3>Nota<\/h3>\n<ul>\n<li>O <a href=\"https:\/\/www.bjultrasonic.com\/pt-pt\/category\/ultrasonic-generator-pt-pt\/\">gerador ultrass\u00f3nico<\/a> n\u00e3o pode ser ligado sem carga<\/li>\n<li>Ap\u00f3s a instala\u00e7\u00e3o, n\u00e3o devemos ligar at\u00e9 adicionar o l\u00edquido de limpeza<\/li>\n<li>O <a href=\"https:\/\/www.bjultrasonic.com\/pt-pt\/category\/ultrasonic-transducer-pt-pt\/\">transdutor ultrass\u00f3nico<\/a> possui dois terminais. O positivo est\u00e1 no meio das duas pe\u00e7as de cer\u00e2mica. O negativo est\u00e1 pr\u00f3ximo \u00e0 coluna met\u00e1lica inferior. Por favor, n\u00e3o inverta a liga\u00e7\u00e3o dos fios.<\/li>\n<li>O lado maior do transdutor cer\u00e2mico, que possui a fun\u00e7\u00e3o de vibra\u00e7\u00e3o e tem um furo para parafuso, pode ser fixado no fundo da m\u00e1quina de limpeza. E por favor, certifique-se de que a m\u00e1quina de limpeza est\u00e1 devidamente aterrada.<\/li>\n<li>O transdutor cer\u00e2mico deve ser colado no fundo da m\u00e1quina de limpeza utilizando cola especializada para transdutores ou bast\u00e3o de cola AB, mas o efeito \u00e9 um pouco inferior, ou utilizar resina ep\u00f3xi na propor\u00e7\u00e3o de 10:4.<\/li>\n<li>A tens\u00e3o da placa de circuito em funcionamento \u00e9 de 600V. A tens\u00e3o de sa\u00edda para o transdutor \u00e9 de 1100V. Por favor, garanta que a m\u00e1quina de limpeza est\u00e1 devidamente aterrada. Certifique-se de que o interruptor de prote\u00e7\u00e3o contra fugas est\u00e1 instalado na alimenta\u00e7\u00e3o para garantir a seguran\u00e7a.<\/li>\n<\/ul>\n<h3>Como Ligar o Transdutor Ultrass\u00f3nico ao Circuito do Gerador Ultrass\u00f3nico<\/h3>\n<p><img loading=\"lazy\" decoding=\"async\" class=\"alignnone size-full wp-image-19292\" src=\"https:\/\/www.bjultrasonic.com\/wp-content\/uploads\/2012\/12\/Connect-Ultrasonic-Transducer-with-Ultrasonic-Generator-Circuit.jpg\" sizes=\"auto, (max-width: 748px) 100vw, 748px\" srcset=\"https:\/\/www.bjultrasonic.com\/wp-content\/uploads\/2012\/12\/Connect-Ultrasonic-Transducer-with-Ultrasonic-Generator-Circuit.jpg 748w, https:\/\/www.bjultrasonic.com\/wp-content\/uploads\/2012\/12\/Connect-Ultrasonic-Transducer-with-Ultrasonic-Generator-Circuit-40x80.jpg 40w, https:\/\/www.bjultrasonic.com\/wp-content\/uploads\/2012\/12\/Connect-Ultrasonic-Transducer-with-Ultrasonic-Generator-Circuit-150x300.jpg 150w, https:\/\/www.bjultrasonic.com\/wp-content\/uploads\/2012\/12\/Connect-Ultrasonic-Transducer-with-Ultrasonic-Generator-Circuit-93x187.jpg 93w\" alt=\"\" width=\"748\" height=\"1500\" \/><\/p>\n<h3>Pagamento<\/h3>\n<p>Atualmente aceitamos PayPal, Transfer\u00eancia Banc\u00e1ria (T\/T) e Western Union.<\/p>\n<h3 class=\"shipping-methods\">Envio<\/h3>\n<p>As mercadorias ser\u00e3o enviadas no prazo de 48 horas ap\u00f3s o recebimento do pagamento integral.<\/p>\n<ul>\n<li>Enviamos as mercadorias para o endere\u00e7o fornecido no pagamento PayPal. Por favor, certifique-se de que o endere\u00e7o no PayPal est\u00e1 correto.<\/li>\n<li>Forneceremos o n\u00famero de rastreamento ap\u00f3s o envio das mercadorias; geralmente, receber\u00e1 as mercadorias em at\u00e9 cinco dias.<\/li>\n<li>Se tiver alguma d\u00favida, por favor contacte-nos por email (o nosso endere\u00e7o de email \u00e9 <a href=\"mailto:support@bjultrasonic.com\">support@bjultrasonic.com<\/a>)<\/li>\n<\/ul>\n<h3 align=\"left\">Garantia do Produto<\/h3>\n<p>O per\u00edodo de garantia do produto \u00e9 de um ano. Durante o per\u00edodo de garantia, os produtos adquiridos podem usufruir de manuten\u00e7\u00e3o gratuita ou troca.<\/p>\n<h3>Lista de Reprodu\u00e7\u00e3o de V\u00eddeo: Driver de Transdutor Ultrass\u00f3nico<\/h3>\n<p><iframe loading=\"lazy\" width=\"560\" height=\"315\" src=\"https:\/\/www.youtube.com\/embed\/videoseries?list=PLLrjMYkO0_NG56zqmQN9W9F1Xf9eev6dc\" frameborder=\"0\" allow=\"autoplay; encrypted-media\" allowfullscreen><\/iframe><\/p>\n","protected":false},"excerpt":{"rendered":"<p>Circuito gerador ultrass\u00f4nico, tamb\u00e9m conhecido como circuito de acionamento de <a href=\"https:\/\/www.bjultrasonic.com\/pt-pt\/category\/ultrasonic-transducer-pt-pt\/\">transdutor ultrass\u00f4nico<\/a> ou <a href=\"https:\/\/www.bjultrasonic.com\/pt-pt\/category\/ultrasonic-generator-pt-pt\/ultrasonic-generator-circuits-pt-pt\/\">placa de acionamento de energia para limpadores ultrass\u00f4nicos<\/a>. Ele fornece uma <a href=\"https:\/\/www.bjultrasonic.com\/pt-pt\/category\/ultrasonic-generator-pt-pt\/\">frequ\u00eancia ultrass\u00f4nica<\/a> para acionar os transdutores ultrass\u00f4nicos dentro dos <a href=\"https:\/\/www.bjultrasonic.com\/pt-pt\/category\/ultrasonic-cleaning-system-pt-pt\/\">limpadores ultrass\u00f4nicos<\/a>.<\/p>\n","protected":false},"featured_media":19314,"comment_status":"open","ping_status":"closed","template":"","meta":[],"product_brand":[],"product_cat":[6101],"product_tag":[],"class_list":{"0":"post-67203","1":"product","2":"type-product","3":"status-publish","4":"has-post-thumbnail","6":"product_cat-ultrasonic-generator-circuits-pt-pt","8":"first","9":"instock","10":"shipping-taxable","11":"purchasable","12":"product-type-simple","13":"prodpage-classic"},"aioseo_notices":[],"_links":{"self":[{"href":"https:\/\/www.bjultrasonic.com\/pt-pt\/wp-json\/wp\/v2\/product\/67203","targetHints":{"allow":["GET"]}}],"collection":[{"href":"https:\/\/www.bjultrasonic.com\/pt-pt\/wp-json\/wp\/v2\/product"}],"about":[{"href":"https:\/\/www.bjultrasonic.com\/pt-pt\/wp-json\/wp\/v2\/types\/product"}],"replies":[{"embeddable":true,"href":"https:\/\/www.bjultrasonic.com\/pt-pt\/wp-json\/wp\/v2\/comments?post=67203"}],"wp:featuredmedia":[{"embeddable":true,"href":"https:\/\/www.bjultrasonic.com\/pt-pt\/wp-json\/wp\/v2\/media\/19314"}],"wp:attachment":[{"href":"https:\/\/www.bjultrasonic.com\/pt-pt\/wp-json\/wp\/v2\/media?parent=67203"}],"wp:term":[{"taxonomy":"product_brand","embeddable":true,"href":"https:\/\/www.bjultrasonic.com\/pt-pt\/wp-json\/wp\/v2\/product_brand?post=67203"},{"taxonomy":"product_cat","embeddable":true,"href":"https:\/\/www.bjultrasonic.com\/pt-pt\/wp-json\/wp\/v2\/product_cat?post=67203"},{"taxonomy":"product_tag","embeddable":true,"href":"https:\/\/www.bjultrasonic.com\/pt-pt\/wp-json\/wp\/v2\/product_tag?post=67203"}],"curies":[{"name":"wp","href":"https:\/\/api.w.org\/{rel}","templated":true}]}}