{"id":67501,"date":"2018-07-27T02:52:18","date_gmt":"2018-07-27T07:52:18","guid":{"rendered":"https:\/\/www.bjultrasonic.com\/shop\/three-frequency-ultrasonic-generator\/"},"modified":"2026-03-28T20:38:12","modified_gmt":"2026-03-29T01:38:12","slug":"three-frequency-ultrasonic-generator","status":"publish","type":"product","link":"https:\/\/www.bjultrasonic.com\/pt-pt\/shop\/three-frequency-ultrasonic-generator\/","title":{"rendered":"Gerador Ultrass\u00f4nico Digital Tr\u00eas Frequ\u00eancias"},"content":{"rendered":"<p><strong>Para este tipo de gerador, existem tr\u00eas frequ\u00eancias dispon\u00edveis. Por favor, informe-nos seus requisitos. Nossos engenheiros ir\u00e3o personaliz\u00e1-lo para voc\u00ea.<\/strong><\/p>\n<h3>Para garantir a entrega pontual:<\/h3>\n<ul>\n<li>Ao fazer o pedido, informe-nos a tens\u00e3o necess\u00e1ria (220V ou 120V) e a frequ\u00eancia desejada.<\/li>\n<li>Forne\u00e7a-nos o endere\u00e7o de entrega completo, incluindo endere\u00e7o, c\u00f3digo postal e n\u00famero de telefone.<\/li>\n<li>Se o peso do seu pedido for superior a 21kg, entre em contato conosco para obter o frete econ\u00f4mico.<\/li>\n<\/ul>\n<h3>Observa\u00e7\u00f5es<\/h3>\n<ul>\n<li>Os <a href=\"https:\/\/www.bjultrasonic.com\/pt-pt\/category\/ultrasonic-generator-pt-pt\/\">Geradores Ultrass\u00f4nicos<\/a> s\u00e3o produtos personalizados. Para obter o pre\u00e7o, por favor, <a href=\"https:\/\/www.bjultrasonic.com\/contact\/\">entre em contato com nosso representante de vendas<\/a>. Responderemos em breve.<\/li>\n<li>Podemos projetar e personalizar v\u00e1rios Geradores Ultrass\u00f4nicos com base na <strong>frequ\u00eancia<\/strong> e na <strong>tens\u00e3o<\/strong>.<\/li>\n<\/ul>\n<p>O Gerador Ultrass\u00f4nico \u00e9 uma parte indispens\u00e1vel da <a href=\"https:\/\/www.bjultrasonic.com\/pt-pt\/category\/ultrasonic-cleaning-system-pt-pt\/\">m\u00e1quina de limpeza ultrass\u00f4nica<\/a>. A qualidade do Gerador Ultrass\u00f4nico determina diretamente a efic\u00e1cia da limpeza do sistema ultrass\u00f4nico. O Gerador Ultrass\u00f4nico Digital foi pesquisado e desenvolvido independentemente pela Beijing Ultrasonic.<br \/>\n<img loading=\"lazy\" decoding=\"async\" class=\"alignnone wp-image-5021\" title=\"Ultrasonic Signal Generator\" src=\"https:\/\/www.bjultrasonic.com\/wp-content\/uploads\/2012\/05\/Ultrasonic-Signal-Generator.jpg\" alt=\"Ultrasonic Signal Generator\" width=\"600\" height=\"450\" \/><\/p>\n<h3>Estrutura Interna do Gerador Ultrass\u00f4nico Digital<\/h3>\n<p><img loading=\"lazy\" decoding=\"async\" src=\"https:\/\/www.bjultrasonic.com\/wp-content\/uploads\/2018\/07\/Internal-Structure-Of-Digital-Ultrasonic-Generator.png\" alt=\"Internal Structure Of Digital Ultrasonic Generator\" width=\"650\" height=\"578\" \/><\/p>\n<h3>Caracter\u00edsticas T\u00edpicas do Gerador Ultrass\u00f4nico<\/h3>\n<ul>\n<li>Controle de programa\u00e7\u00e3o por bot\u00f5es com exibi\u00e7\u00e3o digital das configura\u00e7\u00f5es, permitindo visualizar as condi\u00e7\u00f5es de trabalho no painel (como frequ\u00eancia de trabalho, corrente de trabalho).<\/li>\n<li>Adota tecnologia de controle digital, design de circuito perfeito e estabilidade na sa\u00edda de energia.<\/li>\n<li>Prote\u00e7\u00e3o contra sobrecorrente, superaquecimento e sobretens\u00e3o.<\/li>\n<li>Circuitos de alta e baixa tens\u00e3o completamente separados, garantindo seguran\u00e7a operacional.<\/li>\n<li>A pot\u00eancia ultrass\u00f4nica, o temporizador e a frequ\u00eancia podem ser ajustados conforme necess\u00e1rio para atender \u00e0 limpeza de diferentes produtos.<br \/>\n(Controle de tempo: 0-59&#8217;59&#8221;)<br \/>\n(Faixa de controle de pot\u00eancia: 0-100%)<\/li>\n<li>Sistema de refrigera\u00e7\u00e3o eficiente.<\/li>\n<li>Fun\u00e7\u00e3o de varredura de frequ\u00eancia.<\/li>\n<\/ul>\n<h3>V\u00eddeo do Gerador de Frequ\u00eancia Ultrass\u00f4nica<\/h3>\n<p><iframe loading=\"lazy\" title=\"Ultrasonic Signal Generator Circuit - Beijing Ultrasonic\" width=\"500\" height=\"281\" src=\"https:\/\/www.youtube.com\/embed\/A9JdQN5e5G8?feature=oembed\" frameborder=\"0\" allow=\"accelerometer; autoplay; clipboard-write; encrypted-media; gyroscope; picture-in-picture; web-share\" referrerpolicy=\"strict-origin-when-cross-origin\" allowfullscreen><\/iframe><\/p>\n","protected":false},"excerpt":{"rendered":"<p>Gerador ultrass\u00f4nico digital <a href=\"https:\/\/www.bjultrasonic.com\/pt-pt\/category\/ultrasonic-generator-pt-pt\/\">ultrasonic generator<\/a>, tamb\u00e9m conhecido como kit gerador ultrass\u00f4nico, adota a tecnologia avan\u00e7ada de controle por microcomputador e nova geometria de circuito, permitindo ajustar a frequ\u00eancia ultrass\u00f4nica, temporizador e pot\u00eancia conforme sua necessidade.<\/p>\n","protected":false},"featured_media":19239,"comment_status":"open","ping_status":"closed","template":"","meta":[],"product_brand":[],"product_cat":[6064],"product_tag":[],"class_list":{"0":"post-67501","1":"product","2":"type-product","3":"status-publish","4":"has-post-thumbnail","6":"product_cat-ultrasonic-digital-generator-pt-pt","8":"first","9":"instock","10":"shipping-taxable","11":"product-type-external","12":"prodpage-classic"},"aioseo_notices":[],"_links":{"self":[{"href":"https:\/\/www.bjultrasonic.com\/pt-pt\/wp-json\/wp\/v2\/product\/67501","targetHints":{"allow":["GET"]}}],"collection":[{"href":"https:\/\/www.bjultrasonic.com\/pt-pt\/wp-json\/wp\/v2\/product"}],"about":[{"href":"https:\/\/www.bjultrasonic.com\/pt-pt\/wp-json\/wp\/v2\/types\/product"}],"replies":[{"embeddable":true,"href":"https:\/\/www.bjultrasonic.com\/pt-pt\/wp-json\/wp\/v2\/comments?post=67501"}],"wp:featuredmedia":[{"embeddable":true,"href":"https:\/\/www.bjultrasonic.com\/pt-pt\/wp-json\/wp\/v2\/media\/19239"}],"wp:attachment":[{"href":"https:\/\/www.bjultrasonic.com\/pt-pt\/wp-json\/wp\/v2\/media?parent=67501"}],"wp:term":[{"taxonomy":"product_brand","embeddable":true,"href":"https:\/\/www.bjultrasonic.com\/pt-pt\/wp-json\/wp\/v2\/product_brand?post=67501"},{"taxonomy":"product_cat","embeddable":true,"href":"https:\/\/www.bjultrasonic.com\/pt-pt\/wp-json\/wp\/v2\/product_cat?post=67501"},{"taxonomy":"product_tag","embeddable":true,"href":"https:\/\/www.bjultrasonic.com\/pt-pt\/wp-json\/wp\/v2\/product_tag?post=67501"}],"curies":[{"name":"wp","href":"https:\/\/api.w.org\/{rel}","templated":true}]}}