{"id":67601,"date":"2014-03-17T10:10:57","date_gmt":"2014-03-17T15:10:57","guid":{"rendered":"https:\/\/www.bjultrasonic.com\/shop\/25khz-100w-ultrasonic-transducer-25khz-100w-ultrasonic-generator\/"},"modified":"2026-03-28T20:37:18","modified_gmt":"2026-03-29T01:37:18","slug":"25khz-100w-ultrasonic-transducer-25khz-100w-ultrasonic-generator","status":"publish","type":"product","link":"https:\/\/www.bjultrasonic.com\/pt-pt\/shop\/25khz-100w-ultrasonic-transducer-25khz-100w-ultrasonic-generator\/","title":{"rendered":"[100-120V] Transdutor Ultrass\u00f4nico de 25kHz 100W &#038; Circuito Acionador de Transdutor Piezoel\u00e9trico de 25kHz 100W"},"content":{"rendered":"<h3>Transdutor Ultrass\u00f4nico de 100V-120V 25kHz 100W e Gerador de PCB Ultrass\u00f4nico de 25kHz 100W<\/h3>\n<p><strong>Observa\u00e7\u00e3o: Ao fazer o pedido.<\/strong><\/p>\n<ol>\n<li>Deixe uma mensagem informando o padr\u00e3o de tens\u00e3o exato<\/li>\n<li>Forne\u00e7a o endere\u00e7o de entrega exato e o n\u00famero de telefone para contato<\/li>\n<li>Informe-nos se deseja que declaremos um valor baixo para a alf\u00e2ndega<\/li>\n<li>Deixe-nos um endere\u00e7o de e-mail v\u00e1lido. Enviaremos o n\u00famero de rastreamento por e-mail assim que despacharmos a mercadoria<\/li>\n<\/ol>\n<p><strong>Especifica\u00e7\u00f5es:<\/strong><\/p>\n<table class=\"table table-striped table-bordered\" border=\"1\" cellspacing=\"0\" cellpadding=\"0\">\n<tbody>\n<tr>\n<td colspan=\"2\" valign=\"top\" width=\"568\">\n<p align=\"left\">Um Gerador de PCB Ultrass\u00f4nico de 120W aciona 1 unidade de Transdutor Ultrass\u00f4nico de 25kHz 100W<\/p>\n<\/td>\n<\/tr>\n<tr>\n<td colspan=\"2\" valign=\"top\" width=\"568\">\n<p align=\"left\"><strong>Transdutor Ultrass\u00f4nico:<\/strong><\/p>\n<\/td>\n<\/tr>\n<tr>\n<td valign=\"top\" width=\"163\">\n<p align=\"left\">Frequ\u00eancia<\/p>\n<\/td>\n<td valign=\"top\" width=\"405\">\n<p align=\"left\">25kHz \u00b11 kHz<\/p>\n<\/td>\n<\/tr>\n<tr>\n<td valign=\"top\" width=\"163\">\n<p align=\"left\">Pot\u00eancia<\/p>\n<\/td>\n<td valign=\"top\" width=\"405\">\n<p align=\"left\">100W<\/p>\n<\/td>\n<\/tr>\n<tr>\n<td valign=\"top\" width=\"163\">\n<p align=\"left\">Capacit\u00e2ncia<\/p>\n<\/td>\n<td valign=\"top\" width=\"405\">\n<p align=\"left\">6600pF (PZT4)<\/p>\n<\/td>\n<\/tr>\n<tr>\n<td valign=\"top\" width=\"163\">\n<p align=\"left\">Superf\u00edcie de radia\u00e7\u00e3o<\/p>\n<\/td>\n<td valign=\"top\" width=\"405\">\n<p align=\"left\">68mm<\/p>\n<\/td>\n<\/tr>\n<tr>\n<td valign=\"top\" width=\"163\">\n<p align=\"left\">Resist\u00eancia de Resson\u00e2ncia<\/p>\n<\/td>\n<td valign=\"top\" width=\"405\">\n<p align=\"left\">10-20 \u03a9<\/p>\n<\/td>\n<\/tr>\n<tr>\n<td valign=\"top\" width=\"163\">\n<p align=\"left\">Tamanho da Cer\u00e2mica Piezoel\u00e9trica<\/p>\n<\/td>\n<td valign=\"top\" width=\"405\">\n<p align=\"left\">45*15*5 mm<\/p>\n<\/td>\n<\/tr>\n<tr>\n<td valign=\"top\" width=\"163\">\n<p align=\"left\">Comprimento<\/p>\n<\/td>\n<td valign=\"top\" width=\"405\">\n<p align=\"left\">77mm<\/p>\n<\/td>\n<\/tr>\n<tr>\n<td colspan=\"2\" valign=\"top\" width=\"568\">\n<p align=\"left\"><strong>Gerador de PCB Ultrass\u00f4nico:<\/strong><\/p>\n<\/td>\n<\/tr>\n<tr>\n<td valign=\"top\" width=\"163\">\n<p align=\"left\">Fonte de Alimenta\u00e7\u00e3o<\/p>\n<\/td>\n<td valign=\"top\" width=\"405\">\n<p align=\"left\">Entrada: 100V-120V<\/p>\n<\/td>\n<\/tr>\n<tr>\n<td valign=\"top\" width=\"163\">\n<p align=\"left\">Frequ\u00eancia<\/p>\n<\/td>\n<td valign=\"top\" width=\"405\">\n<p align=\"left\">25kHz \u00b11 kHz<\/p>\n<\/td>\n<\/tr>\n<tr>\n<td valign=\"top\" width=\"163\">\n<p align=\"left\">Pot\u00eancia<\/p>\n<\/td>\n<td valign=\"top\" width=\"405\">\n<p align=\"left\">100W<\/p>\n<\/td>\n<\/tr>\n<tr>\n<td valign=\"top\" width=\"163\">\n<p align=\"left\">Capacit\u00e2ncia<\/p>\n<\/td>\n<td valign=\"top\" width=\"405\">\n<p align=\"left\">6600pF (PZT4)<\/p>\n<\/td>\n<\/tr>\n<tr>\n<td valign=\"top\" width=\"163\">\n<p align=\"left\">Tamanho<\/p>\n<\/td>\n<td valign=\"top\" width=\"405\">\n<p align=\"left\">52cm*34.5cm*17cm (comprimento*largura*altura)<\/p>\n<\/td>\n<\/tr>\n<tr>\n<td colspan=\"2\" valign=\"top\" width=\"568\">\n<p align=\"left\">Peso bruto total: 2kg<\/p>\n<\/td>\n<\/tr>\n<\/tbody>\n<\/table>\n<p>As imagens a seguir mostram como conect\u00e1-los:<\/p>\n<p><a href=\"https:\/\/www.bjultrasonic.com\/wp-content\/uploads\/2014\/03\/25kHz-Ultrasonic-Transducer-and-25kHz-Ultrasonic-PCB-Generator-5.jpg\"><img loading=\"lazy\" decoding=\"async\" class=\"alignnone wp-image-5472\" src=\"\/\/www.bjultrasonic.com\/wp-content\/uploads\/2014\/03\/25kHz-Ultrasonic-Transducer-and-25kHz-Ultrasonic-PCB-Generator-5.jpg\" alt=\"25kHz Ultrasonic Transducer and 25kHz Ultrasonic PCB Generator\" width=\"630\" height=\"413\" \/><\/a><\/p>\n<p><a href=\"https:\/\/www.bjultrasonic.com\/wp-content\/uploads\/2014\/03\/25kHz-Ultrasonic-Transducer-and-25kHz-Ultrasonic-PCB-Generator-4.jpg\"><img loading=\"lazy\" decoding=\"async\" class=\"alignnone wp-image-5471\" src=\"\/\/www.bjultrasonic.com\/wp-content\/uploads\/2014\/03\/25kHz-Ultrasonic-Transducer-and-25kHz-Ultrasonic-PCB-Generator-4.jpg\" alt=\"25kHz Ultrasonic Transducer and 25kHz Ultrasonic PCB Generator\" width=\"630\" height=\"412\" \/><\/a><\/p>\n<p><a href=\"https:\/\/www.bjultrasonic.com\/wp-content\/uploads\/2014\/03\/25kHz-Ultrasonic-Transducer-and-25kHz-Ultrasonic-PCB-Generator-3.jpg\"><img loading=\"lazy\" decoding=\"async\" class=\"alignnone wp-image-5470\" src=\"\/\/www.bjultrasonic.com\/wp-content\/uploads\/2014\/03\/25kHz-Ultrasonic-Transducer-and-25kHz-Ultrasonic-PCB-Generator-3.jpg\" alt=\"25kHz Ultrasonic Transducer and 25kHz Ultrasonic PCB Generator\" width=\"630\" height=\"412\" \/><\/a><\/p>\n<p><a href=\"https:\/\/www.bjultrasonic.com\/wp-content\/uploads\/2014\/03\/25kHz-Ultrasonic-Transducer-and-25kHz-Ultrasonic-PCB-Generator-2.jpg\"><img loading=\"lazy\" decoding=\"async\" class=\"alignnone wp-image-5469\" src=\"\/\/www.bjultrasonic.com\/wp-content\/uploads\/2014\/03\/25kHz-Ultrasonic-Transducer-and-25kHz-Ultrasonic-PCB-Generator-2.jpg\" alt=\"25kHz Ultrasonic Transducer and 25kHz Ultrasonic PCB Generator\" width=\"630\" height=\"412\" \/><\/a><\/p>\n","protected":false},"excerpt":{"rendered":"<p>Pacotes de placas de acionamento de energia de <a href=\"https:\/\/www.bjultrasonic.com\/pt-pt\/category\/ultrasonic-generator-pt-pt\/ultrasonic-generator-circuits-pt-pt\/\">limpador ultrass\u00f4nico<\/a> de alta qualidade 100-120V e <a href=\"https:\/\/www.bjultrasonic.com\/pt-pt\/category\/ultrasonic-transducer-pt-pt\/\">transdutores de limpeza ultrass\u00f4nica<\/a>.<\/p>\n","protected":false},"featured_media":24648,"comment_status":"open","ping_status":"closed","template":"","meta":[],"product_brand":[],"product_cat":[6147],"product_tag":[],"class_list":{"0":"post-67601","1":"product","2":"type-product","3":"status-publish","4":"has-post-thumbnail","6":"product_cat-100-120v-ultrasonic-generator-transducer-pt-pt","8":"first","9":"instock","10":"shipping-taxable","11":"purchasable","12":"product-type-simple","13":"prodpage-classic"},"aioseo_notices":[],"_links":{"self":[{"href":"https:\/\/www.bjultrasonic.com\/pt-pt\/wp-json\/wp\/v2\/product\/67601","targetHints":{"allow":["GET"]}}],"collection":[{"href":"https:\/\/www.bjultrasonic.com\/pt-pt\/wp-json\/wp\/v2\/product"}],"about":[{"href":"https:\/\/www.bjultrasonic.com\/pt-pt\/wp-json\/wp\/v2\/types\/product"}],"replies":[{"embeddable":true,"href":"https:\/\/www.bjultrasonic.com\/pt-pt\/wp-json\/wp\/v2\/comments?post=67601"}],"wp:featuredmedia":[{"embeddable":true,"href":"https:\/\/www.bjultrasonic.com\/pt-pt\/wp-json\/wp\/v2\/media\/24648"}],"wp:attachment":[{"href":"https:\/\/www.bjultrasonic.com\/pt-pt\/wp-json\/wp\/v2\/media?parent=67601"}],"wp:term":[{"taxonomy":"product_brand","embeddable":true,"href":"https:\/\/www.bjultrasonic.com\/pt-pt\/wp-json\/wp\/v2\/product_brand?post=67601"},{"taxonomy":"product_cat","embeddable":true,"href":"https:\/\/www.bjultrasonic.com\/pt-pt\/wp-json\/wp\/v2\/product_cat?post=67601"},{"taxonomy":"product_tag","embeddable":true,"href":"https:\/\/www.bjultrasonic.com\/pt-pt\/wp-json\/wp\/v2\/product_tag?post=67601"}],"curies":[{"name":"wp","href":"https:\/\/api.w.org\/{rel}","templated":true}]}}