{"id":67881,"date":"2013-07-21T03:54:56","date_gmt":"2013-07-21T08:54:56","guid":{"rendered":"https:\/\/www.bjultrasonic.com\/shop\/54khz-30w-ultrasonic-transducer-54khz-30w-digital-ultrasonic-pcb-generator\/"},"modified":"2026-03-28T20:34:29","modified_gmt":"2026-03-29T01:34:29","slug":"54khz-30w-ultrasonic-transducer-54khz-30w-digital-ultrasonic-pcb-generator","status":"publish","type":"product","link":"https:\/\/www.bjultrasonic.com\/pt-pt\/shop\/54khz-30w-ultrasonic-transducer-54khz-30w-digital-ultrasonic-pcb-generator\/","title":{"rendered":"Transdutor ultrass\u00f4nico de 54kHz 30W e Driver digital ultrass\u00f4nico de 54kHz 30W"},"content":{"rendered":"<p><strong>Observa\u00e7\u00e3o: Ao fazer o pedido.<\/strong><\/p>\n<ol>\n<li>Por favor, deixe uma mensagem sobre o padr\u00e3o de tens\u00e3o exato.<\/li>\n<li>Por favor, forne\u00e7a-nos o endere\u00e7o de entrega exato e o n\u00famero de telefone de contato.<\/li>\n<li>Por favor, informe-nos se deseja que declaremos um valor baixo para a alf\u00e2ndega.<\/li>\n<li>Por favor, deixe-nos um endere\u00e7o de e-mail v\u00e1lido. Enviaremos o n\u00famero de rastreamento por e-mail assim que despacharmos as mercadorias.<\/li>\n<\/ol>\n<p><strong>Especifica\u00e7\u00f5es:<\/strong><\/p>\n<table class=\"table table-striped table-bordered\">\n<tbody>\n<tr>\n<td colspan=\"2\" width=\"568\">Um Gerador Ultrass\u00f4nico Digital para PCB de 54kHz 30W aciona um Transdutor Ultrass\u00f4nico de 54kHz 30W<\/td>\n<\/tr>\n<tr>\n<td colspan=\"2\" width=\"568\">Transdutor Ultrass\u00f4nico:<\/td>\n<\/tr>\n<tr>\n<td width=\"163\">Frequ\u00eancia<\/td>\n<td width=\"405\">54kHz \u00b11 kHz<\/td>\n<\/tr>\n<tr>\n<td width=\"163\">Pot\u00eancia<\/td>\n<td width=\"405\">30W<\/td>\n<\/tr>\n<tr>\n<td width=\"163\">Capacit\u00e2ncia<\/td>\n<td width=\"405\">3100pF (PZT4)<\/td>\n<\/tr>\n<tr>\n<td width=\"163\">Superf\u00edcie de radia\u00e7\u00e3o<\/td>\n<td width=\"405\">30mm<\/td>\n<\/tr>\n<tr>\n<td width=\"163\">Resist\u00eancia de Resson\u00e2ncia<\/td>\n<td width=\"405\">10-20 \u03a9<\/td>\n<\/tr>\n<tr>\n<td width=\"163\">Tamanho da Cer\u00e2mica Piezoel\u00e9trica<\/td>\n<td width=\"405\">38*15*5 mm<\/td>\n<\/tr>\n<tr>\n<td width=\"163\">Comprimento<\/td>\n<td width=\"405\">36mm<\/td>\n<\/tr>\n<tr>\n<td colspan=\"2\" width=\"568\">Gerador Ultrass\u00f4nico para PCB<\/td>\n<\/tr>\n<tr>\n<td width=\"163\">Fonte de Alimenta\u00e7\u00e3o<\/td>\n<td width=\"405\">Entrada: 200V-240V \/ 100V-120V<\/td>\n<\/tr>\n<tr>\n<td width=\"163\">Frequ\u00eancia<\/td>\n<td width=\"405\">54kHz \u00b11 kHz<\/td>\n<\/tr>\n<tr>\n<td width=\"163\">Pot\u00eancia<\/td>\n<td width=\"405\">30W<\/td>\n<\/tr>\n<tr>\n<td width=\"163\">Capacit\u00e2ncia<\/td>\n<td width=\"405\">3100pF<\/td>\n<\/tr>\n<tr>\n<td width=\"163\">Dimens\u00f5es<\/td>\n<td width=\"405\">18cm*13cm*6cm (comprimento*largura*altura)<\/td>\n<\/tr>\n<tr>\n<td colspan=\"2\" width=\"568\">Peso bruto total: 4kg<\/td>\n<\/tr>\n<tr>\n<td colspan=\"2\" width=\"568\">Observa\u00e7\u00f5es: o tempo e a pot\u00eancia do gerador ultrass\u00f4nico digital para PCB podem ser ajustados conforme suas necessidades.<\/td>\n<\/tr>\n<\/tbody>\n<\/table>\n<p>As imagens a seguir mostram como conect\u00e1-los:<\/p>\n<p><a href=\"https:\/\/www.bjultrasonic.com\/wp-content\/uploads\/2014\/05\/54kHz-30W-Ultrasonic-Transducer-54kHz-30W-Digital-Ultrasonic-PCB-Generator-1.jpg\"><img loading=\"lazy\" decoding=\"async\" class=\"alignnone wp-image-5645\" src=\"\/\/www.bjultrasonic.com\/wp-content\/uploads\/2014\/05\/54kHz-30W-Ultrasonic-Transducer-54kHz-30W-Digital-Ultrasonic-PCB-Generator-1.jpg\" alt=\"Transdutor Ultrass\u00f4nico 54kHz 30W &amp; Gerador Ultrass\u00f4nico Digital para PCB 54kHz 30W (1)\" width=\"583\" height=\"294\" \/><\/a> <a href=\"https:\/\/www.bjultrasonic.com\/wp-content\/uploads\/2014\/05\/54kHz-30W-Ultrasonic-Transducer-54kHz-30W-Digital-Ultrasonic-PCB-Generator-2.jpg\"><img loading=\"lazy\" decoding=\"async\" class=\"alignnone wp-image-5646\" src=\"\/\/www.bjultrasonic.com\/wp-content\/uploads\/2014\/05\/54kHz-30W-Ultrasonic-Transducer-54kHz-30W-Digital-Ultrasonic-PCB-Generator-2.jpg\" alt=\"Transdutor Ultrass\u00f4nico 54kHz 30W &amp; Gerador Ultrass\u00f4nico Digital para PCB 54kHz 30W (2)\" width=\"580\" height=\"321\" \/><\/a> <a href=\"https:\/\/www.bjultrasonic.com\/wp-content\/uploads\/2014\/05\/54kHz-30W-Ultrasonic-Transducer-54kHz-30W-Digital-Ultrasonic-PCB-Generator-3.jpg\"><img loading=\"lazy\" decoding=\"async\" class=\"alignnone wp-image-5647\" src=\"\/\/www.bjultrasonic.com\/wp-content\/uploads\/2014\/05\/54kHz-30W-Ultrasonic-Transducer-54kHz-30W-Digital-Ultrasonic-PCB-Generator-3.jpg\" alt=\"Transdutor Ultrass\u00f4nico 54kHz 30W &amp; Gerador Ultrass\u00f4nico Digital para PCB 54kHz 30W (3)\" width=\"582\" height=\"322\" \/><\/a> <a href=\"https:\/\/www.bjultrasonic.com\/wp-content\/uploads\/2014\/05\/54kHz-30W-Ultrasonic-Transducer-54kHz-30W-Digital-Ultrasonic-PCB-Generator-4.jpg\"><img loading=\"lazy\" decoding=\"async\" class=\"alignnone wp-image-5648\" src=\"\/\/www.bjultrasonic.com\/wp-content\/uploads\/2014\/05\/54kHz-30W-Ultrasonic-Transducer-54kHz-30W-Digital-Ultrasonic-PCB-Generator-4.jpg\" alt=\"Transdutor Ultrass\u00f4nico 54kHz 30W &amp; Gerador Ultrass\u00f4nico Digital para PCB 54kHz 30W (4)\" width=\"577\" height=\"340\" \/><\/a> <a href=\"https:\/\/www.bjultrasonic.com\/wp-content\/uploads\/2014\/05\/54kHz-30W-Ultrasonic-Transducer-54kHz-30W-Digital-Ultrasonic-PCB-Generator-5.jpg\"><img loading=\"lazy\" decoding=\"async\" class=\"alignnone wp-image-5649\" src=\"\/\/www.bjultrasonic.com\/wp-content\/uploads\/2014\/05\/54kHz-30W-Ultrasonic-Transducer-54kHz-30W-Digital-Ultrasonic-PCB-Generator-5.jpg\" alt=\"Transdutor Ultrass\u00f4nico 54kHz 30W &amp; Gerador Ultrass\u00f4nico Digital para PCB 54kHz 30W (5)\" width=\"577\" height=\"427\" \/><\/a><\/p>\n","protected":false},"excerpt":{"rendered":"<p>Pacotes de <a href=\"https:\/\/www.bjultrasonic.com\/pt-pt\/category\/ultrasonic-generator-pt-pt\/ultrasonic-generator-circuits-pt-pt\/\">placa de acionamento de energia de limpeza ultrass\u00f4nica<\/a> com display digital e <a href=\"https:\/\/www.bjultrasonic.com\/pt-pt\/category\/ultrasonic-transducer-pt-pt\/\">transdutores de limpeza ultrass\u00f4nica<\/a>.<\/p>\n","protected":false},"featured_media":24654,"comment_status":"open","ping_status":"closed","template":"","meta":[],"product_brand":[],"product_cat":[6072],"product_tag":[],"class_list":{"0":"post-67881","1":"product","2":"type-product","3":"status-publish","4":"has-post-thumbnail","6":"product_cat-digital-ultrasonic-pcb-generator-transducer-pt-pt","8":"first","9":"instock","10":"shipping-taxable","11":"purchasable","12":"product-type-simple","13":"prodpage-classic"},"aioseo_notices":[],"_links":{"self":[{"href":"https:\/\/www.bjultrasonic.com\/pt-pt\/wp-json\/wp\/v2\/product\/67881","targetHints":{"allow":["GET"]}}],"collection":[{"href":"https:\/\/www.bjultrasonic.com\/pt-pt\/wp-json\/wp\/v2\/product"}],"about":[{"href":"https:\/\/www.bjultrasonic.com\/pt-pt\/wp-json\/wp\/v2\/types\/product"}],"replies":[{"embeddable":true,"href":"https:\/\/www.bjultrasonic.com\/pt-pt\/wp-json\/wp\/v2\/comments?post=67881"}],"wp:featuredmedia":[{"embeddable":true,"href":"https:\/\/www.bjultrasonic.com\/pt-pt\/wp-json\/wp\/v2\/media\/24654"}],"wp:attachment":[{"href":"https:\/\/www.bjultrasonic.com\/pt-pt\/wp-json\/wp\/v2\/media?parent=67881"}],"wp:term":[{"taxonomy":"product_brand","embeddable":true,"href":"https:\/\/www.bjultrasonic.com\/pt-pt\/wp-json\/wp\/v2\/product_brand?post=67881"},{"taxonomy":"product_cat","embeddable":true,"href":"https:\/\/www.bjultrasonic.com\/pt-pt\/wp-json\/wp\/v2\/product_cat?post=67881"},{"taxonomy":"product_tag","embeddable":true,"href":"https:\/\/www.bjultrasonic.com\/pt-pt\/wp-json\/wp\/v2\/product_tag?post=67881"}],"curies":[{"name":"wp","href":"https:\/\/api.w.org\/{rel}","templated":true}]}}