{"id":67961,"date":"2013-06-21T02:03:08","date_gmt":"2013-06-21T07:03:08","guid":{"rendered":"https:\/\/www.bjultrasonic.com\/shop\/120khz-60w-ultrasonic-transducer-120khz-60w-ultrasonic-pcb-generator\/"},"modified":"2026-03-28T20:34:01","modified_gmt":"2026-03-29T01:34:01","slug":"120khz-60w-ultrasonic-transducer-120khz-60w-ultrasonic-pcb-generator","status":"publish","type":"product","link":"https:\/\/www.bjultrasonic.com\/pt-pt\/shop\/120khz-60w-ultrasonic-transducer-120khz-60w-ultrasonic-pcb-generator\/","title":{"rendered":"Transdutor ultrass\u00f4nico de 120kHz 60W &#038; Driver de transdutor ultrass\u00f4nico de 120kHz 60W"},"content":{"rendered":"<p><strong>Observa\u00e7\u00e3o: Ao fazer o pedido.<\/strong><\/p>\n<ol>\n<li>Por favor, deixe uma mensagem sobre o padr\u00e3o exato de voltagem<\/li>\n<li>Por favor, forne\u00e7a o endere\u00e7o exato de entrega e o n\u00famero de telefone de contato<\/li>\n<li>Por favor, informe-nos se deseja que declaremos um valor baixo para a alf\u00e2ndega.<\/li>\n<li>Por favor, deixe um endere\u00e7o de e-mail v\u00e1lido. Enviaremos o n\u00famero de rastreamento por e-mail assim que despacharmos a mercadoria.<\/li>\n<\/ol>\n<p><strong>Especifica\u00e7\u00f5es:<\/strong><\/p>\n<p>As seguintes imagens mostram como conect\u00e1-los:<\/p>\n<table class=\"table table-striped table-bordered\">\n<tbody>\n<tr>\n<td colspan=\"2\" width=\"568\">Um Gerador Ultrass\u00f4nico de PCB de 120kHz 60W alimenta um Transdutor Ultrass\u00f4nico de 120kHz 60W<\/td>\n<\/tr>\n<tr>\n<td colspan=\"2\" width=\"568\"><strong>Transdutor Ultrass\u00f4nico:<\/strong><\/td>\n<\/tr>\n<tr>\n<td width=\"163\">Frequ\u00eancia<\/td>\n<td width=\"405\">120kHz \u00b11 kHz<\/td>\n<\/tr>\n<tr>\n<td width=\"163\">Pot\u00eancia<\/td>\n<td width=\"405\">60W<\/td>\n<\/tr>\n<tr>\n<td width=\"163\">Capacit\u00e2ncia<\/td>\n<td width=\"405\">5400pF (PZT4)<\/td>\n<\/tr>\n<tr>\n<td width=\"163\">Superf\u00edcie de radia\u00e7\u00e3o<\/td>\n<td width=\"405\">40mm<\/td>\n<\/tr>\n<tr>\n<td width=\"163\">Resist\u00eancia de Resson\u00e2ncia<\/td>\n<td width=\"405\">10-20 \u03a9<\/td>\n<\/tr>\n<tr>\n<td width=\"163\">Tamanho da Cer\u00e2mica Piezoel\u00e9trica<\/td>\n<td width=\"405\">38*15*5 mm<\/td>\n<\/tr>\n<tr>\n<td width=\"163\">Comprimento<\/td>\n<td width=\"405\">56mm<\/td>\n<\/tr>\n<tr>\n<td colspan=\"2\" width=\"568\"><strong>Gerador Ultrass\u00f4nico de PCB<\/strong><\/td>\n<\/tr>\n<tr>\n<td width=\"163\">Alimenta\u00e7\u00e3o<\/td>\n<td width=\"405\">Entrada: 200V-240V \/ 100V-120V<\/td>\n<\/tr>\n<tr>\n<td width=\"163\">Frequ\u00eancia<\/td>\n<td width=\"405\">120kHz \u00b11 kHz<\/td>\n<\/tr>\n<tr>\n<td width=\"163\">Pot\u00eancia<\/td>\n<td width=\"405\">60W<\/td>\n<\/tr>\n<tr>\n<td width=\"163\">Capacit\u00e2ncia<\/td>\n<td width=\"405\">5400pF<\/td>\n<\/tr>\n<tr>\n<td width=\"163\">Dimens\u00f5es<\/td>\n<td width=\"405\">18cm*13cm*6cm (comprimento*largura*altura)<\/td>\n<\/tr>\n<tr>\n<td colspan=\"2\" width=\"568\">Peso bruto total: 4kg<\/td>\n<\/tr>\n<\/tbody>\n<\/table>\n<p>As seguintes imagens mostram como conect\u00e1-los:<\/p>\n<p><a href=\"https:\/\/www.bjultrasonic.com\/wp-content\/uploads\/2013\/06\/120kHz-60W-Ultrasonic-Transducer-120kHz-60W-Ultrasonic-PCB-Generator-1.jpg\"><img loading=\"lazy\" decoding=\"async\" class=\"alignnone  wp-image-5618\" src=\"\/\/www.bjultrasonic.com\/wp-content\/uploads\/2013\/06\/120kHz-60W-Ultrasonic-Transducer-120kHz-60W-Ultrasonic-PCB-Generator-1.jpg\" alt=\"Transdutor Ultrass\u00f4nico 120kHz 60W &amp; Gerador Ultrass\u00f4nico de PCB 120kHz 60W (1)\" width=\"595\" height=\"300\" \/><\/a> <a href=\"https:\/\/www.bjultrasonic.com\/wp-content\/uploads\/2013\/06\/120kHz-60W-Ultrasonic-Transducer-120kHz-60W-Ultrasonic-PCB-Generator-2.jpg\"><img loading=\"lazy\" decoding=\"async\" class=\"alignnone  wp-image-5619\" src=\"\/\/www.bjultrasonic.com\/wp-content\/uploads\/2013\/06\/120kHz-60W-Ultrasonic-Transducer-120kHz-60W-Ultrasonic-PCB-Generator-2.jpg\" alt=\"Transdutor Ultrass\u00f4nico 120kHz 60W &amp; Gerador Ultrass\u00f4nico de PCB 120kHz 60W (2)\" width=\"584\" height=\"323\" \/><\/a> <a href=\"https:\/\/www.bjultrasonic.com\/wp-content\/uploads\/2013\/06\/120kHz-60W-Ultrasonic-Transducer-120kHz-60W-Ultrasonic-PCB-Generator-3.jpg\"><img loading=\"lazy\" decoding=\"async\" class=\"alignnone  wp-image-5620\" src=\"\/\/www.bjultrasonic.com\/wp-content\/uploads\/2013\/06\/120kHz-60W-Ultrasonic-Transducer-120kHz-60W-Ultrasonic-PCB-Generator-3.jpg\" alt=\"Transdutor Ultrass\u00f4nico 120kHz 60W &amp; Gerador Ultrass\u00f4nico de PCB 120kHz 60W (3)\" width=\"582\" height=\"322\" \/><\/a> <a href=\"https:\/\/www.bjultrasonic.com\/wp-content\/uploads\/2013\/06\/120kHz-60W-Ultrasonic-Transducer-120kHz-60W-Ultrasonic-PCB-Generator-4.jpg\"><img loading=\"lazy\" decoding=\"async\" class=\"alignnone  wp-image-5621\" src=\"\/\/www.bjultrasonic.com\/wp-content\/uploads\/2013\/06\/120kHz-60W-Ultrasonic-Transducer-120kHz-60W-Ultrasonic-PCB-Generator-4.jpg\" alt=\"Transdutor Ultrass\u00f4nico 120kHz 60W &amp; Gerador Ultrass\u00f4nico de PCB 120kHz 60W (4)\" width=\"581\" height=\"429\" \/><\/a> <a href=\"https:\/\/www.bjultrasonic.com\/wp-content\/uploads\/2013\/06\/120kHz-60W-Ultrasonic-Transducer-120kHz-60W-Ultrasonic-PCB-Generator-5.jpg\"><img loading=\"lazy\" decoding=\"async\" class=\"alignnone  wp-image-5622\" src=\"\/\/www.bjultrasonic.com\/wp-content\/uploads\/2013\/06\/120kHz-60W-Ultrasonic-Transducer-120kHz-60W-Ultrasonic-PCB-Generator-5.jpg\" alt=\"Transdutor Ultrass\u00f4nico 120kHz 60W &amp; Gerador Ultrass\u00f4nico de PCB 120kHz 60W (5)\" width=\"579\" height=\"524\" \/><\/a><\/p>\n","protected":false},"excerpt":{"rendered":"<p>Conjuntos de <a href=\"https:\/\/www.bjultrasonic.com\/pt-pt\/category\/ultrasonic-generator-pt-pt\/ultrasonic-generator-circuits-pt-pt\/\">placas de acionamento de pot\u00eancia para limpeza ultrass\u00f4nica<\/a> de alta qualidade [100-120V\/200-240V] e <a href=\"https:\/\/www.bjultrasonic.com\/pt-pt\/category\/ultrasonic-transducer-pt-pt\/\">transdutores de limpeza ultrass\u00f4nica<\/a>.<\/p>\n","protected":false},"featured_media":42292,"comment_status":"open","ping_status":"closed","template":"","meta":[],"product_brand":[],"product_cat":[6121],"product_tag":[],"class_list":{"0":"post-67961","1":"product","2":"type-product","3":"status-publish","4":"has-post-thumbnail","6":"product_cat-100-120v-200-240v-ultrasonic-generator-transducer-pt-pt","8":"first","9":"instock","10":"shipping-taxable","11":"purchasable","12":"product-type-simple","13":"prodpage-classic"},"aioseo_notices":[],"_links":{"self":[{"href":"https:\/\/www.bjultrasonic.com\/pt-pt\/wp-json\/wp\/v2\/product\/67961","targetHints":{"allow":["GET"]}}],"collection":[{"href":"https:\/\/www.bjultrasonic.com\/pt-pt\/wp-json\/wp\/v2\/product"}],"about":[{"href":"https:\/\/www.bjultrasonic.com\/pt-pt\/wp-json\/wp\/v2\/types\/product"}],"replies":[{"embeddable":true,"href":"https:\/\/www.bjultrasonic.com\/pt-pt\/wp-json\/wp\/v2\/comments?post=67961"}],"wp:featuredmedia":[{"embeddable":true,"href":"https:\/\/www.bjultrasonic.com\/pt-pt\/wp-json\/wp\/v2\/media\/42292"}],"wp:attachment":[{"href":"https:\/\/www.bjultrasonic.com\/pt-pt\/wp-json\/wp\/v2\/media?parent=67961"}],"wp:term":[{"taxonomy":"product_brand","embeddable":true,"href":"https:\/\/www.bjultrasonic.com\/pt-pt\/wp-json\/wp\/v2\/product_brand?post=67961"},{"taxonomy":"product_cat","embeddable":true,"href":"https:\/\/www.bjultrasonic.com\/pt-pt\/wp-json\/wp\/v2\/product_cat?post=67961"},{"taxonomy":"product_tag","embeddable":true,"href":"https:\/\/www.bjultrasonic.com\/pt-pt\/wp-json\/wp\/v2\/product_tag?post=67961"}],"curies":[{"name":"wp","href":"https:\/\/api.w.org\/{rel}","templated":true}]}}