{"id":68201,"date":"2013-05-20T09:25:09","date_gmt":"2013-05-20T14:25:09","guid":{"rendered":"https:\/\/www.bjultrasonic.com\/shop\/200-240v-28khz-120w-ultrasonic-transducer-28khz-120w-ultrasonic-generator\/"},"modified":"2026-03-28T20:31:45","modified_gmt":"2026-03-29T01:31:45","slug":"200-240v-28khz-120w-ultrasonic-transducer-28khz-120w-ultrasonic-generator","status":"publish","type":"product","link":"https:\/\/www.bjultrasonic.com\/pt-pt\/shop\/200-240v-28khz-120w-ultrasonic-transducer-28khz-120w-ultrasonic-generator\/","title":{"rendered":"[200-240V] Transdutor ultrass\u00f4nico de 28kHz 120W &#038; Circuito de acionamento de transdutor piezoel\u00e9trico de 28kHz 120W"},"content":{"rendered":"<p><strong>Observa\u00e7\u00e3o: Ao fazer o pedido.<\/strong><\/p>\n<ol>\n<li>Por favor, deixe uma mensagem sobre o padr\u00e3o de tens\u00e3o exato<\/li>\n<li>Por favor, forne\u00e7a-nos o endere\u00e7o de entrega exato e o n\u00famero de telefone de contato<\/li>\n<li>Por favor, informe-nos se deseja que declaremos um valor baixo na alf\u00e2ndega.<\/li>\n<li>Por favor, deixe-nos um endere\u00e7o de e-mail v\u00e1lido. Enviaremos o n\u00famero de rastreamento por e-mail assim que despacharmos a mercadoria.<\/li>\n<\/ol>\n<p><strong>Especifica\u00e7\u00f5es:<\/strong><\/p>\n<table class=\"table table-striped table-bordered\">\n<tbody>\n<tr>\n<td colspan=\"2\" width=\"568\">Um Gerador Ultrass\u00f4nico de PCB de 120W <strong>aciona<\/strong> um Transdutor Ultrass\u00f4nico de 28kHz e 120W<\/td>\n<\/tr>\n<tr>\n<td colspan=\"2\" width=\"568\"><strong>Transdutor Ultrass\u00f4nico:<\/strong><\/td>\n<\/tr>\n<tr>\n<td width=\"163\">Frequ\u00eancia<\/td>\n<td width=\"405\">28kHz \u00b11 kHz<\/td>\n<\/tr>\n<tr>\n<td width=\"163\">Pot\u00eancia<\/td>\n<td width=\"405\">120W<\/td>\n<\/tr>\n<tr>\n<td width=\"163\">Capacit\u00e2ncia<\/td>\n<td width=\"405\">7800pF (PZT4)<\/td>\n<\/tr>\n<tr>\n<td width=\"163\">Superf\u00edcie de radia\u00e7\u00e3o<\/td>\n<td width=\"405\">50mm<\/td>\n<\/tr>\n<tr>\n<td width=\"163\">Resist\u00eancia de Resson\u00e2ncia<\/td>\n<td width=\"405\">10-20 \u03a9<\/td>\n<\/tr>\n<tr>\n<td width=\"163\">Tamanho da Cer\u00e2mica Piezoel\u00e9trica<\/td>\n<td width=\"405\">45*15*5 mm<\/td>\n<\/tr>\n<tr>\n<td width=\"163\">Comprimento<\/td>\n<td width=\"405\">66mm<\/td>\n<\/tr>\n<tr>\n<td colspan=\"2\" width=\"568\"><strong>Gerador Ultrass\u00f4nico de PCB:<\/strong><\/td>\n<\/tr>\n<tr>\n<td width=\"163\">Fonte de Alimenta\u00e7\u00e3o<\/td>\n<td width=\"405\">Entrada: 200V-240V<\/td>\n<\/tr>\n<tr>\n<td width=\"163\">Frequ\u00eancia<\/td>\n<td width=\"405\">28kHz \u00b11 kHz<\/td>\n<\/tr>\n<tr>\n<td width=\"163\">Pot\u00eancia<\/td>\n<td width=\"405\">60W<\/td>\n<\/tr>\n<tr>\n<td width=\"163\">Capacit\u00e2ncia<\/td>\n<td width=\"405\">4100pF (PZT4)<\/td>\n<\/tr>\n<tr>\n<td width=\"163\">Dimens\u00f5es<\/td>\n<td width=\"405\">52cm*34.5cm*17cm (comprimento*largura*altura)<\/td>\n<\/tr>\n<tr>\n<td colspan=\"2\" width=\"568\">Peso bruto total: 2kg<\/td>\n<\/tr>\n<\/tbody>\n<\/table>\n<p><strong>As imagens a seguir mostram como conect\u00e1-los.<\/strong><\/p>\n<p><a href=\"https:\/\/www.bjultrasonic.com\/wp-content\/uploads\/2013\/05\/Connection-Method-200V-240V-Ultrasonic-Transducer-Ultrasonic-Generator-1.jpg\"><img loading=\"lazy\" decoding=\"async\" class=\"alignnone wp-image-5581\" src=\"\/\/www.bjultrasonic.com\/wp-content\/uploads\/2013\/05\/Connection-Method-200V-240V-Ultrasonic-Transducer-Ultrasonic-Generator-1.jpg\" alt=\"Transdutor Ultrass\u00f4nico 200V 240V &amp; Gerador Ultrass\u00f4nico (1)\" width=\"588\" height=\"373\" \/><\/a><\/p>\n<p><a href=\"https:\/\/www.bjultrasonic.com\/wp-content\/uploads\/2013\/05\/Connection-Method-200V-240V-Ultrasonic-Transducer-Ultrasonic-Generator-2.jpg\"><img loading=\"lazy\" decoding=\"async\" class=\"alignnone wp-image-5582\" src=\"\/\/www.bjultrasonic.com\/wp-content\/uploads\/2013\/05\/Connection-Method-200V-240V-Ultrasonic-Transducer-Ultrasonic-Generator-2.jpg\" alt=\"Transdutor Ultrass\u00f4nico 200V 240V &amp; Gerador Ultrass\u00f4nico (2)\" width=\"592\" height=\"344\" \/><\/a><\/p>\n<p><a href=\"https:\/\/www.bjultrasonic.com\/wp-content\/uploads\/2013\/05\/Connection-Method-200V-240V-Ultrasonic-Transducer-Ultrasonic-Generator-3.jpg\"><img loading=\"lazy\" decoding=\"async\" class=\"alignnone wp-image-5583\" src=\"\/\/www.bjultrasonic.com\/wp-content\/uploads\/2013\/05\/Connection-Method-200V-240V-Ultrasonic-Transducer-Ultrasonic-Generator-3.jpg\" alt=\"Transdutor Ultrass\u00f4nico 200V 240V &amp; Gerador Ultrass\u00f4nico (3)\" width=\"591\" height=\"388\" \/><\/a><\/p>\n","protected":false},"excerpt":{"rendered":"<p>Conjuntos de placas de acionamento de alta qualidade para <a href=\"https:\/\/www.bjultrasonic.com\/pt-pt\/category\/ultrasonic-generator-pt-pt\/ultrasonic-generator-circuits-pt-pt\/\">ultrass\u00f4nicos de limpeza<\/a> &amp; <a href=\"https:\/\/www.bjultrasonic.com\/pt-pt\/category\/ultrasonic-transducer-pt-pt\/\">transdutores de limpeza ultrass\u00f4nica<\/a> de 200-240V.<\/p>\n","protected":false},"featured_media":5583,"comment_status":"open","ping_status":"closed","template":"","meta":[],"product_brand":[],"product_cat":[6169],"product_tag":[],"class_list":{"0":"post-68201","1":"product","2":"type-product","3":"status-publish","4":"has-post-thumbnail","6":"product_cat-200-240v-ultrasonic-generator-transducer-pt-pt","8":"first","9":"instock","10":"shipping-taxable","11":"purchasable","12":"product-type-simple","13":"prodpage-classic"},"aioseo_notices":[],"_links":{"self":[{"href":"https:\/\/www.bjultrasonic.com\/pt-pt\/wp-json\/wp\/v2\/product\/68201","targetHints":{"allow":["GET"]}}],"collection":[{"href":"https:\/\/www.bjultrasonic.com\/pt-pt\/wp-json\/wp\/v2\/product"}],"about":[{"href":"https:\/\/www.bjultrasonic.com\/pt-pt\/wp-json\/wp\/v2\/types\/product"}],"replies":[{"embeddable":true,"href":"https:\/\/www.bjultrasonic.com\/pt-pt\/wp-json\/wp\/v2\/comments?post=68201"}],"wp:featuredmedia":[{"embeddable":true,"href":"https:\/\/www.bjultrasonic.com\/pt-pt\/wp-json\/wp\/v2\/media\/5583"}],"wp:attachment":[{"href":"https:\/\/www.bjultrasonic.com\/pt-pt\/wp-json\/wp\/v2\/media?parent=68201"}],"wp:term":[{"taxonomy":"product_brand","embeddable":true,"href":"https:\/\/www.bjultrasonic.com\/pt-pt\/wp-json\/wp\/v2\/product_brand?post=68201"},{"taxonomy":"product_cat","embeddable":true,"href":"https:\/\/www.bjultrasonic.com\/pt-pt\/wp-json\/wp\/v2\/product_cat?post=68201"},{"taxonomy":"product_tag","embeddable":true,"href":"https:\/\/www.bjultrasonic.com\/pt-pt\/wp-json\/wp\/v2\/product_tag?post=68201"}],"curies":[{"name":"wp","href":"https:\/\/api.w.org\/{rel}","templated":true}]}}