{"id":68341,"date":"2013-05-14T17:09:47","date_gmt":"2013-05-14T22:09:47","guid":{"rendered":"https:\/\/www.bjultrasonic.com\/shop\/ultrasonic-horn\/"},"modified":"2026-03-28T20:30:23","modified_gmt":"2026-03-29T01:30:23","slug":"ultrasonic-horn","status":"publish","type":"product","link":"https:\/\/www.bjultrasonic.com\/pt-pt\/shop\/ultrasonic-horn\/","title":{"rendered":"Corneta de Soldadura Ultrass\u00f3nica"},"content":{"rendered":"<p>Chifre de Solda Ultrass\u00f4nica \/ Sonotrodo Ultrass\u00f4nico \/ Molde de Solda Ultrass\u00f4nica \u00e9 amplamente utilizado em <a href=\"https:\/\/www.bjultrasonic.com\/pt-pt\/shop\/ultrasonic-welding-machine\/\">m\u00e1quina de solda ultrass\u00f4nica<\/a>. \u00c9 a chave para soldar v\u00e1rios produtos pl\u00e1sticos, produtos met\u00e1licos ou produtos t\u00eaxteis. Enquanto isso, a M\u00e1quina de Solda Ultrass\u00f4nica \u00e9 uma soldadora ultrass\u00f4nica projetada para soldar v\u00e1rios pl\u00e1sticos (ABS, PVC, PP, PE, PC, PS, HDPE, LDPE, PET, PMMA, Acetal, etc.) e tecidos (Poli\u00e9ster, n\u00e3o tecido, Nylon, etc.). Podemos fabricar cabe\u00e7as e pontas de solda de a\u00e7o e tit\u00e2nio em qualquer frequ\u00eancia e podem ser compat\u00edveis com produtos de outras empresas. Podemos fornecer moldes personalizados de acordo com suas necessidades.<\/p>\n<p><img loading=\"lazy\" decoding=\"async\" class=\"alignnone size-full wp-image-24647\" src=\"https:\/\/www.bjultrasonic.com\/wp-content\/uploads\/2013\/05\/Ultrasonic-Welding-Horn-4.jpg\" alt=\"Ultrasonic Welding Horn (4)\" width=\"559\" height=\"578\" \/><\/p>\n<h3>Nossas Vantagens<\/h3>\n<ul>\n<li>Uma variedade de especifica\u00e7\u00f5es para diferentes tipos de equipamentos de solda ultrass\u00f4nica.<\/li>\n<li>Maior precis\u00e3o de solda<\/li>\n<li>Melhor experi\u00eancia do usu\u00e1rio<\/li>\n<li>Desempenho est\u00e1vel<\/li>\n<li>Maior capacidade de produ\u00e7\u00e3o<\/li>\n<li>Eficiente e est\u00e1vel, longa garantia e entrega r\u00e1pida<\/li>\n<\/ul>\n<p>&nbsp;<\/p>\n<p><iframe loading=\"lazy\" title=\"Ultrasonic Welding Machine for Face Mask Manufacturing\" width=\"500\" height=\"375\" src=\"https:\/\/www.youtube.com\/embed\/6luA2gpAZdU?feature=oembed\" frameborder=\"0\" allow=\"accelerometer; autoplay; clipboard-write; encrypted-media; gyroscope; picture-in-picture; web-share\" referrerpolicy=\"strict-origin-when-cross-origin\" allowfullscreen><\/iframe><\/p>\n<p><iframe loading=\"lazy\" title=\"Ultrasonic Plastic Welder | Ultrasonic Plastic Welding\" width=\"500\" height=\"281\" src=\"https:\/\/www.youtube.com\/embed\/3H2GRdGeOGM?feature=oembed\" frameborder=\"0\" allow=\"accelerometer; autoplay; clipboard-write; encrypted-media; gyroscope; picture-in-picture; web-share\" referrerpolicy=\"strict-origin-when-cross-origin\" allowfullscreen><\/iframe><\/p>\n<h3>Princ\u00edpios da Usinagem Ultrass\u00f4nica<\/h3>\n<p>A usinagem ultrass\u00f4nica \u00e9 uma t\u00e9cnica de usinagem que utiliza uma suspens\u00e3o abrasiva fornecida ao espa\u00e7o entre a pe\u00e7a de trabalho e uma ferramenta que vibra em uma frequ\u00eancia ultrass\u00f4nica. O equipamento de usinagem ultrass\u00f4nica consiste em <a href=\"https:\/\/www.bjultrasonic.com\/pt-pt\/shop\/ultrasonic-welding-generator\/\" target=\"_blank\" rel=\"noopener noreferrer\">Gerador de Solda Ultrass\u00f4nica<\/a>, <a href=\"https:\/\/www.bjultrasonic.com\/pt-pt\/category\/ultrasonic-transducer-pt-pt\/\" target=\"_blank\" rel=\"noopener noreferrer\">Transdutores Ultrass\u00f4nicos<\/a> &amp; <strong>Chifre Ultrass\u00f4nico<\/strong>.<\/p>\n<p><img loading=\"lazy\" decoding=\"async\" class=\"size-full wp-image-1577 alignnone\" title=\"Principles of Ultrasonic Machining\" src=\"\/\/www.bjultrasonic.com\/wp-content\/uploads\/2013\/05\/Principles-of-Ultrasonic-Machining.jpg\" alt=\"Principles of Ultrasonic Machining\" width=\"650\" height=\"371\" \/><\/p>\n<h3>Pagamento<\/h3>\n<p>Aceitamos Paypal, T\/T &amp; Western Union atualmente.<\/p>\n<h3 class=\"shipping-methods\">Envio<\/h3>\n<p>As mercadorias ser\u00e3o enviadas dentro de 48 horas ap\u00f3s o recebimento do pagamento integral.<\/p>\n<ul>\n<li>Enviamos as mercadorias para o endere\u00e7o fornecido no pagamento do PayPal. Certifique-se de que o endere\u00e7o no PayPal est\u00e1 correto.<\/li>\n<li>Forneceremos o n\u00famero de rastreamento ap\u00f3s o envio das mercadorias; geralmente, voc\u00ea receber\u00e1 as mercadorias em at\u00e9 cinco dias.<\/li>\n<li>Se tiver alguma d\u00favida, entre em contato conosco por e-mail (nosso endere\u00e7o de e-mail \u00e9 <a href=\"mailto:support@bjultrasonic.com\">support@bjultrasonic.com<\/a>)<\/li>\n<\/ul>\n<h3 align=\"left\">Garantia do Produto<\/h3>\n<p>O per\u00edodo de garantia do produto \u00e9 de um ano. Dentro do per\u00edodo de garantia, os produtos adquiridos podem desfrutar de manuten\u00e7\u00e3o gratuita ou troca.<\/p>\n","protected":false},"excerpt":{"rendered":"<p>Uma corneta de soldadura ultrass\u00f3nica (tamb\u00e9m conhecida como corneta ac\u00fastica, sonotrodo, guia de ondas ac\u00fasticas, sonda ultrass\u00f3nica) \u00e9 uma barra de metal que est\u00e1, geralmente, a diminuir e que \u00e9 usada para <strong>ampliar a amplitude do deslocamento de oscila\u00e7\u00e3o<\/strong> na <strong>soldadura ultrass\u00f3nica<\/strong> e na <strong>usinagem ultrass\u00f3nica<\/strong>.<\/p>\n<p>Podemos personalizar diferentes tamanhos e frequ\u00eancias de corneta ultrass\u00f3nica de acordo com os requisitos.<\/p>\n","protected":false},"featured_media":42269,"comment_status":"open","ping_status":"closed","template":"","meta":[],"product_brand":[],"product_cat":[5623],"product_tag":[],"class_list":{"0":"post-68341","1":"product","2":"type-product","3":"status-publish","4":"has-post-thumbnail","6":"product_cat-ultrasonic-welding-equipment-pt-pt","8":"first","9":"instock","10":"shipping-taxable","11":"product-type-external","12":"prodpage-classic"},"aioseo_notices":[],"_links":{"self":[{"href":"https:\/\/www.bjultrasonic.com\/pt-pt\/wp-json\/wp\/v2\/product\/68341","targetHints":{"allow":["GET"]}}],"collection":[{"href":"https:\/\/www.bjultrasonic.com\/pt-pt\/wp-json\/wp\/v2\/product"}],"about":[{"href":"https:\/\/www.bjultrasonic.com\/pt-pt\/wp-json\/wp\/v2\/types\/product"}],"replies":[{"embeddable":true,"href":"https:\/\/www.bjultrasonic.com\/pt-pt\/wp-json\/wp\/v2\/comments?post=68341"}],"wp:featuredmedia":[{"embeddable":true,"href":"https:\/\/www.bjultrasonic.com\/pt-pt\/wp-json\/wp\/v2\/media\/42269"}],"wp:attachment":[{"href":"https:\/\/www.bjultrasonic.com\/pt-pt\/wp-json\/wp\/v2\/media?parent=68341"}],"wp:term":[{"taxonomy":"product_brand","embeddable":true,"href":"https:\/\/www.bjultrasonic.com\/pt-pt\/wp-json\/wp\/v2\/product_brand?post=68341"},{"taxonomy":"product_cat","embeddable":true,"href":"https:\/\/www.bjultrasonic.com\/pt-pt\/wp-json\/wp\/v2\/product_cat?post=68341"},{"taxonomy":"product_tag","embeddable":true,"href":"https:\/\/www.bjultrasonic.com\/pt-pt\/wp-json\/wp\/v2\/product_tag?post=68341"}],"curies":[{"name":"wp","href":"https:\/\/api.w.org\/{rel}","templated":true}]}}