{"id":68361,"date":"2013-05-14T02:32:29","date_gmt":"2013-05-14T07:32:29","guid":{"rendered":"https:\/\/www.bjultrasonic.com\/shop\/ultrasonic-welding-generator\/"},"modified":"2026-03-28T20:30:22","modified_gmt":"2026-03-29T01:30:22","slug":"ultrasonic-welding-generator","status":"publish","type":"product","link":"https:\/\/www.bjultrasonic.com\/pt-pt\/shop\/ultrasonic-welding-generator\/","title":{"rendered":"Gerador de Solda por Ultrassom"},"content":{"rendered":"<p><iframe loading=\"lazy\" title=\"Ultrasonic Welding Generator\" width=\"500\" height=\"281\" src=\"https:\/\/www.youtube.com\/embed\/AieAouAI6i4?feature=oembed\" frameborder=\"0\" allow=\"accelerometer; autoplay; clipboard-write; encrypted-media; gyroscope; picture-in-picture; web-share\" referrerpolicy=\"strict-origin-when-cross-origin\" allowfullscreen><\/iframe><\/p>\n<p><iframe loading=\"lazy\" title=\"Ultrasonic Welding Machine for Face Mask Manufacturing\" width=\"500\" height=\"375\" src=\"https:\/\/www.youtube.com\/embed\/6luA2gpAZdU?feature=oembed\" frameborder=\"0\" allow=\"accelerometer; autoplay; clipboard-write; encrypted-media; gyroscope; picture-in-picture; web-share\" referrerpolicy=\"strict-origin-when-cross-origin\" allowfullscreen><\/iframe><\/p>\n<p><strong>O Gerador de Soldadura por Ultrassons<\/strong> \u00e9 utilizado por uma variedade de produtos de qualidade, por exemplo, <strong>m\u00e1quina de soldadura termopl\u00e1stica, soldadura por pontos, m\u00e1quinas de mosaico entre pe\u00e7as de metal e pl\u00e1stico, m\u00e1quina de ultrassons, retificadora por ultrassons e processador de pl\u00e1stico por ultrassons.<\/strong><\/p>\n<h3>Especifica\u00e7\u00f5es do Gerador de Soldadura por Ultrassons<\/h3>\n<table class=\"table table-striped table-bordered\">\n<tbody>\n<tr>\n<td valign=\"top\" width=\"194\">Pot\u00eancia de Sa\u00edda Padr\u00e3o<\/td>\n<td valign=\"top\" width=\"420\">500W, 1000W, 1400W, 1800W, 2200W, 2600W<\/td>\n<\/tr>\n<tr>\n<td valign=\"top\" width=\"194\">Tens\u00e3o de Entrada<\/td>\n<td valign=\"top\" width=\"420\">220V ~ 230Vac \u00b110% \/ 110V ~ 130Vac \u00b110%<\/td>\n<\/tr>\n<tr>\n<td valign=\"top\" width=\"194\">Frequ\u00eancia de Opera\u00e7\u00e3o<\/td>\n<td valign=\"top\" width=\"420\">15KHz, 20KHz, 30KHz, 35KHz, 38KHz<\/td>\n<\/tr>\n<tr>\n<td valign=\"top\" width=\"194\">Indica\u00e7\u00e3o<\/td>\n<td valign=\"top\" width=\"420\">\n<ul>\n<li>Indica\u00e7\u00e3o de perda de amplitude de pot\u00eancia. Indica\u00e7\u00e3o de sobrecarga de amplitude.<\/li>\n<li>Indica\u00e7\u00e3o de LIGADO\/DESLIGADO da energia.<\/li>\n<\/ul>\n<\/td>\n<\/tr>\n<tr>\n<td valign=\"top\" width=\"194\">Prote\u00e7\u00e3o contra Sobrecarga<\/td>\n<td valign=\"top\" width=\"420\">\n<ul>\n<li>Sobrecarga t\u00e9rmica<\/li>\n<li>Sobrecarga de corrente<\/li>\n<li>Sobretens\u00e3o<\/li>\n<\/ul>\n<\/td>\n<\/tr>\n<tr>\n<td valign=\"top\" width=\"194\">Configura\u00e7\u00f5es de Controlo<\/td>\n<td valign=\"top\" width=\"420\">\n<ul>\n<li>Temporizador digital para controlo do tempo de soldadura. Temporizador digital para controlo do tempo de reten\u00e7\u00e3o.<\/li>\n<li>Temporizador digital para controlo do tempo de atraso. Bot\u00e3o de verifica\u00e7\u00e3o de frequ\u00eancia.<\/li>\n<li>Bot\u00e3o de ajuste de sintonia de frequ\u00eancia.<\/li>\n<\/ul>\n<\/td>\n<\/tr>\n<tr>\n<td valign=\"top\" width=\"194\">Temperatura de Opera\u00e7\u00e3o<\/td>\n<td valign=\"top\" width=\"420\">0 ~ 50\u2103<\/td>\n<\/tr>\n<tr>\n<td valign=\"top\" width=\"194\">Humidade de Opera\u00e7\u00e3o<\/td>\n<td valign=\"top\" width=\"420\">0 ~ 80%<\/td>\n<\/tr>\n<tr>\n<td valign=\"top\" width=\"194\">Peso<\/td>\n<td valign=\"top\" width=\"420\">32kg<\/td>\n<\/tr>\n<\/tbody>\n<\/table>\n<p><img loading=\"lazy\" decoding=\"async\" class=\"alignnone size-full wp-image-5271\" src=\"\/\/www.bjultrasonic.com\/wp-content\/uploads\/2013\/05\/Ultrasonic-Welding-Generator1.jpg\" alt=\"Gerador de Soldadura por Ultrassons\" width=\"558\" height=\"334\" \/><\/p>\n<p>Uma das t\u00e9cnicas famosas a n\u00edvel industrial \u00e9 a soldadura por ultrassons, na qual vibra\u00e7\u00f5es de alta frequ\u00eancia s\u00e3o aplicadas, sob alta press\u00e3o, \u00e0s pe\u00e7as de material que precisam de ser unidas ou intimamente ligadas. Desta forma, uma nova solda \u00e9 preparada. Este m\u00e9todo \u00e9 utilizado para pl\u00e1sticos e materiais de natureza diferente. Nesta t\u00e9cnica moderna, n\u00e3o seriam necess\u00e1rios parafusos, porcas ou materiais de soldadura para unir as pe\u00e7as.<\/p>\n<p><iframe loading=\"lazy\" title=\"Ultrasonic Metal Welding - Beijing Ultrasonic\" width=\"500\" height=\"281\" src=\"https:\/\/www.youtube.com\/embed\/vjeLMI_nqdA?feature=oembed\" frameborder=\"0\" allow=\"accelerometer; autoplay; clipboard-write; encrypted-media; gyroscope; picture-in-picture; web-share\" referrerpolicy=\"strict-origin-when-cross-origin\" allowfullscreen><\/iframe><\/p>\n<p>A t\u00e9cnica de soldadura por ultrassons \u00e9 amplamente utilizada em v\u00e1rios campos. Uma das principais utiliza\u00e7\u00f5es \u00e9 soldar termopl\u00e1sticos nas ind\u00fastrias alimentar, t\u00eaxtil, qu\u00edmica, petrol\u00edfera e de \u00e1gua. Tamb\u00e9m tem ampla utiliza\u00e7\u00e3o no desperd\u00edcio de materiais e na soldadura e perfura\u00e7\u00e3o de metais. Os dispositivos de pot\u00eancia por ultrassons tamb\u00e9m s\u00e3o utilizados em inversores. Atualmente, os projetos de circuitos foram melhorados; novas topologias foram desenvolvidas e os dispositivos de pot\u00eancia por ultrassons tornaram-se mais confi\u00e1veis. A adaptabilidade \u00e0 carga foi melhorada e a consist\u00eancia do produto tamb\u00e9m \u00e9 melhor. A efici\u00eancia energ\u00e9tica tamb\u00e9m \u00e9 um marco inesquec\u00edvel, juntamente com a redu\u00e7\u00e3o do volume dos aparelhos. A varredura, dete\u00e7\u00e3o e rastreamento autom\u00e1ticos da frequ\u00eancia tamb\u00e9m foram alcan\u00e7ados. A prote\u00e7\u00e3o e dete\u00e7\u00e3o de falhas tamb\u00e9m foram automatizadas. O ajuste de pot\u00eancia e imped\u00e2ncia tamb\u00e9m foi possibilitado. O di\u00e1logo homem-m\u00e1quina, as atualiza\u00e7\u00f5es de software e outras fun\u00e7\u00f5es tamb\u00e9m foram desenvolvidos.<\/p>\n<h3>Princ\u00edpios da Soldadura por Ultrassons<\/h3>\n<p><img loading=\"lazy\" decoding=\"async\" class=\"size-full wp-image-1578 alignnone\" title=\"Princ\u00edpios da Soldadura por Ultrassons\" src=\"\/\/www.bjultrasonic.com\/wp-content\/uploads\/2012\/08\/Principles-of-Ultrasonic-Welding.jpg\" alt=\"Princ\u00edpios da Soldadura por Ultrassons\" width=\"573\" height=\"266\" \/><\/p>\n<p><strong>O equipamento de soldadura por ultrassons<\/strong> consiste numa prensa, <strong>Gerador de Soldadura por Ultrassons<\/strong>, <a href=\"https:\/\/www.bjultrasonic.com\/pt-pt\/shop\/ultrasonic-welding-transducer\/\" target=\"_blank\" rel=\"noopener\">Transdutor de Soldadura por Ultrassons<\/a>, <a href=\"https:\/\/www.bjultrasonic.com\/pt-pt\/shop\/ultrasonic-horn\/\" target=\"_blank\" rel=\"noopener\">Corno de Ultrassons<\/a>, e ferramentas de suporte de componentes e amplificador.<\/p>\n<h3>Caracter\u00edsticas do Gerador de Soldadura por Ultrassons:<\/h3>\n<ul>\n<li>Rastreamento autom\u00e1tico de frequ\u00eancia (ajuste manual tamb\u00e9m dispon\u00edvel)<\/li>\n<li>Fun\u00e7\u00e3o de dupla prote\u00e7\u00e3o para carga excessiva, com falha do transdutor.<\/li>\n<li>A pot\u00eancia de sa\u00edda \u00e9 ajustada de acordo com a carga<\/li>\n<li>Transdutores com diferentes par\u00e2metros tamb\u00e9m implementados<\/li>\n<li>Dupla lubrifica\u00e7\u00e3o e organiza\u00e7\u00e3o vertical<\/li>\n<\/ul>\n<h3>Pagamento<\/h3>\n<p>Aceitamos atualmente Paypal, T\/T &amp; Western Union.<\/p>\n<h3 class=\"shipping-methods\">Envio<\/h3>\n<p>As mercadorias ser\u00e3o enviadas no prazo de 48 horas ap\u00f3s o recebimento do pagamento integral.<\/p>\n<ul>\n<li>Enviamos as mercadorias para o endere\u00e7o fornecido no pagamento PayPal. Por favor, certifique-se de que o endere\u00e7o no PayPal est\u00e1 correto.<\/li>\n<li>Forneceremos o n\u00famero de rastreamento ap\u00f3s o envio das mercadorias; geralmente, receber\u00e1 as mercadorias no prazo de cinco dias.<\/li>\n<li>Se tiver alguma d\u00favida, por favor contacte-nos por e-mail (o nosso endere\u00e7o de e-mail \u00e9 <a href=\"mailto:support@bjultrasonic.com\">support@bjultrasonic.com<\/a>)<\/li>\n<\/ul>\n<h3 align=\"left\">Garantia do Produto<\/h3>\n<p>O per\u00edodo de garantia do produto \u00e9 de um ano. Durante o per\u00edodo de garantia, os produtos adquiridos podem usufruir de manuten\u00e7\u00e3o gratuita ou troca.<\/p>\n","protected":false},"excerpt":{"rendered":"<p>O Gerador de Soldadura por Ultrassons \u00e9 utilizado por uma variedade de produtos de qualidade, por exemplo, m\u00e1quina de soldadura termopl\u00e1stica, soldadura por pontos, m\u00e1quinas de mosaico entre pe\u00e7as de metal e pl\u00e1stico, m\u00e1quina de ultrassons, retificadora por ultrassons e processador de pl\u00e1stico por ultrassons. Especifica\u00e7\u00f5es do Gerador de Soldadura por Ultrassons Pot\u00eancia de Sa\u00edda<\/p>\n","protected":false},"featured_media":42271,"comment_status":"open","ping_status":"closed","template":"","meta":[],"product_brand":[],"product_cat":[5623],"product_tag":[],"class_list":{"0":"post-68361","1":"product","2":"type-product","3":"status-publish","4":"has-post-thumbnail","6":"product_cat-ultrasonic-welding-equipment-pt-pt","8":"first","9":"instock","10":"shipping-taxable","11":"product-type-external","12":"prodpage-classic"},"aioseo_notices":[],"_links":{"self":[{"href":"https:\/\/www.bjultrasonic.com\/pt-pt\/wp-json\/wp\/v2\/product\/68361","targetHints":{"allow":["GET"]}}],"collection":[{"href":"https:\/\/www.bjultrasonic.com\/pt-pt\/wp-json\/wp\/v2\/product"}],"about":[{"href":"https:\/\/www.bjultrasonic.com\/pt-pt\/wp-json\/wp\/v2\/types\/product"}],"replies":[{"embeddable":true,"href":"https:\/\/www.bjultrasonic.com\/pt-pt\/wp-json\/wp\/v2\/comments?post=68361"}],"wp:featuredmedia":[{"embeddable":true,"href":"https:\/\/www.bjultrasonic.com\/pt-pt\/wp-json\/wp\/v2\/media\/42271"}],"wp:attachment":[{"href":"https:\/\/www.bjultrasonic.com\/pt-pt\/wp-json\/wp\/v2\/media?parent=68361"}],"wp:term":[{"taxonomy":"product_brand","embeddable":true,"href":"https:\/\/www.bjultrasonic.com\/pt-pt\/wp-json\/wp\/v2\/product_brand?post=68361"},{"taxonomy":"product_cat","embeddable":true,"href":"https:\/\/www.bjultrasonic.com\/pt-pt\/wp-json\/wp\/v2\/product_cat?post=68361"},{"taxonomy":"product_tag","embeddable":true,"href":"https:\/\/www.bjultrasonic.com\/pt-pt\/wp-json\/wp\/v2\/product_tag?post=68361"}],"curies":[{"name":"wp","href":"https:\/\/api.w.org\/{rel}","templated":true}]}}