{"id":68821,"date":"2013-03-18T23:10:24","date_gmt":"2013-03-19T04:10:24","guid":{"rendered":"https:\/\/www.bjultrasonic.com\/shop\/20khz-100w-ultrasonic-cleaning-transducer\/"},"modified":"2026-03-28T20:25:52","modified_gmt":"2026-03-29T01:25:52","slug":"20khz-100w-ultrasonic-cleaning-transducer","status":"publish","type":"product","link":"https:\/\/www.bjultrasonic.com\/pt-pt\/shop\/20khz-100w-ultrasonic-cleaning-transducer\/","title":{"rendered":"Transdutor de Limpeza Ultrass\u00f4nica Piezoel\u00e9trica de 20KHz 100W (PZT-8)"},"content":{"rendered":"<p><iframe loading=\"lazy\" title=\"20KHz 100W Piezoelectric Ultrasonic Cleaning Transducer PZT 8\" width=\"500\" height=\"281\" src=\"https:\/\/www.youtube.com\/embed\/B9WlWqvCI_0?feature=oembed\" frameborder=\"0\" allow=\"accelerometer; autoplay; clipboard-write; encrypted-media; gyroscope; picture-in-picture; web-share\" referrerpolicy=\"strict-origin-when-cross-origin\" allowfullscreen><\/iframe><\/p>\n<h2>Especifica\u00e7\u00f5es do Transdutor de Limpeza por Ultrassom de 20KHz 100W<\/h2>\n<table id=\"wp-table-reloaded-id-1-no-1\" class=\"table table-striped table-bordered\">\n<tbody>\n<tr>\n<td>Tipo<\/td>\n<td>BJC-20100T- 68HN PZT-8<\/td>\n<\/tr>\n<tr>\n<td>Frequ\u00eancia<\/td>\n<td>20kHz \u00b11kHz<\/td>\n<\/tr>\n<tr>\n<td>Pot\u00eancia<\/td>\n<td>100W<\/td>\n<\/tr>\n<tr>\n<td>Capacit\u00e2ncia<\/td>\n<td>5200pf (pzt8)<\/td>\n<\/tr>\n<tr>\n<td>Superf\u00edcie radiante<\/td>\n<td>68mm<\/td>\n<\/tr>\n<tr>\n<td>Resist\u00eancia de Resson\u00e2ncia<\/td>\n<td>10-20\u03a9<\/td>\n<\/tr>\n<tr>\n<td>Comprimento<\/td>\n<td>94mm<\/td>\n<\/tr>\n<tr>\n<td>Fonte de Alimenta\u00e7\u00e3o<\/td>\n<td>Entrada: 100V~130V ou 220V~240V AC<\/td>\n<\/tr>\n<tr>\n<td>Peso<\/td>\n<td>910g\/unidade<\/td>\n<\/tr>\n<\/tbody>\n<\/table>\n<p><strong><a href=\"https:\/\/drive.google.com\/file\/d\/1pXEpP5HbetTukpQtZKV4hyTdlMm0aYkt\/view\" target=\"_blank\" rel=\"noopener\">Baixar<\/a> Especifica\u00e7\u00f5es e or\u00e7amento de Todos os Transdutores de Limpeza por Ultrassom.<\/strong><\/p>\n<h3>M\u00e9todos de Nomenclatura do Transdutor de Limpeza por Ultrassom<\/h3>\n<p><a href=\"https:\/\/www.bjultrasonic.com\/wp-content\/uploads\/2012\/10\/Naming-Methods-of-Ultrasonic-Cleaning-Transducer.jpg\" data-lightbox=\"image\"><img loading=\"lazy\" decoding=\"async\" title=\"M\u00e9todos de Nomenclatura do Transdutor de Limpeza por Ultrassom\" src=\"\/\/www.bjultrasonic.com\/wp-content\/uploads\/2012\/10\/Naming-Methods-of-Ultrasonic-Cleaning-Transducer.jpg\" alt=\"M\u00e9todos de Nomenclatura do Transdutor de Limpeza por Ultrassom\" width=\"442\" height=\"399\" \/><\/a><\/p>\n<h3>Estrutura do Transdutor de Limpeza por Ultrassom<\/h3>\n<p><a href=\"https:\/\/www.bjultrasonic.com\/wp-content\/uploads\/2012\/03\/2012319111.jpg\" data-lightbox=\"image\"><img loading=\"lazy\" decoding=\"async\" class=\"alignnone\" title=\"Estrutura do Transdutor de Limpeza por Ultrassom\" src=\"\/\/www.bjultrasonic.com\/wp-content\/uploads\/2012\/10\/Ultrasonic-Cleaning-Transducer-Structure.jpg\" alt=\"Estrutura do Transdutor de Limpeza por Ultrassom\" width=\"546\" height=\"203\" \/><\/a><\/p>\n<h3 align=\"left\">Principais Caracter\u00edsticas<\/h3>\n<ul>\n<li>Alta efici\u00eancia: alto par\u00e2metro mec\u00e2nico Q, efici\u00eancia de transdu\u00e7\u00e3o entre eletricidade e som acima de 95%.<\/li>\n<li>Alta amplitude: a resist\u00eancia do transdutor \u00e9 melhorada fixando o vibrador de alta velocidade diretamente na base do tanque de lavagem com parafuso. Comparado com um vibrador de expans\u00e3o magn\u00e9tica, sua amplitude pode ser melhorada acima de 50%.<\/li>\n<li>Boa resist\u00eancia ao calor: ampla faixa de temperatura de trabalho, baixa imped\u00e2ncia de resson\u00e2ncia e baixa produ\u00e7\u00e3o de calor.<\/li>\n<li>Boa constru\u00e7\u00e3o: fixado por parafuso, f\u00e1cil montagem, alta confiabilidade.<\/li>\n<\/ul>\n<h3>Transdutor de Ultrassom de Alta Pot\u00eancia<\/h3>\n<p><iframe loading=\"lazy\" title=\"High Power Piezoelectric Ultrasonic Transducer - Beijing Ultrasonic\" width=\"500\" height=\"281\" src=\"https:\/\/www.youtube.com\/embed\/TBLGTvZgOw4?feature=oembed\" frameborder=\"0\" allow=\"accelerometer; autoplay; clipboard-write; encrypted-media; gyroscope; picture-in-picture; web-share\" referrerpolicy=\"strict-origin-when-cross-origin\" allowfullscreen><\/iframe><\/p>\n<h3>Pagamento<\/h3>\n<p>Aceitamos paypal, T\/T &#038; Western Union atualmente.<\/p>\n<h3 class=\"shipping-methods\">Envio<\/h3>\n<p>As mercadorias ser\u00e3o enviadas em at\u00e9 48 horas ap\u00f3s o recebimento do pagamento integral.<\/p>\n<ul>\n<li>Enviamos as mercadorias para o endere\u00e7o fornecido no pagamento do PayPal. Por favor, certifique-se de que o endere\u00e7o no PayPal est\u00e1 correto.<\/li>\n<li>Forneceremos o n\u00famero de rastreamento ap\u00f3s o envio das mercadorias; geralmente, voc\u00ea receber\u00e1 as mercadorias em at\u00e9 cinco dias.<\/li>\n<li>Se tiver alguma d\u00favida, por favor, entre em contato conosco por e-mail (nosso endere\u00e7o de e-mail \u00e9 <a href=\"mailto:support@bjultrasonic.com\">support@bjultrasonic.com<\/a>)<\/li>\n<\/ul>\n<h3 align=\"left\">Garantia do Produto<\/h3>\n<p>O per\u00edodo de garantia do produto \u00e9 de um ano. Dentro do per\u00edodo de garantia, os produtos adquiridos podem usufruir de manuten\u00e7\u00e3o gratuita ou troca.<\/p>\n","protected":false},"excerpt":{"rendered":"<p><a href=\"https:\/\/www.bjultrasonic.com\/pt-pt\/category\/ultrasonic-transducer-pt-pt\/\">Transdutor piezoel\u00e9trico<\/a> para limpeza ultrass\u00f4nica \u00e9 uma parte importante de um <a href=\"https:\/\/www.bjultrasonic.com\/pt-pt\/category\/ultrasonic-cleaning-system-pt-pt\/\">limpador ultrass\u00f4nico<\/a>, o transdutor ultrass\u00f4nico converte energia el\u00e9trica do <a href=\"https:\/\/www.bjultrasonic.com\/pt-pt\/category\/ultrasonic-generator-pt-pt\/\">gerador ultrass\u00f4nico<\/a> em <a href=\"https:\/\/www.bjultrasonic.com\/pt-pt\/uses-of-ultrasonic-waves\/\">ondas ultrass\u00f4nicas<\/a>.<\/p>\n","protected":false},"featured_media":19363,"comment_status":"open","ping_status":"closed","template":"","meta":[],"product_brand":[],"product_cat":[6316],"product_tag":[],"class_list":{"0":"post-68821","1":"product","2":"type-product","3":"status-publish","4":"has-post-thumbnail","6":"product_cat-ultrasonic-transducer-pt-pt","8":"first","9":"instock","10":"shipping-taxable","11":"purchasable","12":"product-type-simple","13":"prodpage-classic"},"aioseo_notices":[],"_links":{"self":[{"href":"https:\/\/www.bjultrasonic.com\/pt-pt\/wp-json\/wp\/v2\/product\/68821","targetHints":{"allow":["GET"]}}],"collection":[{"href":"https:\/\/www.bjultrasonic.com\/pt-pt\/wp-json\/wp\/v2\/product"}],"about":[{"href":"https:\/\/www.bjultrasonic.com\/pt-pt\/wp-json\/wp\/v2\/types\/product"}],"replies":[{"embeddable":true,"href":"https:\/\/www.bjultrasonic.com\/pt-pt\/wp-json\/wp\/v2\/comments?post=68821"}],"wp:featuredmedia":[{"embeddable":true,"href":"https:\/\/www.bjultrasonic.com\/pt-pt\/wp-json\/wp\/v2\/media\/19363"}],"wp:attachment":[{"href":"https:\/\/www.bjultrasonic.com\/pt-pt\/wp-json\/wp\/v2\/media?parent=68821"}],"wp:term":[{"taxonomy":"product_brand","embeddable":true,"href":"https:\/\/www.bjultrasonic.com\/pt-pt\/wp-json\/wp\/v2\/product_brand?post=68821"},{"taxonomy":"product_cat","embeddable":true,"href":"https:\/\/www.bjultrasonic.com\/pt-pt\/wp-json\/wp\/v2\/product_cat?post=68821"},{"taxonomy":"product_tag","embeddable":true,"href":"https:\/\/www.bjultrasonic.com\/pt-pt\/wp-json\/wp\/v2\/product_tag?post=68821"}],"curies":[{"name":"wp","href":"https:\/\/api.w.org\/{rel}","templated":true}]}}