{"id":69021,"date":"2013-02-17T23:02:58","date_gmt":"2013-02-18T04:02:58","guid":{"rendered":"https:\/\/www.bjultrasonic.com\/shop\/biologics-ultrasonic-homogenizer-bjed-20150\/"},"modified":"2026-03-28T20:24:00","modified_gmt":"2026-03-29T01:24:00","slug":"biologics-ultrasonic-homogenizer-bjed-20150","status":"publish","type":"product","link":"https:\/\/www.bjultrasonic.com\/pt-pt\/shop\/biologics-ultrasonic-homogenizer-bjed-20150\/","title":{"rendered":"Homogeneizador Ultrass\u00f4nico de Disrup\u00e7\u00e3o Celular BJED-20150"},"content":{"rendered":"<table class=\"table table-striped table-bordered\" border=\"0\" cellspacing=\"0\" cellpadding=\"0\">\n<tbody>\n<tr>\n<td valign=\"top\" width=\"158\">TIPO<\/td>\n<td valign=\"top\" width=\"145\">Frequ\u00eancia (Khz)<\/td>\n<td valign=\"top\" width=\"136\">Pot\u00eancia (W)<\/td>\n<td valign=\"top\" width=\"130\">Pre\u00e7o de Varejo (USD)<\/td>\n<\/tr>\n<tr>\n<td valign=\"top\" width=\"158\">BJED-20150<\/td>\n<td valign=\"top\" width=\"145\">20<\/td>\n<td valign=\"top\" width=\"136\">150<\/td>\n<td valign=\"top\" width=\"130\">$1750<\/td>\n<\/tr>\n<\/tbody>\n<\/table>\n<p>Para personaliza\u00e7\u00e3o e produ\u00e7\u00e3o OEM do Homogeneizador Ultrass\u00f4nico Biologics, acesse<\/p>\n<blockquote class=\"wp-embedded-content\" data-secret=\"ks5FNCHkjr\"><p><a href=\"https:\/\/www.bjultrasonic.com\/ms\/shop\/ultrasonic-cell-disruptor\/\">Ultrasonic Cell Disruptors &#038; Homogenizers<\/a><\/p><\/blockquote>\n<p><iframe loading=\"lazy\" class=\"wp-embedded-content\" sandbox=\"allow-scripts\" security=\"restricted\" style=\"position: absolute; visibility: hidden;\" title=\"&#8220;Ultrasonic Cell Disruptors &#038; Homogenizers&#8221; &#8212; Beijing Ultrasonic\" src=\"https:\/\/www.bjultrasonic.com\/ms\/shop\/ultrasonic-cell-disruptor\/embed\/#?secret=zePSVUk1lX#?secret=ks5FNCHkjr\" data-secret=\"ks5FNCHkjr\" width=\"500\" height=\"282\" frameborder=\"0\" marginwidth=\"0\" marginheight=\"0\" scrolling=\"no\"><\/iframe><\/p>\n<p><strong>Aplica\u00e7\u00f5es t\u00edpicas do Homogeneizador Ultrass\u00f4nico Biologics<\/strong><\/p>\n<ul>\n<li>Utilizado na ruptura de v\u00e1rios tipos de c\u00e9lulas animais e vegetais, c\u00e9lulas virais.<\/li>\n<li>Emulsifica\u00e7\u00e3o, separa\u00e7\u00e3o, fus\u00e3o, extra\u00e7\u00e3o, macera\u00e7\u00e3o, lavagem e acelera\u00e7\u00e3o de rea\u00e7\u00f5es qu\u00edmicas, etc.<\/li>\n<li>Amplamente utilizado em \u00e1reas como bioqu\u00edmica, microbiologia, qu\u00edmica medicinal, qu\u00edmica de superf\u00edcie, f\u00edsica, zoologia, etc.<\/li>\n<\/ul>\n<p><iframe loading=\"lazy\" title=\"Ultrasonic Liquid Processor Systems Manufacturers &amp; Suppliers\" width=\"500\" height=\"281\" src=\"https:\/\/www.youtube.com\/embed\/D4drd2L5wrk?feature=oembed\" frameborder=\"0\" allow=\"accelerometer; autoplay; clipboard-write; encrypted-media; gyroscope; picture-in-picture; web-share\" referrerpolicy=\"strict-origin-when-cross-origin\" allowfullscreen><\/iframe><\/p>\n<p><iframe loading=\"lazy\" title=\"Ultrasonic Processor | Biologics Ultrasonic Homogenizer\" width=\"500\" height=\"375\" src=\"https:\/\/www.youtube.com\/embed\/T0snVNfFYIs?feature=oembed\" frameborder=\"0\" allow=\"accelerometer; autoplay; clipboard-write; encrypted-media; gyroscope; picture-in-picture; web-share\" referrerpolicy=\"strict-origin-when-cross-origin\" allowfullscreen><\/iframe><\/p>\n<p>&nbsp;<\/p>\n","protected":false},"excerpt":{"rendered":"<p>Os <a href=\"https:\/\/www.bjultrasonic.com\/pt-pt\/category\/ultrasonic-processors-pt-pt\/cell-pt-pt\/\">disruptores de c\u00e9lulas ultrass\u00f4nicos<\/a> melhoram a uniformidade geral e a estabilidade das misturas, reduzindo o tamanho das part\u00edculas nos l\u00edquidos. Os disruptores de c\u00e9lulas ultrass\u00f4nicos s\u00e3o eficazes para cisalhamento de DNA\/RNA, homogeneiza\u00e7\u00e3o, lise celular, dispers\u00e3o de nanopart\u00edculas, extra\u00e7\u00e3o de prote\u00ednas e prepara\u00e7\u00e3o geral de amostras.<\/p>\n","protected":false},"featured_media":5355,"comment_status":"open","ping_status":"closed","template":"","meta":[],"product_brand":[],"product_cat":[6300,6251],"product_tag":[],"class_list":{"0":"post-69021","1":"product","2":"type-product","3":"status-publish","4":"has-post-thumbnail","6":"product_cat-cell-pt-pt","7":"product_cat-ultrasonic-processors-pt-pt","9":"first","10":"instock","11":"shipping-taxable","12":"purchasable","13":"product-type-simple","14":"prodpage-classic"},"aioseo_notices":[],"_links":{"self":[{"href":"https:\/\/www.bjultrasonic.com\/pt-pt\/wp-json\/wp\/v2\/product\/69021","targetHints":{"allow":["GET"]}}],"collection":[{"href":"https:\/\/www.bjultrasonic.com\/pt-pt\/wp-json\/wp\/v2\/product"}],"about":[{"href":"https:\/\/www.bjultrasonic.com\/pt-pt\/wp-json\/wp\/v2\/types\/product"}],"replies":[{"embeddable":true,"href":"https:\/\/www.bjultrasonic.com\/pt-pt\/wp-json\/wp\/v2\/comments?post=69021"}],"wp:featuredmedia":[{"embeddable":true,"href":"https:\/\/www.bjultrasonic.com\/pt-pt\/wp-json\/wp\/v2\/media\/5355"}],"wp:attachment":[{"href":"https:\/\/www.bjultrasonic.com\/pt-pt\/wp-json\/wp\/v2\/media?parent=69021"}],"wp:term":[{"taxonomy":"product_brand","embeddable":true,"href":"https:\/\/www.bjultrasonic.com\/pt-pt\/wp-json\/wp\/v2\/product_brand?post=69021"},{"taxonomy":"product_cat","embeddable":true,"href":"https:\/\/www.bjultrasonic.com\/pt-pt\/wp-json\/wp\/v2\/product_cat?post=69021"},{"taxonomy":"product_tag","embeddable":true,"href":"https:\/\/www.bjultrasonic.com\/pt-pt\/wp-json\/wp\/v2\/product_tag?post=69021"}],"curies":[{"name":"wp","href":"https:\/\/api.w.org\/{rel}","templated":true}]}}