{"id":69081,"date":"2013-02-16T03:04:23","date_gmt":"2013-02-16T08:04:23","guid":{"rendered":"https:\/\/www.bjultrasonic.com\/shop\/ultrasonic-biodiesel-reactor-bjr-1500\/"},"modified":"2026-03-28T20:23:34","modified_gmt":"2026-03-29T01:23:34","slug":"ultrasonic-biodiesel-reactor-bjr-1500","status":"publish","type":"product","link":"https:\/\/www.bjultrasonic.com\/pt-pt\/shop\/ultrasonic-biodiesel-reactor-bjr-1500\/","title":{"rendered":"Reator Ultrass\u00f4nico de Biodiesel BJR-1500"},"content":{"rendered":"<p>Para personaliza\u00e7\u00e3o de reator ultrass\u00f4nico e produ\u00e7\u00e3o OEM, acesse<\/p>\n<blockquote class=\"wp-embedded-content\" data-secret=\"aoPm464Jwk\"><p><a href=\"https:\/\/www.bjultrasonic.com\/shop\/ultrasonic-biodiesel-reactor\/\">Ultrasonic Biodiesel Reactor<\/a><\/p><\/blockquote>\n<p><iframe loading=\"lazy\" class=\"wp-embedded-content\" sandbox=\"allow-scripts\" security=\"restricted\" style=\"position: absolute; visibility: hidden;\" title=\"&#8220;Ultrasonic Biodiesel Reactor&#8221; &#8212; Beijing Ultrasonic\" src=\"https:\/\/www.bjultrasonic.com\/shop\/ultrasonic-biodiesel-reactor\/embed\/#?secret=vjbxvhmIpj#?secret=aoPm464Jwk\" data-secret=\"aoPm464Jwk\" width=\"500\" height=\"282\" frameborder=\"0\" marginwidth=\"0\" marginheight=\"0\" scrolling=\"no\"><\/iframe><\/p>\n<p>O pre\u00e7o de varejo para o <strong>Reator de Biodiesel Ultrass\u00f4nico BJR-1500<\/strong> inclui <strong>Reator Ultrass\u00f4nico<\/strong> e <strong>Gerador Ultrass\u00f4nico Digital.<\/strong><\/p>\n<table class=\"table table-striped table-bordered\" border=\"0\" cellspacing=\"0\" cellpadding=\"0\">\n<tbody>\n<tr>\n<td valign=\"top\" width=\"82\">Tipo<\/td>\n<td valign=\"top\" width=\"81\">Frequ\u00eancia<br \/>\n(KHz)<\/td>\n<td valign=\"top\" width=\"60\">Pot\u00eancia<\/td>\n<td valign=\"top\" width=\"60\">Di\u00e2metro<br \/>\n(mm)<\/td>\n<td valign=\"top\" width=\"63\">Comprimento<br \/>\n(mm)<\/td>\n<td valign=\"top\" width=\"90\">Capacidade Est\u00e1tica (pF\u00b110%)<\/td>\n<\/tr>\n<tr>\n<td valign=\"top\" width=\"82\">BJR-1500<\/td>\n<td valign=\"top\" width=\"81\">27<\/td>\n<td valign=\"top\" width=\"68\">1500<\/td>\n<td valign=\"top\" width=\"90\">\u03a673<\/td>\n<td valign=\"top\" width=\"63\">1123<\/td>\n<td valign=\"top\" width=\"80\">68000<\/td>\n<\/tr>\n<\/tbody>\n<\/table>\n<p><img loading=\"lazy\" decoding=\"async\" class=\"alignnone size-full wp-image-5340\" alt=\"Reator Ultrass\u00f4nico e Gerador Ultrass\u00f4nico Digital\" src=\"\/\/www.bjultrasonic.com\/wp-content\/uploads\/2013\/02\/Ultrasonic-Reactor-and-Digital-Ultrasonic-Generator.jpg\" width=\"600\" height=\"400\" \/><\/p>\n<p>O reator de biodiesel ultrass\u00f4nico produz biodiesel no menor tempo poss\u00edvel e da forma mais eficiente. As ondas ultrass\u00f4nicas atuam sobre os ingredientes misturados, causando a produ\u00e7\u00e3o e implos\u00e3o de muitas bolhas min\u00fasculas. Isso \u00e9 chamado de cavita\u00e7\u00e3o. A cavita\u00e7\u00e3o mistura e aquece a mistura ao mesmo tempo. Esses dois processos causam a transesterifica\u00e7\u00e3o. Como um reator de biodiesel ultrass\u00f4nico mistura e aquece a mistura simultaneamente, o tempo necess\u00e1rio para produzir biodiesel \u00e9 significativamente reduzido. E assim, em vez de processar misturas em lotes, o que leva muito tempo, as misturas s\u00e3o processadas por transesterifica\u00e7\u00e3o em linha.<\/p>\n<p><iframe loading=\"lazy\" title=\"Biodiesel Reactor and Processor - Beijing Ultrasonic\" width=\"500\" height=\"375\" src=\"https:\/\/www.youtube.com\/embed\/kEZ8xnum-c4?feature=oembed\" frameborder=\"0\" allow=\"accelerometer; autoplay; clipboard-write; encrypted-media; gyroscope; picture-in-picture; web-share\" referrerpolicy=\"strict-origin-when-cross-origin\" allowfullscreen><\/iframe><\/p>\n<p>&nbsp;<\/p>\n","protected":false},"excerpt":{"rendered":"<p><a href=\"https:\/\/www.bjultrasonic.com\/pt-pt\/category\/ultrasonic-processors-pt-pt\/\">Processadores ultrass\u00f3nicos<\/a> para produ\u00e7\u00e3o de biodiesel. <a href=\"https:\/\/www.bjultrasonic.com\/pt-pt\/category\/ultrasonic-processors-pt-pt\/biodiesel-pt-pt\/\">Reator de biodiesel ultrass\u00f3nico<\/a> produz biodiesel no menor tempo poss\u00edvel e da forma mais eficiente.<\/p>\n","protected":false},"featured_media":5341,"comment_status":"open","ping_status":"closed","template":"","meta":[],"product_brand":[],"product_cat":[6251,6283],"product_tag":[],"class_list":{"0":"post-69081","1":"product","2":"type-product","3":"status-publish","4":"has-post-thumbnail","6":"product_cat-ultrasonic-processors-pt-pt","7":"product_cat-biodiesel-pt-pt","9":"first","10":"instock","11":"shipping-taxable","12":"purchasable","13":"product-type-simple","14":"prodpage-classic"},"aioseo_notices":[],"_links":{"self":[{"href":"https:\/\/www.bjultrasonic.com\/pt-pt\/wp-json\/wp\/v2\/product\/69081","targetHints":{"allow":["GET"]}}],"collection":[{"href":"https:\/\/www.bjultrasonic.com\/pt-pt\/wp-json\/wp\/v2\/product"}],"about":[{"href":"https:\/\/www.bjultrasonic.com\/pt-pt\/wp-json\/wp\/v2\/types\/product"}],"replies":[{"embeddable":true,"href":"https:\/\/www.bjultrasonic.com\/pt-pt\/wp-json\/wp\/v2\/comments?post=69081"}],"wp:featuredmedia":[{"embeddable":true,"href":"https:\/\/www.bjultrasonic.com\/pt-pt\/wp-json\/wp\/v2\/media\/5341"}],"wp:attachment":[{"href":"https:\/\/www.bjultrasonic.com\/pt-pt\/wp-json\/wp\/v2\/media?parent=69081"}],"wp:term":[{"taxonomy":"product_brand","embeddable":true,"href":"https:\/\/www.bjultrasonic.com\/pt-pt\/wp-json\/wp\/v2\/product_brand?post=69081"},{"taxonomy":"product_cat","embeddable":true,"href":"https:\/\/www.bjultrasonic.com\/pt-pt\/wp-json\/wp\/v2\/product_cat?post=69081"},{"taxonomy":"product_tag","embeddable":true,"href":"https:\/\/www.bjultrasonic.com\/pt-pt\/wp-json\/wp\/v2\/product_tag?post=69081"}],"curies":[{"name":"wp","href":"https:\/\/api.w.org\/{rel}","templated":true}]}}