{"id":69321,"date":"2013-01-08T12:48:37","date_gmt":"2013-01-08T17:48:37","guid":{"rendered":"https:\/\/www.bjultrasonic.com\/shop\/power-adjustable-ultrasonic-cleaner-10l\/"},"modified":"2026-03-28T20:21:16","modified_gmt":"2026-03-29T01:21:16","slug":"power-adjustable-ultrasonic-cleaner-10l","status":"publish","type":"product","link":"https:\/\/www.bjultrasonic.com\/pt-pt\/shop\/power-adjustable-ultrasonic-cleaner-10l\/","title":{"rendered":"Limpeza Ultrass\u00f4nica Digital Ajust\u00e1vel de 10L"},"content":{"rendered":"<table class=\"table table-striped table-bordered\">\n<tbody>\n<tr>\n<td width=\"284\">\n<p>Tipo<\/p>\n<\/td>\n<td width=\"284\">\n<p>BJUCDPTH10<\/p>\n<\/td>\n<\/tr>\n<tr>\n<td width=\"284\">\n<p>Capacidade do Tanque<\/p>\n<\/td>\n<td width=\"284\">\n<p>10L<\/p>\n<\/td>\n<\/tr>\n<tr>\n<td width=\"284\">\n<p>Pot\u00eancia Ultrass\u00f4nica<\/p>\n<\/td>\n<td width=\"284\">\n<p>240W<\/p>\n<\/td>\n<\/tr>\n<tr>\n<td width=\"284\">\n<p>Pot\u00eancia de Aquecimento<\/p>\n<\/td>\n<td width=\"284\">\n<p>500W<\/p>\n<\/td>\n<\/tr>\n<tr>\n<td width=\"284\">\n<p>Frequ\u00eancia<\/p>\n<\/td>\n<td width=\"284\">\n<p>40KHZ\/28KHZ<\/p>\n<\/td>\n<\/tr>\n<tr>\n<td width=\"284\">\n<p>Temporizador<\/p>\n<\/td>\n<td width=\"284\">\n<p>0-30 min<\/p>\n<\/td>\n<\/tr>\n<tr>\n<td width=\"284\">\n<p>Temperatura<\/p>\n<\/td>\n<td width=\"284\">\n<p>&lt; 80 Graus C<\/p>\n<\/td>\n<\/tr>\n<tr>\n<td width=\"284\">\n<p>Tamanho do Tanque<\/p>\n<\/td>\n<td width=\"284\">\n<p>300*240*150 mm C*L*A<\/p>\n<\/td>\n<\/tr>\n<tr>\n<td width=\"284\">\n<p>Tamanho da M\u00e1quina<\/p>\n<\/td>\n<td width=\"284\">\n<p>400*300*330 mm C*L*A<\/p>\n<\/td>\n<\/tr>\n<tr>\n<td width=\"284\">\n<p>Dreno<\/p>\n<\/td>\n<td width=\"284\">\n<p>Possui<\/p>\n<\/td>\n<\/tr>\n<tr>\n<td width=\"284\">\n<p>Tampa<\/p>\n<\/td>\n<td width=\"284\">\n<p>Possui<\/p>\n<\/td>\n<\/tr>\n<tr>\n<td width=\"284\">\n<p>Peso Unit\u00e1rio<\/p>\n<\/td>\n<td width=\"284\">\n<p>13kg<\/p>\n<\/td>\n<\/tr>\n<\/tbody>\n<\/table>\n<h3>Funcionalidades<\/h3>\n<ul>\n<li>Temporizador: ajuste de 1-30 min.<\/li>\n<li>Temperatura: ajust\u00e1vel de 20-80\u2103;<\/li>\n<li>Tempo: Temperatura e pot\u00eancia ajust\u00e1veis<\/li>\n<li>Painel de Exibi\u00e7\u00e3o: Exibe o tempo de trabalho e a temperatura.<\/li>\n<li>Material: Tanque e M\u00e1quina s\u00e3o todos em a\u00e7o inoxid\u00e1vel.<\/li>\n<li>Vantagens do produto: tanque de limpeza por estampagem, solda perfeita.<\/li>\n<li>Qualidade dos componentes: Utiliza <a href=\"https:\/\/www.bjultrasonic.com\/pt-pt\/category\/ultrasonic-transducer-pt-pt\/\">transdutor ultrass\u00f4nico<\/a> de alta qualidade. Pot\u00eancia forte.<\/li>\n<li>Alta qualidade do processo de colagem. O transdutor ultrass\u00f4nico \u00e9 colado usando cola ep\u00f3xi.<\/li>\n<li>Sistema de drenagem: modelos de 6 litros ou mais s\u00e3o equipados com v\u00e1lvula de esfera de drenagem.<\/li>\n<li>Sistema de arrefecimento: modelos de 10L ou mais s\u00e3o equipados com ventilador de arrefecimento de alta efici\u00eancia.<\/li>\n<\/ul>\n<p><img loading=\"lazy\" decoding=\"async\" class=\"alignnone size-full wp-image-19933\" src=\"https:\/\/www.bjultrasonic.com\/wp-content\/uploads\/2013\/01\/Power-Adjustable-Ultrasonic-Cleaner-Package-1.jpg\" alt=\"Power Adjustable Ultrasonic Cleaner Package\" width=\"742\" height=\"318\" \/><\/p>\n","protected":false},"excerpt":{"rendered":"<p><a href=\"https:\/\/www.bjultrasonic.com\/pt-pt\/category\/ultrasonic-cleaning-system-pt-pt\/power-adjustable-ultrasonic-cleaner-pt-pt\/\">Limpeza por Ultrassom com Pot\u00eancia Ajust\u00e1vel<\/a> com pot\u00eancia, temporizador e temperatura ajust\u00e1veis do fabricante e fornecedor de <a href=\"https:\/\/www.bjultrasonic.com\/pt-pt\/category\/ultrasonic-cleaning-system-pt-pt\/\">m\u00e1quinas de limpeza por ultrassom<\/a> Beijing Ultrasonic.<\/p>\n","protected":false},"featured_media":19880,"comment_status":"open","ping_status":"closed","template":"","meta":[],"product_brand":[],"product_cat":[6005],"product_tag":[],"class_list":{"0":"post-69321","1":"product","2":"type-product","3":"status-publish","4":"has-post-thumbnail","6":"product_cat-power-adjustable-ultrasonic-cleaner-pt-pt","8":"first","9":"instock","10":"shipping-taxable","11":"purchasable","12":"product-type-simple","13":"prodpage-classic"},"aioseo_notices":[],"_links":{"self":[{"href":"https:\/\/www.bjultrasonic.com\/pt-pt\/wp-json\/wp\/v2\/product\/69321","targetHints":{"allow":["GET"]}}],"collection":[{"href":"https:\/\/www.bjultrasonic.com\/pt-pt\/wp-json\/wp\/v2\/product"}],"about":[{"href":"https:\/\/www.bjultrasonic.com\/pt-pt\/wp-json\/wp\/v2\/types\/product"}],"replies":[{"embeddable":true,"href":"https:\/\/www.bjultrasonic.com\/pt-pt\/wp-json\/wp\/v2\/comments?post=69321"}],"wp:featuredmedia":[{"embeddable":true,"href":"https:\/\/www.bjultrasonic.com\/pt-pt\/wp-json\/wp\/v2\/media\/19880"}],"wp:attachment":[{"href":"https:\/\/www.bjultrasonic.com\/pt-pt\/wp-json\/wp\/v2\/media?parent=69321"}],"wp:term":[{"taxonomy":"product_brand","embeddable":true,"href":"https:\/\/www.bjultrasonic.com\/pt-pt\/wp-json\/wp\/v2\/product_brand?post=69321"},{"taxonomy":"product_cat","embeddable":true,"href":"https:\/\/www.bjultrasonic.com\/pt-pt\/wp-json\/wp\/v2\/product_cat?post=69321"},{"taxonomy":"product_tag","embeddable":true,"href":"https:\/\/www.bjultrasonic.com\/pt-pt\/wp-json\/wp\/v2\/product_tag?post=69321"}],"curies":[{"name":"wp","href":"https:\/\/api.w.org\/{rel}","templated":true}]}}