{"id":69481,"date":"2012-10-01T23:18:05","date_gmt":"2012-10-02T04:18:05","guid":{"rendered":"https:\/\/www.bjultrasonic.com\/shop\/high-frequency-ultrasonic-generator-pcb-circuit\/"},"modified":"2026-03-28T20:19:47","modified_gmt":"2026-03-29T01:19:47","slug":"high-frequency-ultrasonic-generator-pcb-circuit","status":"publish","type":"product","link":"https:\/\/www.bjultrasonic.com\/pt-pt\/shop\/high-frequency-ultrasonic-generator-pcb-circuit\/","title":{"rendered":"Circuito Gerador Ultrass\u00f4nico de Alta Frequ\u00eancia 54KHz~135KHz"},"content":{"rendered":"<h2>Especifica\u00e7\u00e3o da Placa de Circuito Impresso do Gerador Ultrass\u00f4nico de Alta Frequ\u00eancia<\/h2>\n<table id=\"wp-table-reloaded-id-129-no-1\" class=\"table table-striped table-bordered\">\n<tbody>\n<tr>\n<td>Frequ\u00eancia<\/td>\n<td>De 54 kHz a 135 kHz<\/td>\n<\/tr>\n<tr>\n<td>Pot\u00eancia<\/td>\n<td>De 100 W a 2400 W<\/td>\n<\/tr>\n<tr>\n<td>Aciona transdutor<\/td>\n<td>Transdutor ultrass\u00f4nico de 54 kHz<br \/>\nTransdutor ultrass\u00f4nico de 68 kHz<br \/>\nTransdutor ultrass\u00f4nico de 120 kHz<br \/>\nTransdutor ultrass\u00f4nico de 135 kHz<br \/>\nTransdutor ultrass\u00f4nico de 80 kHz<br \/>\nOu outro transdutor ultrass\u00f4nico<\/td>\n<\/tr>\n<tr>\n<td>Fonte de Alimenta\u00e7\u00e3o<\/td>\n<td>Entrada: 110 V CA ou 220 V CA<\/td>\n<\/tr>\n<tr>\n<td>Peso<\/td>\n<td>400g\/unidade<\/td>\n<\/tr>\n<\/tbody>\n<\/table>\n<h3>Aviso: por favor, informe qual frequ\u00eancia voc\u00ea precisa ao comprar a Placa de Circuito Impresso do Gerador Ultrass\u00f4nico<\/h3>\n<h3>Pagamento<\/h3>\n<p>Aceitamos PayPal, T\/T &amp; Western Union atualmente.<\/p>\n<p><iframe loading=\"lazy\" title=\"Ultrasonic Signal Generator Circuit - Beijing Ultrasonic\" width=\"500\" height=\"281\" src=\"https:\/\/www.youtube.com\/embed\/A9JdQN5e5G8?feature=oembed\" frameborder=\"0\" allow=\"accelerometer; autoplay; clipboard-write; encrypted-media; gyroscope; picture-in-picture; web-share\" referrerpolicy=\"strict-origin-when-cross-origin\" allowfullscreen><\/iframe><\/p>\n<h3 class=\"shipping-methods\">Envio<\/h3>\n<p>As mercadorias ser\u00e3o enviadas dentro de 48 horas ap\u00f3s o recebimento do pagamento integral.<\/p>\n<ul>\n<li>Enviamos as mercadorias para o endere\u00e7o fornecido no pagamento do PayPal. Certifique-se de que o endere\u00e7o no PayPal est\u00e1 correto.<\/li>\n<li>Forneceremos o n\u00famero de rastreamento ap\u00f3s o envio das mercadorias; geralmente, voc\u00ea receber\u00e1 as mercadorias em at\u00e9 cinco dias.<\/li>\n<li>Se tiver alguma d\u00favida, entre em contato conosco por e-mail (nosso endere\u00e7o de e-mail \u00e9 <a href=\"mailto:support@bjultrasonic.com\">support@bjultrasonic.com<\/a>)<\/li>\n<\/ul>\n<h3 align=\"left\">Garantia do Produto<\/h3>\n<p>O per\u00edodo de garantia do produto \u00e9 de um ano. Durante o per\u00edodo de garantia, os produtos adquiridos podem desfrutar de manuten\u00e7\u00e3o gratuita ou troca.<\/p>\n<h3>Lista de Reprodu\u00e7\u00e3o de V\u00eddeo: Driver de Transdutor Ultrass\u00f4nico<\/h3>\n<p><iframe loading=\"lazy\" width=\"560\" height=\"315\" src=\"https:\/\/www.youtube.com\/embed\/videoseries?list=PLLrjMYkO0_NG56zqmQN9W9F1Xf9eev6dc\" frameborder=\"0\" allow=\"autoplay; encrypted-media\" allowfullscreen><\/iframe><\/p>\n","protected":false},"excerpt":{"rendered":"<p>Circuito gerador ultrass\u00f4nico, tamb\u00e9m denominado circuito acionador de <a href=\"https:\/\/www.bjultrasonic.com\/pt-pt\/category\/ultrasonic-transducer-pt-pt\/\">transdutor ultrass\u00f4nico<\/a> ou <a href=\"https:\/\/www.bjultrasonic.com\/pt-pt\/category\/ultrasonic-generator-pt-pt\/ultrasonic-generator-circuits-pt-pt\/\">placa de acionamento de energia para limpadores ultrass\u00f4nicos<\/a>. Ele fornece uma <a href=\"https:\/\/www.bjultrasonic.com\/pt-pt\/category\/ultrasonic-generator-pt-pt\/\">frequ\u00eancia ultrass\u00f4nica<\/a> para acionar os transdutores ultrass\u00f4nicos dentro dos <a href=\"https:\/\/www.bjultrasonic.com\/pt-pt\/category\/ultrasonic-cleaning-system-pt-pt\/\">limpadores ultrass\u00f4nicos<\/a>.<\/p>\n","protected":false},"featured_media":1310,"comment_status":"open","ping_status":"closed","template":"","meta":[],"product_brand":[],"product_cat":[6101],"product_tag":[],"class_list":{"0":"post-69481","1":"product","2":"type-product","3":"status-publish","4":"has-post-thumbnail","6":"product_cat-ultrasonic-generator-circuits-pt-pt","8":"first","9":"instock","10":"shipping-taxable","11":"product-type-external","12":"prodpage-classic"},"aioseo_notices":[],"_links":{"self":[{"href":"https:\/\/www.bjultrasonic.com\/pt-pt\/wp-json\/wp\/v2\/product\/69481","targetHints":{"allow":["GET"]}}],"collection":[{"href":"https:\/\/www.bjultrasonic.com\/pt-pt\/wp-json\/wp\/v2\/product"}],"about":[{"href":"https:\/\/www.bjultrasonic.com\/pt-pt\/wp-json\/wp\/v2\/types\/product"}],"replies":[{"embeddable":true,"href":"https:\/\/www.bjultrasonic.com\/pt-pt\/wp-json\/wp\/v2\/comments?post=69481"}],"wp:featuredmedia":[{"embeddable":true,"href":"https:\/\/www.bjultrasonic.com\/pt-pt\/wp-json\/wp\/v2\/media\/1310"}],"wp:attachment":[{"href":"https:\/\/www.bjultrasonic.com\/pt-pt\/wp-json\/wp\/v2\/media?parent=69481"}],"wp:term":[{"taxonomy":"product_brand","embeddable":true,"href":"https:\/\/www.bjultrasonic.com\/pt-pt\/wp-json\/wp\/v2\/product_brand?post=69481"},{"taxonomy":"product_cat","embeddable":true,"href":"https:\/\/www.bjultrasonic.com\/pt-pt\/wp-json\/wp\/v2\/product_cat?post=69481"},{"taxonomy":"product_tag","embeddable":true,"href":"https:\/\/www.bjultrasonic.com\/pt-pt\/wp-json\/wp\/v2\/product_tag?post=69481"}],"curies":[{"name":"wp","href":"https:\/\/api.w.org\/{rel}","templated":true}]}}