{"id":69741,"date":"2012-08-07T22:44:18","date_gmt":"2012-08-08T03:44:18","guid":{"rendered":"https:\/\/www.bjultrasonic.com\/shop\/ultrasonic-beauty-transducer\/"},"modified":"2026-03-28T20:17:32","modified_gmt":"2026-03-29T01:17:32","slug":"ultrasonic-beauty-transducer","status":"publish","type":"product","link":"https:\/\/www.bjultrasonic.com\/pt-pt\/shop\/ultrasonic-beauty-transducer\/","title":{"rendered":"Transdutor Ultrass\u00f4nico de Beleza"},"content":{"rendered":"<h2>Especifica\u00e7\u00f5es do Transdutor de Beleza Ultrass\u00f4nico<\/h2>\n<table class=\"table table-striped table-bordered\" border=\"0\" cellspacing=\"0\" cellpadding=\"0\">\n<tbody>\n<tr>\n<td valign=\"top\" width=\"85\"><strong>Tipo<\/strong><\/td>\n<td valign=\"top\" width=\"112\"><strong>Capacit\u00e2ncia (pF)<\/strong><\/td>\n<td valign=\"top\" width=\"113\"><strong>Frequ\u00eancia (MHz)<\/strong><\/td>\n<td valign=\"top\" width=\"96\"><strong>Resist\u00eancia (Q)<\/strong><\/td>\n<\/tr>\n<tr>\n<td valign=\"top\" width=\"85\">BJB-1 P4<\/td>\n<td valign=\"top\" width=\"112\">3300<\/td>\n<td valign=\"top\" width=\"113\">1MHZ<\/td>\n<td valign=\"top\" width=\"96\">10<\/td>\n<\/tr>\n<tr>\n<td valign=\"top\" width=\"85\">BJB-3 P4<\/td>\n<td valign=\"top\" width=\"112\">8000<\/td>\n<td valign=\"top\" width=\"113\">3MHZ<\/td>\n<td valign=\"top\" width=\"96\">4<\/td>\n<\/tr>\n<tr>\n<td valign=\"top\" width=\"85\">BJB-5 P4<\/td>\n<td valign=\"top\" width=\"112\">2100<\/td>\n<td valign=\"top\" width=\"113\">5MHZ<\/td>\n<td valign=\"top\" width=\"96\">4<\/td>\n<\/tr>\n<tr>\n<td valign=\"top\" width=\"85\">BJB-33 P4<\/td>\n<td valign=\"top\" width=\"112\">3200<\/td>\n<td valign=\"top\" width=\"113\">33KHZ<\/td>\n<td valign=\"top\" width=\"96\">15<\/td>\n<\/tr>\n<tr>\n<td valign=\"top\" width=\"85\">BJB-40 P4<\/td>\n<td valign=\"top\" width=\"112\">5400<\/td>\n<td valign=\"top\" width=\"113\">40KHZ<\/td>\n<td valign=\"top\" width=\"96\">16<\/td>\n<\/tr>\n<tr>\n<td valign=\"top\" width=\"85\">BJB-80 P4<\/td>\n<td valign=\"top\" width=\"112\">3800<\/td>\n<td valign=\"top\" width=\"113\">80KHZ<\/td>\n<td valign=\"top\" width=\"96\">15<\/td>\n<\/tr>\n<tr>\n<td valign=\"top\" width=\"85\">BJB-28 P4<\/td>\n<td valign=\"top\" width=\"112\">3800<\/td>\n<td valign=\"top\" width=\"113\">28KHZ<\/td>\n<td valign=\"top\" width=\"96\">15<\/td>\n<\/tr>\n<\/tbody>\n<\/table>\n<p><strong>O Transdutor de Beleza Ultrass\u00f4nico<\/strong> \u00e9 utilizado para beleza e fitness, perda de peso. Pode controlar a forma e o tamanho semelhantes \u00e0 s\u00e9rie convencional de limpeza para fixa\u00e7\u00e3o da tampa de a\u00e7o inoxid\u00e1vel.<\/p>\n<p><img loading=\"lazy\" decoding=\"async\" class=\" alignnone\" title=\"Transdutor de Beleza Ultrass\u00f4nico\" src=\"\/\/www.bjultrasonic.com\/wp-content\/uploads\/2012\/08\/Ultrasonic-Beauty-Transducer.jpg\" alt=\"Transdutor de Beleza Ultrass\u00f4nico\" width=\"600\" height=\"359\" \/><\/p>\n<h3>Gerador ultrass\u00f4nico de 1MHZ conectado ao transdutor de beleza ultrass\u00f4nico<\/h3>\n<p><img loading=\"lazy\" decoding=\"async\" class=\"size-full wp-image-1274 alignnone\" title=\"Gerador ultrass\u00f4nico de 1MHZ\" src=\"\/\/www.bjultrasonic.com\/wp-content\/uploads\/2012\/08\/1MHz-ultrasonic-generator.jpg\" alt=\"Gerador ultrass\u00f4nico de 1MHZ\" width=\"360\" height=\"270\" \/><\/p>\n<ul>\n<li>Tens\u00e3o de trabalho: 15V<\/li>\n<li>Corrente de trabalho: 80MA<\/li>\n<li>Frequ\u00eancia de trabalho: 1MHZ<\/li>\n<li>Efeito ultrass\u00f4nico forte e baixo calor.<\/li>\n<\/ul>\n<h3>Gerador ultrass\u00f4nico de 3Mhz conectado ao transdutor de beleza ultrass\u00f4nico<\/h3>\n<p><img loading=\"lazy\" decoding=\"async\" class=\"alignnone size-full wp-image-1275\" title=\"Gerador ultrass\u00f4nico de 3Mhz\" src=\"\/\/www.bjultrasonic.com\/wp-content\/uploads\/2012\/08\/3Mhz-ultrasonic-generator.jpg\" alt=\"Gerador ultrass\u00f4nico de 3Mhz\" width=\"360\" height=\"270\" \/><\/p>\n<ul>\n<li>Tens\u00e3o de trabalho: 12V<\/li>\n<li>Corrente de trabalho: 80MA<\/li>\n<li>Frequ\u00eancia de trabalho: 3MHZ<\/li>\n<li>Efeito ultrass\u00f4nico forte e baixo calor<\/li>\n<\/ul>\n<h3>Gerador ultrass\u00f4nico de 5MHZ conectado ao transdutor de beleza ultrass\u00f4nico<\/h3>\n<p><img loading=\"lazy\" decoding=\"async\" class=\"alignnone size-full wp-image-1276\" title=\"Gerador ultrass\u00f4nico de 5MHZ\" src=\"\/\/www.bjultrasonic.com\/wp-content\/uploads\/2012\/08\/5MHZ-ultrasonic-generator.jpg\" alt=\"Gerador ultrass\u00f4nico de 5MHZ\" width=\"360\" height=\"270\" \/><\/p>\n<ul>\n<li>Tens\u00e3o de trabalho: 220V<\/li>\n<li>Corrente de trabalho: 200MA<\/li>\n<li>Frequ\u00eancia de trabalho: 5MHZ<\/li>\n<li>Efeito ultrass\u00f4nico forte e baixo calor.<\/li>\n<\/ul>\n<p><iframe loading=\"lazy\" title=\"Ultrasonic Beauty Transducer Manufacturer &amp; Supplier\" width=\"500\" height=\"375\" src=\"https:\/\/www.youtube.com\/embed\/SC3o3baxfvU?feature=oembed\" frameborder=\"0\" allow=\"accelerometer; autoplay; clipboard-write; encrypted-media; gyroscope; picture-in-picture; web-share\" referrerpolicy=\"strict-origin-when-cross-origin\" allowfullscreen><\/iframe><\/p>\n<h3>Pagamento<\/h3>\n<p>Aceitamos PayPal, T\/T e Western Union.<\/p>\n<h3 class=\"shipping-methods\">Envio<\/h3>\n<p>As mercadorias ser\u00e3o enviadas em at\u00e9 48 horas ap\u00f3s o recebimento do pagamento integral.<\/p>\n<ul>\n<li>Enviamos as mercadorias para o endere\u00e7o fornecido no pagamento do PayPal. Certifique-se de que o endere\u00e7o no PayPal est\u00e1 correto.<\/li>\n<li>Forneceremos o n\u00famero de rastreamento ap\u00f3s o envio das mercadorias; em geral, voc\u00ea receber\u00e1 as mercadorias em at\u00e9 cinco dias.<\/li>\n<li>Se tiver alguma d\u00favida, entre em contato conosco por e-mail (nosso endere\u00e7o de e-mail \u00e9 <a href=\"mailto:support@bjultrasonic.com\">support@bjultrasonic.com<\/a>)<\/li>\n<\/ul>\n<h3>Garantia do Produto<\/h3>\n<p>O per\u00edodo de garantia do produto \u00e9 de um ano. Dentro do per\u00edodo de garantia, os produtos adquiridos podem usufruir de manuten\u00e7\u00e3o gratuita ou troca.<\/p>\n","protected":false},"excerpt":{"rendered":"<p>O Transdutor Ultrass\u00f4nico de Beleza \u00e9 utilizado para beleza e fitness, perda de peso. Pode controlar a forma e o tamanho, semelhante \u00e0s s\u00e9ries convencionais de limpeza, para fixa\u00e7\u00e3o da tampa de a\u00e7o inoxid\u00e1vel.<\/p>\n","protected":false},"featured_media":42434,"comment_status":"open","ping_status":"closed","template":"","meta":[],"product_brand":[],"product_cat":[6316],"product_tag":[],"class_list":{"0":"post-69741","1":"product","2":"type-product","3":"status-publish","4":"has-post-thumbnail","6":"product_cat-ultrasonic-transducer-pt-pt","8":"first","9":"instock","10":"shipping-taxable","11":"product-type-external","12":"prodpage-classic"},"aioseo_notices":[],"_links":{"self":[{"href":"https:\/\/www.bjultrasonic.com\/pt-pt\/wp-json\/wp\/v2\/product\/69741","targetHints":{"allow":["GET"]}}],"collection":[{"href":"https:\/\/www.bjultrasonic.com\/pt-pt\/wp-json\/wp\/v2\/product"}],"about":[{"href":"https:\/\/www.bjultrasonic.com\/pt-pt\/wp-json\/wp\/v2\/types\/product"}],"replies":[{"embeddable":true,"href":"https:\/\/www.bjultrasonic.com\/pt-pt\/wp-json\/wp\/v2\/comments?post=69741"}],"wp:featuredmedia":[{"embeddable":true,"href":"https:\/\/www.bjultrasonic.com\/pt-pt\/wp-json\/wp\/v2\/media\/42434"}],"wp:attachment":[{"href":"https:\/\/www.bjultrasonic.com\/pt-pt\/wp-json\/wp\/v2\/media?parent=69741"}],"wp:term":[{"taxonomy":"product_brand","embeddable":true,"href":"https:\/\/www.bjultrasonic.com\/pt-pt\/wp-json\/wp\/v2\/product_brand?post=69741"},{"taxonomy":"product_cat","embeddable":true,"href":"https:\/\/www.bjultrasonic.com\/pt-pt\/wp-json\/wp\/v2\/product_cat?post=69741"},{"taxonomy":"product_tag","embeddable":true,"href":"https:\/\/www.bjultrasonic.com\/pt-pt\/wp-json\/wp\/v2\/product_tag?post=69741"}],"curies":[{"name":"wp","href":"https:\/\/api.w.org\/{rel}","templated":true}]}}