{"id":69781,"date":"2012-08-06T10:13:16","date_gmt":"2012-08-06T15:13:16","guid":{"rendered":"https:\/\/www.bjultrasonic.com\/shop\/ultrasonic-biodiesel-reactor\/"},"modified":"2026-03-28T20:17:04","modified_gmt":"2026-03-29T01:17:04","slug":"ultrasonic-biodiesel-reactor","status":"publish","type":"product","link":"https:\/\/www.bjultrasonic.com\/pt-pt\/shop\/ultrasonic-biodiesel-reactor\/","title":{"rendered":"Reator de Biodiesel Ultrass\u00f4nico"},"content":{"rendered":"<table class=\"table table-striped table-bordered\" border=\"0\" cellspacing=\"0\" cellpadding=\"0\">\n<tbody>\n<tr>\n<td valign=\"top\" width=\"82\">Tipo<\/td>\n<td valign=\"top\" width=\"81\">Frequ\u00eancia<br \/>\n(KHz)<\/td>\n<td valign=\"top\" width=\"60\">Pot\u00eancia<\/td>\n<td valign=\"top\" width=\"60\">Di\u00e2metro<br \/>\n(mm)<\/td>\n<td valign=\"top\" width=\"63\">Comprimento<br \/>\n(mm)<\/td>\n<td valign=\"top\" width=\"90\">Capacidade Est\u00e1tica (pF\u00b110%)<\/td>\n<\/tr>\n<tr>\n<td valign=\"top\" width=\"82\"><a href=\"https:\/\/www.bjultrasonic.com\/pt-pt\/shop\/ultrasonic-biodiesel-reactor-bjr-500\/\">BJR-500<\/a><\/td>\n<td valign=\"top\" width=\"81\">27<\/td>\n<td valign=\"top\" width=\"68\">500<\/td>\n<td valign=\"top\" width=\"90\">\u03a673<\/td>\n<td valign=\"top\" width=\"63\">323<\/td>\n<td valign=\"top\" width=\"80\">68000<\/td>\n<\/tr>\n<tr>\n<td valign=\"top\" width=\"82\"><a href=\"https:\/\/www.bjultrasonic.com\/pt-pt\/shop\/ultrasonic-biodiesel-reactor-bjr-1000\/\">BJR-1000<\/a><\/td>\n<td valign=\"top\" width=\"81\">27<\/td>\n<td valign=\"top\" width=\"68\">1000<\/td>\n<td valign=\"top\" width=\"90\">\u03a673<\/td>\n<td valign=\"top\" width=\"63\">458<\/td>\n<td valign=\"top\" width=\"80\">68000<\/td>\n<\/tr>\n<tr>\n<td valign=\"top\" width=\"82\"><a href=\"https:\/\/www.bjultrasonic.com\/pt-pt\/shop\/ultrasonic-biodiesel-reactor-bjr-1100\/\">BJR-1100<\/a><\/td>\n<td valign=\"top\" width=\"81\">27<\/td>\n<td valign=\"top\" width=\"68\">1100<\/td>\n<td valign=\"top\" width=\"90\">\u03a673<\/td>\n<td valign=\"top\" width=\"63\">624<\/td>\n<td valign=\"top\" width=\"80\">68000<\/td>\n<\/tr>\n<tr>\n<td valign=\"top\" width=\"82\"><a href=\"https:\/\/www.bjultrasonic.com\/pt-pt\/shop\/ultrasonic-biodiesel-reactor-bjr-1200\/\">BJR-1200<\/a><\/td>\n<td valign=\"top\" width=\"81\">27<\/td>\n<td valign=\"top\" width=\"68\">1200<\/td>\n<td valign=\"top\" width=\"90\">\u03a673<\/td>\n<td valign=\"top\" width=\"63\">790<\/td>\n<td valign=\"top\" width=\"80\">68000<\/td>\n<\/tr>\n<tr>\n<td valign=\"top\" width=\"82\"><a href=\"https:\/\/www.bjultrasonic.com\/pt-pt\/shop\/ultrasonic-biodiesel-reactor-bjr-1300\/\">BJR-1300<\/a><\/td>\n<td valign=\"top\" width=\"81\">27<\/td>\n<td valign=\"top\" width=\"68\">1300<\/td>\n<td valign=\"top\" width=\"90\">\u03a673<\/td>\n<td valign=\"top\" width=\"63\">957<\/td>\n<td valign=\"top\" width=\"80\">68000<\/td>\n<\/tr>\n<tr>\n<td valign=\"top\" width=\"82\"><a href=\"https:\/\/www.bjultrasonic.com\/pt-pt\/shop\/ultrasonic-biodiesel-reactor-bjr-1500\/\">BJR-1500<\/a><\/td>\n<td valign=\"top\" width=\"81\">27<\/td>\n<td valign=\"top\" width=\"68\">1500<\/td>\n<td valign=\"top\" width=\"90\">\u03a673<\/td>\n<td valign=\"top\" width=\"63\">1123<\/td>\n<td valign=\"top\" width=\"80\">68000<\/td>\n<\/tr>\n<tr>\n<td valign=\"top\" width=\"82\"><a href=\"https:\/\/www.bjultrasonic.com\/pt-pt\/shop\/ultrasonic-biodiesel-reactor-bjr-2000\/\">BJR-2000<\/a><\/td>\n<td valign=\"top\" width=\"81\">27<\/td>\n<td valign=\"top\" width=\"68\">2000<\/td>\n<td valign=\"top\" width=\"90\">\u03a673<\/td>\n<td valign=\"top\" width=\"63\">910<\/td>\n<td valign=\"top\" width=\"80\">132000<\/td>\n<\/tr>\n<\/tbody>\n<\/table>\n<h3>Por que os Melhores Kits de Processador de Biodiesel Utilizam Reator de Biodiesel Ultrass\u00f4nico<\/h3>\n<p>O interesse por kits de processadores de biodiesel aumentou muito nos \u00faltimos anos. Poder produzir seu pr\u00f3prio biodiesel \u00e9 uma grande vantagem, especialmente nos dias de hoje, quando os pre\u00e7os dos combust\u00edveis derivados do petr\u00f3leo est\u00e3o muito altos. O biodiesel \u00e9 considerado a melhor alternativa ao combust\u00edvel de petr\u00f3leo, n\u00e3o apenas pelo seu pre\u00e7o relativamente mais baixo. O biodiesel \u00e9 ecol\u00f3gico. \u00c9 n\u00e3o t\u00f3xico. Tamb\u00e9m \u00e9 biodegrad\u00e1vel.<\/p>\n<p>Usando kits de processadores de biodiesel, \u00e9 poss\u00edvel produzir facilmente em casa um combust\u00edvel que pode ser usado em quase todos os motores a diesel. Os ingredientes para produzir biodiesel s\u00e3o f\u00e1ceis de obter, e o principal ingrediente provavelmente j\u00e1 est\u00e1 presente em sua casa. O principal ingrediente do biodiesel \u00e9 o \u00f3leo vegetal. Seja o \u00f3leo vegetal da sua cozinha novo ou usado, ele pode ser transformado em biodiesel.<\/p>\n<p>Os ingredientes passam por v\u00e1rios processos. S\u00e3o misturados, separados, aquecidos, lavados, secos e filtrados. Todos esses processos s\u00e3o realizados pelo processador de biodiesel. Voc\u00ea s\u00f3 precisa despejar os ingredientes no processador e ligar a m\u00e1quina. Quando o biodiesel estiver pronto, voc\u00ea pode retir\u00e1-lo se j\u00e1 precisar dele ou deix\u00e1-lo no processador at\u00e9 que tenha uso para ele. Manter o biodiesel em um processador de biodiesel \u00e9 uma boa maneira de armazenar o combust\u00edvel. O processador \u00e9 capaz de manter a qualidade do biodiesel produzido.<\/p>\n<p><img loading=\"lazy\" decoding=\"async\" title=\"Biodiesel Processor Kits\" src=\"\/\/www.bjultrasonic.com\/wp-content\/uploads\/2012\/08\/Biodiesel-Processor-Kits.jpg\" alt=\"Biodiesel Processor Kits\" width=\"628\" height=\"295\" \/><\/p>\n<p>Produzir biodiesel n\u00e3o \u00e9 nada para se temer. \u00c9 f\u00e1cil e seguro. Todos os ingredientes s\u00e3o n\u00e3o t\u00f3xicos e todos os processos s\u00e3o executados pelo processador de biodiesel de maneira segura e eficiente. Desde que voc\u00ea n\u00e3o retire a tampa do processador enquanto a produ\u00e7\u00e3o de biodiesel estiver em andamento, nenhum incidente desagrad\u00e1vel ocorrer\u00e1. Durante o processo de aquecimento, a temperatura dentro do processador \u00e9 extremamente alta. Se o \u00f3leo derramar ou tocar sua pele, sua pele ser\u00e1 queimada.<\/p>\n<p>Os kits de processadores de biodiesel n\u00e3o s\u00e3o caros. Custam menos de mil d\u00f3lares. Muitos s\u00e3o at\u00e9 precificados em apenas algumas centenas de d\u00f3lares. O pre\u00e7o de um processador de biodiesel n\u00e3o \u00e9 nada comparado ao dinheiro que voc\u00ea economizar\u00e1. Os pre\u00e7os do combust\u00edvel de petr\u00f3leo s\u00e3o altos e s\u00f3 v\u00e3o aumentar. Por outro lado, os ingredientes para produzir biodiesel s\u00e3o baratos. Se o \u00f3leo vegetal que voc\u00ea vai usar n\u00e3o for novo, sua economia ser\u00e1 ainda maior. O pre\u00e7o do biodiesel que voc\u00ea produzir\u00e1 \u00e9 de apenas alguns centavos por litro. Isso \u00e9 muito mais baixo do que os pre\u00e7os do combust\u00edvel de petr\u00f3leo.<\/p>\n<p>Cada processador de biodiesel cont\u00e9m um reator de biodiesel. \u00c9 o reator de biodiesel que acelera a produ\u00e7\u00e3o de biodiesel. Ele causa esterifica\u00e7\u00e3o e transesterifica\u00e7\u00e3o, as rea\u00e7\u00f5es qu\u00edmicas que transformam os ingredientes em biodiesel. Existem dois tipos de reatores de biodiesel. S\u00e3o eles: reator de biodiesel ultrass\u00f4nico e reator de biodiesel por cisalhamento. Entre os dois tipos de reator de biodiesel, o reator de biodiesel ultrass\u00f4nico \u00e9 melhor.<\/p>\n<p>O reator de biodiesel ultrass\u00f4nico produz biodiesel no menor tempo poss\u00edvel e da maneira mais eficiente. As ondas ultrass\u00f4nicas atuam sobre os ingredientes misturados, causando a produ\u00e7\u00e3o e implos\u00e3o de muitas bolhas min\u00fasculas. Isso \u00e9 chamado de cavita\u00e7\u00e3o. A cavita\u00e7\u00e3o mistura e aquece a mistura ao mesmo tempo. Esses dois processos causam a transesterifica\u00e7\u00e3o. Como um reator de biodiesel ultrass\u00f4nico mistura e aquece a mistura simultaneamente, o tempo necess\u00e1rio para produzir biodiesel \u00e9 significativamente reduzido. Assim, em vez de processar as misturas em lotes, o que leva muito tempo, as misturas s\u00e3o processadas por transesterifica\u00e7\u00e3o em linha.<\/p>\n<p>As ondas ultrass\u00f4nicas desempenham um papel muito importante na produ\u00e7\u00e3o de biodiesel. Elas s\u00e3o muito eficazes na mistura de ingredientes dif\u00edceis de combinar. Para produzir biodiesel, os ingredientes devem ser misturados completamente. Se os ingredientes n\u00e3o forem adequadamente misturados, ou o biodiesel n\u00e3o ser\u00e1 produzido ou o biodiesel que ser\u00e1 produzido ser\u00e1 de baixa qualidade.<\/p>\n<p>As ondas ultrass\u00f4nicas misturam e aquecem os ingredientes. Quando as ondas entram em contato com os ingredientes, fazem com que os ingredientes vibrem violentamente. Essas vibra\u00e7\u00f5es fazem com que se formem bolhas de cavita\u00e7\u00e3o. Quando as bolhas implodem, os ingredientes se contraem e se misturam. Essa atividade aumenta a temperatura da mistura. Embora o aumento da temperatura n\u00e3o seja muito, \u00e9 suficiente para fazer a mistura reagir e tornar o tempo de rea\u00e7\u00e3o mais curto do que o normal. Com a ajuda das ondas ultrass\u00f4nicas, a energia \u00e9 economizada porque n\u00e3o \u00e9 necess\u00e1rio aumentar a temperatura.<\/p>\n<p>Um processador de biodiesel com reator de biodiesel ultrass\u00f4nico \u00e9 perfeito para qualquer pessoa que n\u00e3o precise produzir milh\u00f5es de gal\u00f5es de biodiesel. \u00c9 o processador perfeito para voc\u00ea se voc\u00ea s\u00f3 precisar fazer v\u00e1rios gal\u00f5es de biodiesel de cada vez.<\/p>\n<h3>Vantagens<\/h3>\n<p><b>1. O Tempo de Rea\u00e7\u00e3o \u00e9 Reduzido<\/b><\/p>\n<p>Um reator ultrass\u00f4nico de biodiesel reduz significativamente o tempo de rea\u00e7\u00e3o dos ingredientes. Isso \u00e9 feito agitando os ingredientes. Quando os ingredientes s\u00e3o agitados, o metanol \u00e9 diminu\u00eddo. Isso faz com que os ingredientes se unam e se misturem adequadamente. Geralmente, \u00e9 necess\u00e1ria uma hora para misturar completamente os ingredientes. Com a ajuda de ondas ultrass\u00f4nicas, o tempo necess\u00e1rio \u00e9 reduzido para menos de um minuto. Uma vez que a mistura adequada \u00e9 feita, a rea\u00e7\u00e3o acontece. A agita\u00e7\u00e3o devido \u00e0s ondas ultrass\u00f4nicas tamb\u00e9m aumenta a qualidade e a quantidade de biodiesel produzido.<\/p>\n<p>Cada reator ultrass\u00f4nico de biodiesel que temos na Beijing Ultrasonic \u00e9 capaz de realizar esterifica\u00e7\u00e3o e transesterifica\u00e7\u00e3o. Nossos reatores ultrass\u00f4nicos causam cavita\u00e7\u00e3o molecular. Isso mistura completamente os ingredientes e leva a uma rea\u00e7\u00e3o completa. A mistura e rea\u00e7\u00e3o adequadas resultam em uma maior quantidade de biodiesel produzido.<\/p>\n<p><b>2. Reatores em Linha S\u00e3o Ajust\u00e1veis<\/b><\/p>\n<p>Um reator ultrass\u00f4nico de biodiesel em linha aumenta a quantidade de biodiesel produzido usando processamento de fluxo cont\u00ednuo em vez do demorado processamento em lotes. O processamento de fluxo cont\u00ednuo \u00e9 mais eficiente. Requer custo operacional mais baixo.<\/p>\n<p>Para atender \u00e0s suas necessidades, o tamanho e a capacidade dos nossos reatores ultrass\u00f4nicos de biodiesel em linha podem ser ajustados. O n\u00famero de reatores que ser\u00e3o conectados depender\u00e1 da quantidade de biodiesel que ser\u00e1 produzida. Se mais de um reator ultrass\u00f4nico for necess\u00e1rio, os reatores s\u00e3o conectados em s\u00e9rie.<\/p>\n<h3>Aplica\u00e7\u00f5es<\/h3>\n<p>Um reator ultrass\u00f4nico de biodiesel tem v\u00e1rios usos. Tr\u00eas de seus principais usos s\u00e3o os seguintes:<\/p>\n<ul>\n<li>Processar vegetais, \u00e1lcool e um catalisador para produzir biodiesel<\/li>\n<li>Limpar tanques e dutos<\/li>\n<li>Produzir rea\u00e7\u00f5es qu\u00edmicas como s\u00edntese e separa\u00e7\u00e3o<\/li>\n<\/ul>\n<h3>V\u00eddeo<\/h3>\n<p><iframe loading=\"lazy\" title=\"Ultrasonic Reactors for Biodiesel Production\" width=\"500\" height=\"281\" src=\"https:\/\/www.youtube.com\/embed\/oe1tAvpuUjw?feature=oembed\" frameborder=\"0\" allow=\"accelerometer; autoplay; clipboard-write; encrypted-media; gyroscope; picture-in-picture; web-share\" referrerpolicy=\"strict-origin-when-cross-origin\" allowfullscreen><\/iframe><\/p>\n<p><iframe loading=\"lazy\" title=\"Biodiesel Processor Kits - Beijing Ultrasonic\" width=\"500\" height=\"281\" src=\"https:\/\/www.youtube.com\/embed\/OpgcM3CcI90?feature=oembed\" frameborder=\"0\" allow=\"accelerometer; autoplay; clipboard-write; encrypted-media; gyroscope; picture-in-picture; web-share\" referrerpolicy=\"strict-origin-when-cross-origin\" allowfullscreen><\/iframe><\/p>\n<h3>Artigos Relacionados<\/h3>\n<ul>\n<li><a href=\"https:\/\/www.bjultrasonic.com\/pt-pt\/learn-to-design-a-packed-bed-tubular-reactor\/\" target=\"_blank\" rel=\"noopener\">Aprenda a Projetar um Reator Tubular de Leito Fixo<\/a><\/li>\n<li><a href=\"https:\/\/www.bjultrasonic.com\/pt-pt\/how-to-grow-algae-cheap-biodiesel-fuel\/\" target=\"_blank\" rel=\"noopener\">Como Cultivar Algas \u2013 Combust\u00edvel de Biodiesel Barato<\/a><\/li>\n<li><a href=\"https:\/\/www.bjultrasonic.com\/pt-pt\/what-is-the-difference-between-diesel-and-biodiesel\/\" target=\"_blank\" rel=\"noopener\">Diferen\u00e7a Entre Diesel e Biodiesel<\/a><\/li>\n<li><a href=\"https:\/\/www.bjultrasonic.com\/pt-pt\/what-is-a-biodiesel-reactor\/\" target=\"_blank\" rel=\"noopener\">O Que \u00e9 um Reator de Biodiesel<\/a><\/li>\n<li><a href=\"https:\/\/www.bjultrasonic.com\/pt-pt\/15-easy-steps-to-make-your-own-biodiesel-processor\/\" target=\"_blank\" rel=\"noopener\">15 Passos F\u00e1ceis para Fazer Seu Pr\u00f3prio Processador de Biodiesel<\/a><\/li>\n<\/ul>\n<h3>Pagamento<\/h3>\n<p>Aceitamos PayPal, T\/T e Western Union agora.<\/p>\n<h3 class=\"shipping-methods\">Envio<\/h3>\n<p>As mercadorias ser\u00e3o enviadas em at\u00e9 48 horas ap\u00f3s o recebimento do pagamento integral.<\/p>\n<ul>\n<li>Enviamos as mercadorias para o endere\u00e7o fornecido no pagamento do PayPal. Certifique-se de que o endere\u00e7o no PayPal est\u00e1 correto.<\/li>\n<li>Forneceremos o n\u00famero de rastreamento ap\u00f3s o envio das mercadorias; em geral, voc\u00ea receber\u00e1 as mercadorias em at\u00e9 cinco dias.<\/li>\n<li>Se tiver alguma d\u00favida, entre em contato conosco por e-mail (nosso endere\u00e7o de e-mail \u00e9 <a href=\"mailto:support@bjultrasonic.com\">support@bjultrasonic.com<\/a>)<\/li>\n<\/ul>\n<h3>Garantia do Produto<\/h3>\n<p>O per\u00edodo de garantia do produto \u00e9 de um ano. Durante o per\u00edodo de garantia, os produtos adquiridos podem desfrutar de manuten\u00e7\u00e3o ou troca gratuitas.<\/p>\n","protected":false},"excerpt":{"rendered":"<p>Processadores ultrass\u00f4nicos para produ\u00e7\u00e3o de biodiesel. O reator ultrass\u00f4nico de biodiesel produz biodiesel no menor tempo poss\u00edvel e da maneira mais eficiente.<\/p>\n","protected":false},"featured_media":42435,"comment_status":"open","ping_status":"closed","template":"","meta":[],"product_brand":[],"product_cat":[6251,6283],"product_tag":[],"class_list":{"0":"post-69781","1":"product","2":"type-product","3":"status-publish","4":"has-post-thumbnail","6":"product_cat-ultrasonic-processors-pt-pt","7":"product_cat-biodiesel-pt-pt","9":"first","10":"instock","11":"shipping-taxable","12":"product-type-external","13":"prodpage-classic"},"aioseo_notices":[],"_links":{"self":[{"href":"https:\/\/www.bjultrasonic.com\/pt-pt\/wp-json\/wp\/v2\/product\/69781","targetHints":{"allow":["GET"]}}],"collection":[{"href":"https:\/\/www.bjultrasonic.com\/pt-pt\/wp-json\/wp\/v2\/product"}],"about":[{"href":"https:\/\/www.bjultrasonic.com\/pt-pt\/wp-json\/wp\/v2\/types\/product"}],"replies":[{"embeddable":true,"href":"https:\/\/www.bjultrasonic.com\/pt-pt\/wp-json\/wp\/v2\/comments?post=69781"}],"wp:featuredmedia":[{"embeddable":true,"href":"https:\/\/www.bjultrasonic.com\/pt-pt\/wp-json\/wp\/v2\/media\/42435"}],"wp:attachment":[{"href":"https:\/\/www.bjultrasonic.com\/pt-pt\/wp-json\/wp\/v2\/media?parent=69781"}],"wp:term":[{"taxonomy":"product_brand","embeddable":true,"href":"https:\/\/www.bjultrasonic.com\/pt-pt\/wp-json\/wp\/v2\/product_brand?post=69781"},{"taxonomy":"product_cat","embeddable":true,"href":"https:\/\/www.bjultrasonic.com\/pt-pt\/wp-json\/wp\/v2\/product_cat?post=69781"},{"taxonomy":"product_tag","embeddable":true,"href":"https:\/\/www.bjultrasonic.com\/pt-pt\/wp-json\/wp\/v2\/product_tag?post=69781"}],"curies":[{"name":"wp","href":"https:\/\/api.w.org\/{rel}","templated":true}]}}