{"id":69801,"date":"2012-07-13T00:13:13","date_gmt":"2012-07-13T05:13:13","guid":{"rendered":"https:\/\/www.bjultrasonic.com\/shop\/ball-hemisphere-piezoelectric-ceramics\/"},"modified":"2026-03-28T20:17:03","modified_gmt":"2026-03-29T01:17:03","slug":"ball-hemisphere-piezoelectric-ceramics","status":"publish","type":"product","link":"https:\/\/www.bjultrasonic.com\/pt-pt\/shop\/ball-hemisphere-piezoelectric-ceramics\/","title":{"rendered":"Piezocer\u00e2mica Esfera\/Hemisf\u00e9rio"},"content":{"rendered":"<p><iframe loading=\"lazy\" title=\"Piezoelectric Ceramics | Piezoceramics\" width=\"500\" height=\"281\" src=\"https:\/\/www.youtube.com\/embed\/1Z8-9WdJKhQ?feature=oembed\" frameborder=\"0\" allow=\"accelerometer; autoplay; clipboard-write; encrypted-media; gyroscope; picture-in-picture; web-share\" referrerpolicy=\"strict-origin-when-cross-origin\" allowfullscreen><\/iframe><\/p>\n<h3>Podemos personalizar v\u00e1rias cer\u00e2micas piezoel\u00e9tricas conforme necess\u00e1rio.<\/h3>\n<p>Material da Esfera\/Hemisf\u00e9rio de Cer\u00e2mica Piezoel\u00e9trica: PZT4, PZT5, PZT8 ou outro material piezoel\u00e9trico necess\u00e1rio.<\/p>\n<p><img loading=\"lazy\" decoding=\"async\" class=\"alignnone wp-image-5012\" title=\"Piezoelectric Ceramic Ball Hemisphere\" src=\"\/\/www.bjultrasonic.com\/wp-content\/uploads\/2012\/07\/Piezoelectric-Ceramic-Ball-Hemisphere-2.jpg\" alt=\"Piezoelectric Ceramic Ball Hemisphere\" width=\"600\" height=\"359\" \/><\/p>\n<h2>Aplica\u00e7\u00f5es da Esfera\/Hemisf\u00e9rio de Cer\u00e2mica Piezoel\u00e9trica<\/h2>\n<table id=\"wp-table-reloaded-id-120-no-1\" class=\"table table-striped table-bordered\">\n<tbody>\n<tr>\n<td>detec\u00e7\u00e3o ultrass\u00f4nica<\/td>\n<td>tratamento kunb<\/td>\n<td>sensor de compress\u00e3o<\/td>\n<\/tr>\n<tr>\n<td>sonar biom\u00e9dico,<\/td>\n<td>Sensor de Vibra\u00e7\u00e3o<\/td>\n<td>atuadores<\/td>\n<\/tr>\n<tr>\n<td>dispers\u00e3o de mat\u00e9ria<\/td>\n<td>Sensor de Press\u00e3o<\/td>\n<td>eliminar trombos<\/td>\n<\/tr>\n<tr>\n<td>Sensor de press\u00e3o ultrass\u00f4nico<\/td>\n<td>Atuadores de alta pot\u00eancia<\/td>\n<td>mais outras aplica\u00e7\u00f5es<\/td>\n<\/tr>\n<\/tbody>\n<\/table>\n<h2>Especifica\u00e7\u00f5es Padr\u00e3o da Esfera\/Hemisf\u00e9rio de Cer\u00e2mica Piezoel\u00e9trica<\/h2>\n<table id=\"wp-table-reloaded-id-121-no-1\" class=\"table table-striped table-bordered\">\n<tbody>\n<tr>\n<td>Di\u00e2metro da Esfera (mm)<\/td>\n<td>Di\u00e2metro do Furo (mm)<\/td>\n<td>espessura<\/td>\n<td>fr(MHz)<\/td>\n<td>Kr<\/td>\n<td>C(nf)<\/td>\n<td><\/td>\n<td><\/td>\n<\/tr>\n<tr>\n<td>P-33<\/td>\n<td>P-52<\/td>\n<td>P-81<\/td>\n<td><\/td>\n<td><\/td>\n<td><\/td>\n<td><\/td>\n<td><\/td>\n<\/tr>\n<tr>\n<td>5<\/td>\n<td>1.5<\/td>\n<td>0.5<\/td>\n<td>320<\/td>\n<td>0.4<\/td>\n<td>1.8<\/td>\n<td>3.5<\/td>\n<td><\/td>\n<\/tr>\n<tr>\n<td>10<\/td>\n<td>3<\/td>\n<td>0.8<\/td>\n<td>160<\/td>\n<td>0.4<\/td>\n<td>4.7<\/td>\n<td>8.8<\/td>\n<td><\/td>\n<\/tr>\n<tr>\n<td>15<\/td>\n<td>4<\/td>\n<td>1<\/td>\n<td>113<\/td>\n<td>0.4<\/td>\n<td>9.2<\/td>\n<td>17.3<\/td>\n<td><\/td>\n<\/tr>\n<tr>\n<td>20<\/td>\n<td>5<\/td>\n<td>1\uff5e1.5<\/td>\n<td>77<\/td>\n<td>0.4<\/td>\n<td>17.0<\/td>\n<td>32.0<\/td>\n<td><\/td>\n<\/tr>\n<tr>\n<td>25<\/td>\n<td>5<\/td>\n<td>1\uff5e1.5<\/td>\n<td>61<\/td>\n<td>0.4<\/td>\n<td>17.4<\/td>\n<td>32.8<\/td>\n<td><\/td>\n<\/tr>\n<tr>\n<td>30<\/td>\n<td>6<\/td>\n<td>1.5\uff5e3<\/td>\n<td>50<\/td>\n<td>0.4<\/td>\n<td>23.5<\/td>\n<td>44.3<\/td>\n<td><\/td>\n<\/tr>\n<tr>\n<td>40<\/td>\n<td>7<\/td>\n<td>2\uff5e4<\/td>\n<td>38<\/td>\n<td>0.4<\/td>\n<td>34.3<\/td>\n<td>64.6<\/td>\n<td><\/td>\n<\/tr>\n<tr>\n<td>50<\/td>\n<td>8<\/td>\n<td>2\uff5e4<\/td>\n<td>30<\/td>\n<td>0.4<\/td>\n<td>54.8<\/td>\n<td>103.2<\/td>\n<td><\/td>\n<\/tr>\n<tr>\n<td>12.5<\/td>\n<td>3.5<\/td>\n<td>2\uff5e5<\/td>\n<td>83<\/td>\n<td><\/td>\n<td>6.2<\/td>\n<td><\/td>\n<td>3.7<\/td>\n<\/tr>\n<tr>\n<td>25<\/td>\n<td>8<\/td>\n<td>2\uff5e5<\/td>\n<td><\/td>\n<td><\/td>\n<td>26.2<\/td>\n<td><\/td>\n<td>15.6<\/td>\n<\/tr>\n<tr>\n<td>37.5<\/td>\n<td>10<\/td>\n<td>2\uff5e5<\/td>\n<td><\/td>\n<td><\/td>\n<td><\/td>\n<td><\/td>\n<td>17.7<\/td>\n<\/tr>\n<tr>\n<td>50<\/td>\n<td>12<\/td>\n<td>3\uff5e6<\/td>\n<td><\/td>\n<td><\/td>\n<td><\/td>\n<td><\/td>\n<td>25.5<\/td>\n<\/tr>\n<tr>\n<td>Cer\u00e2mica Piezoel\u00e9trica Esf\u00e9rica:<br \/>\nDi\u00e2metro externo: 12mm\u2014100mm<br \/>\nFaixa de espessura: 0.3mm\u20146mm<br \/>\nCer\u00e2mica Piezoel\u00e9trica Hemisf\u00e9rica:<br \/>\nDi\u00e2metro externo: 10mm\u2014160mm<br \/>\nFaixa de espessura: 0.6mm\u20146mm<br \/>\nObserva\u00e7\u00e3o: Podemos projetar e personalizar v\u00e1rios tamanhos de Esfera\/Hemisf\u00e9rio de Cer\u00e2mica Piezoel\u00e9trica conforme necess\u00e1rio.<\/td>\n<td><\/td>\n<td><\/td>\n<td><\/td>\n<td><\/td>\n<td><\/td>\n<td><\/td>\n<td><\/td>\n<\/tr>\n<\/tbody>\n<\/table>\n<p><iframe loading=\"lazy\" title=\"Piezoceramic Ball\/ Hemisphere - Beijing Ultrasonic\" width=\"500\" height=\"281\" src=\"https:\/\/www.youtube.com\/embed\/cplC1OHVqNA?feature=oembed\" frameborder=\"0\" allow=\"accelerometer; autoplay; clipboard-write; encrypted-media; gyroscope; picture-in-picture; web-share\" referrerpolicy=\"strict-origin-when-cross-origin\" allowfullscreen><\/iframe><\/p>\n<h3>Pagamento<\/h3>\n<p>Aceitamos PayPal, T\/T e Western Union atualmente.<\/p>\n<h3 class=\"shipping-methods\">Envio<\/h3>\n<p>As mercadorias ser\u00e3o enviadas em at\u00e9 48 horas ap\u00f3s o recebimento do pagamento integral.<\/p>\n<ul>\n<li>Enviamos as mercadorias para o endere\u00e7o fornecido no pagamento PayPal. Por favor, certifique-se de que o endere\u00e7o no PayPal est\u00e1 correto.<\/li>\n<li>Forneceremos o n\u00famero de rastreamento ap\u00f3s o envio das mercadorias; geralmente, voc\u00ea receber\u00e1 as mercadorias em at\u00e9 cinco dias.<\/li>\n<li>Se tiver alguma d\u00favida, por favor entre em contato conosco por e-mail (nosso endere\u00e7o de e-mail \u00e9 <a href=\"mailto:support@bjultrasonic.com\">support@bjultrasonic.com<\/a>)<\/li>\n<\/ul>\n<h3>Garantia do Produto<\/h3>\n<p>O per\u00edodo de garantia do produto \u00e9 de um ano. Durante o per\u00edodo de garantia, os produtos adquiridos podem desfrutar de manuten\u00e7\u00e3o gratuita ou troca.<\/p>\n","protected":false},"excerpt":{"rendered":"<p>Podemos personalizar v\u00e1rias cer\u00e2micas piezoel\u00e9tricas conforme necess\u00e1rio. Material da Esfera\/Hemisf\u00e9rio de Cer\u00e2mica Piezoel\u00e9trica: PZT4, PZT5, PZT8 ou outro material piezoel\u00e9trico necess\u00e1rio. Aplica\u00e7\u00f5es da Esfera\/Hemisf\u00e9rio de Cer\u00e2mica Piezoel\u00e9trica detec\u00e7\u00e3o ultrass\u00f4nica tratamento kunb sensor de compress\u00e3o sonar biom\u00e9dico, Sensor de Vibra\u00e7\u00e3o atuadores dispers\u00e3o de mat\u00e9ria Sensor de Press\u00e3o eliminar trombos Sensor de press\u00e3o ultrass\u00f4nico Atuadores de alta<\/p>\n","protected":false},"featured_media":23761,"comment_status":"open","ping_status":"closed","template":"","meta":[],"product_brand":[],"product_cat":[5668,5645],"product_tag":[],"class_list":{"0":"post-69801","1":"product","2":"type-product","3":"status-publish","4":"has-post-thumbnail","6":"product_cat-ball-hemisphere-piezoelectric-ceramics-pt-pt","7":"product_cat-piezoelectric-ceramic-pt-pt","9":"first","10":"instock","11":"shipping-taxable","12":"product-type-external","13":"prodpage-classic"},"aioseo_notices":[],"_links":{"self":[{"href":"https:\/\/www.bjultrasonic.com\/pt-pt\/wp-json\/wp\/v2\/product\/69801","targetHints":{"allow":["GET"]}}],"collection":[{"href":"https:\/\/www.bjultrasonic.com\/pt-pt\/wp-json\/wp\/v2\/product"}],"about":[{"href":"https:\/\/www.bjultrasonic.com\/pt-pt\/wp-json\/wp\/v2\/types\/product"}],"replies":[{"embeddable":true,"href":"https:\/\/www.bjultrasonic.com\/pt-pt\/wp-json\/wp\/v2\/comments?post=69801"}],"wp:featuredmedia":[{"embeddable":true,"href":"https:\/\/www.bjultrasonic.com\/pt-pt\/wp-json\/wp\/v2\/media\/23761"}],"wp:attachment":[{"href":"https:\/\/www.bjultrasonic.com\/pt-pt\/wp-json\/wp\/v2\/media?parent=69801"}],"wp:term":[{"taxonomy":"product_brand","embeddable":true,"href":"https:\/\/www.bjultrasonic.com\/pt-pt\/wp-json\/wp\/v2\/product_brand?post=69801"},{"taxonomy":"product_cat","embeddable":true,"href":"https:\/\/www.bjultrasonic.com\/pt-pt\/wp-json\/wp\/v2\/product_cat?post=69801"},{"taxonomy":"product_tag","embeddable":true,"href":"https:\/\/www.bjultrasonic.com\/pt-pt\/wp-json\/wp\/v2\/product_tag?post=69801"}],"curies":[{"name":"wp","href":"https:\/\/api.w.org\/{rel}","templated":true}]}}