{"id":69821,"date":"2012-07-12T23:52:11","date_gmt":"2012-07-13T04:52:11","guid":{"rendered":"https:\/\/www.bjultrasonic.com\/shop\/cylinder-piezoelectric-ceramics\/"},"modified":"2026-03-28T20:16:39","modified_gmt":"2026-03-29T01:16:39","slug":"cylinder-piezoelectric-ceramics","status":"publish","type":"product","link":"https:\/\/www.bjultrasonic.com\/pt-pt\/shop\/cylinder-piezoelectric-ceramics\/","title":{"rendered":"Cilindro Piezocer\u00e2mico"},"content":{"rendered":"<p><iframe loading=\"lazy\" title=\"Piezoelectric Ceramics | Piezoceramics\" width=\"500\" height=\"281\" src=\"https:\/\/www.youtube.com\/embed\/1Z8-9WdJKhQ?feature=oembed\" frameborder=\"0\" allow=\"accelerometer; autoplay; clipboard-write; encrypted-media; gyroscope; picture-in-picture; web-share\" referrerpolicy=\"strict-origin-when-cross-origin\" allowfullscreen><\/iframe><\/p>\n<h3>Podemos personalizar v\u00e1rias cer\u00e2micas piezoel\u00e9tricas conforme necess\u00e1rio.<\/h3>\n<p>O material do Cilindro de Cer\u00e2mica Piezo: PZT4, PZT5, PZT8 ou outro material piezoel\u00e9trico necess\u00e1rio.<\/p>\n<p><img loading=\"lazy\" decoding=\"async\" class=\"alignnone size-full wp-image-23760\" src=\"https:\/\/www.bjultrasonic.com\/wp-content\/uploads\/2012\/07\/Piezoceramic-Cylinder.jpg\" alt=\"Cilindro Piezoel\u00e9trico\" width=\"700\" height=\"700\" srcset=\"https:\/\/www.bjultrasonic.com\/wp-content\/uploads\/2012\/07\/Piezoceramic-Cylinder.jpg 700w, https:\/\/www.bjultrasonic.com\/wp-content\/uploads\/2012\/07\/Piezoceramic-Cylinder-600x600.jpg 600w, https:\/\/www.bjultrasonic.com\/wp-content\/uploads\/2012\/07\/Piezoceramic-Cylinder-100x100.jpg 100w\" sizes=\"auto, (max-width: 700px) 100vw, 700px\" \/><\/p>\n<h2>Aplica\u00e7\u00f5es do Cilindro de Cer\u00e2mica Piezoel\u00e9trica<\/h2>\n<table id=\"wp-table-reloaded-id-117-no-1\" class=\"table table-striped table-bordered\">\n<tbody>\n<tr>\n<td>Hidrofone<\/td>\n<td>Sensor Ultrass\u00f4nico<\/td>\n<td>Sensor de compress\u00e3o<\/td>\n<\/tr>\n<tr>\n<td>Sonar biom\u00e9dico,<\/td>\n<td>Sensor de vibra\u00e7\u00e3o<\/td>\n<td>Atuadores<\/td>\n<\/tr>\n<tr>\n<td>Dispers\u00e3o de mat\u00e9ria<\/td>\n<td>Sensor de press\u00e3o<\/td>\n<td>Mistura ultrass\u00f4nica<\/td>\n<\/tr>\n<tr>\n<td>Sensor de press\u00e3o ultrass\u00f4nico<\/td>\n<td>Atuadores de alta pot\u00eancia<\/td>\n<td>Mais outras aplica\u00e7\u00f5es<\/td>\n<\/tr>\n<\/tbody>\n<\/table>\n<p>Faixa de Tamanho das Cer\u00e2micas Piezoel\u00e9tricas Cil\u00edndricas:<\/p>\n<ul>\n<li>Faixa de Di\u00e2metro: 2mm&#8212;20mm<\/li>\n<li>Faixa de Altura: 3mm\u201440mm<\/li>\n<\/ul>\n<h3>Pagamento<\/h3>\n<p>Aceitamos PayPal, T\/T &amp; Western Union atualmente.<\/p>\n<h3 class=\"shipping-methods\">Envio<\/h3>\n<p>As mercadorias ser\u00e3o enviadas dentro de 48 horas ap\u00f3s o recebimento do pagamento integral.<\/p>\n<ul>\n<li>Enviamos as mercadorias para o endere\u00e7o fornecido no pagamento do PayPal. Por favor, certifique-se de que o endere\u00e7o no PayPal est\u00e1 correto.<\/li>\n<li>Forneceremos o n\u00famero de rastreamento ap\u00f3s o envio das mercadorias; em geral, voc\u00ea receber\u00e1 as mercadorias dentro de cinco dias.<\/li>\n<li>Se tiver alguma d\u00favida, por favor, entre em contato conosco por e-mail (nosso endere\u00e7o de e-mail \u00e9 <a href=\"mailto:support@bjultrasonic.com\">support@bjultrasonic.com<\/a>)<\/li>\n<\/ul>\n<h3>Garantia do Produto<\/h3>\n<p>O per\u00edodo de garantia do produto \u00e9 de um ano. Durante o per\u00edodo de garantia, os produtos adquiridos podem desfrutar de manuten\u00e7\u00e3o gratuita ou troca.<\/p>\n","protected":false},"excerpt":{"rendered":"<p>Podemos personalizar v\u00e1rias cer\u00e2micas piezoel\u00e9tricas conforme necess\u00e1rio. O material do Cilindro de Cer\u00e2mica Piezo: PZT4, PZT5, PZT8 ou outro material piezoel\u00e9trico necess\u00e1rio. Aplica\u00e7\u00f5es do Cilindro de Cer\u00e2mica Piezoel\u00e9trica Hidrofone Sensor Ultrass\u00f4nico Sensor de compress\u00e3o Sonar biom\u00e9dico, Sensor de vibra\u00e7\u00e3o Atuadores Dispers\u00e3o de mat\u00e9ria Sensor de press\u00e3o Mistura ultrass\u00f4nica Sensor de press\u00e3o ultrass\u00f4nico Atuadores de alta<\/p>\n","protected":false},"featured_media":23760,"comment_status":"open","ping_status":"closed","template":"","meta":[],"product_brand":[],"product_cat":[5701,5645],"product_tag":[],"class_list":{"0":"post-69821","1":"product","2":"type-product","3":"status-publish","4":"has-post-thumbnail","6":"product_cat-cylinder-piezoelectric-ceramics-pt-pt","7":"product_cat-piezoelectric-ceramic-pt-pt","9":"first","10":"instock","11":"shipping-taxable","12":"product-type-external","13":"prodpage-classic"},"aioseo_notices":[],"_links":{"self":[{"href":"https:\/\/www.bjultrasonic.com\/pt-pt\/wp-json\/wp\/v2\/product\/69821","targetHints":{"allow":["GET"]}}],"collection":[{"href":"https:\/\/www.bjultrasonic.com\/pt-pt\/wp-json\/wp\/v2\/product"}],"about":[{"href":"https:\/\/www.bjultrasonic.com\/pt-pt\/wp-json\/wp\/v2\/types\/product"}],"replies":[{"embeddable":true,"href":"https:\/\/www.bjultrasonic.com\/pt-pt\/wp-json\/wp\/v2\/comments?post=69821"}],"wp:featuredmedia":[{"embeddable":true,"href":"https:\/\/www.bjultrasonic.com\/pt-pt\/wp-json\/wp\/v2\/media\/23760"}],"wp:attachment":[{"href":"https:\/\/www.bjultrasonic.com\/pt-pt\/wp-json\/wp\/v2\/media?parent=69821"}],"wp:term":[{"taxonomy":"product_brand","embeddable":true,"href":"https:\/\/www.bjultrasonic.com\/pt-pt\/wp-json\/wp\/v2\/product_brand?post=69821"},{"taxonomy":"product_cat","embeddable":true,"href":"https:\/\/www.bjultrasonic.com\/pt-pt\/wp-json\/wp\/v2\/product_cat?post=69821"},{"taxonomy":"product_tag","embeddable":true,"href":"https:\/\/www.bjultrasonic.com\/pt-pt\/wp-json\/wp\/v2\/product_tag?post=69821"}],"curies":[{"name":"wp","href":"https:\/\/api.w.org\/{rel}","templated":true}]}}