{"id":69861,"date":"2012-07-12T22:36:05","date_gmt":"2012-07-13T03:36:05","guid":{"rendered":"https:\/\/www.bjultrasonic.com\/shop\/square-rectangular-piezoelectric-ceramics\/"},"modified":"2026-03-28T20:16:36","modified_gmt":"2026-03-29T01:16:36","slug":"square-rectangular-piezoelectric-ceramics","status":"publish","type":"product","link":"https:\/\/www.bjultrasonic.com\/pt-pt\/shop\/square-rectangular-piezoelectric-ceramics\/","title":{"rendered":"Piezocer\u00e2mica Quadrada\/Retangular"},"content":{"rendered":"<p><iframe loading=\"lazy\" title=\"Piezoelectric Ceramics | Piezoceramics\" width=\"500\" height=\"281\" src=\"https:\/\/www.youtube.com\/embed\/1Z8-9WdJKhQ?feature=oembed\" frameborder=\"0\" allow=\"accelerometer; autoplay; clipboard-write; encrypted-media; gyroscope; picture-in-picture; web-share\" referrerpolicy=\"strict-origin-when-cross-origin\" allowfullscreen><\/iframe><\/p>\n<h3>Podemos personalizar v\u00e1rias cer\u00e2micas piezoel\u00e9tricas conforme necess\u00e1rio.<\/h3>\n<p>O material das Cer\u00e2micas Piezoel\u00e9tricas Quadradas\/Retangulares: PZT4, PZT5, PZT8 ou outro material piezoel\u00e9trico necess\u00e1rio.<\/p>\n<div id=\"attachment_5014\" style=\"width: 610px\" class=\"wp-caption alignnone\"><img loading=\"lazy\" decoding=\"async\" aria-describedby=\"caption-attachment-5014\" class=\" wp-image-5014 \" title=\"Cer\u00e2mica Piezoel\u00e9trica Retangular\" src=\"\/\/www.bjultrasonic.com\/wp-content\/uploads\/2012\/07\/Piezoelectric-Ceramic-Square-Rectangular-1.jpg\" alt=\"Cer\u00e2mica Piezoel\u00e9trica Retangular\" width=\"600\" height=\"359\" \/><p id=\"caption-attachment-5014\" class=\"wp-caption-text\">Cer\u00e2mica Piezoel\u00e9trica Retangular<\/p><\/div>\n<h2>Aplica\u00e7\u00f5es da Cer\u00e2mica Piezoel\u00e9trica Quadrada\/Retangular<\/h2>\n<table id=\"wp-table-reloaded-id-113-no-1\" class=\"table table-striped table-bordered\">\n<tbody>\n<tr>\n<td>equipamento m\u00e9dico B ultrass\u00f4nico<\/td>\n<td>Sensor Ultrass\u00f4nico<\/td>\n<td>Sensor de compress\u00e3o<\/td>\n<\/tr>\n<tr>\n<td>Sensor de tens\u00e3o de material<\/td>\n<td>Sensor de vibra\u00e7\u00e3o<\/td>\n<td>Colheita de energia\/el\u00e9trica<\/td>\n<\/tr>\n<tr>\n<td>Transdutor ultrass\u00f4nico fixado por parafuso<\/td>\n<td>Sensor de press\u00e3o<\/td>\n<td>Mistura ultrass\u00f4nica<\/td>\n<\/tr>\n<tr>\n<td>Sensor de prensa ultrass\u00f4nica<\/td>\n<td>Atuadores de alta pot\u00eancia<\/td>\n<td>mais outras aplica\u00e7\u00f5es<\/td>\n<\/tr>\n<\/tbody>\n<\/table>\n<h2>Especifica\u00e7\u00e3o Padr\u00e3o da Cer\u00e2mica Piezoel\u00e9trica Quadrada\/Retangular<\/h2>\n<table id=\"wp-table-reloaded-id-114-no-1\" class=\"table table-striped table-bordered\">\n<tbody>\n<tr>\n<td>Tamanho Comprimento*largura*altura(mm)<\/td>\n<td>Fr(MHZ)<\/td>\n<td>K31<\/td>\n<td>E T 3(r)<\/td>\n<\/tr>\n<tr>\n<td>(80&#8211;130)\u00d7(13&#8211;16)\u00d70.4<\/td>\n<td>3.5<\/td>\n<td>\u22650.37<\/td>\n<td>2200-3000<\/td>\n<\/tr>\n<tr>\n<td>(60-110)\u00d7(12-15)\u00d70.3<\/td>\n<td>5.0<\/td>\n<td>\u22650.36<\/td>\n<td>2200-3000<\/td>\n<\/tr>\n<tr>\n<td>(50-100)\u00d7(10-14)\u00d70.2<\/td>\n<td>7.5<\/td>\n<td>\u22650.35<\/td>\n<td>2200-3000<\/td>\n<\/tr>\n<tr>\n<td>Faixa de comprimento: 5mm&#8212;140mm<br \/>\nFaixa de largura: 1.5mm&#8212;80mm<br \/>\nFaixa de altura: 0.2mm&#8212;20mm<br \/>\nObserva\u00e7\u00e3o:<br \/>\nPodemos projetar e personalizar v\u00e1rias cer\u00e2micas piezoel\u00e9tricas quadradas\/retangulares de v\u00e1rios tamanhos conforme necess\u00e1rio<\/td>\n<td><\/td>\n<td><\/td>\n<td><\/td>\n<\/tr>\n<\/tbody>\n<\/table>\n<p><iframe loading=\"lazy\" title=\"Piezoceramic Square\/ Rectangular  - Beijing Ultrasonic\" width=\"500\" height=\"281\" src=\"https:\/\/www.youtube.com\/embed\/mZQfCd5CFV8?feature=oembed\" frameborder=\"0\" allow=\"accelerometer; autoplay; clipboard-write; encrypted-media; gyroscope; picture-in-picture; web-share\" referrerpolicy=\"strict-origin-when-cross-origin\" allowfullscreen><\/iframe><\/p>\n<h3>Pagamento<\/h3>\n<p>Aceitamos PayPal, T\/T e Western Union.<\/p>\n<h3 class=\"shipping-methods\">Envio<\/h3>\n<p>As mercadorias ser\u00e3o enviadas dentro de 48 horas ap\u00f3s o recebimento do pagamento integral.<\/p>\n<ul>\n<li>Enviamos as mercadorias para o endere\u00e7o fornecido no pagamento do PayPal. Por favor, certifique-se de que o endere\u00e7o no PayPal est\u00e1 correto.<\/li>\n<li>Forneceremos o n\u00famero de rastreamento ap\u00f3s enviarmos as mercadorias; geralmente, voc\u00ea receber\u00e1 as mercadorias em at\u00e9 cinco dias.<\/li>\n<li>Se tiver alguma d\u00favida, por favor, entre em contato conosco por e-mail (nosso endere\u00e7o de e-mail \u00e9 <a href=\"mailto:support@bjultrasonic.com\">support@bjultrasonic.com<\/a>)<\/li>\n<\/ul>\n<h3>Garantia do Produto<\/h3>\n<p>O per\u00edodo de garantia do produto \u00e9 de um ano. Dentro do per\u00edodo de garantia, os produtos adquiridos podem desfrutar de manuten\u00e7\u00e3o ou troca gratuitas.<\/p>\n","protected":false},"excerpt":{"rendered":"<p>Podemos personalizar v\u00e1rias cer\u00e2micas piezoel\u00e9tricas conforme necess\u00e1rio. O material das Cer\u00e2micas Piezoel\u00e9tricas Quadradas\/Retangulares: PZT4, PZT5, PZT8 ou outro material piezoel\u00e9trico necess\u00e1rio. Aplica\u00e7\u00f5es da Cer\u00e2mica Piezoel\u00e9trica Quadrada\/Retangular equipamento m\u00e9dico B ultrass\u00f4nico Sensor Ultrass\u00f4nico Sensor de compress\u00e3o Sensor de tens\u00e3o de material Sensor de vibra\u00e7\u00e3o Colheita de energia\/el\u00e9trica Transdutor ultrass\u00f4nico fixado por parafuso Sensor de press\u00e3o Mistura<\/p>\n","protected":false},"featured_media":23762,"comment_status":"open","ping_status":"closed","template":"","meta":[],"product_brand":[],"product_cat":[5645,5759],"product_tag":[],"class_list":{"0":"post-69861","1":"product","2":"type-product","3":"status-publish","4":"has-post-thumbnail","6":"product_cat-piezoelectric-ceramic-pt-pt","7":"product_cat-square-rectangular-piezoelectric-ceramics-pt-pt","9":"first","10":"instock","11":"shipping-taxable","12":"product-type-external","13":"prodpage-classic"},"aioseo_notices":[],"_links":{"self":[{"href":"https:\/\/www.bjultrasonic.com\/pt-pt\/wp-json\/wp\/v2\/product\/69861","targetHints":{"allow":["GET"]}}],"collection":[{"href":"https:\/\/www.bjultrasonic.com\/pt-pt\/wp-json\/wp\/v2\/product"}],"about":[{"href":"https:\/\/www.bjultrasonic.com\/pt-pt\/wp-json\/wp\/v2\/types\/product"}],"replies":[{"embeddable":true,"href":"https:\/\/www.bjultrasonic.com\/pt-pt\/wp-json\/wp\/v2\/comments?post=69861"}],"wp:featuredmedia":[{"embeddable":true,"href":"https:\/\/www.bjultrasonic.com\/pt-pt\/wp-json\/wp\/v2\/media\/23762"}],"wp:attachment":[{"href":"https:\/\/www.bjultrasonic.com\/pt-pt\/wp-json\/wp\/v2\/media?parent=69861"}],"wp:term":[{"taxonomy":"product_brand","embeddable":true,"href":"https:\/\/www.bjultrasonic.com\/pt-pt\/wp-json\/wp\/v2\/product_brand?post=69861"},{"taxonomy":"product_cat","embeddable":true,"href":"https:\/\/www.bjultrasonic.com\/pt-pt\/wp-json\/wp\/v2\/product_cat?post=69861"},{"taxonomy":"product_tag","embeddable":true,"href":"https:\/\/www.bjultrasonic.com\/pt-pt\/wp-json\/wp\/v2\/product_tag?post=69861"}],"curies":[{"name":"wp","href":"https:\/\/api.w.org\/{rel}","templated":true}]}}