{"id":69881,"date":"2012-07-12T22:20:52","date_gmt":"2012-07-13T03:20:52","guid":{"rendered":"https:\/\/www.bjultrasonic.com\/shop\/tube-piezoelectric-ceramics\/"},"modified":"2026-03-28T20:16:10","modified_gmt":"2026-03-29T01:16:10","slug":"tube-piezoelectric-ceramics","status":"publish","type":"product","link":"https:\/\/www.bjultrasonic.com\/pt-pt\/shop\/tube-piezoelectric-ceramics\/","title":{"rendered":"Tubo Piezocer\u00e2mico"},"content":{"rendered":"<p><iframe loading=\"lazy\" title=\"Piezoceramic Tube\" width=\"500\" height=\"281\" src=\"https:\/\/www.youtube.com\/embed\/m1kSZ7ICcOQ?feature=oembed\" frameborder=\"0\" allow=\"accelerometer; autoplay; clipboard-write; encrypted-media; gyroscope; picture-in-picture; web-share\" referrerpolicy=\"strict-origin-when-cross-origin\" allowfullscreen><\/iframe><\/p>\n<h3>Podemos personalizar v\u00e1rias cer\u00e2micas piezoel\u00e9tricas conforme necess\u00e1rio.<\/h3>\n<p>Material do Tubo de Cer\u00e2mica Piezoel\u00e9trica (Tubo de Cer\u00e2mica Piezo): PZT4, PZT5, PZT8 ou outro material piezoel\u00e9trico necess\u00e1rio<\/p>\n<p><img loading=\"lazy\" decoding=\"async\" class=\" wp-image-1238 alignnone\" title=\"Tube Piezoelectric Ceramics\" src=\"\/\/www.bjultrasonic.com\/wp-content\/uploads\/2012\/07\/tube-piezoelectric-ceramics.jpg\" alt=\"Tube Piezoelectric Ceramics\" width=\"601\" height=\"459\" \/><\/p>\n<h2>Aplica\u00e7\u00f5es do Tubo de Cer\u00e2mica Piezoel\u00e9trica<\/h2>\n<table id=\"wp-table-reloaded-id-111-no-1\" class=\"table table-striped table-bordered\">\n<tbody>\n<tr>\n<td>Vibra\u00e7\u00e3o de transdutor piezo<\/td>\n<td>ac\u00fastica<\/td>\n<td>dispers\u00e3o de mat\u00e9ria<\/td>\n<\/tr>\n<tr>\n<td>meio de transmiss\u00e3o de l\u00edquido<\/td>\n<td>meio de transmiss\u00e3o de g\u00e1s<\/td>\n<td>sensor de espessura de parede<\/td>\n<\/tr>\n<tr>\n<td>sensor de tens\u00e3o de material<\/td>\n<td>draga de po\u00e7o de petr\u00f3leo<\/td>\n<td>sonda biom\u00e9dica<\/td>\n<\/tr>\n<tr>\n<td>colheita de eletricidade piezo<\/td>\n<td>transdutor de localizador de peixes<\/td>\n<td>sensor de compress\u00e3o<\/td>\n<\/tr>\n<tr>\n<td>alto-falante subaqu\u00e1tico<\/td>\n<td>boia sonora<\/td>\n<td>matriz de sonar passivo<\/td>\n<\/tr>\n<tr>\n<td>torpedo<\/td>\n<td>detector de po\u00e7o de petr\u00f3leo<\/td>\n<td>Mais outras aplica\u00e7\u00f5es<\/td>\n<\/tr>\n<\/tbody>\n<\/table>\n<h3>V\u00eddeo de Tubos Piezocer\u00e2micos<\/h3>\n<p><iframe loading=\"lazy\" title=\"Piezoelectric Ceramic Tube | Piezoceramic Tube\" width=\"500\" height=\"281\" src=\"https:\/\/www.youtube.com\/embed\/ETIEN0YGcL8?feature=oembed\" frameborder=\"0\" allow=\"accelerometer; autoplay; clipboard-write; encrypted-media; gyroscope; picture-in-picture; web-share\" referrerpolicy=\"strict-origin-when-cross-origin\" allowfullscreen><\/iframe><\/p>\n<h2>Especifica\u00e7\u00e3o Padr\u00e3o do Tubo de Cer\u00e2mica Piezoel\u00e9trica<\/h2>\n<table id=\"wp-table-reloaded-id-112-no-1\" class=\"table table-striped table-bordered\">\n<tbody>\n<tr>\n<td>Dimens\u00e3o (mm) DE x DI x H<\/td>\n<td>fm (KHz)<\/td>\n<td>fn (KHz)<\/td>\n<td>capacit\u00e2ncia (pf)<\/td>\n<td>tg\u03b4 (%)<\/td>\n<\/tr>\n<tr>\n<td>12*9*6<\/td>\n<td>70<\/td>\n<td>72<\/td>\n<td>5860<\/td>\n<td>0.3<\/td>\n<\/tr>\n<tr>\n<td>15*13*3.2<\/td>\n<td>64<\/td>\n<td>68<\/td>\n<td>3700<\/td>\n<td>1.7<\/td>\n<\/tr>\n<tr>\n<td>18*15*15<\/td>\n<td>63<\/td>\n<td>64<\/td>\n<td>5940<\/td>\n<td>0.2<\/td>\n<\/tr>\n<tr>\n<td>18*15*20<\/td>\n<td>63<\/td>\n<td>64<\/td>\n<td>5836<\/td>\n<td>0.2<\/td>\n<\/tr>\n<tr>\n<td>20*17*15<\/td>\n<td>46.9<\/td>\n<td>50<\/td>\n<td>14109<\/td>\n<td>1.5<\/td>\n<\/tr>\n<tr>\n<td>24*20*20<\/td>\n<td>47<\/td>\n<td>49<\/td>\n<td>12830<\/td>\n<td>2.0<\/td>\n<\/tr>\n<tr>\n<td>34*30*20<\/td>\n<td>30<\/td>\n<td>32<\/td>\n<td>1510<\/td>\n<td>0.2<\/td>\n<\/tr>\n<tr>\n<td>40*32*37<\/td>\n<td>25<\/td>\n<td>25.3<\/td>\n<td>21200<\/td>\n<td>1.5<\/td>\n<\/tr>\n<tr>\n<td>44*38*29<\/td>\n<td>22.1<\/td>\n<td>24<\/td>\n<td>23120<\/td>\n<td>1.5<\/td>\n<\/tr>\n<tr>\n<td>51*45*36<\/td>\n<td>20<\/td>\n<td>20.5<\/td>\n<td>18010<\/td>\n<td>1.5<\/td>\n<\/tr>\n<tr>\n<td>53*45*41<\/td>\n<td>18<\/td>\n<td>22<\/td>\n<td>3060<\/td>\n<td>0.2<\/td>\n<\/tr>\n<tr>\n<td>69*63*25<\/td>\n<td>16<\/td>\n<td>18<\/td>\n<td>16040<\/td>\n<td>0.5<\/td>\n<\/tr>\n<tr>\n<td>76*68*40<\/td>\n<td>15<\/td>\n<td>15<\/td>\n<td>19730<\/td>\n<td>0.5<\/td>\n<\/tr>\n<tr>\n<td>80*60*150<\/td>\n<td>17<\/td>\n<td>18.5<\/td>\n<td>34420<\/td>\n<td>0.25<\/td>\n<\/tr>\n<tr>\n<td>142*132*80<\/td>\n<td>8<\/td>\n<td>8<\/td>\n<td>8636<\/td>\n<td>0.35<\/td>\n<\/tr>\n<tr>\n<td>Faixa de di\u00e2metro externo: 6mm\u2014150mm<br \/>\nFaixa de di\u00e2metro interno: 5mm\u2014130mm<br \/>\nFaixa de comprimento: 5mm\u2014100mm<br \/>\nObserva\u00e7\u00e3o:<br \/>\nPodemos projetar e personalizar Tubos de Cer\u00e2mica Piezoel\u00e9trica de v\u00e1rios tamanhos conforme necess\u00e1rio.<\/td>\n<td><\/td>\n<td><\/td>\n<td><\/td>\n<td><\/td>\n<\/tr>\n<\/tbody>\n<\/table>\n<h3>Pagamento<\/h3>\n<p>Aceitamos PayPal, T\/T e Western Union atualmente.<\/p>\n<h3 class=\"shipping-methods\">Envio<\/h3>\n<p>As mercadorias ser\u00e3o enviadas em at\u00e9 48 horas ap\u00f3s o recebimento do pagamento integral.<\/p>\n<ul>\n<li>Enviamos as mercadorias para o endere\u00e7o fornecido no pagamento do PayPal. Por favor, certifique-se de que o endere\u00e7o no PayPal est\u00e1 correto.<\/li>\n<li>Forneceremos o n\u00famero de rastreamento ap\u00f3s o envio das mercadorias; geralmente, voc\u00ea receber\u00e1 as mercadorias em at\u00e9 cinco dias.<\/li>\n<li>Se tiver alguma d\u00favida, por favor, entre em contato conosco por e-mail (nosso endere\u00e7o de e-mail \u00e9 <a href=\"mailto:support@bjultrasonic.com\">support@bjultrasonic.com<\/a>)<\/li>\n<\/ul>\n<h3>Garantia do Produto<\/h3>\n<p>O per\u00edodo de garantia do produto \u00e9 de um ano. Durante o per\u00edodo de garantia, os produtos adquiridos podem usufruir de manuten\u00e7\u00e3o ou troca gratuita.<\/p>\n","protected":false},"excerpt":{"rendered":"<p>Podemos personalizar v\u00e1rias cer\u00e2micas piezoel\u00e9tricas conforme necess\u00e1rio. Material do Tubo de Cer\u00e2mica Piezoel\u00e9trica (Tubo de Cer\u00e2mica Piezo): PZT4, PZT5, PZT8 ou outro material piezoel\u00e9trico necess\u00e1rio Aplica\u00e7\u00f5es do Tubo de Cer\u00e2mica Piezoel\u00e9trica Vibra\u00e7\u00e3o de transdutor piezo ac\u00fastica dispers\u00e3o de mat\u00e9ria meio de transmiss\u00e3o de l\u00edquido meio de transmiss\u00e3o de g\u00e1s sensor de espessura de parede sensor<\/p>\n","protected":false},"featured_media":23756,"comment_status":"open","ping_status":"closed","template":"","meta":[],"product_brand":[],"product_cat":[5645,5803],"product_tag":[],"class_list":{"0":"post-69881","1":"product","2":"type-product","3":"status-publish","4":"has-post-thumbnail","6":"product_cat-piezoelectric-ceramic-pt-pt","7":"product_cat-tube-piezoelectric-ceramics-pt-pt","9":"first","10":"instock","11":"shipping-taxable","12":"product-type-external","13":"prodpage-classic"},"aioseo_notices":[],"_links":{"self":[{"href":"https:\/\/www.bjultrasonic.com\/pt-pt\/wp-json\/wp\/v2\/product\/69881","targetHints":{"allow":["GET"]}}],"collection":[{"href":"https:\/\/www.bjultrasonic.com\/pt-pt\/wp-json\/wp\/v2\/product"}],"about":[{"href":"https:\/\/www.bjultrasonic.com\/pt-pt\/wp-json\/wp\/v2\/types\/product"}],"replies":[{"embeddable":true,"href":"https:\/\/www.bjultrasonic.com\/pt-pt\/wp-json\/wp\/v2\/comments?post=69881"}],"wp:featuredmedia":[{"embeddable":true,"href":"https:\/\/www.bjultrasonic.com\/pt-pt\/wp-json\/wp\/v2\/media\/23756"}],"wp:attachment":[{"href":"https:\/\/www.bjultrasonic.com\/pt-pt\/wp-json\/wp\/v2\/media?parent=69881"}],"wp:term":[{"taxonomy":"product_brand","embeddable":true,"href":"https:\/\/www.bjultrasonic.com\/pt-pt\/wp-json\/wp\/v2\/product_brand?post=69881"},{"taxonomy":"product_cat","embeddable":true,"href":"https:\/\/www.bjultrasonic.com\/pt-pt\/wp-json\/wp\/v2\/product_cat?post=69881"},{"taxonomy":"product_tag","embeddable":true,"href":"https:\/\/www.bjultrasonic.com\/pt-pt\/wp-json\/wp\/v2\/product_tag?post=69881"}],"curies":[{"name":"wp","href":"https:\/\/api.w.org\/{rel}","templated":true}]}}