{"id":69901,"date":"2012-07-12T16:42:35","date_gmt":"2012-07-12T21:42:35","guid":{"rendered":"https:\/\/www.bjultrasonic.com\/shop\/ultrasonic-vibrating-screen-transducer\/"},"modified":"2026-03-28T20:16:09","modified_gmt":"2026-03-29T01:16:09","slug":"ultrasonic-vibrating-screen-transducer","status":"publish","type":"product","link":"https:\/\/www.bjultrasonic.com\/pt-pt\/shop\/ultrasonic-vibrating-screen-transducer\/","title":{"rendered":"Transdutor de Vibra\u00e7\u00e3o Ultrass\u00f4nica"},"content":{"rendered":"<p>O transdutor de vibra\u00e7\u00e3o ultrass\u00f4nica consiste em uma gl\u00e2ndula, <a href=\"https:\/\/www.bjultrasonic.com\/pt-pt\/category\/piezoelectric-ceramic-pt-pt\/\">cer\u00e2mica piezoel\u00e9trica<\/a>, pe\u00e7a eletr\u00f3dica, cabe\u00e7a radiante, parafusos de pr\u00e9-tens\u00e3o e composi\u00e7\u00e3o da carca\u00e7a isolante.<\/p>\n<h3>Caracter\u00edsticas do Transdutor de Vibra\u00e7\u00e3o Ultrass\u00f4nica para Peneira de P\u00f3 Fino<\/h3>\n<ul>\n<li>Alcan\u00e7a alta precis\u00e3o e peneiramento de alta malha ao mesmo tempo, controlando uma faixa estreita de tamanho de part\u00edcula.<\/li>\n<li>Pode ser de camada \u00fanica e multicamadas.<\/li>\n<li>Fun\u00e7\u00e3o de autolimpeza da peneira: maior que 500 malhas, sem entupimento de malha, sem atenua\u00e7\u00e3o da efici\u00eancia de peneiramento.<\/li>\n<li>Resolve problemas de peneiramento como forte adsor\u00e7\u00e3o, f\u00e1cil reagrupamento, eletrost\u00e1tica, alta precis\u00e3o, alta densidade, alta gravidade espec\u00edfica leve, entre outros.<\/li>\n<li>A precis\u00e3o de peneiramento pode ser melhorada em 1-70%, o rendimento pode aumentar de 0,5 a 10 vezes.<\/li>\n<\/ul>\n<h3>Aplica\u00e7\u00e3o<\/h3>\n<ul>\n<li>Ind\u00fastria qu\u00edmica: resina, revestimentos, ind\u00fastria, medicamentos, cosm\u00e9ticos, tinta, p\u00f3, etc.<\/li>\n<li>Ind\u00fastria aliment\u00edcia: a\u00e7\u00facar em p\u00f3, amido, sal, farinha de arroz, leite em p\u00f3, leite de soja, ovo em p\u00f3, molho de soja, suco, etc.<\/li>\n<li>Metal, metalurgia, minera\u00e7\u00e3o, p\u00f3 de alum\u00ednio, p\u00f3 de chumbo, p\u00f3 de cobre, min\u00e9rio, p\u00f3 de eletrodo, p\u00f3 de liga, di\u00f3xido de mangan\u00eas, p\u00f3 de cobre eletrol\u00edtico, material magn\u00e9tico el\u00e9trico, p\u00f3 de polimento, material refrat\u00e1rio, caulim, cal, alumina, carbonato de c\u00e1lcio pesado, areia de quartzo, etc.<\/li>\n<li>Tratamento de polui\u00e7\u00e3o, \u00f3leo residual, \u00e1gua residual, \u00e1gua residual de tingimento, aditivos, carv\u00e3o ativado, etc.<\/li>\n<\/ul>\n<h3>M\u00e1quina de Peneira por Vibra\u00e7\u00e3o Ultrass\u00f4nica<\/h3>\n<p><iframe loading=\"lazy\" title=\"Ultrasonic Vibrating Sieve Machine - Beijing Ultrasonic\" width=\"500\" height=\"281\" src=\"https:\/\/www.youtube.com\/embed\/PEkryRhyJXY?feature=oembed\" frameborder=\"0\" allow=\"accelerometer; autoplay; clipboard-write; encrypted-media; gyroscope; picture-in-picture; web-share\" referrerpolicy=\"strict-origin-when-cross-origin\" allowfullscreen><\/iframe><\/p>\n<h3>Pagamento<\/h3>\n<p>Aceitamos PayPal, T\/T e Western Union agora.<\/p>\n<h3>Envio<\/h3>\n<p>As mercadorias ser\u00e3o enviadas dentro de 48 horas ap\u00f3s o recebimento do pagamento integral.<\/p>\n<ul>\n<li>Enviamos as mercadorias para o endere\u00e7o fornecido no pagamento do PayPal. Por favor, certifique-se de que o endere\u00e7o no PayPal est\u00e1 correto.<\/li>\n<li>Forneceremos o n\u00famero de rastreamento ap\u00f3s o envio das mercadorias; em geral, voc\u00ea receber\u00e1 as mercadorias em at\u00e9 cinco dias.<\/li>\n<li>Se tiver alguma d\u00favida, por favor entre em contato conosco por e-mail (nosso endere\u00e7o de e-mail \u00e9 <a href=\"mailto:support@bjultrasonic.com\">support@bjultrasonic.com<\/a>).<\/li>\n<\/ul>\n<h3>Garantia do Produto<\/h3>\n<p>O per\u00edodo de garantia do produto \u00e9 de um ano. Dentro do per\u00edodo de garantia, os produtos adquiridos podem desfrutar de manuten\u00e7\u00e3o gratuita ou troca.<\/p>\n","protected":false},"excerpt":{"rendered":"<p>O Transdutor de Vibra\u00e7\u00e3o Ultrass\u00f4nica consiste em gl\u00e2ndula, cer\u00e2mica piezoel\u00e9trica, pe\u00e7a do eletrodo, cabe\u00e7a radiante, parafusos de pr\u00e9-tens\u00e3o e composi\u00e7\u00e3o de revestimento isolante.<\/p>\n","protected":false},"featured_media":4845,"comment_status":"open","ping_status":"closed","template":"","meta":[],"product_brand":[],"product_cat":[6316],"product_tag":[],"class_list":{"0":"post-69901","1":"product","2":"type-product","3":"status-publish","4":"has-post-thumbnail","6":"product_cat-ultrasonic-transducer-pt-pt","8":"first","9":"instock","10":"shipping-taxable","11":"product-type-external","12":"prodpage-classic"},"aioseo_notices":[],"_links":{"self":[{"href":"https:\/\/www.bjultrasonic.com\/pt-pt\/wp-json\/wp\/v2\/product\/69901","targetHints":{"allow":["GET"]}}],"collection":[{"href":"https:\/\/www.bjultrasonic.com\/pt-pt\/wp-json\/wp\/v2\/product"}],"about":[{"href":"https:\/\/www.bjultrasonic.com\/pt-pt\/wp-json\/wp\/v2\/types\/product"}],"replies":[{"embeddable":true,"href":"https:\/\/www.bjultrasonic.com\/pt-pt\/wp-json\/wp\/v2\/comments?post=69901"}],"wp:featuredmedia":[{"embeddable":true,"href":"https:\/\/www.bjultrasonic.com\/pt-pt\/wp-json\/wp\/v2\/media\/4845"}],"wp:attachment":[{"href":"https:\/\/www.bjultrasonic.com\/pt-pt\/wp-json\/wp\/v2\/media?parent=69901"}],"wp:term":[{"taxonomy":"product_brand","embeddable":true,"href":"https:\/\/www.bjultrasonic.com\/pt-pt\/wp-json\/wp\/v2\/product_brand?post=69901"},{"taxonomy":"product_cat","embeddable":true,"href":"https:\/\/www.bjultrasonic.com\/pt-pt\/wp-json\/wp\/v2\/product_cat?post=69901"},{"taxonomy":"product_tag","embeddable":true,"href":"https:\/\/www.bjultrasonic.com\/pt-pt\/wp-json\/wp\/v2\/product_tag?post=69901"}],"curies":[{"name":"wp","href":"https:\/\/api.w.org\/{rel}","templated":true}]}}