{"id":69921,"date":"2012-07-12T03:24:31","date_gmt":"2012-07-12T08:24:31","guid":{"rendered":"https:\/\/www.bjultrasonic.com\/shop\/ultrasonic-atomizing-transducer\/"},"modified":"2026-03-28T20:15:36","modified_gmt":"2026-03-29T01:15:36","slug":"ultrasonic-atomizing-transducer","status":"publish","type":"product","link":"https:\/\/www.bjultrasonic.com\/pt-pt\/shop\/ultrasonic-atomizing-transducer\/","title":{"rendered":"Transdutor Piezoel\u00e9trico Ultrass\u00f4nico de Atomiza\u00e7\u00e3o Personalizado"},"content":{"rendered":"<h3>Podemos Personalizar Umidificador de N\u00e9voa por Ultrassom Atomizador<\/h3>\n<table class=\"table table-striped table-bordered\">\n<tbody>\n<tr>\n<td>Tipo<\/td>\n<td>Quantidade de Atomiza\u00e7\u00e3o<\/td>\n<td>Tens\u00e3o de Trabalho<\/td>\n<td>Pot\u00eancia<\/td>\n<td>Tamanho<\/td>\n<\/tr>\n<tr>\n<td>BJA-350<\/td>\n<td>\u2265350ML\/H<\/td>\n<td>24V<\/td>\n<td>18W<\/td>\n<td>Di\u00e2metro 45mm; Altura 27mm.<\/td>\n<\/tr>\n<tr>\n<td>BJA-900<\/td>\n<td>\u2265900ML\/H<\/td>\n<td>36V<\/td>\n<td>1.5A<\/td>\n<td>Di\u00e2metro 68mm; Altura 27mm.<\/td>\n<\/tr>\n<tr>\n<td>BJA-1500<\/td>\n<td>\u22651500ML\/H<\/td>\n<td>36V<\/td>\n<td>140w,4A<\/td>\n<td>Di\u00e2metro 100mm; Altura 27mm<\/td>\n<\/tr>\n<tr>\n<td>BJA-2000<\/td>\n<td>\u22652000ML\/H<\/td>\n<td>36V<\/td>\n<td>150W<\/td>\n<td>Comprimento 154mm; Largura 88mm; Altura 30mm.<\/td>\n<\/tr>\n<tr>\n<td>BJA-3000<\/td>\n<td>\u22653000ML\/H<\/td>\n<td>36V<\/td>\n<td>300W<\/td>\n<td>Comprimento 254mm; Largura 88mm; Altura 28mm.<\/td>\n<\/tr>\n<tr>\n<td>BJA-5000<\/td>\n<td>\u22655000ML\/H<\/td>\n<td>48V<\/td>\n<td>250W<\/td>\n<td>Comprimento 254mm;Largura 88mm; Altura 56mm<\/td>\n<\/tr>\n<\/tbody>\n<\/table>\n<p>Circuito de umidificador ultrass\u00f4nico para nebulizador ultrass\u00f4nico, atomizador ultrass\u00f4nico e gerador de n\u00e9voa ultrass\u00f4nico. O circuito do umidificador ultrass\u00f4nico transforma l\u00edquidos em part\u00edculas semelhantes a nuvens. Um diafragma met\u00e1lico vibrando em uma frequ\u00eancia ultrass\u00f4nica cria got\u00edculas de \u00e1gua que saem silenciosamente do Transdutor de Atomiza\u00e7\u00e3o Ultrass\u00f4nica na forma de uma n\u00e9voa fria.<\/p>\n<p><img loading=\"lazy\" decoding=\"async\" class=\"alignnone size-full wp-image-5003\" src=\"\/\/www.bjultrasonic.com\/wp-content\/uploads\/2012\/07\/Ultrasonic-Humidifier-Transducer.jpg\" alt=\"Transdutor de Umidificador Ultrass\u00f4nico\" width=\"600\" height=\"359\" \/><\/p>\n<h3>Principais caracter\u00edsticas do Transdutor de Atomiza\u00e7\u00e3o Ultrass\u00f4nica<\/h3>\n<ul>\n<li>Baixa imped\u00e2ncia.<\/li>\n<li>Caracter\u00edsticas de baixa perda.<\/li>\n<li>Cobertura de cobre com pintura de n\u00edquel.<\/li>\n<li>Confi\u00e1vel e dur\u00e1vel.<\/li>\n<li>Alto fator de qualidade mec\u00e2nica.<\/li>\n<li>Com design especial, f\u00e1cil de substituir a cer\u00e2mica piezoel\u00e9trica.<\/li>\n<\/ul>\n<h3>V\u00eddeos do Atomizador Ultrass\u00f4nico<\/h3>\n<p><iframe loading=\"lazy\" title=\"Ultrasonic Humidifier\" width=\"500\" height=\"281\" src=\"https:\/\/www.youtube.com\/embed\/videoseries?list=PLLrjMYkO0_NEpofnqW3MnsGQ-KMwpBJul\" frameborder=\"0\" allow=\"accelerometer; autoplay; clipboard-write; encrypted-media; gyroscope; picture-in-picture; web-share\" referrerpolicy=\"strict-origin-when-cross-origin\" allowfullscreen><\/iframe><\/p>\n<h3>Pagamento<\/h3>\n<p>Aceitamos paypal, T\/T e Western Union.<\/p>\n<h3 class=\"shipping-methods\">Envio<\/h3>\n<p>As mercadorias ser\u00e3o enviadas em at\u00e9 48 horas ap\u00f3s o recebimento do pagamento integral.<\/p>\n<ul>\n<li>Enviamos as mercadorias para o endere\u00e7o fornecido no pagamento PayPal. Por favor, certifique-se de que o endere\u00e7o no PayPal est\u00e1 correto.<\/li>\n<li>Forneceremos o n\u00famero de rastreamento ap\u00f3s o envio das mercadorias; em geral, voc\u00ea receber\u00e1 os produtos em at\u00e9 cinco dias.<\/li>\n<li>Se tiver alguma d\u00favida, entre em contato conosco por e-mail (nosso endere\u00e7o de e-mail \u00e9 <a href=\"mailto:support@bjultrasonic.com\">support@bjultrasonic.com<\/a>)<\/li>\n<\/ul>\n<h3>Garantia do Produto<\/h3>\n<p>O per\u00edodo de garantia do produto \u00e9 de um ano. Dentro do per\u00edodo de garantia, os produtos adquiridos podem usufruir de manuten\u00e7\u00e3o gratuita ou troca.<\/p>\n","protected":false},"excerpt":{"rendered":"<p><a href=\"https:\/\/www.bjultrasonic.com\/pt-pt\/category\/ultrasonic-atomizer-pt-pt\/\">Umidificador ultrass\u00f4nico<\/a> utiliza energia ultrass\u00f4nica para transformar l\u00edquidos em part\u00edculas semelhantes a nuvens. O umidificador ultrass\u00f4nico tamb\u00e9m \u00e9 chamado de <a href=\"https:\/\/www.bjultrasonic.com\/pt-pt\/shop\/ultrasonic-atomizing-transducer\/\">atomizador ultrass\u00f4nico<\/a>, criador de n\u00e9voa ultrass\u00f4nico, gerador de n\u00e9voa ultrass\u00f4nico.<\/p>\n","protected":false},"featured_media":19517,"comment_status":"open","ping_status":"closed","template":"","meta":[],"product_brand":[],"product_cat":[6205],"product_tag":[],"class_list":{"0":"post-69921","1":"product","2":"type-product","3":"status-publish","4":"has-post-thumbnail","6":"product_cat-ultrasonic-atomizer-pt-pt","8":"first","9":"instock","10":"featured","11":"shipping-taxable","12":"product-type-external","13":"prodpage-classic"},"aioseo_notices":[],"_links":{"self":[{"href":"https:\/\/www.bjultrasonic.com\/pt-pt\/wp-json\/wp\/v2\/product\/69921","targetHints":{"allow":["GET"]}}],"collection":[{"href":"https:\/\/www.bjultrasonic.com\/pt-pt\/wp-json\/wp\/v2\/product"}],"about":[{"href":"https:\/\/www.bjultrasonic.com\/pt-pt\/wp-json\/wp\/v2\/types\/product"}],"replies":[{"embeddable":true,"href":"https:\/\/www.bjultrasonic.com\/pt-pt\/wp-json\/wp\/v2\/comments?post=69921"}],"wp:featuredmedia":[{"embeddable":true,"href":"https:\/\/www.bjultrasonic.com\/pt-pt\/wp-json\/wp\/v2\/media\/19517"}],"wp:attachment":[{"href":"https:\/\/www.bjultrasonic.com\/pt-pt\/wp-json\/wp\/v2\/media?parent=69921"}],"wp:term":[{"taxonomy":"product_brand","embeddable":true,"href":"https:\/\/www.bjultrasonic.com\/pt-pt\/wp-json\/wp\/v2\/product_brand?post=69921"},{"taxonomy":"product_cat","embeddable":true,"href":"https:\/\/www.bjultrasonic.com\/pt-pt\/wp-json\/wp\/v2\/product_cat?post=69921"},{"taxonomy":"product_tag","embeddable":true,"href":"https:\/\/www.bjultrasonic.com\/pt-pt\/wp-json\/wp\/v2\/product_tag?post=69921"}],"curies":[{"name":"wp","href":"https:\/\/api.w.org\/{rel}","templated":true}]}}