{"id":69941,"date":"2012-07-12T02:28:05","date_gmt":"2012-07-12T07:28:05","guid":{"rendered":"https:\/\/www.bjultrasonic.com\/shop\/ultrasonic-cell-disruptor\/"},"modified":"2026-03-28T20:15:35","modified_gmt":"2026-03-29T01:15:35","slug":"ultrasonic-cell-disruptor","status":"publish","type":"product","link":"https:\/\/www.bjultrasonic.com\/pt-pt\/shop\/ultrasonic-cell-disruptor\/","title":{"rendered":"Homogeneizadores Ultrass\u00f4nicos"},"content":{"rendered":"<p>O disruptor celular ultrass\u00f4nico (processador l\u00edquido ultrass\u00f4nico, homogeneizador ultrass\u00f4nico biol\u00f3gico) pode desintegrar a maioria das c\u00e9lulas, bact\u00e9rias, esporos ou tecidos.<\/p>\n<h2>Especifica\u00e7\u00e3o do Disruptor Celular Ultrass\u00f4nico<\/h2>\n<table class=\"table table-striped table-bordered\">\n<tbody>\n<tr>\n<td valign=\"top\" width=\"158\">TIPO<\/td>\n<td valign=\"top\" width=\"145\">Frequ\u00eancia (Khz)<\/td>\n<td valign=\"top\" width=\"136\">Pot\u00eancia (W)<\/td>\n<\/tr>\n<tr>\n<td valign=\"top\" width=\"158\"><a href=\"https:\/\/www.bjultrasonic.com\/pt-pt\/shop\/biologics-ultrasonic-homogenizer-bjed-20100\/\">BJED-20100<\/a><\/td>\n<td valign=\"top\" width=\"145\">20<\/td>\n<td valign=\"top\" width=\"136\">100<\/td>\n<\/tr>\n<tr>\n<td valign=\"top\" width=\"158\"><a href=\"https:\/\/www.bjultrasonic.com\/pt-pt\/shop\/biologics-ultrasonic-homogenizer-bjed-20150\/\">BJED-20150<\/a><\/td>\n<td valign=\"top\" width=\"145\">20<\/td>\n<td valign=\"top\" width=\"136\">150<\/td>\n<\/tr>\n<tr>\n<td valign=\"top\" width=\"158\"><a href=\"https:\/\/www.bjultrasonic.com\/pt-pt\/shop\/biologics-ultrasonic-homogenizer-bjed-20250\/\">BJED-20250<\/a><\/td>\n<td valign=\"top\" width=\"145\">20<\/td>\n<td valign=\"top\" width=\"136\">250<\/td>\n<\/tr>\n<tr>\n<td valign=\"top\" width=\"158\"><a href=\"https:\/\/www.bjultrasonic.com\/pt-pt\/shop\/biologics-ultrasonic-homogenizer-bjed-20500\/\">BJED-20500<\/a><\/td>\n<td valign=\"top\" width=\"145\">20<\/td>\n<td valign=\"top\" width=\"136\">500<\/td>\n<\/tr>\n<tr>\n<td valign=\"top\" width=\"158\"><a href=\"https:\/\/www.bjultrasonic.com\/pt-pt\/shop\/biologics-ultrasonic-homogenizer-bjed-20800\/\">BJED-20800<\/a><\/td>\n<td valign=\"top\" width=\"145\">20<\/td>\n<td valign=\"top\" width=\"136\">800<\/td>\n<\/tr>\n<tr>\n<td valign=\"top\" width=\"158\"><a href=\"https:\/\/www.bjultrasonic.com\/pt-pt\/shop\/biologics-ultrasonic-homogenizer-bjed-20950\/\">BJED-20950<\/a><\/td>\n<td valign=\"top\" width=\"145\">20<\/td>\n<td valign=\"top\" width=\"136\">950<\/td>\n<\/tr>\n<tr>\n<td valign=\"top\" width=\"158\"><a href=\"https:\/\/www.bjultrasonic.com\/pt-pt\/shop\/biologics-ultrasonic-homogenizer-bjed-201200\/\">BJED-201200<\/a><\/td>\n<td valign=\"top\" width=\"145\">20<\/td>\n<td valign=\"top\" width=\"136\">1200<\/td>\n<\/tr>\n<\/tbody>\n<\/table>\n<h3>Aplica\u00e7\u00e3o t\u00edpica do Disruptor Celular Ultrass\u00f4nico<\/h3>\n<ul>\n<li>Utilizado na ruptura de diversos tipos de c\u00e9lulas animais e vegetais, c\u00e9lulas virais.<\/li>\n<li>Emulsifica\u00e7\u00e3o, separa\u00e7\u00e3o, fus\u00e3o, extra\u00e7\u00e3o, macera\u00e7\u00e3o, lavagem e acelera\u00e7\u00e3o de rea\u00e7\u00f5es qu\u00edmicas, etc.<\/li>\n<li>Amplamente utilizado em \u00e1reas como bioqu\u00edmica, microbiologia, qu\u00edmica medicinal, qu\u00edmica de superf\u00edcie, f\u00edsica, zoologia, etc.<\/li>\n<\/ul>\n<h3>V\u00eddeo do Disruptor Celular Ultrass\u00f4nico<\/h3>\n<p><iframe loading=\"lazy\" title=\"Ultrasonic Processor | Biologics Ultrasonic Homogenizer\" width=\"500\" height=\"375\" src=\"https:\/\/www.youtube.com\/embed\/T0snVNfFYIs?feature=oembed\" frameborder=\"0\" allow=\"accelerometer; autoplay; clipboard-write; encrypted-media; gyroscope; picture-in-picture; web-share\" referrerpolicy=\"strict-origin-when-cross-origin\" allowfullscreen><\/iframe><\/p>\n<h3>Principais fun\u00e7\u00f5es do Disruptor Celular Ultrass\u00f4nico<\/h3>\n<ul>\n<li>Rastreamento autom\u00e1tico de frequ\u00eancia.<\/li>\n<li>Compensa\u00e7\u00e3o autom\u00e1tica de amplitude de sa\u00edda.<\/li>\n<li>Possui ajuste de seguran\u00e7a de pot\u00eancia de sa\u00edda, para evitar danos aos transformadores ultrass\u00f4nicos.<\/li>\n<li>Amplitude de sa\u00edda ajust\u00e1vel de 0-100, opera\u00e7\u00e3o f\u00e1cil, intuitiva e eficiente.<\/li>\n<li>Dois modos de trabalho: pulso intermitente e sa\u00edda cont\u00ednua.<\/li>\n<li>Com interface de controle externo, para opera\u00e7\u00e3o avan\u00e7ada conveniente.<\/li>\n<li>Com pedal de interruptor externo independente, para opera\u00e7\u00e3o direta.<\/li>\n<\/ul>\n<h3>Pagamento<\/h3>\n<p>Aceitamos paypal, T\/T e Western Union atualmente.<\/p>\n<h3 class=\"shipping-methods\">Envio<\/h3>\n<p>As mercadorias ser\u00e3o enviadas em at\u00e9 48 horas ap\u00f3s o recebimento do pagamento integral.<\/p>\n<ul>\n<li>Enviamos as mercadorias para o endere\u00e7o fornecido no pagamento do PayPal. Certifique-se de que o endere\u00e7o no PayPal est\u00e1 correto.<\/li>\n<li>Forneceremos o n\u00famero de rastreamento ap\u00f3s o envio das mercadorias; geralmente, voc\u00ea receber\u00e1 as mercadorias em at\u00e9 cinco dias.<\/li>\n<li>Se tiver alguma d\u00favida, entre em contato conosco por e-mail (nosso endere\u00e7o de e-mail \u00e9 <a href=\"mailto:support@bjultrasonic.com\">support@bjultrasonic.com<\/a>).<\/li>\n<\/ul>\n<h3>Garantia do Produto<\/h3>\n<p>O per\u00edodo de garantia do produto \u00e9 de um ano. Dentro do per\u00edodo de garantia, os produtos adquiridos podem desfrutar de manuten\u00e7\u00e3o gratuita ou troca.<\/p>\n","protected":false},"excerpt":{"rendered":"<p>Homogeneizadores ultrass\u00f4nicos, disruptores celulares ultrass\u00f4nicos ou sonicadores melhoram a uniformidade e estabilidade geral de misturas, reduzindo o tamanho das part\u00edculas em l\u00edquidos. Eles s\u00e3o eficazes para cisalhamento de DNA\/RNA, homogeneiza\u00e7\u00e3o, lise celular, dispers\u00e3o de nanopart\u00edculas, extra\u00e7\u00e3o de prote\u00ednas e prepara\u00e7\u00e3o geral de amostras.<\/p>\n","protected":false},"featured_media":5355,"comment_status":"open","ping_status":"closed","template":"","meta":[],"product_brand":[],"product_cat":[6300,6251],"product_tag":[],"class_list":{"0":"post-69941","1":"product","2":"type-product","3":"status-publish","4":"has-post-thumbnail","6":"product_cat-cell-pt-pt","7":"product_cat-ultrasonic-processors-pt-pt","9":"first","10":"instock","11":"featured","12":"shipping-taxable","13":"product-type-external","14":"prodpage-classic"},"aioseo_notices":[],"_links":{"self":[{"href":"https:\/\/www.bjultrasonic.com\/pt-pt\/wp-json\/wp\/v2\/product\/69941","targetHints":{"allow":["GET"]}}],"collection":[{"href":"https:\/\/www.bjultrasonic.com\/pt-pt\/wp-json\/wp\/v2\/product"}],"about":[{"href":"https:\/\/www.bjultrasonic.com\/pt-pt\/wp-json\/wp\/v2\/types\/product"}],"replies":[{"embeddable":true,"href":"https:\/\/www.bjultrasonic.com\/pt-pt\/wp-json\/wp\/v2\/comments?post=69941"}],"wp:featuredmedia":[{"embeddable":true,"href":"https:\/\/www.bjultrasonic.com\/pt-pt\/wp-json\/wp\/v2\/media\/5355"}],"wp:attachment":[{"href":"https:\/\/www.bjultrasonic.com\/pt-pt\/wp-json\/wp\/v2\/media?parent=69941"}],"wp:term":[{"taxonomy":"product_brand","embeddable":true,"href":"https:\/\/www.bjultrasonic.com\/pt-pt\/wp-json\/wp\/v2\/product_brand?post=69941"},{"taxonomy":"product_cat","embeddable":true,"href":"https:\/\/www.bjultrasonic.com\/pt-pt\/wp-json\/wp\/v2\/product_cat?post=69941"},{"taxonomy":"product_tag","embeddable":true,"href":"https:\/\/www.bjultrasonic.com\/pt-pt\/wp-json\/wp\/v2\/product_tag?post=69941"}],"curies":[{"name":"wp","href":"https:\/\/api.w.org\/{rel}","templated":true}]}}