{"id":69961,"date":"2012-05-28T22:40:33","date_gmt":"2012-05-29T03:40:33","guid":{"rendered":"https:\/\/www.bjultrasonic.com\/shop\/135khz-ultrasonic-generator\/"},"modified":"2026-03-28T20:15:33","modified_gmt":"2026-03-29T01:15:33","slug":"135khz-ultrasonic-generator","status":"publish","type":"product","link":"https:\/\/www.bjultrasonic.com\/pt-pt\/shop\/135khz-ultrasonic-generator\/","title":{"rendered":"Acima de 50 kHz Gerador Ultrass\u00f4nico Digital 1200W"},"content":{"rendered":"<h3>Para entregar os produtos a tempo:<\/h3>\n<ul>\n<li>Ao fazer o pedido, informe-nos a voltagem necess\u00e1ria (220v ou 120v) e a frequ\u00eancia.<\/li>\n<li>Forne\u00e7a-nos o endere\u00e7o de entrega em detalhes. Inclua endere\u00e7o, c\u00f3digo postal e n\u00famero de telefone.<\/li>\n<li>Se o seu pedido pesar mais de 21 kg, entre em contato conosco para obter o frete econ\u00f4mico.<\/li>\n<\/ul>\n<h3>Observa\u00e7\u00f5es<\/h3>\n<ul>\n<li>Os <a href=\"https:\/\/www.bjultrasonic.com\/pt-pt\/category\/ultrasonic-generator-pt-pt\/\">Geradores Ultrass\u00f4nicos<\/a> s\u00e3o produtos personalizados. Portanto, para o pre\u00e7o, por favor <a href=\"https:\/\/www.bjultrasonic.com\/contact\/\">entre em contato com nosso representante de vendas<\/a>. Responderemos em breve.<\/li>\n<li>Podemos projetar e personalizar v\u00e1rios Geradores Ultrass\u00f4nicos com base na <strong>frequ\u00eancia<\/strong> e na <strong>voltagem<\/strong>.<\/li>\n<\/ul>\n<p>O Gerador Ultrass\u00f4nico \u00e9 uma parte indispens\u00e1vel da <a href=\"https:\/\/www.bjultrasonic.com\/pt-pt\/category\/ultrasonic-cleaning-system-pt-pt\/\">m\u00e1quina de limpeza ultrass\u00f4nica<\/a>. A qualidade do Gerador Ultrass\u00f4nico determina diretamente o efeito de limpeza do sistema de limpeza ultrass\u00f4nica. Os Geradores Ultrass\u00f4nicos Digitais s\u00e3o pesquisados e desenvolvidos independentemente pela Beijing Ultrasonic.<br \/>\n<img loading=\"lazy\" decoding=\"async\" class=\"alignnone wp-image-5021\" title=\"Ultrasonic Signal Generator\" src=\"https:\/\/www.bjultrasonic.com\/wp-content\/uploads\/2012\/05\/Ultrasonic-Signal-Generator.jpg\" alt=\"Ultrasonic Signal Generator\" width=\"600\" height=\"450\" \/><\/p>\n<h3>Estrutura Interna do Gerador Ultrass\u00f4nico Digital<\/h3>\n<p><img loading=\"lazy\" decoding=\"async\" src=\"https:\/\/www.bjultrasonic.com\/wp-content\/uploads\/2018\/07\/Internal-Structure-Of-Digital-Ultrasonic-Generator.png\" alt=\"Internal Structure Of Digital Ultrasonic Generator\" width=\"650\" height=\"578\" \/><\/p>\n<h3>Caracter\u00edsticas t\u00edpicas do Gerador Ultrass\u00f4nico<\/h3>\n<ul>\n<li>Controle de programa\u00e7\u00e3o por bot\u00f5es com exibi\u00e7\u00e3o digital das configura\u00e7\u00f5es, podemos ver a condi\u00e7\u00e3o de trabalho no painel de exibi\u00e7\u00e3o (como a frequ\u00eancia de trabalho, corrente de trabalho).<\/li>\n<li>Ado\u00e7\u00e3o de tecnologia de controle digital, design de circuito perfeito, estabilidade da sa\u00edda de energia.<\/li>\n<li>Prote\u00e7\u00e3o contra sobrecorrente, superaquecimento e sobretens\u00e3o.<\/li>\n<li>Circuito de alta e baixa tens\u00e3o completamente separados, seguran\u00e7a operacional.<\/li>\n<li>A Pot\u00eancia Ultrass\u00f4nica, o Temporizador e a Frequ\u00eancia podem ser ajustados conforme necess\u00e1rio para atender \u00e0 limpeza de diferentes produtos.<br \/>\n(Controle de tempo: 0-59&#8217;59&#8221;)<br \/>\n(Faixa de Controle de Pot\u00eancia: 0-100%)<\/li>\n<li>Sistema de refrigera\u00e7\u00e3o eficiente.<\/li>\n<li>Fun\u00e7\u00e3o de varredura de frequ\u00eancia.<\/li>\n<\/ul>\n<h3>V\u00eddeo do Gerador de Frequ\u00eancia Ultrass\u00f4nica<\/h3>\n<p><iframe loading=\"lazy\" title=\"Ultrasonic Signal Generator Circuit - Beijing Ultrasonic\" width=\"500\" height=\"281\" src=\"https:\/\/www.youtube.com\/embed\/A9JdQN5e5G8?feature=oembed\" frameborder=\"0\" allow=\"accelerometer; autoplay; clipboard-write; encrypted-media; gyroscope; picture-in-picture; web-share\" referrerpolicy=\"strict-origin-when-cross-origin\" allowfullscreen><\/iframe><\/p>\n","protected":false},"excerpt":{"rendered":"<p>Gerador ultrass\u00f4nico digital, tamb\u00e9m conhecido como kit gerador ultrass\u00f4nico, adota a tecnologia avan\u00e7ada de controle por microcomputador e nova geometria de circuito, permitindo ajustar a frequ\u00eancia ultrass\u00f4nica, temporizador e pot\u00eancia conforme sua necessidade.<\/p>\n","protected":false},"featured_media":19240,"comment_status":"open","ping_status":"closed","template":"","meta":[],"product_brand":[],"product_cat":[6064],"product_tag":[],"class_list":{"0":"post-69961","1":"product","2":"type-product","3":"status-publish","4":"has-post-thumbnail","6":"product_cat-ultrasonic-digital-generator-pt-pt","8":"first","9":"instock","10":"shipping-taxable","11":"purchasable","12":"product-type-simple","13":"prodpage-classic"},"aioseo_notices":[],"_links":{"self":[{"href":"https:\/\/www.bjultrasonic.com\/pt-pt\/wp-json\/wp\/v2\/product\/69961","targetHints":{"allow":["GET"]}}],"collection":[{"href":"https:\/\/www.bjultrasonic.com\/pt-pt\/wp-json\/wp\/v2\/product"}],"about":[{"href":"https:\/\/www.bjultrasonic.com\/pt-pt\/wp-json\/wp\/v2\/types\/product"}],"replies":[{"embeddable":true,"href":"https:\/\/www.bjultrasonic.com\/pt-pt\/wp-json\/wp\/v2\/comments?post=69961"}],"wp:featuredmedia":[{"embeddable":true,"href":"https:\/\/www.bjultrasonic.com\/pt-pt\/wp-json\/wp\/v2\/media\/19240"}],"wp:attachment":[{"href":"https:\/\/www.bjultrasonic.com\/pt-pt\/wp-json\/wp\/v2\/media?parent=69961"}],"wp:term":[{"taxonomy":"product_brand","embeddable":true,"href":"https:\/\/www.bjultrasonic.com\/pt-pt\/wp-json\/wp\/v2\/product_brand?post=69961"},{"taxonomy":"product_cat","embeddable":true,"href":"https:\/\/www.bjultrasonic.com\/pt-pt\/wp-json\/wp\/v2\/product_cat?post=69961"},{"taxonomy":"product_tag","embeddable":true,"href":"https:\/\/www.bjultrasonic.com\/pt-pt\/wp-json\/wp\/v2\/product_tag?post=69961"}],"curies":[{"name":"wp","href":"https:\/\/api.w.org\/{rel}","templated":true}]}}