{"id":70081,"date":"2012-05-28T22:20:51","date_gmt":"2012-05-29T03:20:51","guid":{"rendered":"https:\/\/www.bjultrasonic.com\/shop\/1800w-ultrasonic-generator\/"},"modified":"2026-03-28T20:14:08","modified_gmt":"2026-03-29T01:14:08","slug":"1800w-ultrasonic-generator","status":"publish","type":"product","link":"https:\/\/www.bjultrasonic.com\/pt-pt\/shop\/1800w-ultrasonic-generator\/","title":{"rendered":"Gerador Ultrass\u00f4nico Digital de 1800W Abaixo de 45 kHz"},"content":{"rendered":"<h3>Para entregar os produtos a tempo:<\/h3>\n<ul>\n<li>Ao fazer o pedido, por favor, informe-nos qual a tens\u00e3o (220V ou 120V) e qual a frequ\u00eancia que necessita.<\/li>\n<li>Por favor, forne\u00e7a-nos o endere\u00e7o de entrega detalhado. Inclua morada, c\u00f3digo postal e n\u00famero de telefone.<\/li>\n<li>Se o seu pedido pesar mais de 21 kg, entre em contacto connosco para obter o frete econ\u00f3mico.<\/li>\n<\/ul>\n<h3>Observa\u00e7\u00f5es<\/h3>\n<ul>\n<li>Os <a href=\"https:\/\/www.bjultrasonic.com\/pt-pt\/category\/ultrasonic-generator-pt-pt\/\">Geradores Ultrass\u00f3nicos<\/a> s\u00e3o produtos personalizados. Portanto, para o pre\u00e7o, por favor <a href=\"https:\/\/www.bjultrasonic.com\/contact\/\">contacte o nosso representante de vendas<\/a>. Responderemos em breve.<\/li>\n<li>Podemos projetar e personalizar v\u00e1rios Geradores Ultrass\u00f3nicos com base na <strong>frequ\u00eancia<\/strong> e na <strong>tens\u00e3o<\/strong>.<\/li>\n<\/ul>\n<p><img loading=\"lazy\" decoding=\"async\" class=\"alignnone wp-image-5021\" title=\"Gerador de Sinal Ultrass\u00f3nico\" src=\"https:\/\/www.bjultrasonic.com\/wp-content\/uploads\/2012\/05\/Ultrasonic-Signal-Generator.jpg\" alt=\"Gerador de Sinal Ultrass\u00f3nico\" width=\"600\" height=\"450\" \/><\/p>\n<h3>Estrutura Interna do Gerador Ultrass\u00f3nico Digital<\/h3>\n<p><img loading=\"lazy\" decoding=\"async\" src=\"https:\/\/www.bjultrasonic.com\/wp-content\/uploads\/2018\/07\/Internal-Structure-Of-Digital-Ultrasonic-Generator.png\" alt=\"Estrutura Interna do Gerador Ultrass\u00f3nico Digital\" width=\"650\" height=\"578\" \/><\/p>\n<h3>Principais par\u00e2metros t\u00e9cnicos do Gerador Ultrass\u00f3nico de 1800W<\/h3>\n<ul>\n<li><strong>Dimens\u00f5es<\/strong>: 300mm*360mm*160mm (C*L*A)<\/li>\n<li><strong>Corrente de trabalho<\/strong>: 6,5A<\/li>\n<li><strong>Tens\u00e3o de trabalho<\/strong>: 200V-240V\/50HZ, 100V-120V\/60HZ<\/li>\n<li><strong>Frequ\u00eancia<\/strong>: de 20kHz a 40kHz (por exemplo, 20kHz, 25kHz, 28kHz, 30kHz, 33kHz, 40kHz)<\/li>\n<\/ul>\n<p>O Gerador Ultrass\u00f3nico \u00e9 uma parte indispens\u00e1vel da <a href=\"https:\/\/www.bjultrasonic.com\/pt-pt\/category\/ultrasonic-cleaning-system-pt-pt\/\">m\u00e1quina de limpeza ultrass\u00f3nica<\/a>. A qualidade do Gerador Ultrass\u00f3nico determina diretamente o efeito de limpeza do sistema de limpeza ultrass\u00f3nica. O Gerador Ultrass\u00f3nico Digital foi investigado e desenvolvido autonomamente pela Beijing Ultrasonic.<\/p>\n<h3>Caracter\u00edsticas t\u00edpicas do Gerador Ultrass\u00f3nico<\/h3>\n<ul>\n<li>Controlo de programa\u00e7\u00e3o por bot\u00f5es com ecr\u00e3 digital das defini\u00e7\u00f5es, podemos ver as condi\u00e7\u00f5es de trabalho no painel de visualiza\u00e7\u00e3o (como a frequ\u00eancia de trabalho, a corrente de trabalho).<\/li>\n<li>Adopta tecnologia de controlo digital, design de circuito perfeito, estabilidade na sa\u00edda de pot\u00eancia.<\/li>\n<li>Prote\u00e7\u00e3o contra sobrecorrente, sobreaquecimento e sobretens\u00e3o.<\/li>\n<li>Circuitos de alta e baixa tens\u00e3o completamente separados, seguran\u00e7a operacional.<\/li>\n<li>A Pot\u00eancia Ultrass\u00f3nica, o Temporizador e a Frequ\u00eancia podem ser ajustados conforme necess\u00e1rio para atender \u00e0 limpeza de diferentes produtos.<br \/>\n(Controlo de tempo: 0-59&#8217;59&#8221;)<br \/>\n(Intervalo de Controlo de Pot\u00eancia: 0-100%)<\/li>\n<li>Sistema de arrefecimento eficiente.<\/li>\n<li>Fun\u00e7\u00e3o de varrimento de frequ\u00eancia.<\/li>\n<\/ul>\n<h3>V\u00eddeo do Gerador de Frequ\u00eancia Ultrass\u00f3nica | Gerador de Sinal Ultrass\u00f3nico | Gerador de Ondas Ultrass\u00f3nicas<\/h3>\n<p><iframe loading=\"lazy\" title=\"Ultrasonic Signal Generator Circuit - Beijing Ultrasonic\" width=\"500\" height=\"281\" src=\"https:\/\/www.youtube.com\/embed\/A9JdQN5e5G8?feature=oembed\" frameborder=\"0\" allow=\"accelerometer; autoplay; clipboard-write; encrypted-media; gyroscope; picture-in-picture; web-share\" referrerpolicy=\"strict-origin-when-cross-origin\" allowfullscreen><\/iframe><\/p>\n<h3>Esquema do Gerador Ultrass\u00f3nico<\/h3>\n<div id=\"attachment_1253\" style=\"width: 640px\" class=\"wp-caption alignnone\"><a href=\"https:\/\/www.bjultrasonic.com\/wp-content\/uploads\/2012\/07\/Ultrasonic-Generator-Schematic.jpg\" data-lightbox=\"image\"><img loading=\"lazy\" decoding=\"async\" aria-describedby=\"caption-attachment-1253\" title=\"Esquema do Gerador Ultrass\u00f3nico\" src=\"\/\/www.bjultrasonic.com\/wp-content\/uploads\/2012\/07\/Ultrasonic-Generator-Schematic.jpg\" alt=\"Esquema do Gerador Ultrass\u00f3nico\" width=\"630\" height=\"266\" \/><\/a><p id=\"caption-attachment-1253\" class=\"wp-caption-text\">Esquema do Gerador Ultrass\u00f3nico<\/p><\/div>\n","protected":false},"excerpt":{"rendered":"<p>Gerador ultrass\u00f4nico digital, tamb\u00e9m conhecido como kit gerador ultrass\u00f4nico, adota a avan\u00e7ada tecnologia de controle por microcomputador e nova geometria de circuito, permitindo ajustar a frequ\u00eancia ultrass\u00f4nica, temporizador e pot\u00eancia de acordo com suas necessidades.<\/p>\n","protected":false},"featured_media":19246,"comment_status":"open","ping_status":"closed","template":"","meta":[],"product_brand":[],"product_cat":[6064],"product_tag":[],"class_list":{"0":"post-70081","1":"product","2":"type-product","3":"status-publish","4":"has-post-thumbnail","6":"product_cat-ultrasonic-digital-generator-pt-pt","8":"first","9":"instock","10":"shipping-taxable","11":"purchasable","12":"product-type-simple","13":"prodpage-classic"},"aioseo_notices":[],"_links":{"self":[{"href":"https:\/\/www.bjultrasonic.com\/pt-pt\/wp-json\/wp\/v2\/product\/70081","targetHints":{"allow":["GET"]}}],"collection":[{"href":"https:\/\/www.bjultrasonic.com\/pt-pt\/wp-json\/wp\/v2\/product"}],"about":[{"href":"https:\/\/www.bjultrasonic.com\/pt-pt\/wp-json\/wp\/v2\/types\/product"}],"replies":[{"embeddable":true,"href":"https:\/\/www.bjultrasonic.com\/pt-pt\/wp-json\/wp\/v2\/comments?post=70081"}],"wp:featuredmedia":[{"embeddable":true,"href":"https:\/\/www.bjultrasonic.com\/pt-pt\/wp-json\/wp\/v2\/media\/19246"}],"wp:attachment":[{"href":"https:\/\/www.bjultrasonic.com\/pt-pt\/wp-json\/wp\/v2\/media?parent=70081"}],"wp:term":[{"taxonomy":"product_brand","embeddable":true,"href":"https:\/\/www.bjultrasonic.com\/pt-pt\/wp-json\/wp\/v2\/product_brand?post=70081"},{"taxonomy":"product_cat","embeddable":true,"href":"https:\/\/www.bjultrasonic.com\/pt-pt\/wp-json\/wp\/v2\/product_cat?post=70081"},{"taxonomy":"product_tag","embeddable":true,"href":"https:\/\/www.bjultrasonic.com\/pt-pt\/wp-json\/wp\/v2\/product_tag?post=70081"}],"curies":[{"name":"wp","href":"https:\/\/api.w.org\/{rel}","templated":true}]}}