{"id":70281,"date":"2012-04-30T02:47:05","date_gmt":"2012-04-30T07:47:05","guid":{"rendered":"https:\/\/www.bjultrasonic.com\/shop\/6l-digital-ultrasonic-cleaner-with-timer-and-heating\/"},"modified":"2026-03-28T20:12:19","modified_gmt":"2026-03-29T01:12:19","slug":"6l-digital-ultrasonic-cleaner-with-timer-and-heating","status":"publish","type":"product","link":"https:\/\/www.bjultrasonic.com\/pt-pt\/shop\/6l-digital-ultrasonic-cleaner-with-timer-and-heating\/","title":{"rendered":"6L Limpador Ultrass\u00f4nico Digital com Temporizador e Aquecedor"},"content":{"rendered":"<h2>Especifica\u00e7\u00f5es do Limpador Ultrass\u00f4nico Digital de 6L com Temporizador e Aquecedor<\/h2>\n<table class=\"table table-striped table-bordered\"   id=\"wp-table-reloaded-id-91-no-1\">\n<tbody>\n<tr>\n<td>Tipo<\/td>\n<td>BJUCDTH6<\/td>\n<\/tr>\n<tr>\n<td>Capacidade do tanque<\/td>\n<td>6L<\/td>\n<\/tr>\n<tr>\n<td>Pot\u00eancia<\/td>\n<td>180W<\/td>\n<\/tr>\n<tr>\n<td>Frequ\u00eancia<\/td>\n<td>40khz<\/td>\n<\/tr>\n<tr>\n<td>Tamanho do tanque (mm)<\/td>\n<td>300*155*150 (C*L*A)<\/td>\n<\/tr>\n<tr>\n<td>Tamanho da m\u00e1quina (mm)<\/td>\n<td>330*180*310 (C*L*A)<\/td>\n<\/tr>\n<tr>\n<td>Tens\u00e3o<\/td>\n<td>110VAC\u2014240VAC<\/td>\n<\/tr>\n<tr>\n<td>Fun\u00e7\u00f5es<\/td>\n<td>Temporizador (1-99 mins), Aquecimento (0-80\u2103)<\/td>\n<\/tr>\n<tr>\n<td>Cesto<\/td>\n<td>Cesto em a\u00e7o inoxid\u00e1vel<\/td>\n<\/tr>\n<tr>\n<td>Peso da unidade<\/td>\n<td>7.6kg<\/td>\n<\/tr>\n<\/tbody>\n<\/table>\n<h3>Descri\u00e7\u00e3o do Limpador Ultrass\u00f4nico Digital<\/h3>\n<ul>\n<li>A m\u00e1quina de limpeza ultrass\u00f4nica completa \u00e9 toda em estrutura de a\u00e7o inoxid\u00e1vel, est\u00e9tica e pr\u00e1tica.<\/li>\n<li>Utiliza transdutor ultrass\u00f4nico de Alto Q. Pot\u00eancia forte.<\/li>\n<li>Alta qualidade do processo de liga\u00e7\u00e3o. O transdutor ultrass\u00f4nico \u00e9 fixado usando cola ep\u00f3xi.<\/li>\n<li>Aquecedor de alta efici\u00eancia, configurado com sistema digital independente de vis\u00e3o e controle de temperatura para cada tanque e dispositivo de aquecimento com controle autom\u00e1tico de temperatura.<\/li>\n<li>O tempo e o Aquecimento podem ser ajustados conforme necess\u00e1rio.<\/li>\n<\/ul>\n<h3>V\u00eddeo do Limpador Ultrass\u00f4nico Digital com Temporizador e Aquecedor<\/h3>\n<p><iframe loading=\"lazy\" title=\"Digital Ultrasonic Cleaner with Timer and Heater\" width=\"500\" height=\"281\" src=\"https:\/\/www.youtube.com\/embed\/SdW_EZ2X140?feature=oembed\" frameborder=\"0\" allow=\"accelerometer; autoplay; clipboard-write; encrypted-media; gyroscope; picture-in-picture; web-share\" referrerpolicy=\"strict-origin-when-cross-origin\" allowfullscreen><\/iframe><\/p>\n<h3>\u00a0Aplica\u00e7\u00e3o do Limpador Ultrass\u00f4nico<\/h3>\n<ul>\n<li><strong>Ind\u00fastria Mec\u00e2nica<\/strong>: remo\u00e7\u00e3o de \u00f3leo anticorrosivo; Limpeza de instrumentos de medi\u00e7\u00e3o; Limpeza de pe\u00e7as mec\u00e2nicas, motor, carburador e pe\u00e7as automotivas;<\/li>\n<li><strong>Ind\u00fastria de Tratamento de Superf\u00edcie<\/strong>: remo\u00e7\u00e3o de \u00f3leo e ferrugem antes da galvaniza\u00e7\u00e3o; Limpeza antes de deposi\u00e7\u00e3o i\u00f4nica; Tratamento com f\u00f3sforo; Remo\u00e7\u00e3o de carbono; Remo\u00e7\u00e3o de carepa; Remo\u00e7\u00e3o de composto de polimento; Tratamento de ativa\u00e7\u00e3o da superf\u00edcie met\u00e1lica da pe\u00e7a, etc.<\/li>\n<li><strong>Ind\u00fastria de Instrumentos<\/strong>: limpeza de alta limpeza de pe\u00e7as de precis\u00e3o antes da montagem.<\/li>\n<li><strong>Ind\u00fastria Eletr\u00f4nica<\/strong>: remo\u00e7\u00e3o de colof\u00f3nia em placas de circuito impresso, pontos de solda; Limpeza de contatos de alta tens\u00e3o e outros componentes mec\u00e2nicos e eletr\u00f4nicos, etc.<\/li>\n<li><strong>Ind\u00fastria M\u00e9dica<\/strong>: limpeza e desinfec\u00e7\u00e3o, esteriliza\u00e7\u00e3o de equipamentos m\u00e9dicos, limpeza de recipientes de laborat\u00f3rio, etc.<\/li>\n<li><strong>Ind\u00fastria de Semicondutores<\/strong>: limpeza de alta limpeza de wafers de semicondutor.<\/li>\n<li><strong>Ind\u00fastria de Relojoaria e Joalheria<\/strong>: remo\u00e7\u00e3o de \u00f3leo, sujeira, camada de oxida\u00e7\u00e3o, composto de polimento, etc.<\/li>\n<li><strong>Ind\u00fastria Qu\u00edmica e Biol\u00f3gica<\/strong>: Limpeza de recipientes de laborat\u00f3rio.<\/li>\n<li>\u00a0<strong>Ind\u00fastria \u00d3ptica<\/strong>: remo\u00e7\u00e3o de \u00f3leo de dispositivos \u00f3pticos, al\u00e9m de suor, fuligem, etc.<\/li>\n<li>\u00a0<strong>Ind\u00fastria T\u00eaxtil e de Estamparia<\/strong>: limpeza de fusos t\u00eaxteis, fieiras, etc.<\/li>\n<li>\u00a0<strong>Ind\u00fastria Petroqu\u00edmica<\/strong>: limpeza e desobstru\u00e7\u00e3o de telas met\u00e1licas, limpeza de recipientes qu\u00edmicos, v\u00e1lvulas, etc.<\/li>\n<\/ul>\n<h3>Pagamento<\/h3>\n<p>Aceitamos paypal, T\/T &#038; Western Union atualmente.<\/p>\n<h3 class=\"shipping-methods\">Envio<\/h3>\n<p>As mercadorias ser\u00e3o enviadas dentro de 48 horas ap\u00f3s o recebimento do pagamento integral.<\/p>\n<ul>\n<li>Enviamos as mercadorias para o endere\u00e7o fornecido no pagamento PayPal. Por favor, certifique-se de que o endere\u00e7o no PayPal est\u00e1 correto.<\/li>\n<li>forneceremos o n\u00famero de rastreamento ap\u00f3s o envio das mercadorias. Em geral, voc\u00ea receber\u00e1 as mercadorias em at\u00e9 cinco dias.<\/li>\n<li>Se tiver alguma d\u00favida, por favor, entre em contato conosco por e-mail (nosso endere\u00e7o de e-mail \u00e9 <a href=\"mailto:support@bjultrasonic.com\">support@bjultrasonic.com<\/a>)<\/li>\n<\/ul>\n<h3>Garantia do Produto<\/h3>\n<p>O per\u00edodo de garantia do produto \u00e9 de um ano. Dentro do per\u00edodo de garantia, os produtos adquiridos podem usufruir de manuten\u00e7\u00e3o ou troca gratuitas.<\/p>\n","protected":false},"excerpt":{"rendered":"<p><a href=\"https:\/\/www.bjultrasonic.com\/pt-pt\/category\/ultrasonic-cleaning-system-pt-pt\/digital-ultrasonic-cleaner-pt-pt\/\">Limpeza ultrass\u00f4nica digital<\/a> \u00e9 amplamente utilizada para limpar joias, rel\u00f3gios, colares, brincos, an\u00e9is, pulseiras, moedas, pulseiras de rel\u00f3gio, \u00f3culos, \u00f3culos de sol, acess\u00f3rios de lentes de contato, dentaduras, pentes, escovas de dentes, utens\u00edlios de mesa e muito mais.<\/p>\n","protected":false},"featured_media":1111,"comment_status":"open","ping_status":"closed","template":"","meta":[],"product_brand":[],"product_cat":[5833],"product_tag":[],"class_list":{"0":"post-70281","1":"product","2":"type-product","3":"status-publish","4":"has-post-thumbnail","6":"product_cat-digital-ultrasonic-cleaner-pt-pt","8":"first","9":"outofstock","10":"shipping-taxable","11":"purchasable","12":"product-type-simple","13":"prodpage-classic"},"aioseo_notices":[],"_links":{"self":[{"href":"https:\/\/www.bjultrasonic.com\/pt-pt\/wp-json\/wp\/v2\/product\/70281","targetHints":{"allow":["GET"]}}],"collection":[{"href":"https:\/\/www.bjultrasonic.com\/pt-pt\/wp-json\/wp\/v2\/product"}],"about":[{"href":"https:\/\/www.bjultrasonic.com\/pt-pt\/wp-json\/wp\/v2\/types\/product"}],"replies":[{"embeddable":true,"href":"https:\/\/www.bjultrasonic.com\/pt-pt\/wp-json\/wp\/v2\/comments?post=70281"}],"wp:featuredmedia":[{"embeddable":true,"href":"https:\/\/www.bjultrasonic.com\/pt-pt\/wp-json\/wp\/v2\/media\/1111"}],"wp:attachment":[{"href":"https:\/\/www.bjultrasonic.com\/pt-pt\/wp-json\/wp\/v2\/media?parent=70281"}],"wp:term":[{"taxonomy":"product_brand","embeddable":true,"href":"https:\/\/www.bjultrasonic.com\/pt-pt\/wp-json\/wp\/v2\/product_brand?post=70281"},{"taxonomy":"product_cat","embeddable":true,"href":"https:\/\/www.bjultrasonic.com\/pt-pt\/wp-json\/wp\/v2\/product_cat?post=70281"},{"taxonomy":"product_tag","embeddable":true,"href":"https:\/\/www.bjultrasonic.com\/pt-pt\/wp-json\/wp\/v2\/product_tag?post=70281"}],"curies":[{"name":"wp","href":"https:\/\/api.w.org\/{rel}","templated":true}]}}