{"id":70561,"date":"2012-04-29T07:22:45","date_gmt":"2012-04-29T12:22:45","guid":{"rendered":"https:\/\/www.bjultrasonic.com\/shop\/0-4l-digital-ultrasonic-cleaner-with-timer\/"},"modified":"2026-03-28T20:09:57","modified_gmt":"2026-03-29T01:09:57","slug":"0-4l-digital-ultrasonic-cleaner-with-timer","status":"publish","type":"product","link":"https:\/\/www.bjultrasonic.com\/pt-pt\/shop\/0-4l-digital-ultrasonic-cleaner-with-timer\/","title":{"rendered":"0.4L Limpador Ultrass\u00f4nico Digital com Temporizador"},"content":{"rendered":"<h2>Especifica\u00e7\u00f5es do Limpador Ultrass\u00f4nico Digital de 0.4L com Temporizador<\/h2>\n<table class=\"table table-striped table-bordered\"   id=\"wp-table-reloaded-id-77-no-1\">\n<tbody>\n<tr>\n<td>Tipo<\/td>\n<td>BJUCDT0.4<\/td>\n<\/tr>\n<tr>\n<td>Capacidade do tanque<\/td>\n<td>0.4L<\/td>\n<\/tr>\n<tr>\n<td>Pot\u00eancia<\/td>\n<td>35W<\/td>\n<\/tr>\n<tr>\n<td>Frequ\u00eancia<\/td>\n<td>40khz<\/td>\n<\/tr>\n<tr>\n<td>Dimens\u00f5es do tanque (mm)<\/td>\n<td>155 x 80x 40mm (C*L*A)<\/td>\n<\/tr>\n<tr>\n<td>Dimens\u00f5es da m\u00e1quina (mm)<\/td>\n<td>205*115*90mm<\/td>\n<\/tr>\n<tr>\n<td>Tens\u00e3o<\/td>\n<td>220V\/110v<\/td>\n<\/tr>\n<tr>\n<td>Fun\u00e7\u00f5es<\/td>\n<td>Temporizador (0-3min)<\/td>\n<\/tr>\n<tr>\n<td>Peso da unidade<\/td>\n<td>0.8kg<\/td>\n<\/tr>\n<\/tbody>\n<\/table>\n<h3>Observa\u00e7\u00f5es<\/h3>\n<p>Por favor, informe-nos qual tens\u00e3o voc\u00ea precisa ao fazer o pedido<\/p>\n<h3>Descri\u00e7\u00e3o do Limpador Ultrass\u00f4nico Digital<\/h3>\n<ul>\n<li>Utiliza transdutor ultrass\u00f4nico de Alta Q. Pot\u00eancia forte.<\/li>\n<li>Alta qualidade no processo de ades\u00e3o. O transdutor ultrass\u00f4nico \u00e9 fixado utilizando cola ep\u00f3xi.<\/li>\n<li>O tempo pode ser ajustado conforme necess\u00e1rio entre 0-3min.<\/li>\n<\/ul>\n<p><iframe loading=\"lazy\" title=\"How to Use an Ultrasonic Cleaner - Beijing Ultrasonic\" width=\"500\" height=\"281\" src=\"https:\/\/www.youtube.com\/embed\/YTCghUcjfyU?feature=oembed\" frameborder=\"0\" allow=\"accelerometer; autoplay; clipboard-write; encrypted-media; gyroscope; picture-in-picture; web-share\" referrerpolicy=\"strict-origin-when-cross-origin\" allowfullscreen><\/iframe><\/p>\n<h3>Aplica\u00e7\u00e3o do Limpador Ultrass\u00f4nico<\/h3>\n<ul>\n<li>Limpeza de Joias e Rel\u00f3gios, Colares, Brincos, An\u00e9is, Pulseiras, Moedas, Pulseiras e Correias de Rel\u00f3gio, etc.<\/li>\n<li>Limpeza de Artigos para Cuidados Oculares: \u00d3culos, \u00d3culos de Sol, Acess\u00f3rios para Lentes de Contato.<\/li>\n<li>Limpeza de Cuidados Pessoais Di\u00e1rios: Dentaduras, Pentes, Escovas de Dente, Talheres.<\/li>\n<\/ul>\n<h3>Pagamento<\/h3>\n<p>Aceitamos PayPal, T\/T e Western Union atualmente.<\/p>\n<h3 class=\"shipping-methods\">Envio<\/h3>\n<p>As mercadorias ser\u00e3o enviadas em at\u00e9 48 horas ap\u00f3s o recebimento do pagamento integral.<\/p>\n<ul>\n<li>Enviamos as mercadorias para o endere\u00e7o fornecido no pagamento PayPal. Por favor, certifique-se de que o endere\u00e7o no PayPal est\u00e1 correto.<\/li>\n<li>forneceremos o n\u00famero de rastreamento ap\u00f3s o envio das mercadorias; geralmente, voc\u00ea receber\u00e1 os produtos em at\u00e9 cinco dias.<\/li>\n<li>Se tiver alguma d\u00favida, por favor, entre em contato conosco por e-mail (nosso endere\u00e7o de e-mail \u00e9 <a href=\"mailto:support@bjultrasonic.com\">support@bjultrasonic.com<\/a>)<\/li>\n<\/ul>\n<h3>Garantia do Produto<\/h3>\n<p>O per\u00edodo de garantia do produto \u00e9 de um ano. Durante o per\u00edodo de garantia, os produtos adquiridos podem usufruir de manuten\u00e7\u00e3o ou troca gratuita.<\/p>\n","protected":false},"excerpt":{"rendered":"<p><a href=\"https:\/\/www.bjultrasonic.com\/pt-pt\/category\/ultrasonic-cleaning-system-pt-pt\/digital-ultrasonic-cleaner-pt-pt\/\">Limpeza ultrass\u00f4nica digital<\/a> \u00e9 amplamente utilizada para limpar joias, rel\u00f3gios, colares, brincos, an\u00e9is, pulseiras, moedas, pulseiras de rel\u00f3gio, \u00f3culos, \u00f3culos de sol, acess\u00f3rios de lentes de contato, dentaduras, pentes, escovas de dentes, utens\u00edlios de mesa e muito mais.<\/p>\n","protected":false},"featured_media":1036,"comment_status":"open","ping_status":"closed","template":"","meta":[],"product_brand":[],"product_cat":[5833],"product_tag":[],"class_list":{"0":"post-70561","1":"product","2":"type-product","3":"status-publish","4":"has-post-thumbnail","6":"product_cat-digital-ultrasonic-cleaner-pt-pt","8":"first","9":"outofstock","10":"shipping-taxable","11":"purchasable","12":"product-type-simple","13":"prodpage-classic"},"aioseo_notices":[],"_links":{"self":[{"href":"https:\/\/www.bjultrasonic.com\/pt-pt\/wp-json\/wp\/v2\/product\/70561","targetHints":{"allow":["GET"]}}],"collection":[{"href":"https:\/\/www.bjultrasonic.com\/pt-pt\/wp-json\/wp\/v2\/product"}],"about":[{"href":"https:\/\/www.bjultrasonic.com\/pt-pt\/wp-json\/wp\/v2\/types\/product"}],"replies":[{"embeddable":true,"href":"https:\/\/www.bjultrasonic.com\/pt-pt\/wp-json\/wp\/v2\/comments?post=70561"}],"wp:featuredmedia":[{"embeddable":true,"href":"https:\/\/www.bjultrasonic.com\/pt-pt\/wp-json\/wp\/v2\/media\/1036"}],"wp:attachment":[{"href":"https:\/\/www.bjultrasonic.com\/pt-pt\/wp-json\/wp\/v2\/media?parent=70561"}],"wp:term":[{"taxonomy":"product_brand","embeddable":true,"href":"https:\/\/www.bjultrasonic.com\/pt-pt\/wp-json\/wp\/v2\/product_brand?post=70561"},{"taxonomy":"product_cat","embeddable":true,"href":"https:\/\/www.bjultrasonic.com\/pt-pt\/wp-json\/wp\/v2\/product_cat?post=70561"},{"taxonomy":"product_tag","embeddable":true,"href":"https:\/\/www.bjultrasonic.com\/pt-pt\/wp-json\/wp\/v2\/product_tag?post=70561"}],"curies":[{"name":"wp","href":"https:\/\/api.w.org\/{rel}","templated":true}]}}