{"id":70621,"date":"2012-04-29T00:28:04","date_gmt":"2012-04-29T05:28:04","guid":{"rendered":"https:\/\/www.bjultrasonic.com\/shop\/1200w-ultrasonic-cleaner\/"},"modified":"2026-03-28T20:09:07","modified_gmt":"2026-03-29T01:09:07","slug":"1200w-ultrasonic-cleaner","status":"publish","type":"product","link":"https:\/\/www.bjultrasonic.com\/pt-pt\/shop\/1200w-ultrasonic-cleaner\/","title":{"rendered":"M\u00e1quina de Limpeza Ultrass\u00f4nica Industrial de 1200W"},"content":{"rendered":"<h2>Especifica\u00e7\u00f5es do Limpador Ultrass\u00f4nico de 1200W<\/h2>\n<table class=\"table table-striped table-bordered\"   id=\"wp-table-reloaded-id-74-no-1\">\n<tbody>\n<tr>\n<td>Tipo<\/td>\n<td>BJUC1200<\/td>\n<\/tr>\n<tr>\n<td>Pot\u00eancia Ultrass\u00f4nica<\/td>\n<td>1200w<\/td>\n<\/tr>\n<tr>\n<td>Pot\u00eancia de Aquecimento<\/td>\n<td>4000W<\/td>\n<\/tr>\n<tr>\n<td>Frequ\u00eancia<\/td>\n<td>40khz\/28khz<\/td>\n<\/tr>\n<tr>\n<td>Tamanho do Tanque (mm)<\/td>\n<td>580 \u00d7 380\u00d7 350(L*W*H)<\/td>\n<\/tr>\n<tr>\n<td>Tamanho da M\u00e1quina<\/td>\n<td>740 \u00d7 550 \u00d7 675(L*W*H)<\/td>\n<\/tr>\n<tr>\n<td>Voltagem<\/td>\n<td>220V\/380V<\/td>\n<\/tr>\n<tr>\n<td>Fun\u00e7\u00f5es<\/td>\n<td>Temporizador, Aquecimento<\/td>\n<\/tr>\n<tr>\n<td>Cesto<\/td>\n<td>Cesto de a\u00e7o inoxid\u00e1vel<\/td>\n<\/tr>\n<\/tbody>\n<\/table>\n<h3>Observa\u00e7\u00f5es<\/h3>\n<ul>\n<li>As M\u00e1quinas de Limpeza Ultrass\u00f4nica de 1200w s\u00e3o produtos personalizados. Portanto, para o pre\u00e7o, entre em contato com nosso Representante de Vendas ( <a href=\"https:\/\/www.bjultrasonic.com\/contact\/\" target=\"_blank\" rel=\"noopener\">Formul\u00e1rio de Contato<\/a>). Responderemos em breve.<\/li>\n<li>Podemos projetar e personalizar v\u00e1rias M\u00e1quinas de Limpeza Ultrass\u00f4nica com base nos requisitos.<\/li>\n<\/ul>\n<h3>As caracter\u00edsticas t\u00edpicas deste tipo de M\u00e1quina de Limpeza Ultrass\u00f4nica<\/h3>\n<ul>\n<li>Uso de placa e componentes de a\u00e7o inoxid\u00e1vel de alta qualidade: totalmente em a\u00e7o inoxid\u00e1vel, apar\u00eancia bonita e dur\u00e1vel.<\/li>\n<li>Dispositivo de aquecimento e controle de temperatura, faixa de temperatura de 10 ~ 100 \u2103.<\/li>\n<li>Adota transdutor de alta qualidade, forte sa\u00edda de pot\u00eancia ultrass\u00f4nica.<\/li>\n<li>Tanque de limpeza e gerador adotam design de estilo de fiss\u00e3o, f\u00e1cil de usar.<\/li>\n<li>Usando novo circuito, a pot\u00eancia e o temporizador do gerador podem ser ajustados.<\/li>\n<li>Os modos de vibra\u00e7\u00e3o ultrass\u00f4nica t\u00eam vibra\u00e7\u00e3o de fundo e lateral, adequados para v\u00e1rias necessidades.<\/li>\n<\/ul>\n<h3>Tanque de Limpeza Ultrass\u00f4nica &amp; Gerador Ultrass\u00f4nico para Tanque de Limpeza<\/h3>\n<p><iframe loading=\"lazy\" title=\"Ultrasonic Cleaning Tank for Sale\" width=\"500\" height=\"281\" src=\"https:\/\/www.youtube.com\/embed\/tMUV4LCcNvA?feature=oembed\" frameborder=\"0\" allow=\"accelerometer; autoplay; clipboard-write; encrypted-media; gyroscope; picture-in-picture; web-share\" referrerpolicy=\"strict-origin-when-cross-origin\" allowfullscreen><\/iframe><\/p>\n<h3>Aplica\u00e7\u00e3o da M\u00e1quina de Limpeza Ultrass\u00f4nica<\/h3>\n<ul>\n<li><strong>Ind\u00fastria Mec\u00e2nica<\/strong>: remo\u00e7\u00e3o de \u00f3leo anticorrosivo; Limpeza de ferramentas de medi\u00e7\u00e3o; Pe\u00e7as mec\u00e2nicas, motor, carburador e limpeza de pe\u00e7as automotivas;<\/li>\n<li><strong>Ind\u00fastria de Tratamento de Superf\u00edcie<\/strong>: antes da galvaniza\u00e7\u00e3o, remo\u00e7\u00e3o de \u00f3leo ou remo\u00e7\u00e3o de ferrugem; Limpeza antes da deposi\u00e7\u00e3o i\u00f4nica; Tratamento de fosfata\u00e7\u00e3o; Remo\u00e7\u00e3o de carbono; Remo\u00e7\u00e3o de casca de \u00f3xido; Remo\u00e7\u00e3o de composto de polimento; Tratamento de ativa\u00e7\u00e3o da superf\u00edcie met\u00e1lica da pe\u00e7a, etc.<\/li>\n<li><strong>Ind\u00fastria de Instrumentos<\/strong>: limpeza de alta limpeza de pe\u00e7as de precis\u00e3o antes da montagem.<\/li>\n<li><strong>Ind\u00fastria Eletr\u00f4nica<\/strong>: placa de circuito impresso, exceto colof\u00f3nia, ponto de solda; Contatos de alta tens\u00e3o e limpeza de outros componentes mec\u00e2nicos e eletr\u00f4nicos, etc.<\/li>\n<li><strong>Ind\u00fastria M\u00e9dica<\/strong>: limpeza e desinfec\u00e7\u00e3o de equipamentos m\u00e9dicos, esteriliza\u00e7\u00e3o, limpeza de recipientes de experimento, etc.<\/li>\n<li><strong>Ind\u00fastria de Semicondutores<\/strong>: limpeza de alta limpeza de wafer de semicondutor.<\/li>\n<li><strong>Ind\u00fastria de Relojoaria e Joalheria<\/strong>: remo\u00e7\u00e3o de \u00f3leo, sujeira, camada de oxida\u00e7\u00e3o, composto de polimento, etc.<\/li>\n<li><strong>Ind\u00fastria Qu\u00edmica, Biol\u00f3gica<\/strong>: Limpeza de recipientes de experimento.<\/li>\n<li><strong>Ind\u00fastria \u00d3ptica<\/strong>: remo\u00e7\u00e3o de \u00f3leo de dispositivos \u00f3pticos, al\u00e9m de suor, cinzas, etc.<\/li>\n<li><strong>Ind\u00fastria T\u00eaxtil e de Impress\u00e3o<\/strong>: limpeza de fusos t\u00eaxteis, fieira, etc.<\/li>\n<li><strong>Ind\u00fastria Petroqu\u00edmica<\/strong>: limpeza e desobstru\u00e7\u00e3o de telas met\u00e1licas, limpeza de recipientes qu\u00edmicos, v\u00e1lvulas, etc.<\/li>\n<\/ul>\n<p><img loading=\"lazy\" decoding=\"async\" class=\"alignnone size-full wp-image-1011\" title=\"300W Ultrasonic Cleaner\" alt=\"300W Ultrasonic Cleaner\" src=\"\/\/www.bjultrasonic.com\/wp-content\/uploads\/2012\/04\/201242911111.jpg\" width=\"456\" height=\"269\" \/><\/p>\n<h3>Pagamento<\/h3>\n<p>Atualmente, aceitamos apenas pagamentos via <strong>Paypal<\/strong>, <strong>T\/T<\/strong> e <strong>Western Union<\/strong>.<\/p>\n<h3 class=\"shipping-methods\">Envio<\/h3>\n<p>As mercadorias ser\u00e3o enviadas dentro de 48 horas ap\u00f3s o recebimento do pagamento integral.<\/p>\n<ul>\n<li>Enviamos as mercadorias para o endere\u00e7o fornecido no pagamento do PayPal. Certifique-se de que o endere\u00e7o no PayPal est\u00e1 correto.<\/li>\n<li>forneceremos o n\u00famero de rastreamento ap\u00f3s enviarmos as mercadorias; geralmente, voc\u00ea receber\u00e1 as mercadorias em at\u00e9 cinco dias.<\/li>\n<li>Se tiver alguma d\u00favida, entre em contato conosco por e-mail (nosso endere\u00e7o de e-mail \u00e9 <a href=\"mailto:support@bjultrasonic.com\">support@bjultrasonic.com<\/a>)<\/li>\n<\/ul>\n<h3 align=\"left\">Garantia do Produto<\/h3>\n<p>O per\u00edodo de garantia do produto \u00e9 de um ano. Dentro do per\u00edodo de garantia, os produtos adquiridos podem desfrutar de manuten\u00e7\u00e3o gratuita ou troca.<\/p>\n","protected":false},"excerpt":{"rendered":"<p><a href=\"https:\/\/www.bjultrasonic.com\/pt-pt\/category\/ultrasonic-cleaning-system-pt-pt\/big-ultrasonic-cleaning-machine-pt-pt\/\">Limpeza por ultrassom industrial<\/a> fabricada pela Beijing Ultrasonic. Podemos projetar e personalizar v\u00e1rias <a href=\"https:\/\/www.bjultrasonic.com\/pt-pt\/category\/ultrasonic-cleaning-system-pt-pt\/big-ultrasonic-cleaning-machine-pt-pt\/\">m\u00e1quinas de limpeza por ultrassom industriais<\/a> conforme necess\u00e1rio.<\/p>\n","protected":false},"featured_media":23721,"comment_status":"open","ping_status":"closed","template":"","meta":[],"product_brand":[],"product_cat":[5963],"product_tag":[],"class_list":{"0":"post-70621","1":"product","2":"type-product","3":"status-publish","4":"has-post-thumbnail","6":"product_cat-big-ultrasonic-cleaning-machine-pt-pt","8":"first","9":"instock","10":"shipping-taxable","11":"product-type-external","12":"prodpage-classic"},"aioseo_notices":[],"_links":{"self":[{"href":"https:\/\/www.bjultrasonic.com\/pt-pt\/wp-json\/wp\/v2\/product\/70621","targetHints":{"allow":["GET"]}}],"collection":[{"href":"https:\/\/www.bjultrasonic.com\/pt-pt\/wp-json\/wp\/v2\/product"}],"about":[{"href":"https:\/\/www.bjultrasonic.com\/pt-pt\/wp-json\/wp\/v2\/types\/product"}],"replies":[{"embeddable":true,"href":"https:\/\/www.bjultrasonic.com\/pt-pt\/wp-json\/wp\/v2\/comments?post=70621"}],"wp:featuredmedia":[{"embeddable":true,"href":"https:\/\/www.bjultrasonic.com\/pt-pt\/wp-json\/wp\/v2\/media\/23721"}],"wp:attachment":[{"href":"https:\/\/www.bjultrasonic.com\/pt-pt\/wp-json\/wp\/v2\/media?parent=70621"}],"wp:term":[{"taxonomy":"product_brand","embeddable":true,"href":"https:\/\/www.bjultrasonic.com\/pt-pt\/wp-json\/wp\/v2\/product_brand?post=70621"},{"taxonomy":"product_cat","embeddable":true,"href":"https:\/\/www.bjultrasonic.com\/pt-pt\/wp-json\/wp\/v2\/product_cat?post=70621"},{"taxonomy":"product_tag","embeddable":true,"href":"https:\/\/www.bjultrasonic.com\/pt-pt\/wp-json\/wp\/v2\/product_tag?post=70621"}],"curies":[{"name":"wp","href":"https:\/\/api.w.org\/{rel}","templated":true}]}}