{"id":71241,"date":"2012-04-27T03:55:29","date_gmt":"2012-04-27T08:55:29","guid":{"rendered":"https:\/\/www.bjultrasonic.com\/shop\/900w-ultrasonic-immersible-transducer\/"},"modified":"2026-03-28T20:03:38","modified_gmt":"2026-03-29T01:03:38","slug":"900w-ultrasonic-immersible-transducer","status":"publish","type":"product","link":"https:\/\/www.bjultrasonic.com\/pt-pt\/shop\/900w-ultrasonic-immersible-transducer\/","title":{"rendered":"Limpeza ultrass\u00f3nica submers\u00edvel de instala\u00e7\u00e3o f\u00e1cil 900W"},"content":{"rendered":"<ul>\n<li><strong>Pot\u00eancia<\/strong>: 900w (inclui 15 pe\u00e7as de 60w <a href=\"https:\/\/www.bjultrasonic.com\/pt-pt\/category\/ultrasonic-transducer-pt-pt\/\">transdutores de limpeza ultrass\u00f4nica<\/a>)<\/li>\n<li><strong>Tamanho<\/strong>: 400*300*100mm L*W*H<\/li>\n<li><strong>Material<\/strong>: A\u00e7o inoxid\u00e1vel 304.<\/li>\n<li>Superf\u00edcie de vibra\u00e7\u00e3o cromada dura.<\/li>\n<li><strong>Frequ\u00eancia<\/strong>: 25khz, 28khz ou 40khz, se precisar de outra frequ\u00eancia, entre em contato conosco.<\/li>\n<\/ul>\n<p><img loading=\"lazy\" decoding=\"async\" src=\"https:\/\/www.bjultrasonic.com\/wp-content\/uploads\/2018\/08\/Waterproof-ultrasonic-immersible-transducers.jpg\" alt=\"\" width=\"600\" height=\"600\" \/><\/p>\n<h3>Observa\u00e7\u00f5es<\/h3>\n<ul>\n<li>Transdutores Ultrass\u00f4nicos Imers\u00edveis s\u00e3o produtos personalizados. Portanto, para o pre\u00e7o, entre em contato com nosso Representante de Vendas (<a href=\"https:\/\/www.bjultrasonic.com\/contact\/\" target=\"_blank\" rel=\"noopener\">Formul\u00e1rio de Contato<\/a>). Responderemos em breve.<\/li>\n<li>Podemos projetar e personalizar v\u00e1rios transdutores ultrass\u00f4nicos imers\u00edveis com base nos requisitos.<\/li>\n<\/ul>\n<h3>V\u00eddeo do Transdutor Ultrass\u00f4nico Imers\u00edvel<\/h3>\n<p><iframe loading=\"lazy\" title=\"Immersible Ultrasonic Transducer - Beijing Ultrasonic\" width=\"500\" height=\"281\" src=\"https:\/\/www.youtube.com\/embed\/YhR7G7HcMNo?feature=oembed\" frameborder=\"0\" allow=\"accelerometer; autoplay; clipboard-write; encrypted-media; gyroscope; picture-in-picture; web-share\" referrerpolicy=\"strict-origin-when-cross-origin\" allowfullscreen><\/iframe><\/p>\n<h3>Caracter\u00edsticas do Transdutor Ultrass\u00f4nico Imers\u00edvel<\/h3>\n<ul>\n<li>Estrutura totalmente em a\u00e7o inoxid\u00e1vel: resistente a \u00e1cidos e suporta \u00e1lcalis, art\u00edstica e dur\u00e1vel.<\/li>\n<li>Adota estrutura de estilo de fiss\u00e3o: conex\u00e3o de alta frequ\u00eancia com jack \u00e9 usada entre o transdutor ultrass\u00f4nico imers\u00edvel e o gerador ultrass\u00f4nico, \u00fatil e de manuten\u00e7\u00e3o conveniente.<\/li>\n<li>Existem v\u00e1rias maneiras de instalar o transdutor ultrass\u00f4nico imers\u00edvel: fixe no <strong>fundo<\/strong>, <strong>superf\u00edcie<\/strong>, <strong>lateral<\/strong> ou <strong>topo<\/strong> do tanque de limpeza conforme necess\u00e1rio.\n<div id=\"attachment_853\" style=\"width: 252px\" class=\"wp-caption alignnone\"><img loading=\"lazy\" decoding=\"async\" aria-describedby=\"caption-attachment-853\" class=\"size-full wp-image-853\" title=\"Tipo de Instala\u00e7\u00e3o do Transdutor Ultrass\u00f4nico Imers\u00edvel\" src=\"\/\/www.bjultrasonic.com\/wp-content\/uploads\/2012\/04\/20124274.jpg\" alt=\"tipo de instala\u00e7\u00e3o do transdutor ultrass\u00f4nico imers\u00edvel\" width=\"242\" height=\"155\" \/><p id=\"caption-attachment-853\" class=\"wp-caption-text\">Tipo de Instala\u00e7\u00e3o do Transdutor Ultrass\u00f4nico Imers\u00edvel<\/p><\/div><\/li>\n<\/ul>\n<h3>Aplica\u00e7\u00e3o do Transdutor Ultrass\u00f4nico Imers\u00edvel<\/h3>\n<ul>\n<li>Limpeza pr\u00e9-galvaniza\u00e7\u00e3o para pe\u00e7as a serem galvanizadas, remo\u00e7\u00e3o de \u00f3leo e sujeira para pe\u00e7as mec\u00e2nicas de metal, limpeza de wafers de sil\u00edcio semicondutores, arma\u00e7\u00f5es de \u00f3culos e recipientes de vidro.<\/li>\n<li>Lentes, \u00f3culos de sol, espelhos para miopia e prismas, microsc\u00f3pios, c\u00e2meras, equipamentos de vidro, etc.<\/li>\n<\/ul>\n<h3>Mais imagens do Transdutor Ultrass\u00f4nico Imers\u00edvel<\/h3>\n<div id=\"attachment_856\" style=\"width: 460px\" class=\"wp-caption alignnone\"><a href=\"https:\/\/www.bjultrasonic.com\/wp-content\/uploads\/2012\/04\/20124272.jpg\" data-lightbox=\"image\"><img loading=\"lazy\" decoding=\"async\" aria-describedby=\"caption-attachment-856\" class=\"size-full wp-image-856 \" title=\"efeitos de vibra\u00e7\u00e3o do transdutor ultrass\u00f4nico imers\u00edvel\" src=\"\/\/www.bjultrasonic.com\/wp-content\/uploads\/2012\/04\/20124272.jpg\" alt=\"efeitos de vibra\u00e7\u00e3o do transdutor ultrass\u00f4nico imers\u00edvel\" width=\"450\" height=\"337\" srcset=\"https:\/\/www.bjultrasonic.com\/wp-content\/uploads\/2012\/04\/20124272.jpg 1500w, https:\/\/www.bjultrasonic.com\/wp-content\/uploads\/2012\/04\/20124272-1170x878.jpg 1170w\" sizes=\"auto, (max-width: 450px) 100vw, 450px\" \/><\/a><p id=\"caption-attachment-856\" class=\"wp-caption-text\">efeitos de vibra\u00e7\u00e3o do Transdutor Ultrass\u00f4nico Imers\u00edvel<\/p><\/div>\n<hr \/>\n<div id=\"attachment_857\" style=\"width: 460px\" class=\"wp-caption alignnone\"><a href=\"https:\/\/www.bjultrasonic.com\/wp-content\/uploads\/2012\/04\/20124273.jpg\" data-lightbox=\"image\"><img loading=\"lazy\" decoding=\"async\" aria-describedby=\"caption-attachment-857\" class=\"size-full wp-image-857 \" title=\"Interior do Transdutor Ultrass\u00f4nico Imers\u00edvel\" src=\"\/\/www.bjultrasonic.com\/wp-content\/uploads\/2012\/04\/20124273.jpg\" alt=\"Interior do Transdutor Ultrass\u00f4nico Imers\u00edvel\" width=\"450\" height=\"350\" \/><\/a><p id=\"caption-attachment-857\" class=\"wp-caption-text\">Interior do Transdutor Ultrass\u00f4nico Imers\u00edvel<\/p><\/div>\n<h3>Pagamento<\/h3>\n<p>Aceitamos PayPal, T\/T e Western Union.<\/p>\n<h3 class=\"shipping-methods\">Envio<\/h3>\n<p>As mercadorias ser\u00e3o enviadas dentro de 48 horas ap\u00f3s o recebimento do pagamento integral.<\/p>\n<ul>\n<li>Enviamos as mercadorias para o endere\u00e7o fornecido no pagamento do PayPal. Certifique-se de que o endere\u00e7o no PayPal est\u00e1 correto.<\/li>\n<li>Forneceremos o n\u00famero de rastreamento ap\u00f3s o envio das mercadorias; geralmente, voc\u00ea receber\u00e1 as mercadorias em at\u00e9 cinco dias.<\/li>\n<li>Se tiver alguma d\u00favida, entre em contato conosco por e-mail (nosso endere\u00e7o de e-mail \u00e9 <a href=\"mailto:support@bjultrasonic.com\">support@bjultrasonic.com<\/a>)<\/li>\n<\/ul>\n<h3 align=\"left\">Garantia do Produto<\/h3>\n<p>O per\u00edodo de garantia do produto \u00e9 de um ano. Dentro do per\u00edodo de garantia, os produtos adquiridos podem desfrutar de manuten\u00e7\u00e3o gratuita ou troca.<\/p>\n","protected":false},"excerpt":{"rendered":"<ul>\n<li>Limpeza por Ultra-som de Imers\u00e3o 900W<\/li>\n<li>Transdutor de Matriz de Imers\u00e3o 900W<\/li>\n<li>Transdutores de Limpeza Ultra-s\u00f4nica Imers\u00edveis 900W<\/li>\n<li>Sistema de Transdutor de Ultra-som Imers\u00edvel 900W<\/li>\n<li>Transdutor Ultra-s\u00f4nico de Matriz em Fase 900W<\/li>\n<li>Limpeza Ultra-s\u00f4nica Submers\u00edvel 900W<\/li>\n<li>Transdutor Ultra-s\u00f4nico Imers\u00edvel 900W<\/li>\n<li>Transdutor Piezoel\u00e9trico Ultra-s\u00f4nico Subaqu\u00e1tico 900W<\/li>\n<li>Placa de Transdutor Imersa Ultra-s\u00f4nica 900W<\/li>\n<li>Transdutor Ultra-s\u00f4nico Imers\u00edvel \u00e0 Prova d&#8217;\u00c1gua 900W<\/li>\n<li>Transdutor Piezo Ultra-s\u00f4nico \u00e0 Prova d&#8217;\u00c1gua 900W<\/li>\n<\/ul>\n","protected":false},"featured_media":19479,"comment_status":"open","ping_status":"closed","template":"","meta":[],"product_brand":[],"product_cat":[5931],"product_tag":[],"class_list":{"0":"post-71241","1":"product","2":"type-product","3":"status-publish","4":"has-post-thumbnail","6":"product_cat-ultrasonic-immersible-transducer-pt-pt","8":"first","9":"instock","10":"shipping-taxable","11":"purchasable","12":"product-type-simple","13":"prodpage-classic"},"aioseo_notices":[],"_links":{"self":[{"href":"https:\/\/www.bjultrasonic.com\/pt-pt\/wp-json\/wp\/v2\/product\/71241","targetHints":{"allow":["GET"]}}],"collection":[{"href":"https:\/\/www.bjultrasonic.com\/pt-pt\/wp-json\/wp\/v2\/product"}],"about":[{"href":"https:\/\/www.bjultrasonic.com\/pt-pt\/wp-json\/wp\/v2\/types\/product"}],"replies":[{"embeddable":true,"href":"https:\/\/www.bjultrasonic.com\/pt-pt\/wp-json\/wp\/v2\/comments?post=71241"}],"wp:featuredmedia":[{"embeddable":true,"href":"https:\/\/www.bjultrasonic.com\/pt-pt\/wp-json\/wp\/v2\/media\/19479"}],"wp:attachment":[{"href":"https:\/\/www.bjultrasonic.com\/pt-pt\/wp-json\/wp\/v2\/media?parent=71241"}],"wp:term":[{"taxonomy":"product_brand","embeddable":true,"href":"https:\/\/www.bjultrasonic.com\/pt-pt\/wp-json\/wp\/v2\/product_brand?post=71241"},{"taxonomy":"product_cat","embeddable":true,"href":"https:\/\/www.bjultrasonic.com\/pt-pt\/wp-json\/wp\/v2\/product_cat?post=71241"},{"taxonomy":"product_tag","embeddable":true,"href":"https:\/\/www.bjultrasonic.com\/pt-pt\/wp-json\/wp\/v2\/product_tag?post=71241"}],"curies":[{"name":"wp","href":"https:\/\/api.w.org\/{rel}","templated":true}]}}