{"id":71581,"date":"2012-04-06T22:33:41","date_gmt":"2012-04-07T03:33:41","guid":{"rendered":"https:\/\/www.bjultrasonic.com\/shop\/5pcs-42175-ring-piezoelectric-ceramic\/"},"modified":"2026-03-28T20:00:25","modified_gmt":"2026-03-29T01:00:25","slug":"5pcs-42175-ring-piezoelectric-ceramic","status":"publish","type":"product","link":"https:\/\/www.bjultrasonic.com\/pt-pt\/shop\/5pcs-42175-ring-piezoelectric-ceramic\/","title":{"rendered":"5PCS Anel Piezocer\u00e2mico 42*17*5"},"content":{"rendered":"<p><iframe loading=\"lazy\" title=\"Piezoelectric Ceramics | Piezoceramics\" width=\"500\" height=\"281\" src=\"https:\/\/www.youtube.com\/embed\/1Z8-9WdJKhQ?feature=oembed\" frameborder=\"0\" allow=\"accelerometer; autoplay; clipboard-write; encrypted-media; gyroscope; picture-in-picture; web-share\" referrerpolicy=\"strict-origin-when-cross-origin\" allowfullscreen><\/iframe><\/p>\n<h3>Podemos personalizar v\u00e1rias cer\u00e2micas piezoel\u00e9tricas conforme necess\u00e1rio.<\/h3>\n<p>Material das Cer\u00e2micas Piezoel\u00e9tricas: PZT4, PZT5, PZT8 ou outro material piezoel\u00e9trico necess\u00e1rio.<\/p>\n<h2>Especifica\u00e7\u00f5es do Anel de Cer\u00e2mica Piezoel\u00e9trica 5PCS 42*17*5<\/h2>\n<table id=\"wp-table-reloaded-id-37-no-1\" class=\"table table-striped table-bordered\">\n<tbody>\n<tr>\n<td>Tamanho (OD*ID*T)<\/td>\n<td>42*17*5<\/td>\n<\/tr>\n<tr>\n<td>Capacidade (pf)<\/td>\n<td>2110\u00b110%<\/td>\n<\/tr>\n<tr>\n<td>Frequ\u00eancia Radial fr(khz)<\/td>\n<td>39\u00b15%<\/td>\n<\/tr>\n<tr>\n<td>Imped\u00e2ncia de Resson\u00e2ncia zm<\/td>\n<td>\u226415<\/td>\n<\/tr>\n<tr>\n<td>Frequ\u00eancia de Espessura Ft(khz)<\/td>\n<td>410<\/td>\n<\/tr>\n<tr>\n<td>M\u00f3dulo de Acoplamento Kr(%)<\/td>\n<td>\u226545<\/td>\n<\/tr>\n<tr>\n<td>Fator de Qualidade (Qm)<\/td>\n<td>\u2265800<\/td>\n<\/tr>\n<tr>\n<td>Peso de 5 unidades<\/td>\n<td>1kg<\/td>\n<\/tr>\n<\/tbody>\n<\/table>\n<h3>Aplica\u00e7\u00e3o da Cer\u00e2mica Piezoel\u00e9trica:<\/h3>\n<ul>\n<li>Sensor Ultrass\u00f4nico<\/li>\n<li>Transdutor Ultrass\u00f4nico<\/li>\n<li>Sensor M\u00e9dico<\/li>\n<li>Sensor de Vibra\u00e7\u00e3o<\/li>\n<li>Sensor de Press\u00e3o<\/li>\n<li>Sensor de Compress\u00e3o e outros<\/li>\n<\/ul>\n<p><strong>Aviso: Envie-nos um e-mail para obter aconselhamento se n\u00e3o encontrar o tamanho adequado para o seu pedido<\/strong><\/p>\n<h3>Pagamento<\/h3>\n<p>Aceitamos PayPal, T\/T e Western Union atualmente.<\/p>\n<h3 class=\"shipping-methods\">Envio<\/h3>\n<p>As mercadorias ser\u00e3o enviadas dentro de 48 horas ap\u00f3s o recebimento do pagamento integral.<\/p>\n<ul>\n<li>Enviamos as mercadorias para o endere\u00e7o fornecido no pagamento do PayPal. Por favor, certifique-se de que o endere\u00e7o no PayPal est\u00e1 correto.<\/li>\n<li>Forneceremos o n\u00famero de rastreamento ap\u00f3s o envio das mercadorias; geralmente, voc\u00ea receber\u00e1 os produtos em at\u00e9 cinco dias.<\/li>\n<li>Se tiver alguma d\u00favida, entre em contato conosco por e-mail (nosso endere\u00e7o de e-mail \u00e9 <a href=\"mailto:support@bjultrasonic.com\">support@bjultrasonic.com<\/a>)<\/li>\n<\/ul>\n<h3 align=\"left\">Garantia do Produto<\/h3>\n<p>O per\u00edodo de garantia do produto \u00e9 de um ano. Durante o per\u00edodo de garantia, os produtos adquiridos podem usufruir de manuten\u00e7\u00e3o ou troca gratuita.<\/p>\n","protected":false},"excerpt":{"rendered":"<p><a href=\"https:\/\/www.bjultrasonic.com\/pt-pt\/category\/piezoelectric-ceramic-pt-pt\/ring-piezoelectric-ceramics-pt-pt\/\">Anel de cer\u00e2mica piezoel\u00e9trica<\/a> (anel piezoel\u00e9trico) fabricado pela Beijing Ultrasonic \u2013 fornecedor e fabricante profissional de <a href=\"https:\/\/www.bjultrasonic.com\/pt-pt\/category\/piezoelectric-ceramic-pt-pt\/\">cer\u00e2micas piezoel\u00e9tricas<\/a>.<\/p>\n","protected":false},"featured_media":572,"comment_status":"open","ping_status":"closed","template":"","meta":[],"product_brand":[],"product_cat":[5741,5645],"product_tag":[],"class_list":{"0":"post-71581","1":"product","2":"type-product","3":"status-publish","4":"has-post-thumbnail","6":"product_cat-ring-piezoelectric-ceramics-pt-pt","7":"product_cat-piezoelectric-ceramic-pt-pt","9":"first","10":"outofstock","11":"shipping-taxable","12":"purchasable","13":"product-type-simple","14":"prodpage-classic"},"aioseo_notices":[],"_links":{"self":[{"href":"https:\/\/www.bjultrasonic.com\/pt-pt\/wp-json\/wp\/v2\/product\/71581","targetHints":{"allow":["GET"]}}],"collection":[{"href":"https:\/\/www.bjultrasonic.com\/pt-pt\/wp-json\/wp\/v2\/product"}],"about":[{"href":"https:\/\/www.bjultrasonic.com\/pt-pt\/wp-json\/wp\/v2\/types\/product"}],"replies":[{"embeddable":true,"href":"https:\/\/www.bjultrasonic.com\/pt-pt\/wp-json\/wp\/v2\/comments?post=71581"}],"wp:featuredmedia":[{"embeddable":true,"href":"https:\/\/www.bjultrasonic.com\/pt-pt\/wp-json\/wp\/v2\/media\/572"}],"wp:attachment":[{"href":"https:\/\/www.bjultrasonic.com\/pt-pt\/wp-json\/wp\/v2\/media?parent=71581"}],"wp:term":[{"taxonomy":"product_brand","embeddable":true,"href":"https:\/\/www.bjultrasonic.com\/pt-pt\/wp-json\/wp\/v2\/product_brand?post=71581"},{"taxonomy":"product_cat","embeddable":true,"href":"https:\/\/www.bjultrasonic.com\/pt-pt\/wp-json\/wp\/v2\/product_cat?post=71581"},{"taxonomy":"product_tag","embeddable":true,"href":"https:\/\/www.bjultrasonic.com\/pt-pt\/wp-json\/wp\/v2\/product_tag?post=71581"}],"curies":[{"name":"wp","href":"https:\/\/api.w.org\/{rel}","templated":true}]}}