{"id":72021,"date":"2012-03-27T04:48:20","date_gmt":"2012-03-27T09:48:20","guid":{"rendered":"https:\/\/www.bjultrasonic.com\/shop\/60w-220v-ultrasonic-pcb-generator\/"},"modified":"2026-03-28T19:56:17","modified_gmt":"2026-03-29T00:56:17","slug":"60w-220v-ultrasonic-pcb-generator","status":"publish","type":"product","link":"https:\/\/www.bjultrasonic.com\/pt-pt\/shop\/60w-220v-ultrasonic-pcb-generator\/","title":{"rendered":"Circuito de Acionamento de Transdutor Piezo Ultrass\u00f4nico de 220V 60W"},"content":{"rendered":"<h2>Especifica\u00e7\u00e3o da Placa de Circuito Impresso do Gerador Ultrass\u00f4nico 60W\/220V<\/h2>\n<table id=\"wp-table-reloaded-id-25-no-1\" class=\"table table-striped table-bordered\">\n<tbody>\n<tr>\n<td>Frequ\u00eancia<\/td>\n<td>40 KHz.28khz.25khz<\/td>\n<\/tr>\n<tr>\n<td>Pot\u00eancia<\/td>\n<td>60w<\/td>\n<\/tr>\n<tr>\n<td>Aciona transdutor<\/td>\n<td>Um transdutor de 50w ou um transdutor de 60w<\/td>\n<\/tr>\n<tr>\n<td>Fonte de Alimenta\u00e7\u00e3o<\/td>\n<td>Entrada: 200V~230V AC<\/td>\n<\/tr>\n<tr>\n<td>Peso<\/td>\n<td>300g\/unidade<\/td>\n<\/tr>\n<\/tbody>\n<\/table>\n<p><strong>Placa de Circuito Ultrass\u00f4nico para Transdutor Ultrass\u00f4nico<\/strong><\/p>\n<p><strong>Aviso: por favor, informe qual frequ\u00eancia voc\u00ea precisa.<\/strong><\/p>\n<ul>\n<li>O <a href=\"https:\/\/www.bjultrasonic.com\/pt-pt\/category\/ultrasonic-generator-pt-pt\/\">gerador ultrass\u00f4nico<\/a> n\u00e3o pode ser ligado em condi\u00e7\u00e3o de vazio (sem carga).<\/li>\n<li>Ap\u00f3s a instala\u00e7\u00e3o, n\u00e3o podemos ligar at\u00e9 que o fluido de limpeza seja aplicado.<\/li>\n<li>O <a href=\"https:\/\/www.bjultrasonic.com\/pt-pt\/category\/ultrasonic-transducer-pt-pt\/\">transdutor ultrass\u00f4nico<\/a> tem dois terminais. O positivo fica no meio das duas pe\u00e7as de cer\u00e2mica. O negativo fica pr\u00f3ximo \u00e0 coluna met\u00e1lica inferior. Por favor, n\u00e3o erre na fia\u00e7\u00e3o.<\/li>\n<li>O lado maior com furo para parafuso no transdutor cer\u00e2mico, que tem a fun\u00e7\u00e3o de vibra\u00e7\u00e3o, pode ser fixado no fundo da m\u00e1quina de limpeza. E por favor, certifique-se de que a m\u00e1quina de limpeza est\u00e1 devidamente aterrada.<\/li>\n<li>O transdutor cer\u00e2mico deve ser colado no fundo da m\u00e1quina de limpeza usando cola especializada para transdutor ou usando bast\u00e3o de cola AB, mas o efeito \u00e9 um pouco inferior, ou usar resina ep\u00f3xi na propor\u00e7\u00e3o de 10:4.<\/li>\n<li>A tens\u00e3o de trabalho da placa de circuito \u00e9 600V. A tens\u00e3o de sa\u00edda para o transdutor \u00e9 1100V. Por favor, garanta que a m\u00e1quina de limpeza est\u00e1 devidamente aterrada. Por favor, certifique-se de que um interruptor de prote\u00e7\u00e3o contra vazamento (DR) esteja instalado na fonte de alimenta\u00e7\u00e3o para garantir a seguran\u00e7a.<\/li>\n<\/ul>\n<h3>Pagamento<\/h3>\n<p>Aceitamos PayPal, T\/T e Western Union.<\/p>\n<h3 class=\"shipping-methods\">Envio<\/h3>\n<p>As mercadorias ser\u00e3o enviadas em at\u00e9 48 horas ap\u00f3s o recebimento do pagamento integral.<\/p>\n<ul>\n<li>Enviamos as mercadorias para o endere\u00e7o fornecido no pagamento do PayPal. Por favor, certifique-se de que o endere\u00e7o no PayPal est\u00e1 correto.<\/li>\n<li>Forneceremos o n\u00famero de rastreamento ap\u00f3s o envio das mercadorias; em geral, voc\u00ea receber\u00e1 as mercadorias em at\u00e9 cinco dias.<\/li>\n<li>Se tiver alguma d\u00favida, por favor, entre em contato conosco por e-mail (nosso endere\u00e7o de e-mail \u00e9 <a href=\"mailto:support@bjultrasonic.com\">support@bjultrasonic.com<\/a>).<\/li>\n<\/ul>\n<h3 align=\"left\">Garantia do Produto<\/h3>\n<p>O per\u00edodo de garantia do produto \u00e9 de um ano. Durante o per\u00edodo de garantia, os produtos adquiridos podem usufruir de manuten\u00e7\u00e3o gratuita ou troca.<\/p>\n<h3>Lista de Reprodu\u00e7\u00e3o de V\u00eddeo: Driver de Transdutor Ultrass\u00f4nico<\/h3>\n<p><iframe loading=\"lazy\" width=\"560\" height=\"315\" src=\"https:\/\/www.youtube.com\/embed\/videoseries?list=PLLrjMYkO0_NG56zqmQN9W9F1Xf9eev6dc\" frameborder=\"0\" allow=\"autoplay; encrypted-media\" allowfullscreen><\/iframe><\/p>\n","protected":false},"excerpt":{"rendered":"<p>Circuito de gerador ultrass\u00f4nico, tamb\u00e9m chamado de circuito de acionamento de <a href=\"https:\/\/www.bjultrasonic.com\/pt-pt\/category\/ultrasonic-transducer-pt-pt\/\">transdutor ultrass\u00f4nico<\/a> ou <a href=\"https:\/\/www.bjultrasonic.com\/pt-pt\/category\/ultrasonic-generator-pt-pt\/ultrasonic-generator-circuits-pt-pt\/\">placa de acionamento de energia para limpadores ultrass\u00f4nicos<\/a>. Ele fornece uma <a href=\"https:\/\/www.bjultrasonic.com\/pt-pt\/category\/ultrasonic-generator-pt-pt\/\">frequ\u00eancia ultrass\u00f4nica<\/a> para acionar os transdutores ultrass\u00f4nicos dentro de <a href=\"https:\/\/www.bjultrasonic.com\/pt-pt\/category\/ultrasonic-cleaning-system-pt-pt\/\">limpadores ultrass\u00f4nicos<\/a>.<\/p>\n","protected":false},"featured_media":19274,"comment_status":"open","ping_status":"closed","template":"","meta":[],"product_brand":[],"product_cat":[6101],"product_tag":[],"class_list":{"0":"post-72021","1":"product","2":"type-product","3":"status-publish","4":"has-post-thumbnail","6":"product_cat-ultrasonic-generator-circuits-pt-pt","8":"first","9":"instock","10":"shipping-taxable","11":"purchasable","12":"product-type-simple","13":"prodpage-classic"},"aioseo_notices":[],"_links":{"self":[{"href":"https:\/\/www.bjultrasonic.com\/pt-pt\/wp-json\/wp\/v2\/product\/72021","targetHints":{"allow":["GET"]}}],"collection":[{"href":"https:\/\/www.bjultrasonic.com\/pt-pt\/wp-json\/wp\/v2\/product"}],"about":[{"href":"https:\/\/www.bjultrasonic.com\/pt-pt\/wp-json\/wp\/v2\/types\/product"}],"replies":[{"embeddable":true,"href":"https:\/\/www.bjultrasonic.com\/pt-pt\/wp-json\/wp\/v2\/comments?post=72021"}],"wp:featuredmedia":[{"embeddable":true,"href":"https:\/\/www.bjultrasonic.com\/pt-pt\/wp-json\/wp\/v2\/media\/19274"}],"wp:attachment":[{"href":"https:\/\/www.bjultrasonic.com\/pt-pt\/wp-json\/wp\/v2\/media?parent=72021"}],"wp:term":[{"taxonomy":"product_brand","embeddable":true,"href":"https:\/\/www.bjultrasonic.com\/pt-pt\/wp-json\/wp\/v2\/product_brand?post=72021"},{"taxonomy":"product_cat","embeddable":true,"href":"https:\/\/www.bjultrasonic.com\/pt-pt\/wp-json\/wp\/v2\/product_cat?post=72021"},{"taxonomy":"product_tag","embeddable":true,"href":"https:\/\/www.bjultrasonic.com\/pt-pt\/wp-json\/wp\/v2\/product_tag?post=72021"}],"curies":[{"name":"wp","href":"https:\/\/api.w.org\/{rel}","templated":true}]}}