{"id":72061,"date":"2012-03-27T04:19:20","date_gmt":"2012-03-27T09:19:20","guid":{"rendered":"https:\/\/www.bjultrasonic.com\/shop\/120w-110v-ultrasonic-pcb-generator\/"},"modified":"2026-03-28T19:56:14","modified_gmt":"2026-03-29T00:56:14","slug":"120w-110v-ultrasonic-pcb-generator","status":"publish","type":"product","link":"https:\/\/www.bjultrasonic.com\/pt-pt\/shop\/120w-110v-ultrasonic-pcb-generator\/","title":{"rendered":"Circuito de acionamento de transdutor piezoel\u00e9trico ultrass\u00f4nico 120W 110V"},"content":{"rendered":"<h2>Especifica\u00e7\u00f5es da Placa de Circuito Impresso do Gerador Ultrass\u00f4nico de 120W\/110V<\/h2>\n<table id=\"wp-table-reloaded-id-23-no-1\" class=\"table table-striped table-bordered\">\n<tbody>\n<tr>\n<td>Frequ\u00eancia<\/td>\n<td>40 KHz, 25khz e 28khz.<\/td>\n<\/tr>\n<tr>\n<td>Pot\u00eancia<\/td>\n<td>120w<\/td>\n<\/tr>\n<tr>\n<td>Aciona transdutor<\/td>\n<td>\n<ul>\n<li>Um transdutor de 50w<\/li>\n<li>um transdutor de 60w<\/li>\n<li>um transdutor de 100w<\/li>\n<li>dois transdutores de 50w<\/li>\n<li>dois transdutores de 60w<\/li>\n<\/ul>\n<\/td>\n<\/tr>\n<tr>\n<td>Fonte de Alimenta\u00e7\u00e3o<\/td>\n<td>Entrada: 100V~120V CA<\/td>\n<\/tr>\n<tr>\n<td>Peso<\/td>\n<td>300g\/unidade<\/td>\n<\/tr>\n<\/tbody>\n<\/table>\n<h3>Como Conectar o Transdutor Ultrass\u00f4nico ao Circuito do Gerador Ultrass\u00f4nico<\/h3>\n<p><img loading=\"lazy\" decoding=\"async\" class=\"alignnone size-full wp-image-19267\" src=\"https:\/\/www.bjultrasonic.com\/wp-content\/uploads\/2012\/03\/How-to-Connect-Ultrasonic-Transducer-with-Ultrasonic-Generator-Circuit.jpg\" alt=\"\" width=\"700\" height=\"412\" \/><\/p>\n<ul>\n<li>O <a href=\"https:\/\/www.bjultrasonic.com\/pt-pt\/category\/ultrasonic-generator-pt-pt\/\">gerador ultrass\u00f4nico<\/a> n\u00e3o pode ser ligado em condi\u00e7\u00e3o de vazio (sem carga)<\/li>\n<li>Ap\u00f3s a instala\u00e7\u00e3o, n\u00e3o podemos ligar at\u00e9 que o fluido de limpeza seja colocado<\/li>\n<li>O <a href=\"https:\/\/www.bjultrasonic.com\/pt-pt\/category\/ultrasonic-transducer-pt-pt\/\">transdutor ultrass\u00f4nico<\/a> tem duas terminais. A positiva fica no meio das duas pe\u00e7as de cer\u00e2mica. A negativa fica pr\u00f3xima \u00e0 coluna met\u00e1lica inferior. Por favor, n\u00e3o erre na fia\u00e7\u00e3o.<\/li>\n<li>O lado maior, com furo para parafuso, no transdutor de cer\u00e2mica, que tem a fun\u00e7\u00e3o de vibra\u00e7\u00e3o, pode ser fixado no fundo da m\u00e1quina de limpeza. E por favor, certifique-se de que a m\u00e1quina de limpeza est\u00e1 devidamente aterrada.<\/li>\n<li>O transdutor de cer\u00e2mica deve ser colado no fundo da m\u00e1quina de limpeza usando cola especializada para transdutor ou usando bast\u00e3o de cola AB, mas o efeito \u00e9 um pouco inferior, ou usar resina ep\u00f3xi na propor\u00e7\u00e3o de 10:4.<\/li>\n<li>A tens\u00e3o da placa de circuito de trabalho \u00e9 de 600V. A tens\u00e3o de sa\u00edda para o transdutor \u00e9 de 1100V. Por favor, garanta que a m\u00e1quina de limpeza est\u00e1 devidamente aterrada. Por favor, certifique-se de que um interruptor de prote\u00e7\u00e3o contra fugas est\u00e1 instalado na fonte de alimenta\u00e7\u00e3o para garantir a seguran\u00e7a.<\/li>\n<\/ul>\n<h3>Pagamento<\/h3>\n<p>Aceitamos paypal, T\/T e Western Union atualmente.<\/p>\n<h3 class=\"shipping-methods\">Envio<\/h3>\n<p>As mercadorias ser\u00e3o enviadas em at\u00e9 48 horas ap\u00f3s o recebimento do pagamento integral.<\/p>\n<ul>\n<li>Enviamos as mercadorias para o endere\u00e7o fornecido no pagamento do PayPal. Por favor, certifique-se de que o endere\u00e7o no PayPal est\u00e1 correto.<\/li>\n<li>forneceremos o n\u00famero de rastreamento ap\u00f3s o envio das mercadorias; em geral, voc\u00ea receber\u00e1 as mercadorias em at\u00e9 cinco dias.<\/li>\n<li>Se tiver alguma d\u00favida, por favor, entre em contato conosco por e-mail (nosso endere\u00e7o de e-mail \u00e9 <a href=\"mailto:support@bjultrasonic.com\">support@bjultrasonic.com<\/a>)<\/li>\n<\/ul>\n<h3 align=\"left\">Garantia do Produto<\/h3>\n<p>O per\u00edodo de garantia do produto \u00e9 de um ano. Dentro do per\u00edodo de garantia, os produtos adquiridos podem usufruir de manuten\u00e7\u00e3o gratuita ou troca.<\/p>\n<h3>Lista de Reprodu\u00e7\u00e3o em V\u00eddeo: Driver de Transdutor Ultrass\u00f4nico<\/h3>\n<p><iframe loading=\"lazy\" width=\"560\" height=\"315\" src=\"https:\/\/www.youtube.com\/embed\/videoseries?list=PLLrjMYkO0_NG56zqmQN9W9F1Xf9eev6dc\" frameborder=\"0\" allow=\"autoplay; encrypted-media\" allowfullscreen><\/iframe><\/p>\n","protected":false},"excerpt":{"rendered":"<p>Circuito gerador ultrass\u00f4nico, tamb\u00e9m chamado de circuito driver de <a href=\"https:\/\/www.bjultrasonic.com\/pt-pt\/category\/ultrasonic-transducer-pt-pt\/\">transdutor ultrass\u00f4nico<\/a> ou <a href=\"https:\/\/www.bjultrasonic.com\/pt-pt\/category\/ultrasonic-generator-pt-pt\/ultrasonic-generator-circuits-pt-pt\/\">placa driver de energia para limpadores ultrass\u00f4nicos<\/a>. Ele fornece uma <a href=\"https:\/\/www.bjultrasonic.com\/pt-pt\/category\/ultrasonic-generator-pt-pt\/\">frequ\u00eancia ultrass\u00f4nica<\/a> para acionar os transdutores ultrass\u00f4nicos dentro dos <a href=\"https:\/\/www.bjultrasonic.com\/pt-pt\/category\/ultrasonic-cleaning-system-pt-pt\/\">limpadores ultrass\u00f4nicos<\/a>.<\/p>\n","protected":false},"featured_media":19255,"comment_status":"open","ping_status":"closed","template":"","meta":[],"product_brand":[],"product_cat":[6101],"product_tag":[],"class_list":{"0":"post-72061","1":"product","2":"type-product","3":"status-publish","4":"has-post-thumbnail","6":"product_cat-ultrasonic-generator-circuits-pt-pt","8":"first","9":"instock","10":"shipping-taxable","11":"purchasable","12":"product-type-simple","13":"prodpage-classic"},"aioseo_notices":[],"_links":{"self":[{"href":"https:\/\/www.bjultrasonic.com\/pt-pt\/wp-json\/wp\/v2\/product\/72061","targetHints":{"allow":["GET"]}}],"collection":[{"href":"https:\/\/www.bjultrasonic.com\/pt-pt\/wp-json\/wp\/v2\/product"}],"about":[{"href":"https:\/\/www.bjultrasonic.com\/pt-pt\/wp-json\/wp\/v2\/types\/product"}],"replies":[{"embeddable":true,"href":"https:\/\/www.bjultrasonic.com\/pt-pt\/wp-json\/wp\/v2\/comments?post=72061"}],"wp:featuredmedia":[{"embeddable":true,"href":"https:\/\/www.bjultrasonic.com\/pt-pt\/wp-json\/wp\/v2\/media\/19255"}],"wp:attachment":[{"href":"https:\/\/www.bjultrasonic.com\/pt-pt\/wp-json\/wp\/v2\/media?parent=72061"}],"wp:term":[{"taxonomy":"product_brand","embeddable":true,"href":"https:\/\/www.bjultrasonic.com\/pt-pt\/wp-json\/wp\/v2\/product_brand?post=72061"},{"taxonomy":"product_cat","embeddable":true,"href":"https:\/\/www.bjultrasonic.com\/pt-pt\/wp-json\/wp\/v2\/product_cat?post=72061"},{"taxonomy":"product_tag","embeddable":true,"href":"https:\/\/www.bjultrasonic.com\/pt-pt\/wp-json\/wp\/v2\/product_tag?post=72061"}],"curies":[{"name":"wp","href":"https:\/\/api.w.org\/{rel}","templated":true}]}}