{"id":72561,"date":"2018-08-16T06:02:44","date_gmt":"2018-08-16T11:02:44","guid":{"rendered":"https:\/\/www.bjultrasonic.com\/shop\/ultrasonic-atomizing-transducer-bja-5500\/"},"modified":"2026-03-28T19:51:41","modified_gmt":"2026-03-29T00:51:41","slug":"ultrasonic-atomizing-transducer-bja-5500","status":"publish","type":"product","link":"https:\/\/www.bjultrasonic.com\/pt-pt\/shop\/ultrasonic-atomizing-transducer-bja-5500\/","title":{"rendered":"5500ML Nebulizador Ultrass\u00f3nico Humidificador de Nebuliza\u00e7\u00e3o Fria Ultrass\u00f3nico"},"content":{"rendered":"<table class=\"table table-striped table-bordered\">\n<tbody>\n<tr>\n<td width=\"284\">Tipo<\/td>\n<td width=\"284\">BJA5500<\/td>\n<\/tr>\n<tr>\n<td width=\"284\">Quantidade de Atomiza\u00e7\u00e3o<\/td>\n<td width=\"284\">&gt;5500ML<\/td>\n<\/tr>\n<tr>\n<td width=\"284\">Tamanho<\/td>\n<td width=\"284\">252*92*70mm (comprimento*largura*altura)<\/td>\n<\/tr>\n<tr>\n<td width=\"284\">Frequ\u00eancia de Trabalho<\/td>\n<td width=\"284\">1700\u00b150(KHZ)<\/td>\n<\/tr>\n<tr>\n<td width=\"284\">Di\u00e2metro da cer\u00e2mica piezoel\u00e9trica<\/td>\n<td width=\"284\">20mm<\/td>\n<\/tr>\n<tr>\n<td width=\"284\">Temperatura de Trabalho<\/td>\n<td width=\"284\">5\uff5e45\u2103<\/td>\n<\/tr>\n<tr>\n<td width=\"284\">Prote\u00e7\u00e3o Contra Superaquecimento<\/td>\n<td width=\"284\">50\u2103<\/td>\n<\/tr>\n<tr>\n<td width=\"284\">N\u00edvel de \u00c1gua<\/td>\n<td width=\"284\">40mm-80mm<\/td>\n<\/tr>\n<tr>\n<td width=\"284\">Tens\u00e3o de Trabalho<\/td>\n<td width=\"284\">48V DC<\/td>\n<\/tr>\n<tr>\n<td width=\"284\">Pot\u00eancia:<\/td>\n<td width=\"284\">350W<\/td>\n<\/tr>\n<tr>\n<td width=\"284\">Corrente<\/td>\n<td width=\"284\">5A<\/td>\n<\/tr>\n<tr>\n<td width=\"284\">Material<\/td>\n<td width=\"284\">Cobre e a\u00e7o inoxid\u00e1vel<\/td>\n<\/tr>\n<tr>\n<td width=\"284\">Cabo<\/td>\n<td width=\"284\">Comprimento 2m ou conforme necess\u00e1rio<\/td>\n<\/tr>\n<tr>\n<td width=\"284\">Tens\u00e3o<\/td>\n<td width=\"284\">220v\/50hz 230v\/50hz<\/p>\n<p>120v\/60hz 110v\/60hz<\/td>\n<\/tr>\n<\/tbody>\n<\/table>\n<h3>As Principais Fun\u00e7\u00f5es<\/h3>\n<ul>\n<li>O bico pulverizador do atomizador \u00e9 herm\u00e9tico e possui bom desempenho de dissipa\u00e7\u00e3o de calor<\/li>\n<li>O circuito possui corrente e press\u00e3o est\u00e1veis, prote\u00e7\u00e3o contra sobretemperatura, prote\u00e7\u00e3o contra falta de \u00e1gua, tratamento de redu\u00e7\u00e3o de ru\u00eddo,<\/li>\n<li>Design silencioso do produto, alta umidade do nevoeiro, alto desempenho.<\/li>\n<li>Design totalmente fechado com alta fun\u00e7\u00e3o de impermeabiliza\u00e7\u00e3o e prote\u00e7\u00e3o contra poeira, \u00e9 muito conveniente para detec\u00e7\u00e3o antes da produ\u00e7\u00e3o do umidificador.<\/li>\n<li>O interruptor de prote\u00e7\u00e3o de temperatura embutido \u00e9 configurado para operar de forma segura e confi\u00e1vel. Estrutura robusta e instala\u00e7\u00e3o conveniente.<\/li>\n<li>Design anti-incrusta\u00e7\u00e3o, os usu\u00e1rios podem facilmente substituir a cer\u00e2mica piezoel\u00e9trica atomizadora,<\/li>\n<li>Carca\u00e7a totalmente em a\u00e7o inoxid\u00e1vel, niquelada e cromada, boa dissipa\u00e7\u00e3o de calor.<\/li>\n<li>Fun\u00e7\u00e3o de prote\u00e7\u00e3o contra falta de \u00e1gua embutida.<\/li>\n<li>Aplic\u00e1vel a umidifica\u00e7\u00e3o industrial, agricultura, n\u00e9voa paisag\u00edstica e assim por diante.<\/li>\n<\/ul>\n<h3>V\u00eddeo<\/h3>\n<p><iframe loading=\"lazy\" title=\"Ultrasonic Humidifier\" width=\"500\" height=\"281\" src=\"https:\/\/www.youtube.com\/embed\/videoseries?list=PLLrjMYkO0_NEpofnqW3MnsGQ-KMwpBJul\" frameborder=\"0\" allow=\"accelerometer; autoplay; clipboard-write; encrypted-media; gyroscope; picture-in-picture; web-share\" referrerpolicy=\"strict-origin-when-cross-origin\" allowfullscreen><\/iframe><\/p>\n<h3>Perguntas Frequentes (FAQs)<\/h3>\n<p><strong>1. Podemos ajustar a quantidade de atomiza\u00e7\u00e3o?<\/strong><\/p>\n<p>N\u00e3o, s\u00f3 pode ser alterada pelo n\u00edvel da \u00e1gua.<\/p>\n<p><strong>2. Podemos desligar o LED (se tiver)?<\/strong><\/p>\n<p>N\u00e3o. \u00c9 melhor escolher um atomizador ultrass\u00f4nico sem LED para uso interno.<\/p>\n<p><strong>3. Faz barulho?<\/strong><\/p>\n<p>N\u00e3o. A maioria dos <a href=\"https:\/\/www.bjultrasonic.com\/pt-pt\/category\/ultrasonic-atomizer-pt-pt\/\">umidificadores ultrass\u00f4nicos<\/a> tende a operar mais silenciosamente do que outros modelos. Isso porque eles n\u00e3o t\u00eam uma ventoinha, como os umidificadores evaporativos geralmente t\u00eam. Isso mant\u00e9m os n\u00edveis de ru\u00eddo baixos.<\/p>\n<p><strong>4. Vazar\u00e1 eletricidade?<\/strong><\/p>\n<p>O princ\u00edpio do atomizador ultrass\u00f4nico \u00e9 que a vibra\u00e7\u00e3o ultrass\u00f4nica gera n\u00e9voa, n\u00e3o toque no atomizador com a m\u00e3o enquanto ele estiver funcionando, pode dar uma sensa\u00e7\u00e3o de formigamento, mas n\u00e3o \u00e9 eletricidade.<\/p>\n<h3>Considera\u00e7\u00f5es Gerais<\/h3>\n<ol>\n<li>Por favor, n\u00e3o vire o atomizador de cabe\u00e7a para baixo ap\u00f3s ligar a energia, isso danificar\u00e1 o atomizador.<\/li>\n<li>Por favor, n\u00e3o o use por muito tempo ou mais de 10 horas.<\/li>\n<li>N\u00e3o toque na placa atomizadora enquanto o atomizador estiver em funcionamento.<\/li>\n<li>Garanta a qualidade da \u00e1gua. Por favor, use \u00e1gua da torneira limpa. (deteriora\u00e7\u00e3o da qualidade da \u00e1gua afetar\u00e1 a vida \u00fatil)<\/li>\n<li>Por favor, desligue a energia antes de mover ou reparar.<\/li>\n<li>As <a href=\"https:\/\/www.bjultrasonic.com\/pt-pt\/category\/piezoelectric-ceramic-pt-pt\/\">cer\u00e2micas piezoel\u00e9tricas<\/a> atomizadas pertencem a consum\u00edveis cuja vida \u00fatil \u00e9 superior a 3600 horas. Se a capacidade de nebuliza\u00e7\u00e3o do atomizador for significativamente reduzida, por favor, limpe a cer\u00e2mica piezoel\u00e9trica atomizada (sem qualquer detergente) com um cotonete para mant\u00ea-la limpa. Se a quantidade de atomiza\u00e7\u00e3o ainda for pequena ap\u00f3s a limpeza, por favor, substitua uma cer\u00e2mica piezoel\u00e9trica atomizada. (sugere-se comprar a cer\u00e2mica piezoel\u00e9trica atomizada junto)<\/li>\n<\/ol>\n<p><img loading=\"lazy\" decoding=\"async\" src=\"https:\/\/www.bjultrasonic.com\/wp-content\/uploads\/2018\/08\/Ultrasonic-Humidifier-without-LED.jpg\" alt=\"Ultrasonic-Humidifier-without-LED\" width=\"670\" height=\"925\" \/><\/p>\n","protected":false},"excerpt":{"rendered":"<p><a href=\"https:\/\/www.bjultrasonic.com\/pt-pt\/category\/ultrasonic-atomizer-pt-pt\/\">Umidificador ultrass\u00f4nico<\/a> usa energia ultrass\u00f4nica para transformar l\u00edquidos em part\u00edculas semelhantes a nuvens. Umidificador ultrass\u00f4nico tamb\u00e9m \u00e9 chamado de <a href=\"https:\/\/www.bjultrasonic.com\/pt-pt\/shop\/ultrasonic-atomizing-transducer\/\">atomizador ultrass\u00f4nico<\/a>, gerador de n\u00e9voa ultrass\u00f4nico, nebulizador ultrass\u00f4nico.<\/p>\n","protected":false},"featured_media":19551,"comment_status":"open","ping_status":"closed","template":"","meta":[],"product_brand":[],"product_cat":[6205],"product_tag":[],"class_list":{"0":"post-72561","1":"product","2":"type-product","3":"status-publish","4":"has-post-thumbnail","6":"product_cat-ultrasonic-atomizer-pt-pt","8":"first","9":"instock","10":"shipping-taxable","11":"purchasable","12":"product-type-simple","13":"prodpage-classic"},"aioseo_notices":[],"_links":{"self":[{"href":"https:\/\/www.bjultrasonic.com\/pt-pt\/wp-json\/wp\/v2\/product\/72561","targetHints":{"allow":["GET"]}}],"collection":[{"href":"https:\/\/www.bjultrasonic.com\/pt-pt\/wp-json\/wp\/v2\/product"}],"about":[{"href":"https:\/\/www.bjultrasonic.com\/pt-pt\/wp-json\/wp\/v2\/types\/product"}],"replies":[{"embeddable":true,"href":"https:\/\/www.bjultrasonic.com\/pt-pt\/wp-json\/wp\/v2\/comments?post=72561"}],"wp:featuredmedia":[{"embeddable":true,"href":"https:\/\/www.bjultrasonic.com\/pt-pt\/wp-json\/wp\/v2\/media\/19551"}],"wp:attachment":[{"href":"https:\/\/www.bjultrasonic.com\/pt-pt\/wp-json\/wp\/v2\/media?parent=72561"}],"wp:term":[{"taxonomy":"product_brand","embeddable":true,"href":"https:\/\/www.bjultrasonic.com\/pt-pt\/wp-json\/wp\/v2\/product_brand?post=72561"},{"taxonomy":"product_cat","embeddable":true,"href":"https:\/\/www.bjultrasonic.com\/pt-pt\/wp-json\/wp\/v2\/product_cat?post=72561"},{"taxonomy":"product_tag","embeddable":true,"href":"https:\/\/www.bjultrasonic.com\/pt-pt\/wp-json\/wp\/v2\/product_tag?post=72561"}],"curies":[{"name":"wp","href":"https:\/\/api.w.org\/{rel}","templated":true}]}}