{"id":72710,"date":"2022-04-27T20:46:08","date_gmt":"2022-04-28T01:46:08","guid":{"rendered":"https:\/\/www.bjultrasonic.com\/ultrasonic-transducer-technical\/"},"modified":"2026-03-12T09:31:41","modified_gmt":"2026-03-12T14:31:41","slug":"ultrasonic-transducer-technical","status":"publish","type":"page","link":"https:\/\/www.bjultrasonic.com\/sv\/ultrasonic-transducer-technical\/","title":{"rendered":"Ultrasonic Transducer Teknisk \u00d6versikt"},"content":{"rendered":"<p>En ultraljudstransducer \u00e4r en anordning som omvandlar energi fr\u00e5n en form till en annan, specifikt mellan elektrisk energi och akustisk (ljud) energi vid ultraljudsfrekvenser\u2014frekvenser \u00f6ver intervallet f\u00f6r m\u00e4nskligt h\u00f6rsel (vanligtvis \u00f6ver 20 kHz). Enklare uttryckt \u00e4r det en anordning som kan generera och ta emot ljudv\u00e5gor vid frekvenser som m\u00e4nniskor inte kan h\u00f6ra.<\/p>\n<h3>1. Klassificering<\/h3>\n<p>Ultraljudstransducrar kategoriseras baserat p\u00e5 deras specifika applikationer, material, frekvens, effekt och form. En bred klassificering baserad p\u00e5 applikation inkluderar:<\/p>\n<ul>\n<li><a href=\"https:\/\/www.bjultrasonic.com\/sv\/category\/ultrasonic-transducer-sv\/\">Ultraljudsreng\u00f6ringstransducrar<\/a>: Dessa \u00e4r designade f\u00f6r att avl\u00e4gsna f\u00f6roreningar fr\u00e5n ytor med ultraljudskavitation.<\/li>\n<li><a href=\"https:\/\/www.bjultrasonic.com\/sv\/shop\/ultrasonic-welding-transducer\/\">Ultraljudssvetsningstransducrar<\/a>: Anv\u00e4nds f\u00f6r att sammanfoga material genom att applicera h\u00f6gfrekventa vibrationer, vilket genererar v\u00e4rme och orsakar fusion.<\/li>\n<li><a href=\"https:\/\/www.bjultrasonic.com\/sv\/shop\/ultrasonic-beauty-transducer\/\">Ultraljudssk\u00f6nhetstransducrar<\/a>: Anv\u00e4nds i kosmetiska ingrepp, s\u00e5som hudreng\u00f6ring och f\u00f6rb\u00e4ttrad produktpenetration.<\/li>\n<li><a href=\"https:\/\/www.bjultrasonic.com\/sv\/shop\/ultrasonic-atomizing-transducer\/\">Ultraljudsf\u00f6rst\u00f6varetransducrar<\/a>: Skapar fina dimmor eller dis f\u00f6r luftfuktning eller inhalationsanordningar.<\/li>\n<li><a href=\"https:\/\/www.bjultrasonic.com\/sv\/shop\/ultrasonic-vibrating-screen-transducer\/\">Ultraljudsvibrationstransducrar<\/a>: Utnyttjar ultraljudsvibrationer f\u00f6r olika applikationer, inklusive materialbehandling och s\u00e5llning.<\/li>\n<li><a href=\"https:\/\/www.bjultrasonic.com\/sv\/shop\/ultrasonic-cell-disruptor-transducer\/\">Ultraljudscells\u00f6nderdelningstransducrar<\/a>: Anv\u00e4nds f\u00f6r att lysera celler i biologisk och kemisk forskning, vilket m\u00f6jligg\u00f6r frig\u00f6ring av intracellul\u00e4rt inneh\u00e5ll.<\/li>\n<\/ul>\n<style type=\"text\/css\">\r\n\t\t\t\t#gallery-1 {\r\n\t\t\t\t\tmargin: auto;\r\n\t\t\t\t}\r\n\t\t\t\t#gallery-1 .gallery-item {\r\n\t\t\t\t\tfloat: left;\r\n\t\t\t\t\tmargin-top: 10px;\r\n\t\t\t\t\ttext-align: center;\r\n\t\t\t\t\twidth: 16%;\r\n\t\t\t\t}\r\n\t\t\t\t#gallery-1 .gallery-caption {\r\n\t\t\t\t\tmargin-left: 0;\r\n\t\t\t\t}\r\n\t\t\t<\/style><!-- see gallery_shortcode() in wp-includes\/media.php -->\r\n\t\t\t\n\t\t<div id=\"gallery-1\" class=\"gallery galleryid-72710 mfp-gallery mfp-gallery--images gallery-columns-6 gallery-size-full\"><div class=\"row zn_image_gallery \"><div class=\"col-sm-6 col-md-4 col-lg-2\"><a href=\"https:\/\/www.bjultrasonic.com\/wp-content\/uploads\/2021\/03\/100KHz-40W-Ultrasonic-Transducer-PZT-4-2.jpg\" title=\"Ultrasonic Cleaning Transducer\" class=\"hoverBorder\"><img loading=\"lazy\" decoding=\"async\" width=\"750\" height=\"750\" src=\"https:\/\/www.bjultrasonic.com\/wp-content\/uploads\/2021\/03\/100KHz-40W-Ultrasonic-Transducer-PZT-4-2.jpg\" class=\"attachment-full size-full\" alt=\"100KHz 40W Ultrasonic Transducer (PZT-4)\" link=\"file\" size=\"full\" columns=\"6\" ids=\"23744,19551,42268,42279,4845,42294\" orderby=\"post__in\" include=\"23744,19551,42268,42279,4845,42294\" srcset=\"https:\/\/www.bjultrasonic.com\/wp-content\/uploads\/2021\/03\/100KHz-40W-Ultrasonic-Transducer-PZT-4-2.jpg 750w, https:\/\/www.bjultrasonic.com\/wp-content\/uploads\/2021\/03\/100KHz-40W-Ultrasonic-Transducer-PZT-4-2-600x600.jpg 600w, https:\/\/www.bjultrasonic.com\/wp-content\/uploads\/2021\/03\/100KHz-40W-Ultrasonic-Transducer-PZT-4-2-100x100.jpg 100w\" sizes=\"auto, (max-width: 750px) 100vw, 750px\" \/><span class=\"gallery_caption\">Ultrasonic Cleaning Transducer<\/span><\/a><\/div><div class=\"col-sm-6 col-md-4 col-lg-2\"><a href=\"https:\/\/www.bjultrasonic.com\/wp-content\/uploads\/2018\/08\/5500ML-Ultrasonic-Fogger-Ultrasonic-Cool-Mist-Humidifier-1.jpg\" title=\"Ultrasonic Humidifier Transducer\" class=\"hoverBorder\"><img loading=\"lazy\" decoding=\"async\" width=\"650\" height=\"667\" src=\"https:\/\/www.bjultrasonic.com\/wp-content\/uploads\/2018\/08\/5500ML-Ultrasonic-Fogger-Ultrasonic-Cool-Mist-Humidifier-1.jpg\" class=\"attachment-full size-full\" alt=\"5500ML Ultrasonic Fogger Ultrasonic Cool Mist Humidifier (1)\" link=\"file\" size=\"full\" columns=\"6\" ids=\"23744,19551,42268,42279,4845,42294\" orderby=\"post__in\" include=\"23744,19551,42268,42279,4845,42294\" \/><span class=\"gallery_caption\">Ultrasonic Humidifier Transducer<\/span><\/a><\/div><div class=\"col-sm-6 col-md-4 col-lg-2\"><a href=\"https:\/\/www.bjultrasonic.com\/wp-content\/uploads\/2012\/08\/Ultrasonic-Welding-Transducer-4.jpg\" title=\"Ultrasonic Welding Transducer\" class=\"hoverBorder\"><img loading=\"lazy\" decoding=\"async\" width=\"800\" height=\"800\" src=\"https:\/\/www.bjultrasonic.com\/wp-content\/uploads\/2012\/08\/Ultrasonic-Welding-Transducer-4.jpg\" class=\"attachment-full size-full\" alt=\"Ultrasonic Welding Transducer (4)\" link=\"file\" size=\"full\" columns=\"6\" ids=\"23744,19551,42268,42279,4845,42294\" orderby=\"post__in\" include=\"23744,19551,42268,42279,4845,42294\" srcset=\"https:\/\/www.bjultrasonic.com\/wp-content\/uploads\/2012\/08\/Ultrasonic-Welding-Transducer-4.jpg 800w, https:\/\/www.bjultrasonic.com\/wp-content\/uploads\/2012\/08\/Ultrasonic-Welding-Transducer-4-600x600.jpg 600w, https:\/\/www.bjultrasonic.com\/wp-content\/uploads\/2012\/08\/Ultrasonic-Welding-Transducer-4-100x100.jpg 100w\" sizes=\"auto, (max-width: 800px) 100vw, 800px\" \/><span class=\"gallery_caption\">Ultrasonic Welding Transducer<\/span><\/a><\/div><div class=\"col-sm-6 col-md-4 col-lg-2\"><a href=\"https:\/\/www.bjultrasonic.com\/wp-content\/uploads\/2012\/08\/Ultrasonic-Cell-Disruptor-Homogenizer-Transducer-4.jpg\" title=\"Ultrasonic Cell Disruptor Transducer\" class=\"hoverBorder\"><img loading=\"lazy\" decoding=\"async\" width=\"800\" height=\"800\" src=\"https:\/\/www.bjultrasonic.com\/wp-content\/uploads\/2012\/08\/Ultrasonic-Cell-Disruptor-Homogenizer-Transducer-4.jpg\" class=\"attachment-full size-full\" alt=\"Ultrasonic Cell Disruptor Homogenizer Transducer (4)\" link=\"file\" size=\"full\" columns=\"6\" ids=\"23744,19551,42268,42279,4845,42294\" orderby=\"post__in\" include=\"23744,19551,42268,42279,4845,42294\" srcset=\"https:\/\/www.bjultrasonic.com\/wp-content\/uploads\/2012\/08\/Ultrasonic-Cell-Disruptor-Homogenizer-Transducer-4.jpg 800w, https:\/\/www.bjultrasonic.com\/wp-content\/uploads\/2012\/08\/Ultrasonic-Cell-Disruptor-Homogenizer-Transducer-4-600x600.jpg 600w, https:\/\/www.bjultrasonic.com\/wp-content\/uploads\/2012\/08\/Ultrasonic-Cell-Disruptor-Homogenizer-Transducer-4-100x100.jpg 100w\" sizes=\"auto, (max-width: 800px) 100vw, 800px\" \/><span class=\"gallery_caption\">Ultrasonic Cell Disruptor Transducer<\/span><\/a><\/div><div class=\"col-sm-6 col-md-4 col-lg-2\"><a href=\"https:\/\/www.bjultrasonic.com\/wp-content\/uploads\/2012\/07\/Ultrasonic-Vibration-Transducer.jpg\" title=\"Ultrasonic Vibration Transducer\" class=\"hoverBorder\"><img loading=\"lazy\" decoding=\"async\" width=\"700\" height=\"700\" src=\"https:\/\/www.bjultrasonic.com\/wp-content\/uploads\/2012\/07\/Ultrasonic-Vibration-Transducer.jpg\" class=\"attachment-full size-full\" alt=\"Ultrasonic Vibration Transducer\" link=\"file\" size=\"full\" columns=\"6\" ids=\"23744,19551,42268,42279,4845,42294\" orderby=\"post__in\" include=\"23744,19551,42268,42279,4845,42294\" srcset=\"https:\/\/www.bjultrasonic.com\/wp-content\/uploads\/2012\/07\/Ultrasonic-Vibration-Transducer.jpg 700w, https:\/\/www.bjultrasonic.com\/wp-content\/uploads\/2012\/07\/Ultrasonic-Vibration-Transducer-600x600.jpg 600w, https:\/\/www.bjultrasonic.com\/wp-content\/uploads\/2012\/07\/Ultrasonic-Vibration-Transducer-100x100.jpg 100w\" sizes=\"auto, (max-width: 700px) 100vw, 700px\" \/><span class=\"gallery_caption\">Ultrasonic Vibration Transducer<\/span><\/a><\/div><div class=\"col-sm-6 col-md-4 col-lg-2\"><a href=\"https:\/\/www.bjultrasonic.com\/wp-content\/uploads\/2012\/08\/PZT-Piezo-Ceramics-Disk-for-Beauty-Application.avif\" title=\"Ultrasonic Beauty Transducer\" class=\"hoverBorder\"><img loading=\"lazy\" decoding=\"async\" width=\"800\" height=\"800\" src=\"https:\/\/www.bjultrasonic.com\/wp-content\/uploads\/2012\/08\/PZT-Piezo-Ceramics-Disk-for-Beauty-Application.avif\" class=\"attachment-full size-full\" alt=\"PZT Piezo Ceramics Disk for Beauty Application\" link=\"file\" size=\"full\" columns=\"6\" ids=\"23744,19551,42268,42279,4845,42294\" orderby=\"post__in\" include=\"23744,19551,42268,42279,4845,42294\" srcset=\"https:\/\/www.bjultrasonic.com\/wp-content\/uploads\/2012\/08\/PZT-Piezo-Ceramics-Disk-for-Beauty-Application.avif 800w, https:\/\/www.bjultrasonic.com\/wp-content\/uploads\/2012\/08\/PZT-Piezo-Ceramics-Disk-for-Beauty-Application-600x600.avif 600w, https:\/\/www.bjultrasonic.com\/wp-content\/uploads\/2012\/08\/PZT-Piezo-Ceramics-Disk-for-Beauty-Application-100x100.avif 100w\" sizes=\"auto, (max-width: 800px) 100vw, 800px\" \/><span class=\"gallery_caption\">Ultrasonic Beauty Transducer<\/span><\/a><\/div><\/div><\/div>\n<p>Ett annat klassificeringss\u00e4tt \u00e4r baserat p\u00e5 det anv\u00e4nda piezoelektriska kerammaterialet:<\/p>\n<ul>\n<li><strong>PZT4-serien:<\/strong> Karakteriseras vanligtvis av svarta chips.<\/li>\n<li><strong>PZT8-serien:<\/strong> Identifieras vanligtvis av gula chips.<\/li>\n<\/ul>\n<p>Frekvensbaserade klassificeringar \u00e4r ocks\u00e5 vanliga:<\/p>\n<ul>\n<li><strong>L\u00e5gfrekvensserien:<\/strong> Fr\u00e5n 17 till 23 kHz.<\/li>\n<li><strong>Mellansfrekvensserien:<\/strong> Fr\u00e5n 25 till 28 kHz.<\/li>\n<li><strong>H\u00f6gfrekvensserien:<\/strong> Fr\u00e5n 33 till 60 kHz.<\/li>\n<li><strong>Ultrah\u00f6gfrekvensserien:<\/strong> Fr\u00e5n 68 till 200 kHz.<\/li>\n<\/ul>\n<p>Effektbaserade kategorier inkluderar:<\/p>\n<ul>\n<li><strong>50W-serien:<\/strong> Vilken kan inkludera 60W-transducrar.<\/li>\n<li><strong>100W-serien:<\/strong> Omfattar 80W och andra liknande effektklassningar.<\/li>\n<li><strong>Annat okonventionell effekt:<\/strong> Transducrar med icke-standardiserade effektutg\u00e5ngar.<\/li>\n<\/ul>\n<p>Slutligen kan transducrar klassificeras efter deras fysiska form:<\/p>\n<ul>\n<li><strong>Rak:<\/strong> Transducrar med cylindrisk eller rektangul\u00e4r form.<\/li>\n<li><strong>Hornformad:<\/strong> Transducrar med en konisk form f\u00f6r att f\u00f6rst\u00e4rka ultraljudsvibrationerna.<\/li>\n<\/ul>\n<h3>2. Namngivningsmetoder<\/h3>\n<p>Ultraljudstransducrar betecknas ofta med en kombination av bokst\u00e4ver och siffror som specificerar viktiga egenskaper. En vanlig namngivningskonvention \u00e4r f\u00f6ljande, med ett hypotetiskt exempel fr\u00e5n Beijing Ultrasonic:<\/p>\n<p><img loading=\"lazy\" decoding=\"async\" class=\"alignnone wp-image-815 size-full\" title=\"Ultraljudstransducer Namngivningsmetod\" src=\"https:\/\/www.bjultrasonic.com\/wp-content\/uploads\/2012\/04\/Ultrasonic-Transducer-Naming-Method.png\" alt=\"Ultraljudstransducer Namngivningsmetod\" width=\"512\" height=\"285\" \/><\/p>\n<p><strong>Exempel: BJ-18 50D-35HN PZT8<\/strong><\/p>\n<table class=\"table table-striped table-bordered\">\n<thead>\n<tr>\n<th align=\"left\">Komponent<\/th>\n<th align=\"left\">Beskrivning<\/th>\n<th align=\"left\">Exempel<\/th>\n<\/tr>\n<\/thead>\n<tbody>\n<tr>\n<td align=\"left\">BJ<\/td>\n<td align=\"left\">F\u00f6retagskod<\/td>\n<td align=\"left\">BJ<\/td>\n<\/tr>\n<tr>\n<td align=\"left\">C<\/td>\n<td align=\"left\">Applikation, &#8221;Reng\u00f6ring&#8221;<\/td>\n<td align=\"left\">C<\/td>\n<\/tr>\n<tr>\n<td align=\"left\">18<\/td>\n<td align=\"left\">Frekvens i KHz<\/td>\n<td align=\"left\">18<\/td>\n<\/tr>\n<tr>\n<td align=\"left\">50<\/td>\n<td align=\"left\">Effekt i Watt<\/td>\n<td align=\"left\">50<\/td>\n<\/tr>\n<tr>\n<td align=\"left\">D<\/td>\n<td align=\"left\">Antal piezoelektriska keramer<\/td>\n<td align=\"left\">D<\/td>\n<\/tr>\n<tr>\n<td align=\"left\">35<\/td>\n<td align=\"left\">Diameter p\u00e5 piezoelektrisk keram<\/td>\n<td align=\"left\">35<\/td>\n<\/tr>\n<tr>\n<td align=\"left\">H<\/td>\n<td align=\"left\">Transducerns form<\/td>\n<td align=\"left\">H<\/td>\n<\/tr>\n<tr>\n<td align=\"left\">N<\/td>\n<td align=\"left\">S\u00e4rskild funktion, &#8221;Inget h\u00e5l&#8221;<\/td>\n<td align=\"left\">N<\/td>\n<\/tr>\n<tr>\n<td align=\"left\">PZT8<\/td>\n<td align=\"left\">Piezoelektrisk keramtyp<\/td>\n<td align=\"left\">PZT8<\/td>\n<\/tr>\n<\/tbody>\n<\/table>\n<p>Denna detaljerade kod m\u00f6jligg\u00f6r exakt identifiering av transducerns egenskaper. Observera att specifika namngivningskonventioner kan variera mellan olika tillverkare.<\/p>\n<p><iframe loading=\"lazy\" title=\"20KHz 25KHz 28KHz 60KHz Piezo Ultrasonic Transducer for Cleaning\" width=\"500\" height=\"281\" src=\"https:\/\/www.youtube.com\/embed\/JdWn_Q0bJgc?feature=oembed\" frameborder=\"0\" allow=\"accelerometer; autoplay; clipboard-write; encrypted-media; gyroscope; picture-in-picture; web-share\" referrerpolicy=\"strict-origin-when-cross-origin\" allowfullscreen><\/iframe><\/p>\n<h3>3. Hur fungerar den?<\/h3>\n<p>K\u00e4rnfunktionen hos en ultraljudstransducer \u00e4r att omvandla energi mellan elektrisk och akustisk form. Denna omvandlingsprocess f\u00f6rlitar sig p\u00e5 piezoelektrisk effekt. H\u00e4r \u00e4r en uppdelning:<\/p>\n<p><strong>Piezoelektriskt element:<\/strong> I transducerns hj\u00e4rta finns det <a href=\"https:\/\/www.bjultrasonic.com\/sv\/category\/piezoelectric-ceramic-sv\/\">piezoelektriska elementet<\/a>, tillverkat av material som PZT (blyzirkonattitanat). N\u00e4r ett v\u00e4xelvis elektriskt f\u00e4lt appliceras expanderar och kontraherar det piezoelektriska materialet.<\/p>\n<p><strong>Ljudv\u00e5gsgenerering:<\/strong> Expansionen och kontraktionen av det piezoelektriska elementet skapar mekaniska tryckv\u00e5gor, vilka \u00e4r ljudv\u00e5gorna.<\/p>\n<p><strong>Riktningskontroll:<\/strong> F\u00f6r att rikta ljudv\u00e5gorna i en specifik riktning \u00e4r transducerns design avg\u00f6rande.<\/p>\n<ul>\n<li><strong>Baklager:<\/strong> Detta lager, vanligtvis tillverkat av t\u00e4t, ljudabsorberande material som volframbelastade polymerer, f\u00f6rhindrar att ljud fortplantar sig i motsatt riktning. Baklagret kan noggrant konstrueras med specifika former f\u00f6r att s\u00e4kerst\u00e4lla fullst\u00e4ndig absorption av v\u00e5gorna.<\/li>\n<li><strong>Anpassningslager:<\/strong> Detta lager, ofta ett eller flera lager med en intermedi\u00e4r akustisk impedans, placeras mellan det piezoelektriska elementet och det medium som ljudet ska fortplanta sig i. Det hj\u00e4lper till att maximera \u00f6verf\u00f6ringen av akustisk energi genom att minska reflektioner, liknande ett antireflexbel\u00e4ggning p\u00e5 glas.<\/li>\n<\/ul>\n<p>Genom att kontrollera dessa element omvandlar en omvandlare effektivt elektrisk energi till fokuserade ultraljudsv\u00e5gor och sedan tillbaka till elektrisk energi.<\/p>\n<p><iframe loading=\"lazy\" title=\"High Power Piezoelectric Ultrasonic Transducer - Beijing Ultrasonic\" width=\"500\" height=\"281\" src=\"https:\/\/www.youtube.com\/embed\/TBLGTvZgOw4?feature=oembed\" frameborder=\"0\" allow=\"accelerometer; autoplay; clipboard-write; encrypted-media; gyroscope; picture-in-picture; web-share\" referrerpolicy=\"strict-origin-when-cross-origin\" allowfullscreen><\/iframe><\/p>\n<h3>4. Limningsprocess f\u00f6r piezoelektrisk ultraljudsomvandlare<\/h3>\n<p>Limningsprocessen \u00e4r avg\u00f6rande f\u00f6r prestanda och livsl\u00e4ngd hos en piezoelektrisk ultraljudsomvandlare. Nedan f\u00f6ljer de viktigaste stegen och \u00f6verv\u00e4gandena:<\/p>\n<table class=\"table table-striped table-bordered\">\n<thead>\n<tr>\n<th align=\"left\"><strong>Steg<\/strong><\/th>\n<th align=\"left\"><strong>Beskrivning<\/strong><\/th>\n<th align=\"left\"><strong>Betydelse<\/strong><\/th>\n<\/tr>\n<\/thead>\n<tbody>\n<tr>\n<td align=\"left\">Limval<\/td>\n<td align=\"left\">V\u00e4lj ett lim med l\u00e5g h\u00e4rdningskrympning och l\u00e5g termisk expansion f\u00f6r att minimera p\u00e5frestningar p\u00e5 det piezoelektriska elementet. Epoxylim (A+B-typer) anv\u00e4nds vanligtvis.<\/td>\n<td align=\"left\">Minskar p\u00e5frestningar och f\u00f6rb\u00e4ttrar omvandlarens tillf\u00f6rlitlighet.<\/td>\n<\/tr>\n<tr>\n<td align=\"left\">Ytf\u00f6rberedelse<\/td>\n<td align=\"left\">Sandbl\u00e4stra limningsytan f\u00f6r att \u00f6ka vidh\u00e4ftningsstyrkan. Reng\u00f6r sedan ytan med aceton eller alkohol.<\/td>\n<td align=\"left\">S\u00e4kerst\u00e4ller en stark bindning mellan det piezoelektriska elementet och omvandlarkroppen.<\/td>\n<\/tr>\n<tr>\n<td align=\"left\">Justering<\/td>\n<td align=\"left\">S\u00e4kerst\u00e4ll vertikal korrigering vid limning med en nagelprocess. Detta f\u00f6rhindrar oj\u00e4mn tryckf\u00f6rdelning p\u00e5 det piezoelektriska elementet under limningen.<\/td>\n<td align=\"left\">S\u00e4kerst\u00e4ller j\u00e4mn prestanda fr\u00e5n det piezoelektriska elementet.<\/td>\n<\/tr>\n<tr>\n<td align=\"left\">F\u00f6rsp\u00e4nningsbelastning<\/td>\n<td align=\"left\">Applicera kontrollerad f\u00f6rsp\u00e4nning under h\u00e4rdning med exakt konsistens. Detta hj\u00e4lper till att uppr\u00e4tth\u00e5lla \u00f6nskade mekaniska och elektriska egenskaper f\u00f6r b\u00e4sta akustiska prestanda.<\/td>\n<td align=\"left\">F\u00f6rb\u00e4ttrar l\u00e5ngsiktig stabilitet och omvandlingseffektivitet.<\/td>\n<\/tr>\n<tr>\n<td align=\"left\">Impedanskontroll<\/td>\n<td align=\"left\">Implementera impedanskontroll under limningsprocessen f\u00f6r att minimera omvandlarens impedans och f\u00f6rb\u00e4ttra den elektroakustiska omvandlingen.<\/td>\n<td align=\"left\">Optimerar energi\u00f6verf\u00f6ring och omvandlarens totala effektivitet.<\/td>\n<\/tr>\n<tr>\n<td align=\"left\">Impedanstestning<\/td>\n<td align=\"left\">Efter h\u00e4rdning, utf\u00f6r impedanstestning f\u00f6r att verifiera limningens konsekvens och integritet, och s\u00e4kerst\u00e4lla j\u00e4mn belastningsenergi \u00f6ver alla anslutna delar.<\/td>\n<td align=\"left\">Garanterar konsekvent prestanda mellan omvandlare och minimerar potentiella prestandabrister.<\/td>\n<\/tr>\n<tr>\n<td align=\"left\">Kablagning och isolering<\/td>\n<td align=\"left\">Anv\u00e4nd flexibla elektrodedtr\u00e5dar och s\u00e4kra, p\u00e5litliga svetsmetoder. F\u00f6rst\u00e4rk isoleringen f\u00f6r att f\u00f6rhindra kortslutning.<\/td>\n<td align=\"left\">F\u00f6rhindrar mekaniska fel och elektriska st\u00f6rningar.<\/td>\n<\/tr>\n<tr>\n<td align=\"left\">Isoleringstest<\/td>\n<td align=\"left\">Utf\u00f6r ett isoleringstest efter kablagning f\u00f6r att f\u00f6rhindra risk f\u00f6r kortslutning eller skador.<\/td>\n<td align=\"left\">S\u00e4kerst\u00e4ller omvandlarens s\u00e4kerhet och tillf\u00f6rlitlighet<\/td>\n<\/tr>\n<tr>\n<td align=\"left\">Fels\u00f6kning<\/td>\n<td align=\"left\">Fels\u00f6k maskin i varmt vatten (40-60\u00b0C) och h\u00e5ll temperaturen under 80\u00b0C under drift.<\/td>\n<td align=\"left\">Minimerar risker relaterade till h\u00f6ga driftstemperaturer.<\/td>\n<\/tr>\n<\/tbody>\n<\/table>\n<h3><img loading=\"lazy\" decoding=\"async\" class=\"alignnone size-full wp-image-5528\" src=\"\/\/www.bjultrasonic.com\/wp-content\/uploads\/2012\/04\/Bonding-Process-of-Piezoelectric-Ultrasonic-Transducer-Glue.jpg\" alt=\"Limningsprocess f\u00f6r piezoelektrisk ultraljudsomvandlare \" width=\"620\" height=\"465\" \/><\/h3>\n<h3>5. Frekvensval<\/h3>\n<p>Valet av l\u00e4mplig driftsfrekvens beror p\u00e5 det specifika applikationsomr\u00e5det och typen av material eller f\u00f6rem\u00e5l som ska bearbetas.<\/p>\n<table class=\"table table-striped table-bordered\">\n<thead>\n<tr>\n<th align=\"left\"><strong>Frekvensomr\u00e5de<\/strong><\/th>\n<th align=\"left\"><strong>Egenskaper<\/strong><\/th>\n<th align=\"left\"><strong>Typiska applikationer<\/strong><\/th>\n<\/tr>\n<\/thead>\n<tbody>\n<tr>\n<td align=\"left\"><strong>L\u00e5g (17-23 kHz)<\/strong><\/td>\n<td align=\"left\">Genererar st\u00f6rre kavitationsbubblor; mer effektiv p\u00e5 tungt smuts och h\u00e5llbara f\u00f6rem\u00e5l.<\/td>\n<td align=\"left\">Magnetsektor, fordonsunderh\u00e5ll, textilindustrier.<\/td>\n<\/tr>\n<tr>\n<td align=\"left\"><strong>Medium (25-28 kHz)<\/strong><\/td>\n<td align=\"left\">Erbjuder en balans mellan reng\u00f6ringskraft och ytk\u00e4nslighet; effektiv p\u00e5 m\u00e5ttlig smuts.<\/td>\n<td align=\"left\">De flesta mekaniska bearbetningar, galvanisering, livsmedelsindustrier.<\/td>\n<\/tr>\n<tr>\n<td align=\"left\"><strong>H\u00f6g (33-60 kHz)<\/strong><\/td>\n<td align=\"left\">Skapar mindre kavitationsbubblor; idealisk f\u00f6r finreng\u00f6ring av k\u00e4nsliga delar och ytor.<\/td>\n<td align=\"left\">Precisionsdelar, glas, linser, elektronikkomponenter, kretskort.<\/td>\n<\/tr>\n<tr>\n<td align=\"left\"><strong>Ultrah\u00f6g (68-200 kHz)<\/strong><\/td>\n<td align=\"left\">Producerar de minsta kavitationsbubblorna med l\u00e5g fysisk p\u00e5verkan och extremt h\u00f6g reng\u00f6ringsniv\u00e5.<\/td>\n<td align=\"left\">Mycket k\u00e4nsliga material, mikrofluidik och biomedicinska applikationer.<\/td>\n<\/tr>\n<\/tbody>\n<\/table>\n<p>Sammanfattningsvis \u00e4r l\u00e5ga frekvenser b\u00e4ttre f\u00f6r att avl\u00e4gsna stora f\u00f6roreningar, medan h\u00f6gre frekvenser \u00e4r b\u00e4ttre f\u00f6r precisionsreng\u00f6ring.<\/p>\n<p>Ultraljudstransduktorer \u00e4r m\u00e5ngsidiga enheter med ett brett spektrum av till\u00e4mpningar p\u00e5 grund av deras f\u00f6rm\u00e5ga att omvandla elektrisk energi till mekaniska vibrationer och vice versa. Att f\u00f6rst\u00e5 de olika klassificeringarna, namngivningskonventionerna, arbetsprinciperna, bindningsprocesserna och frekvensvalskriterierna \u00e4r avg\u00f6rande f\u00f6r att v\u00e4lja och anv\u00e4nda r\u00e4tt transduktor f\u00f6r en given till\u00e4mpning. Anv\u00e4ndningen av piezoelektriska material, i kombination med exakt design och bindningstekniker, m\u00f6jligg\u00f6r effektiv generering och manipulering av ultraljudsv\u00e5gor, vilket g\u00f6r dessa transduktorer ov\u00e4rderliga inom m\u00e5nga branscher.<\/p>\n","protected":false},"excerpt":{"rendered":"<p>En ultraljudstransducer \u00e4r en anordning som omvandlar energi fr\u00e5n en form till en annan, specifikt mellan elektrisk energi och akustisk (ljud) energi vid ultraljudsfrekvenser\u2014frekvenser \u00f6ver intervallet f\u00f6r m\u00e4nskligt h\u00f6rsel (vanligtvis \u00f6ver 20 kHz). Enklare uttryckt \u00e4r det en anordning som kan generera och ta emot ljudv\u00e5gor vid frekvenser som m\u00e4nniskor inte kan h\u00f6ra. 1. Klassificering<\/p>\n","protected":false},"author":1,"featured_media":1326,"parent":0,"menu_order":0,"comment_status":"closed","ping_status":"closed","template":"","meta":{"footnotes":""},"class_list":["post-72710","page","type-page","status-publish","has-post-thumbnail","hentry","prodpage-classic"],"aioseo_notices":[],"_links":{"self":[{"href":"https:\/\/www.bjultrasonic.com\/sv\/wp-json\/wp\/v2\/pages\/72710","targetHints":{"allow":["GET"]}}],"collection":[{"href":"https:\/\/www.bjultrasonic.com\/sv\/wp-json\/wp\/v2\/pages"}],"about":[{"href":"https:\/\/www.bjultrasonic.com\/sv\/wp-json\/wp\/v2\/types\/page"}],"author":[{"embeddable":true,"href":"https:\/\/www.bjultrasonic.com\/sv\/wp-json\/wp\/v2\/users\/1"}],"replies":[{"embeddable":true,"href":"https:\/\/www.bjultrasonic.com\/sv\/wp-json\/wp\/v2\/comments?post=72710"}],"version-history":[{"count":0,"href":"https:\/\/www.bjultrasonic.com\/sv\/wp-json\/wp\/v2\/pages\/72710\/revisions"}],"wp:featuredmedia":[{"embeddable":true,"href":"https:\/\/www.bjultrasonic.com\/sv\/wp-json\/wp\/v2\/media\/1326"}],"wp:attachment":[{"href":"https:\/\/www.bjultrasonic.com\/sv\/wp-json\/wp\/v2\/media?parent=72710"}],"curies":[{"name":"wp","href":"https:\/\/api.w.org\/{rel}","templated":true}]}}