{"id":72730,"date":"2022-06-09T02:42:02","date_gmt":"2022-06-09T07:42:02","guid":{"rendered":"https:\/\/www.bjultrasonic.com\/ultrasonic-cleaners-technical-specification\/"},"modified":"2026-03-12T09:31:14","modified_gmt":"2026-03-12T14:31:14","slug":"ultrasonic-cleaners-technical-specification","status":"publish","type":"page","link":"https:\/\/www.bjultrasonic.com\/sv\/ultrasonic-cleaners-technical-specification\/","title":{"rendered":"\u00d6versikt \u00f6ver ultraljudsreng\u00f6ringsteknik"},"content":{"rendered":"<p><a href=\"https:\/\/www.bjultrasonic.com\/sv\/category\/ultrasonic-cleaning-system-sv\/\">Ultrasonic reng\u00f6ring<\/a> \u00e4r en mycket effektiv metod f\u00f6r att avl\u00e4gsna f\u00f6roreningar fr\u00e5n en m\u00e4ngd olika f\u00f6rem\u00e5l. Metoden anv\u00e4nder h\u00f6gfrekventa ljudv\u00e5gor, som inte kan h\u00f6ras av det m\u00e4nskliga \u00f6rat, f\u00f6r att agitera en reng\u00f6ringsl\u00f6sning. Denna agitation skapar en kraftfull skrubbande effekt som n\u00e5r \u00e4ven de mest intrikata och sv\u00e5r\u00e5tkomliga omr\u00e5dena, och avl\u00e4gsnar effektivt orenheter som fett, damm, m\u00f6gel, rost, fingeravtryck, svamp, sot och bakterier. Denna metod \u00e4r l\u00e4mplig f\u00f6r olika material, inklusive glas, metaller, keramik, plaster och gummi, vilket g\u00f6r den till en m\u00e5ngsidig reng\u00f6ringsl\u00f6sning f\u00f6r olika till\u00e4mpningar.<\/p>\n<h3>1. Mekanismen f\u00f6r ultraljudsreng\u00f6ring<\/h3>\n<p>Ultrasonic reng\u00f6ring fungerar genom att generera kompressions- och expansionstryckv\u00e5gor i en v\u00e4tska med hj\u00e4lp av <a href=\"https:\/\/www.bjultrasonic.com\/sv\/category\/ultrasonic-transducer-sv\/\">piezoelektriska transducrar<\/a>. Dessa transducrar, vanligtvis tillverkade av piezokeramiskt material, \u00e4r f\u00e4sta p\u00e5 sidan eller undersidan av en tank i rostfritt st\u00e5l. N\u00e4r en elektrisk signal appliceras vibrerar transducrarna snabbt, vilket f\u00e5r tankv\u00e4ggarna att r\u00f6ra sig och skapa tryckv\u00e5gor i v\u00e4tskan. Denna process genererar sm\u00e5 vakuumh\u00e5lrum, som v\u00e4xer och kollapsar v\u00e5ldsamt p\u00e5 grund av de kontinuerliga tryckfluktuationerna. Kollapsen av dessa h\u00e5lrum skapar lokala h\u00f6ga temperaturer (upp till 5000\u00b0C) och kraftfulla v\u00e4tskestr\u00e5lar som effektivt avl\u00e4gsnar smuts fr\u00e5n neds\u00e4nkta f\u00f6rem\u00e5l.<\/p>\n<table class=\"table table-striped table-bordered\">\n<thead>\n<tr>\n<th>Processsteg<\/th>\n<th>Beskrivning<\/th>\n<\/tr>\n<\/thead>\n<tbody>\n<tr>\n<td><strong>Transduceraktivering<\/strong><\/td>\n<td>Elektrisk signal appliceras p\u00e5 transducrar, vilket f\u00e5r dem att vibrera snabbt.<\/td>\n<\/tr>\n<tr>\n<td><strong>V\u00e5ggenerering<\/strong><\/td>\n<td>Transducrarnas vibrationer skapar kompressions- och expansionstryckv\u00e5gor i v\u00e4tskan.<\/td>\n<\/tr>\n<tr>\n<td><strong>Kavitation<\/strong><\/td>\n<td>Tryckv\u00e5gorna skapar vakuumh\u00e5lrum som v\u00e4xer och kollapsar v\u00e5ldsamt.<\/td>\n<\/tr>\n<tr>\n<td><strong>Reng\u00f6ringseffekt<\/strong><\/td>\n<td>Kavitationskollaps genererar lokala h\u00f6ga temperaturer och kraftfulla v\u00e4tskestr\u00e5lar som avl\u00e4gsnar smuts.<\/td>\n<\/tr>\n<\/tbody>\n<\/table>\n<p>F\u00f6r att f\u00f6rb\u00e4ttra reng\u00f6ringsprocessen tills\u00e4tts vanligtvis reng\u00f6ringsmedel eller tv\u00e5l till reng\u00f6ringsl\u00f6sningen. Att v\u00e4rma v\u00e4tskan kan ocks\u00e5 f\u00f6rb\u00e4ttra effektiviteten hos reng\u00f6ringskemikalierna och avl\u00e4gsna eventuella vakuumfickor, med temperaturer upp till 80% av kokpunkten rekommenderas. F\u00f6rem\u00e5l som ska reng\u00f6ras placeras vanligtvis i en korg, inte direkt i tanken, f\u00f6r att f\u00f6rhindra skador.<\/p>\n<p><iframe loading=\"lazy\" title=\"Degreasing And Derusting With Ultrasonic Cleaning Tanks\" width=\"500\" height=\"281\" src=\"https:\/\/www.youtube.com\/embed\/OXiEKC74BYw?feature=oembed\" frameborder=\"0\" allow=\"accelerometer; autoplay; clipboard-write; encrypted-media; gyroscope; picture-in-picture; web-share\" referrerpolicy=\"strict-origin-when-cross-origin\" allowfullscreen><\/iframe><\/p>\n<h3>2. Typer av ultraljudsreng\u00f6ringssystem<\/h3>\n<p>Ultrasonic reng\u00f6ringssystem finns i olika konfigurationer f\u00f6r att passa olika behov, inklusive:<\/p>\n<ul>\n<li><strong>Enkeltanksreng\u00f6ringssystem:<\/strong> L\u00e4mpligt f\u00f6r mindre volymer av delar. Industriella enheter med separat inneslutna generatorer rekommenderas framf\u00f6r bordmodeller som \u00e4r mindre robusta och har mindre transducrar. Dessa system \u00e4r idealiska f\u00f6r prototyper och labbreng\u00f6ringslinjer.<\/li>\n<li><strong>Kommersiella\/industriella reng\u00f6ringsinstallationer:<\/strong> St\u00f6rre tankar \u00e4r utformade f\u00f6r industriella till\u00e4mpningar och f\u00f6r pl\u00e4tering av delar, d\u00e4r f\u00f6rem\u00e5lens storlek kan vara mer betydande.<\/li>\n<li><strong>Flertanksreng\u00f6ringsinstallation:<\/strong> Detta inkluderar minst tre tankar: en ultraljudsreng\u00f6ringsmedelstank, en ultraljudssk\u00f6ljtank och en separat sprutsk\u00f6ljtank. Flera tankar m\u00f6jligg\u00f6r samtidig reng\u00f6ring av flera delar, med funktioner som automatisk dr\u00e4nering, p\u00e5fyllning, filtrering och DI-v\u00e4tskev\u00e4rmare. Denna installation kan ytterligare f\u00f6rb\u00e4ttras med ytterligare ultraljudssk\u00f6lj- och spruttankar.<\/li>\n<li><strong>Automatiska reng\u00f6ringssystem:<\/strong> Automatiserade system s\u00e4kerst\u00e4ller konsekventa reng\u00f6ringsvillkor f\u00f6r varje sats, vilket eliminerar inkonsekvenser relaterade till manuella processer.<\/li>\n<\/ul>\n<div class=\"woocommerce columns-6\"><\/div>\n<h3>3. Varf\u00f6r v\u00e4lja ultraljudsreng\u00f6ring?<\/h3>\n<p>Ultrasonic reng\u00f6ring \u00e4r milj\u00f6v\u00e4nligt och \u00e4r ett effektivt alternativ till traditionella \u00e5ngavfettningsmetoder. Str\u00e5lverkan kan n\u00e5 djupt in i intrikada springor och ytor som andra reng\u00f6ringsmetoder inte n\u00e5r. Automatiska hanteringssystem, str\u00e5lsprutning och oljeavskiljare kan integreras f\u00f6r att ytterligare f\u00f6rb\u00e4ttra processen.<\/p>\n<h3>4. Till\u00e4mpningar av ultraljudsreng\u00f6ring<\/h3>\n<p>Ultrasonic reng\u00f6ring anv\u00e4nds inom olika branscher p\u00e5 grund av sin effektivitet och effektivitet. H\u00e4r \u00e4r n\u00e5gra viktiga till\u00e4mpningar:<\/p>\n<h4>4.1. Publicerings- och tryckeribranschen<\/h4>\n<p>Ultrasonic reng\u00f6ring \u00e4r mycket effektiv i tryckeribranschen, s\u00e4rskilt f\u00f6r reng\u00f6ring av keramiska aniloxrullar, d\u00e4r konventionella metoder inte n\u00e5r de sm\u00e5 h\u00e5lrummen. Till exempel kan ett system fr\u00e5n Beijing Ultrasonic reng\u00f6ra upp till 12 rullar \u00e5t g\u00e5ngen. Viktiga funktioner inkluderar frekvenssvep, d\u00e4r frekvensen st\u00e4ndigt roterar f\u00f6r att s\u00e4kerst\u00e4lla att ljudv\u00e5gorna \u00e4r j\u00e4mnt f\u00f6rdelade p\u00e5 rullens yta, och funktionen &#8221;Super sweep&#8221;, som \u00f6kar svephastigheten och s\u00e4kerst\u00e4ller en grundlig och skonsam reng\u00f6ring.<\/p>\n<p><img loading=\"lazy\" decoding=\"async\" class=\"alignnone size-full wp-image-1597\" src=\"\/\/www.bjultrasonic.com\/wp-content\/uploads\/2013\/05\/publishing-and-printing-business.jpg\" alt=\"publicerings- och tryckeriverksamhet\" width=\"650\" height=\"300\" \/><\/p>\n<h4>4.2. Medicinsk och klinisk industri<\/h4>\n<p>Ultrasonic reng\u00f6ring \u00e4r avg\u00f6rande inom medicinska omr\u00e5det f\u00f6r reng\u00f6ring av kirurgisk utrustning, endoskopr\u00f6r, ortopediska implantat, linser och hypodermiska n\u00e5lar. Effektiv reng\u00f6ring \u00e4r kritisk f\u00f6r framg\u00e5ngsrik sterilisering. \u00c4ven om ultraljudsreng\u00f6ring inte steriliserar, avl\u00e4gsnar den f\u00f6roreningar effektivt. En typisk process inkluderar f\u00f6rv\u00e4skning, ultraljudsreng\u00f6ring, kaskadsk\u00f6ljning och knivtorkning med varmluft.<\/p>\n<p><img loading=\"lazy\" decoding=\"async\" class=\"alignnone size-full wp-image-1598\" title=\"medicinsk och klinisk industri\" src=\"\/\/www.bjultrasonic.com\/wp-content\/uploads\/2013\/05\/medicinal-and-clinical-industry.jpg\" alt=\"medicinsk och klinisk industri\" width=\"650\" height=\"320\" \/><\/p>\n<h4>4.3. Dental- och ortopedisk implantatreng\u00f6ring<\/h4>\n<p>F\u00f6r ortopediska implantat \u00e4r precisionsreng\u00f6ring avg\u00f6rande, och ultraljudssystem \u00e4r utformade f\u00f6r att noggrant avl\u00e4gsna damm, olja och f\u00f6reningar. Flerstegssystem med automatiserade och halvautomatiserade funktioner finns tillg\u00e4ngliga f\u00f6r att m\u00f6ta specifika krav, med processer som inkluderar f\u00f6rv\u00e4skning med ytsopning och turbofilter, ultraljudstv\u00e4tt, kaskadsk\u00f6ljning och knivtorkning.<\/p>\n<p><img loading=\"lazy\" decoding=\"async\" class=\" wp-image-1599 alignnone\" title=\"Dental and Orthopedic Insertion and Implant Cleaning\" src=\"\/\/www.bjultrasonic.com\/wp-content\/uploads\/2013\/05\/Dental-and-Orthopedic-Insertion-and-Implant-Cleaning.png\" alt=\"Dental and Orthopedic Insertion and Implant Cleaning\" width=\"650\" height=\"323\" \/><\/p>\n<h4>4.4. Pansar- och artilleriindustri<\/h4>\n<p>Ultraljudsreng\u00f6ring \u00e4r mycket effektivt f\u00f6r eldvapen, eftersom det avl\u00e4gsnar kol, oljor och biprodukter fr\u00e5n f\u00f6rbr\u00e4nt krut samt bly-\/kopparavlagringar. Det \u00e4r effektivare \u00e4n manuell reng\u00f6ring och reng\u00f6r b\u00e5de inre och yttre ytor. Systemen inkluderar hydrauliska repellenter och speciella l\u00f6sningar f\u00f6r att ta bort rester samtidigt som vapnen l\u00e4mnas som nya. Beijing Ultrasonic \u00e4r en ledande akt\u00f6r i Kina inom anv\u00e4ndningen av denna teknik.<\/p>\n<p><img loading=\"lazy\" decoding=\"async\" class=\"alignnone size-full wp-image-1600\" src=\"\/\/www.bjultrasonic.com\/wp-content\/uploads\/2013\/05\/Armor-and-artillery-Industry.jpg\" alt=\"Armor and artillery Industry\" width=\"650\" height=\"286\" \/><\/p>\n<h4>4.5. Bil- och fordonsindustri<\/h4>\n<p>Ultraljudsreng\u00f6ring anv\u00e4nds f\u00f6r att reng\u00f6ra fordonsdelar s\u00e5som kolvar, vevaxlar, lager, kugghjul, br\u00e4nsleinsprutare och luftkonditioneringskomponenter. Utformningen av dessa system tar h\u00e4nsyn till typen av f\u00f6roreningar, krav p\u00e5 renhetsniv\u00e5, antal delar, form, material och den totala produktionshastigheten. Standardsystem inkluderar reng\u00f6rings-, sk\u00f6ljnings- och torkningssteg. Hantering av delar \u00e4r avg\u00f6rande f\u00f6r att undvika luftinslutning och s\u00e4kerst\u00e4lla att reng\u00f6ringsl\u00f6sningen n\u00e5r alla ytor effektivt.<\/p>\n<p><img loading=\"lazy\" decoding=\"async\" class=\"alignnone size-full wp-image-1602\" src=\"\/\/www.bjultrasonic.com\/wp-content\/uploads\/2013\/05\/Car-and-Automotive-Industry.jpg\" alt=\"Car and Automotive Industry\" width=\"650\" height=\"316\" \/><\/p>\n<h4>4.6. Smycken, juveler och artefakter industri<\/h4>\n<p>Ultraljudsreng\u00f6rare \u00e4r idealiska f\u00f6r att reng\u00f6ra smycken, glas\u00f6gon och linser. De anv\u00e4nder vatten med en reng\u00f6ringsblandning f\u00f6r att skapa miljontals bubblor som n\u00e5r omr\u00e5den som en borste inte kan. S\u00e4rskilda funktioner inkluderar separata kretsplaner f\u00f6r s\u00e4kerhet, digitala tidsvisare och h\u00e5llare f\u00f6r klockor\/smycken.<\/p>\n<p><iframe loading=\"lazy\" title=\"Digital Ultrasonic Cleaner - Beijing Ultrasonic\" width=\"500\" height=\"281\" src=\"https:\/\/www.youtube.com\/embed\/gVMD-PH8CBo?feature=oembed\" frameborder=\"0\" allow=\"accelerometer; autoplay; clipboard-write; encrypted-media; gyroscope; picture-in-picture; web-share\" referrerpolicy=\"strict-origin-when-cross-origin\" allowfullscreen><\/iframe><\/p>\n<h4>4.7. H\u00e5rdvaru- och m\u00e4ssingsindustriell reng\u00f6ring<\/h4>\n<p>Ultraljudssystem anv\u00e4nds f\u00f6r att reng\u00f6ra metallprodukter efter polering, s\u00e5som k\u00f6ksredskap, kranar, ljuskronor och m\u00e4ssingsinstrument. Systemen kan hantera avl\u00e4gsnandet av animaliska och vegetabiliska fetter samt polerpulver. Systemets funktioner inkluderar l\u00e5ngsam och omv\u00e4gande v\u00e4rme, kylspolar och automatiserade s\u00e4kerhetsfunktioner.<\/p>\n<p><img loading=\"lazy\" decoding=\"async\" class=\"size-full wp-image-1604 alignnone\" title=\"Hardware and Brassware Industrial Cleaning\" src=\"\/\/www.bjultrasonic.com\/wp-content\/uploads\/2013\/05\/Hardware-and-Brassware-Industrial-Cleaning.jpg\" alt=\"Hardware and Brassware Industrial Cleaning\" width=\"650\" height=\"425\" \/><\/p>\n<h4>4.8. Kulspetspennspetsreng\u00f6ring<\/h4>\n<p>Ultraljudsreng\u00f6ring \u00e4r den enda tillf\u00f6rlitliga metoden f\u00f6r att reng\u00f6ra svarvade produkter som kulspetspennspetsar. Processen kr\u00e4ver rotation och ultraljudsverkan. Ett typiskt system inkluderar reng\u00f6ring i uppv\u00e4rmd tv\u00e4ttmedel, sk\u00f6ljning med kallt och varmt vatten samt torkning med varm tryckluft. Reng\u00f6ringssystemet kan vara helautomatiskt och milj\u00f6v\u00e4nligt.<\/p>\n<p><img loading=\"lazy\" decoding=\"async\" class=\"alignnone size-full wp-image-1605\" title=\"Ultrasonic treatment to clean Ballpoint Pen Tip\" src=\"\/\/www.bjultrasonic.com\/wp-content\/uploads\/2013\/05\/Ultrasonic-treatment-to-clean-Ballpoint-Pen-Tip.jpg\" alt=\"Ultrasonic treatment to clean Ballpoint Pen Tip\" width=\"650\" height=\"244\" \/><\/p>\n<p>Ultraljudsreng\u00f6ringsteknik erbjuder en effektiv, p\u00e5litlig och m\u00e5ngsidig l\u00f6sning f\u00f6r reng\u00f6ring av en m\u00e4ngd olika f\u00f6rem\u00e5l \u00f6ver m\u00e5nga branscher. Fr\u00e5n k\u00e4nsliga medicinska instrument till stora fordonsdelar ger till\u00e4mpningen av h\u00f6gfrekventa ljudv\u00e5gor en \u00f6verl\u00e4gsen reng\u00f6ringsprestanda som \u00e4r sv\u00e5r att uppn\u00e5 med traditionella reng\u00f6ringsmetoder. Beijing Ultrasonic utm\u00e4rker sig s\u00e4rskilt f\u00f6r sina avancerade teknologier som frekvenssvep och supersvep, vilket s\u00e4kerst\u00e4ller h\u00f6gkvalitativa, p\u00e5litliga och s\u00e4kra reng\u00f6ringsl\u00f6sningar \u00e4ven f\u00f6r de mest kr\u00e4vande reng\u00f6ringstill\u00e4mpningarna.<\/p>\n","protected":false},"excerpt":{"rendered":"<p>Ultrasonic reng\u00f6ring \u00e4r en mycket effektiv metod f\u00f6r att avl\u00e4gsna f\u00f6roreningar fr\u00e5n en m\u00e4ngd olika f\u00f6rem\u00e5l. Metoden anv\u00e4nder h\u00f6gfrekventa ljudv\u00e5gor, som inte kan h\u00f6ras av det m\u00e4nskliga \u00f6rat, f\u00f6r att agitera en reng\u00f6ringsl\u00f6sning. Denna agitation skapar en kraftfull skrubbande effekt som n\u00e5r \u00e4ven de mest intrikata och sv\u00e5r\u00e5tkomliga omr\u00e5dena, och avl\u00e4gsnar effektivt orenheter som fett,<\/p>\n","protected":false},"author":1,"featured_media":4843,"parent":0,"menu_order":2,"comment_status":"closed","ping_status":"closed","template":"","meta":{"footnotes":""},"class_list":["post-72730","page","type-page","status-publish","has-post-thumbnail","hentry","prodpage-classic"],"aioseo_notices":[],"_links":{"self":[{"href":"https:\/\/www.bjultrasonic.com\/sv\/wp-json\/wp\/v2\/pages\/72730","targetHints":{"allow":["GET"]}}],"collection":[{"href":"https:\/\/www.bjultrasonic.com\/sv\/wp-json\/wp\/v2\/pages"}],"about":[{"href":"https:\/\/www.bjultrasonic.com\/sv\/wp-json\/wp\/v2\/types\/page"}],"author":[{"embeddable":true,"href":"https:\/\/www.bjultrasonic.com\/sv\/wp-json\/wp\/v2\/users\/1"}],"replies":[{"embeddable":true,"href":"https:\/\/www.bjultrasonic.com\/sv\/wp-json\/wp\/v2\/comments?post=72730"}],"version-history":[{"count":0,"href":"https:\/\/www.bjultrasonic.com\/sv\/wp-json\/wp\/v2\/pages\/72730\/revisions"}],"wp:featuredmedia":[{"embeddable":true,"href":"https:\/\/www.bjultrasonic.com\/sv\/wp-json\/wp\/v2\/media\/4843"}],"wp:attachment":[{"href":"https:\/\/www.bjultrasonic.com\/sv\/wp-json\/wp\/v2\/media?parent=72730"}],"curies":[{"name":"wp","href":"https:\/\/api.w.org\/{rel}","templated":true}]}}