{"id":72750,"date":"2022-09-24T11:05:39","date_gmt":"2022-09-24T16:05:39","guid":{"rendered":"https:\/\/www.bjultrasonic.com\/ultrasonic-generator-technical-specification\/"},"modified":"2026-03-12T09:30:50","modified_gmt":"2026-03-12T14:30:50","slug":"ultrasonic-generator-technical-specification","status":"publish","type":"page","link":"https:\/\/www.bjultrasonic.com\/sv\/ultrasonic-generator-technical-specification\/","title":{"rendered":"Ultrasonisk Generator Teknisk \u00d6versikt"},"content":{"rendered":"<p><a href=\"https:\/\/www.bjultrasonic.com\/sv\/category\/ultrasonic-generator-sv\/\">Ultraljudsgeneratorer<\/a> \u00e4r k\u00e4rnkomponenten i <a href=\"https:\/\/www.bjultrasonic.com\/sv\/category\/ultrasonic-cleaning-system-sv\/\">ultraljudsreningssystem<\/a> och ansvarar f\u00f6r att omvandla elektrisk energi till de h\u00f6gfrekventa elektriska signaler som driver omvandlarna. Dessa omvandlare omvandlar sedan de elektriska signalerna till mekaniska vibrationer, vilket skapar kavitationseffekten i reningstv\u00e4tten som tar bort f\u00f6roreningar. Prestandan och tillf\u00f6rlitligheten hos ultraljudsgeneratorn \u00e4r avg\u00f6rande f\u00f6r effektiv och effektiv reng\u00f6ring. Den h\u00e4r artikeln kommer att utforska de tekniska aspekterna av ultraljudsgeneratorer, s\u00e4rskilt de som erbjuds av Beijing Ultrasonic, inklusive deras funktioner, specifikationer och justeringsprocedurer.<\/p>\n<h3>1. Ultraljudsgeneratorfunktioner och funktioner<\/h3>\n<p>Beijing Ultrasonics generatorer \u00e4r utformade med avancerad mikroprocessorkontrollteknik och erbjuder en rad funktioner som f\u00f6rb\u00e4ttrar deras prestanda och tillf\u00f6rlitlighet. En nyckelfunktion \u00e4r automatisk frekvenssp\u00e5rning, m\u00f6jliggjord av digital frekvenssyntes. Detta s\u00e4kerst\u00e4ller att generatorn alltid arbetar med den mest l\u00e4mpliga frekvensen f\u00f6r den anslutna omvandlaren, vilket optimerar reng\u00f6ringsprocessen. Denna funktion eliminerar behovet av manuell frekvensinst\u00e4llning och s\u00e4kerst\u00e4ller konsekventa reng\u00f6ringsresultat.<\/p>\n<p>Dessutom \u00e4r generatorerna utrustade med omfattande skyddsmekanismer mot \u00f6verhettning och \u00f6verskott av str\u00f6m. Dessa skydd \u00e4r avg\u00f6rande f\u00f6r att f\u00f6rhindra skador p\u00e5 generatorn och ultraljudsreningssystemet, \u00e4ven under l\u00e5ngvarig drift. Den digitala justeringen av ultraljudseffekt m\u00f6jligg\u00f6r flexibilitet och effektivitet vid reng\u00f6ring av olika typer av f\u00f6rem\u00e5l och f\u00f6roreningar. Uteffekten kan noggrant styras fr\u00e5n 0 % till 100 %, vilket s\u00e4kerst\u00e4ller optimal reng\u00f6ring utan att orsaka skador p\u00e5 k\u00e4nsliga delar.<\/p>\n<p>En noggrann timer \u00e4r ocks\u00e5 integrerad i generatorn, vilket m\u00f6jligg\u00f6r exakt kontroll av reng\u00f6ringscykeln och f\u00f6rhindrar b\u00e5de underreng\u00f6ring och \u00f6verreng\u00f6ring. Risk f\u00f6r kavitationserosion, som kan uppst\u00e5 vid l\u00e5ngvarig exponering f\u00f6r ultraljud, mildras av timerfunktionen. Dessutom inneh\u00e5ller generatorn en extern kontrollkontakt, vilket m\u00f6jligg\u00f6r integration med andra kontrollenheter. Slutligen har enheten en frekvensdisplay som g\u00f6r att operat\u00f6rer kan \u00f6vervaka driftsfrekvensen i realtid.<\/p>\n<h3>2. Tekniska parametrar f\u00f6r ultraljudsgenerator<\/h3>\n<p>Beijing Ultrasonics generatorer \u00e4r utformade med specifika parametrar f\u00f6r att s\u00e4kerst\u00e4lla effektiv och tillf\u00f6rlitlig prestanda. Arbetsvolten f\u00f6r dessa enheter \u00e4r 220 V \u00b110 %, vilket g\u00f6r dem kompatibla med standardstr\u00f6mf\u00f6rs\u00f6rjningar. Driftsfrekvensen finns i olika intervall, inklusive 28 kHz, 40 kHz, 80 kHz och 135 kHz, var och en med en tolerans p\u00e5 \u00b15 %.<\/p>\n<p>Arbetsstr\u00f6mmen varierar beroende p\u00e5 generatorns uteffekt. Nedan finns en tabell som visar f\u00f6rh\u00e5llandet mellan uteffekt och arbetsstr\u00f6m:<\/p>\n<table class=\"table table-striped table-bordered\">\n<thead>\n<tr>\n<th align=\"left\">Effekt (W)<\/th>\n<th align=\"left\">Arbetsstr\u00f6m (A)<\/th>\n<\/tr>\n<\/thead>\n<tbody>\n<tr>\n<td align=\"left\">300<\/td>\n<td align=\"left\">1.2<\/td>\n<\/tr>\n<tr>\n<td align=\"left\">600<\/td>\n<td align=\"left\">2.5<\/td>\n<\/tr>\n<tr>\n<td align=\"left\">900<\/td>\n<td align=\"left\">3.5<\/td>\n<\/tr>\n<tr>\n<td align=\"left\">1200<\/td>\n<td align=\"left\">4.5<\/td>\n<\/tr>\n<tr>\n<td align=\"left\">1500<\/td>\n<td align=\"left\">5-5.5<\/td>\n<\/tr>\n<tr>\n<td align=\"left\">1800<\/td>\n<td align=\"left\">6-6.5<\/td>\n<\/tr>\n<tr>\n<td align=\"left\">2000<\/td>\n<td align=\"left\">6.5-7<\/td>\n<\/tr>\n<tr>\n<td align=\"left\">2400<\/td>\n<td align=\"left\">7.5-8<\/td>\n<\/tr>\n<\/tbody>\n<\/table>\n<p>Det \u00e4r viktigt att notera att enheten inte ska drivas kontinuerligt vid sin maximala arbetsstr\u00f6m f\u00f6r att s\u00e4kerst\u00e4lla dess livsl\u00e4ngd och tillf\u00f6rlitlighet. Effektkontrollomr\u00e5det \u00e4r fr\u00e5n 0 till 100 %, vilket ger flexibilitet vid reng\u00f6ring av olika typer av material. Tidskontrollen kan st\u00e4llas in fr\u00e5n 0 till 59 minuter och 59 sekunder, medan omgivningstemperaturomr\u00e5det f\u00f6r drift \u00e4r 0 till 40 \u00b0C, med ett relativt fuktighetsomr\u00e5de p\u00e5 40 %\u201390 %. Generatorn inneh\u00e5ller intern \u00f6verhettningsskydd f\u00f6r chassit, som utl\u00f6ses vid 65 \u00b0C.<\/p>\n<p>De fysiska dimensionerna f\u00f6r ultraljudsgeneratorn varierar ocks\u00e5 beroende p\u00e5 dess effektklass. F\u00f6r generatorer med en effektklass p\u00e5 mindre \u00e4n 1200 W \u00e4r m\u00e5tten 300 mm x 360 mm x 160 mm (L x B x H). F\u00f6r de med 1500 W eller mer \u00e4r m\u00e5tten 500 mm x 360 mm x 160 mm.<\/p>\n<h3>3. Ultraljudsgeneratoralternativ fr\u00e5n Beijing Ultrasonic<\/h3>\n<p>Beijing Ultrasonic erbjuder ett omfattande utbud av ultraljudsgeneratorer f\u00f6r att m\u00f6ta olika reng\u00f6ringsbehov. Dessa inkluderar generatorer med uteffekt fr\u00e5n 300 W till 2400 W, med frekvenser under 45 kHz och \u00f6ver 50 kHz. Det finns ocks\u00e5 en digital ultraljudsgenerator med tre frekvenser tillg\u00e4nglig, vilket ger \u00f6kad flexibilitet vid reng\u00f6ring.<\/p>\n<div class=\"woocommerce columns-6\"><\/div>\n<h3>4. Ultraljudsgeneratorfrontpanel<\/h3>\n<p><img loading=\"lazy\" decoding=\"async\" class=\"alignnone wp-image-1513 size-full\" src=\"https:\/\/www.bjultrasonic.com\/wp-content\/uploads\/2013\/04\/Ultrasonic-Generator-Front-Panel.jpg\" alt=\"Ultraljudsgeneratorfrontpanel\" width=\"661\" height=\"473\" \/><\/p>\n<p>Frontpanelen p\u00e5 Beijing Ultrasonic-generatorn \u00e4r utformad f\u00f6r anv\u00e4ndarv\u00e4nlig drift och \u00f6vervakning. Den inneh\u00e5ller ett displayf\u00f6nster som visar v\u00e4rden f\u00f6r effekt, tid, arbetsf\u00f6rh\u00e5llanden och eventuella felmeddelanden. Effektknapparna m\u00f6jligg\u00f6r justering av uteffekten, med en knapp f\u00f6r att \u00f6ka effekten och en annan f\u00f6r att minska den. P\u00e5 samma s\u00e4tt till\u00e5ter tidsknapparna anv\u00e4ndaren att justera arbetstiden, med knappar f\u00f6r att \u00f6ka och minska.<\/p>\n<p>En svepknapp finns ocks\u00e5 p\u00e5 panelen, vilket g\u00f6r att anv\u00e4ndare kan v\u00e4lja mellan normalt och svepfrekvensl\u00e4gen, vilket m\u00f6jligg\u00f6r olika reng\u00f6ringsm\u00f6nster. P\u00e5\/av-knappen g\u00f6r det m\u00f6jligt f\u00f6r anv\u00e4ndaren att pausa och \u00e5teruppta driften av generatorn.<\/p>\n<h3>5. Frekvensjustering<\/h3>\n<p>Frekvensjustering \u00e4r avg\u00f6rande f\u00f6r att matcha generatorns utdata med transduktorns resonansfrekvens. F\u00f6r att justera frekvensen p\u00e5 Beijing Ultrasonics generator m\u00e5ste h\u00f6ljet \u00f6ppnas f\u00f6r att komma \u00e5t de interna komponenterna. Leta upp den bl\u00e5 knappen, som m\u00f6jligg\u00f6r justering av str\u00f6mmen som transduktorn kan hantera. Till exempel har en 28kHz-transduktor ett frekvensomr\u00e5de p\u00e5 27kHz till 31kHz, medan en 40kHz-transduktor har ett frekvensomr\u00e5de p\u00e5 38kHz till 42kHz.<\/p>\n<p><img loading=\"lazy\" decoding=\"async\" class=\"wp-image-1515 size-full\" title=\"Ultrasonic Generator Frequency Adjustment\" src=\"https:\/\/www.bjultrasonic.com\/wp-content\/uploads\/2013\/04\/Ultrasonic-Generator-Frequency-Adjustment.jpg\" alt=\"Ultrasonic Generator Frequency Adjustment\" width=\"199\" height=\"144\" \/><\/p>\n<h3>6. Str\u00f6mjustering<\/h3>\n<p>Str\u00f6mjustering \u00e4r avg\u00f6rande f\u00f6r att s\u00e4kerst\u00e4lla optimal prestanda och f\u00f6rhindra skador p\u00e5 generatorn. Beijing Ultrasonics generatorer anv\u00e4nder ett datorstyrt system f\u00f6r fels\u00f6kning. Nedan f\u00f6ljer stegen f\u00f6r att justera str\u00f6mmen:<\/p>\n<ol>\n<li>S\u00e4tt i str\u00f6mf\u00f6rs\u00f6rjningen.<\/li>\n<li>Anslut en amperemeter med en kapacitet p\u00e5 10A till str\u00f6mf\u00f6rs\u00f6rjningens inkopplingsterminal.<\/li>\n<li>Sl\u00e5 p\u00e5 str\u00f6mmen och kontrollera amperemeterns avl\u00e4sning. F\u00f6r en 1200W-generator b\u00f6r avl\u00e4sningen vara mindre \u00e4n 5A.<\/li>\n<li>Visa frekvensen p\u00e5 generatorns f\u00f6nster. Detta b\u00f6r vara den normala arbetsfrekvensen.<\/li>\n<li>Hitta den maximala arbetsstr\u00f6mmen inom transduktorns specificerade frekvensomr\u00e5de.<\/li>\n<li>Om str\u00f6mmen och frekvensen \u00e4r l\u00e5ga, minska matchningsinduktansen genom att vidga k\u00e4rnans luftgap. Detta g\u00f6rs genom att placera ark av h\u00f6glandsbyggspapper i luftgapet.<\/li>\n<li>Om str\u00f6mmen och frekvensen \u00e4r h\u00f6ga, \u00f6ka matchningsinduktansen genom att minska k\u00e4rnans luftgap.<\/li>\n<li>St\u00e4ng alltid av str\u00f6mf\u00f6rs\u00f6rjningen innan du justerar k\u00e4rnans luftgap, och \u00f6vervaka f\u00f6r\u00e4ndringarna i str\u00f6mmen.<\/li>\n<li>Justera str\u00f6mmen till 4-4,5A och frekvensen till att vara inom intervallet 27,8kHz-29kHz.<\/li>\n<li>Juster om frekvensen efter varje justering f\u00f6r att s\u00e4kerst\u00e4lla att arbetsstr\u00f6mmen alltid \u00e4r vid maxpunkten.<\/li>\n<\/ol>\n<p><img loading=\"lazy\" decoding=\"async\" class=\"wp-image-1516 size-full\" title=\"Ultrasonic Generator Current Adjustment\" src=\"https:\/\/www.bjultrasonic.com\/wp-content\/uploads\/2013\/04\/Ultrasonic-Generator-Current-Adjustment.jpg\" alt=\"Ultrasonic Generator Current Adjustment\" width=\"202\" height=\"182\" \/><\/p>\n<p>Att minska matchningsinduktansen \u00f6kar den harmoniska frekvensen och str\u00f6mmen, medan att \u00f6ka matchningsinduktansen minskar dem. N\u00e4r du justerar, se till att arbetsfrekvensen inte \u00e4r f\u00f6r l\u00e5g och att str\u00f6mmen inte \u00f6verstiger generatorns m\u00e4rkstr\u00f6m, eftersom detta kan skada effektroret.<\/p>\n<p>Sammanfattningsvis \u00e4r Beijing Ultrasonics ultraljudsgeneratorer konstruerade med avancerad teknik f\u00f6r att ge tillf\u00f6rlitlig och effektiv prestanda f\u00f6r ultraljudsreng\u00f6ringsapplikationer. Den automatiska frekvenssp\u00e5rningen, de omfattande skyddsmekanismerna, de justerbara effekt- och timerfunktionerna samt utbudet av tillg\u00e4ngliga modeller s\u00e4kerst\u00e4ller att det finns ett idealiskt alternativ f\u00f6r olika reng\u00f6ringsbehov. De detaljerade justeringsprocedurerna som tillhandah\u00e5lls f\u00f6r b\u00e5de frekvens och str\u00f6m s\u00e4kerst\u00e4ller den optimerade driften av ultraljudsgeneratorn.<\/p>\n<p>&nbsp;<\/p>\n","protected":false},"excerpt":{"rendered":"<p>Ultraljudsgeneratorer \u00e4r k\u00e4rnkomponenten i ultraljudsreningssystem och ansvarar f\u00f6r att omvandla elektrisk energi till de h\u00f6gfrekventa elektriska signaler som driver omvandlarna. Dessa omvandlare omvandlar sedan de elektriska signalerna till mekaniska vibrationer, vilket skapar kavitationseffekten i reningstv\u00e4tten som tar bort f\u00f6roreningar. Prestandan och tillf\u00f6rlitligheten hos ultraljudsgeneratorn \u00e4r avg\u00f6rande f\u00f6r effektiv och effektiv reng\u00f6ring. Den h\u00e4r artikeln kommer<\/p>\n","protected":false},"author":1,"featured_media":19242,"parent":0,"menu_order":3,"comment_status":"closed","ping_status":"closed","template":"","meta":{"footnotes":""},"class_list":["post-72750","page","type-page","status-publish","has-post-thumbnail","hentry","prodpage-classic"],"aioseo_notices":[],"_links":{"self":[{"href":"https:\/\/www.bjultrasonic.com\/sv\/wp-json\/wp\/v2\/pages\/72750","targetHints":{"allow":["GET"]}}],"collection":[{"href":"https:\/\/www.bjultrasonic.com\/sv\/wp-json\/wp\/v2\/pages"}],"about":[{"href":"https:\/\/www.bjultrasonic.com\/sv\/wp-json\/wp\/v2\/types\/page"}],"author":[{"embeddable":true,"href":"https:\/\/www.bjultrasonic.com\/sv\/wp-json\/wp\/v2\/users\/1"}],"replies":[{"embeddable":true,"href":"https:\/\/www.bjultrasonic.com\/sv\/wp-json\/wp\/v2\/comments?post=72750"}],"version-history":[{"count":0,"href":"https:\/\/www.bjultrasonic.com\/sv\/wp-json\/wp\/v2\/pages\/72750\/revisions"}],"wp:featuredmedia":[{"embeddable":true,"href":"https:\/\/www.bjultrasonic.com\/sv\/wp-json\/wp\/v2\/media\/19242"}],"wp:attachment":[{"href":"https:\/\/www.bjultrasonic.com\/sv\/wp-json\/wp\/v2\/media?parent=72750"}],"curies":[{"name":"wp","href":"https:\/\/api.w.org\/{rel}","templated":true}]}}