{"id":72770,"date":"2025-01-04T09:45:34","date_gmt":"2025-01-04T14:45:34","guid":{"rendered":"https:\/\/www.bjultrasonic.com\/ultrasonic-generator-faqs\/"},"modified":"2026-03-12T09:30:25","modified_gmt":"2026-03-12T14:30:25","slug":"ultrasonic-generator-faqs","status":"publish","type":"page","link":"https:\/\/www.bjultrasonic.com\/sv\/ultrasonic-generator-faqs\/","title":{"rendered":"Vanliga fr\u00e5gor om ultraljudsgeneratorer"},"content":{"rendered":"<p><a href=\"https:\/\/www.bjultrasonic.com\/sv\/category\/ultrasonic-generator-sv\/\">Ultrasondgeneratorer<\/a> \u00e4r kritiska komponenter i ultraljudssystem, ansvariga f\u00f6r att omvandla elektrisk energi till de h\u00f6gfrekventa elektriska signaler som beh\u00f6vs f\u00f6r att driva <a href=\"https:\/\/www.bjultrasonic.com\/sv\/category\/ultrasonic-transducer-sv\/\">ultrasondgivare<\/a>. Dessa generatorer \u00e4r komplexa utrustningar, och deras drift och underh\u00e5ll kan ofta v\u00e4cka m\u00e5nga fr\u00e5gor. Denna artikel syftar till att besvara n\u00e5gra av de vanligaste fr\u00e5gorna om ultrasondgeneratorer och ge en omfattande \u00f6versikt f\u00f6r b\u00e5de nyb\u00f6rjare och erfarna anv\u00e4ndare.<\/p>\n<h3>1. Vad \u00e4r en ultrasondgenerator?<\/h3>\n<p>En ultrasondgenerator, \u00e4ven k\u00e4nd som en ultraljudsstr\u00f6mf\u00f6rs\u00f6rjning eller ultraljudsdrivare, \u00e4r en elektronisk anordning som producerar h\u00f6gfrekvent v\u00e4xelstr\u00f6m (AC). Denna energi \u00e4r specifikt utformad f\u00f6r att matcha resonansfrekvensen hos en ultrasondgivare, som sedan omvandlar denna elektriska energi till mekaniska vibrationer. Dessa vibrationer, inom ultraljudsomr\u00e5det (vanligtvis \u00f6ver 20 kHz), anv\u00e4nds inom en m\u00e4ngd olika till\u00e4mpningar, inklusive reng\u00f6ring, svetsning, sk\u00e4rning och medicinsk avbildning. I grund och botten \u00e4r ultrasondgeneratorn hj\u00e4rtat i alla ultraljudssystem och tillhandah\u00e5ller den n\u00f6dv\u00e4ndiga effekten f\u00f6r att driva hela processen. Beijing Ultrasonic \u00e4r till exempel en v\u00e4lk\u00e4nd tillverkare av dessa generatorer och erbjuder olika modeller anpassade f\u00f6r olika industriella behov.<\/p>\n<h3>2. Hur fungerar en ultrasondgenerator?<\/h3>\n<p>Den grundl\u00e4ggande principen f\u00f6r en ultrasondgenerator innefattar flera viktiga steg. F\u00f6rst tar generatorn emot standard AC-energi fr\u00e5n n\u00e4tet. Denna AC-energi likriktas och filtreras sedan f\u00f6r att producera en stabil DC-sp\u00e4nning. D\u00e4refter anv\u00e4nder generatorn en elektronisk oscillator-krets f\u00f6r att omvandla DC-sp\u00e4nningen tillbaka till en AC-sp\u00e4nning, men vid \u00f6nskad ultraljudsfrekvens. Denna oscillator \u00e4r vanligtvis en \u00e5terkopplingsstyrd krets som st\u00e4ller in sig sj\u00e4lv f\u00f6r att matcha givarens resonansfrekvens f\u00f6r att uppn\u00e5 effektiv energi\u00f6verf\u00f6ring. Det sista steget inneb\u00e4r att f\u00f6rst\u00e4rka ultraljudsfrekvenssignalen, ofta genom en effektf\u00f6rst\u00e4rkare, f\u00f6r att leverera tillr\u00e4cklig effekt till givaren. Impedansanpassningskretsar \u00e4r avg\u00f6rande f\u00f6r att s\u00e4kerst\u00e4lla maximal effekt\u00f6verf\u00f6ring fr\u00e5n generatorn till givaren genom att hantera elektriska impedansskillnader.<\/p>\n<p><img loading=\"lazy\" decoding=\"async\" class=\"alignnone wp-image-19293 size-full\" src=\"https:\/\/www.bjultrasonic.com\/wp-content\/uploads\/2012\/12\/20KHz-100w-Ultrasonic-Generator-PCB-1.jpg\" alt=\"20KHz 100w Ultrasondgenerator PCB-1\" width=\"650\" height=\"867\" \/><\/p>\n<h3>3. Vilka \u00e4r de viktigaste funktionerna hos en ultrasondgenerator?<\/h3>\n<p>Flera funktioner skiljer ultrasondgeneratorer \u00e5t och g\u00f6r dem l\u00e4mpliga f\u00f6r olika till\u00e4mpningar. H\u00e4r \u00e4r n\u00e5gra viktiga funktioner:<\/p>\n<ul>\n<li><strong>Frekvenskontroll:<\/strong> M\u00f6jligheten att exakt kontrollera utmatningsfrekvensen \u00e4r avg\u00f6rande f\u00f6r att matcha givarnas resonansfrekvens. Vissa generatorer har fasta frekvensinst\u00e4llningar, medan andra erbjuder justerbara eller automatiska frekvenssp\u00e5rningsfunktioner.<\/li>\n<li><strong>Effektutmatning:<\/strong> Effektutmatningskapaciteten avg\u00f6r generatorns f\u00f6rm\u00e5ga att effektivt driva en specifik givare. Effektniv\u00e5er str\u00e4cker sig fr\u00e5n n\u00e5gra watt till flera kilowatt beroende p\u00e5 till\u00e4mpning.<\/li>\n<li><strong>Amplitudkontroll:<\/strong> Genom att justera amplituden p\u00e5 ultraljudssignalen kan man kontrollera intensiteten p\u00e5 den ultraljudsenergi som levereras av givaren.<\/li>\n<li><strong>Impedansanpassning:<\/strong> Effektiv impedansanpassning mellan generatorn och givaren \u00e4r avg\u00f6rande f\u00f6r optimal effekt\u00f6verf\u00f6ring och givarprestanda.<\/li>\n<li><strong>Skyddskretsar:<\/strong> Generatorer inneh\u00e5ller ofta skyddskretsar mot \u00f6verstr\u00f6m, \u00f6versp\u00e4nning och \u00f6vertemperatur f\u00f6r att f\u00f6rhindra skador p\u00e5 generatorn och anslutna givare.<\/li>\n<li><strong>Anv\u00e4ndargr\u00e4nssnitt:<\/strong> M\u00e5nga moderna generatorer har digitala gr\u00e4nssnitt med LCD-sk\u00e4rmar och kontrollpaneler f\u00f6r enkel drift, \u00f6vervakning och diagnostik.<\/li>\n<li><strong>Fj\u00e4rrkontroll:<\/strong> Vissa avancerade modeller st\u00f6der fj\u00e4rrkontroll via gr\u00e4nssnitt som RS-232, Ethernet eller PLC-anslutningar.<\/li>\n<\/ul>\n<h3>4. Vilka \u00e4r de olika typerna av ultrasondgeneratorer?<\/h3>\n<p>Ultrasondgeneratorer kan kategoriseras baserat p\u00e5 deras drifts\u00e4tt, effektomr\u00e5de eller till\u00e4mpning. Vanliga typer inkluderar:<\/p>\n<ul>\n<li><strong>Analoga generatorer:<\/strong> Dessa generatorer anv\u00e4nder analoga kretsar f\u00f6r att generera ultraljudsfrekvensen. De \u00e4r generellt sett enklare och billigare men kan ha begr\u00e4nsade kontroll- och justeringsm\u00f6jligheter.<\/li>\n<li><strong>Digitala generatorer:<\/strong> Digitala generatorer anv\u00e4nder mikrokontroller och digitala signalprocessorer f\u00f6r att exakt kontrollera utmatningsparametrar och erbjuder \u00f6verl\u00e4gsen noggrannhet, flexibilitet och diagnostik j\u00e4mf\u00f6rt med analoga versioner.<\/li>\n<li><strong>Sj\u00e4lvsv\u00e4ngande generatorer:<\/strong> \u00c4ven k\u00e4nda som autostyrda generatorer, justerar dessa enheter automatiskt utmatningsfrekvensen f\u00f6r att matcha givarens resonansfrekvens, vilket f\u00f6renklar deras anv\u00e4ndning.<\/li>\n<li><strong>Generatorer med fast frekvens:<\/strong> Dessa generatorer arbetar med en fast ultraljudsfrekvens som \u00e4r f\u00f6rinst\u00e4lld under tillverkning eller konfiguration. De anv\u00e4nds ofta f\u00f6r till\u00e4mpningar som kr\u00e4ver konsekvent prestanda.<\/li>\n<li><strong>Generatorer med justerbar frekvens:<\/strong> Dessa generatorer l\u00e5ter anv\u00e4ndare finjustera utmatningsfrekvensen inom ett visst intervall, vilket ger st\u00f6rre flexibilitet f\u00f6r olika givare och till\u00e4mpningar.<\/li>\n<li><strong>Generatorer med svepfrekvens:<\/strong> Utformade f\u00f6r reng\u00f6ringstill\u00e4mpningar, varierar svepfrekvensgeneratorer utmatningsfrekvensen n\u00e5got under drift f\u00f6r att undvika st\u00e5ende v\u00e5gor och f\u00f6rb\u00e4ttra reng\u00f6ringseffektiviteten.<\/li>\n<\/ul>\n<h3>5. Vilka \u00e4r de vanliga till\u00e4mpningarna f\u00f6r ultrasondgeneratorer?<\/h3>\n<p>Ultrasoniska generatorer anv\u00e4nds inom en m\u00e4ngd olika branscher och applikationer. H\u00e4r \u00e4r n\u00e5gra anm\u00e4rkningsv\u00e4rda exempel:<\/p>\n<table class=\"table table-striped table-bordered\">\n<thead>\n<tr>\n<th align=\"left\">Applikation<\/th>\n<th align=\"left\">Beskrivning<\/th>\n<\/tr>\n<\/thead>\n<tbody>\n<tr>\n<td align=\"left\"><a href=\"https:\/\/www.bjultrasonic.com\/sv\/category\/ultrasonic-cleaning-system-sv\/\">Ultrasonisk reng\u00f6ring<\/a><\/td>\n<td align=\"left\">Tar bort f\u00f6roreningar fr\u00e5n olika delar med hj\u00e4lp av ultraljudsv\u00e5gor i reningsbad.<\/td>\n<\/tr>\n<tr>\n<td align=\"left\"><a href=\"https:\/\/www.bjultrasonic.com\/sv\/category\/ultrasonic-welding-equipment-sv\/\">Ultrasonisk svetsning<\/a><\/td>\n<td align=\"left\">Fogar ihop plast-, metall- eller tygdelar genom ultraljudsvibration och tryck.<\/td>\n<\/tr>\n<tr>\n<td align=\"left\">Ultrasonisk sk\u00e4rning<\/td>\n<td align=\"left\">Sk\u00e4r material som gummi, skum och livsmedel med hj\u00e4lp av h\u00f6gfrekventa vibrationer.<\/td>\n<\/tr>\n<tr>\n<td align=\"left\"><a href=\"https:\/\/www.bjultrasonic.com\/sv\/category\/ultrasonic-atomizer-sv\/\">Ultrasonisk atomisering<\/a><\/td>\n<td align=\"left\">Bryter ner v\u00e4tskor till fina dimmor eller droppar f\u00f6r applikationer som luftfuktning, bel\u00e4ggning och aerosolframst\u00e4llning.<\/td>\n<\/tr>\n<tr>\n<td align=\"left\">Ultrasonisk medicinsk avbildning<\/td>\n<td align=\"left\">Skapar detaljerade bilder av inre organ och v\u00e4vnader med hj\u00e4lp av h\u00f6gfrekventa ljudv\u00e5gor.<\/td>\n<\/tr>\n<tr>\n<td align=\"left\">Ultrasonisk icke-f\u00f6rst\u00f6rande provning (NDT)<\/td>\n<td align=\"left\">Icke-f\u00f6rst\u00f6rande provning av material och strukturer f\u00f6r att uppt\u00e4cka fel och defekter med hj\u00e4lp av h\u00f6gfrekventa ljudv\u00e5gor.<\/td>\n<\/tr>\n<tr>\n<td align=\"left\"><a href=\"https:\/\/www.bjultrasonic.com\/sv\/shop\/ultrasonic-cell-disruptor\/\">Ultrasonisk blandning och omr\u00f6rning<\/a><\/td>\n<td align=\"left\">Homogeniserar v\u00e4tskor och suspensioner med ultraljudsenergi.<\/td>\n<\/tr>\n<\/tbody>\n<\/table>\n<h3>6. Hur v\u00e4ljer jag r\u00e4tt ultraljudsgenerator?<\/h3>\n<p>Att v\u00e4lja r\u00e4tt ultraljudsgenerator beror p\u00e5 flera faktorer relaterade till din specifika applikation och dina krav. T\u00e4nk p\u00e5 f\u00f6ljande punkter:<\/p>\n<ul>\n<li><strong>Transducerfrekvens:<\/strong> Generatorns utg\u00e5ngsfrekvens m\u00e5ste matcha transducernas resonansfrekvens.<\/li>\n<li><strong>Transducerkraft:<\/strong> Generatorns uteffekt m\u00e5ste vara tillr\u00e4cklig f\u00f6r att driva dina transducer. T\u00e4nk p\u00e5 b\u00e5de toppeffekt- och medeleffektkraven.<\/li>\n<li><strong>Applikation:<\/strong> F\u00f6rst\u00e5 kraven f\u00f6r din applikation, t.ex. om kontinuerlig drift eller pulserande drift beh\u00f6vs.<\/li>\n<li><strong>Styrkrav:<\/strong> Avg\u00f6r om du beh\u00f6ver justerbar frekvens, amplitudkontroll eller specifika digitala gr\u00e4nssnitt f\u00f6r fj\u00e4rrstyrning.<\/li>\n<li><strong>Systemintegration:<\/strong> T\u00e4nk p\u00e5 hur generatorn ska integreras med andra komponenter i ditt system och eventuella kommunikationskrav.<\/li>\n<li><strong>Budget:<\/strong> Balansera \u00f6nskade funktioner och prestandam\u00f6jligheter mot dina budgetbegr\u00e4nsningar.<\/li>\n<li><strong>Leverant\u00f6rsrykte och support:<\/strong> V\u00e4lj en p\u00e5litlig leverant\u00f6r som kan ge support och service. Beijing Ultrasonic \u00e4r en v\u00e4lk\u00e4nd tillverkare, vilket visar p\u00e5 deras produkttillf\u00f6rlitlighet inom olika ultraljudsapplikationer.<\/li>\n<\/ul>\n<h3>7. Vilket underh\u00e5ll kr\u00e4vs f\u00f6r en ultraljudsgenerator?<\/h3>\n<p>Korrekt underh\u00e5ll \u00e4r nyckeln till att f\u00f6rl\u00e4nga livsl\u00e4ngden och s\u00e4kerst\u00e4lla tillf\u00f6rlitlig prestanda hos en ultraljudsgenerator. H\u00e4r \u00e4r n\u00e5gra viktiga underh\u00e5llstips:<\/p>\n<ul>\n<li><strong>Regelbundna inspektioner:<\/strong> Inspektera generatorn och dess kablar visuellt regelbundet f\u00f6r tecken p\u00e5 skada eller slitage.<\/li>\n<li><strong>Renlighet:<\/strong> H\u00e5ll generatorn ren och fri fr\u00e5n damm, fukt och andra f\u00f6roreningar som kan p\u00e5verka dess prestanda.<\/li>\n<li><strong>Korrekt ventilation:<\/strong> Se till att generatorn har tillr\u00e4cklig ventilation f\u00f6r att f\u00f6rhindra \u00f6verhettning.<\/li>\n<li><strong>S\u00e4kra anslutningar:<\/strong> Kontrollera att alla elektriska anslutningar \u00e4r s\u00e4kra och fria fr\u00e5n korrosion.<\/li>\n<li><strong>Programuppdateringar:<\/strong> F\u00f6r digitala generatorer, se till att firmware och programvara uppdateras regelbundet f\u00f6r att \u00e5tg\u00e4rda fel och f\u00f6rb\u00e4ttra prestanda.<\/li>\n<li><strong>Kalibrering:<\/strong> Kalibrera generatorn regelbundet f\u00f6r att uppr\u00e4tth\u00e5lla noggrannhet och optimal prestanda.<\/li>\n<li><strong>Professionell service:<\/strong> Om det uppst\u00e5r problem eller fel, s\u00f6k hj\u00e4lp fr\u00e5n en kvalificerad tekniker eller tillverkarens serviceavdelning, s\u00e5som Beijing Ultrasonics kundsupportteam.<\/li>\n<\/ul>\n<h3>8. Vilka \u00e4r vanliga problem med ultraljudsgeneratorer?<\/h3>\n<p>\u00c4ven vid noggrann anv\u00e4ndning och underh\u00e5ll kan problem uppst\u00e5. Vanliga problem inkluderar:<\/p>\n<ul>\n<li><strong>\u00d6verhettning:<\/strong> Otillr\u00e4cklig ventilation eller \u00f6verdrivna driftperioder kan f\u00e5 generatorn att \u00f6verhettas, vilket potentiellt kan skada komponenter.<\/li>\n<li><strong>Frekvensfelmatchning:<\/strong> Felaktig frekvensmatchning mellan generator och transducer kan leda till ineffektiv prestanda eller transducerskada.<\/li>\n<li><strong>Str\u00f6mf\u00f6rs\u00f6rjningsproblem:<\/strong> Felaktiga str\u00f6mf\u00f6rs\u00f6rjningar kan resultera i instabil eller otillr\u00e4cklig str\u00f6mleverans.<\/li>\n<li><strong>Kretsfel:<\/strong> Skadade elektronikkomponenter i generatorn kan leda till fel eller felaktig drift.<\/li>\n<li><strong>Anslutningsproblem:<\/strong> L\u00f6st satta, korroderade eller skadade elektriska anslutningar kan orsaka inkonsekvent prestanda eller fel.<\/li>\n<li><strong>Transducerfel:<\/strong> Ibland kan uppenbara problem med generatorn faktiskt orsakas av en felaktig transducer.<\/li>\n<\/ul>\n<h3>9. Vilka s\u00e4kerhets\u00e5tg\u00e4rder b\u00f6r vidtas?<\/h3>\n<p>Drift av ultraljudsgeneratorer kr\u00e4ver efterlevnad av flera s\u00e4kerhets\u00e5tg\u00e4rder:<\/p>\n<ul>\n<li><strong>Jordning:<\/strong> Se alltid till att generatorn \u00e4r korrekt jordad f\u00f6r att f\u00f6rhindra elektriska st\u00f6tar.<\/li>\n<li><strong>Korrekt elinstallation:<\/strong> Endast kvalificerad personal f\u00e5r hantera elektriska anslutningar och ledningar.<\/li>\n<li><strong>Undvik kontakt:<\/strong> Undvik direkt kontakt med elektriska terminaler och kretsar n\u00e4r generatorn \u00e4r p\u00e5slagen.<\/li>\n<li><strong>S\u00e4ker milj\u00f6:<\/strong> Anv\u00e4nd generatorn p\u00e5 ett torrt och v\u00e4lventilerat st\u00e4lle f\u00f6r att f\u00f6rhindra olyckor och skador.<\/li>\n<li><strong>Skyddsutrustning:<\/strong> Vid anv\u00e4ndning av h\u00f6geffektsultraljudssystem, anv\u00e4nd l\u00e4mplig personlig skyddsutrustning (PSU).<\/li>\n<li><strong>N\u00f6davst\u00e4ngning:<\/strong> K\u00e4nn till l\u00e4get och hur n\u00f6davst\u00e4ngningsknappen fungerar vid eventuella fel eller olyckor.<\/li>\n<li><strong>Tillverkarens riktlinjer:<\/strong> F\u00f6lj alltid tillverkarens riktlinjer och s\u00e4kerhetsrekommendationer i bruksanvisningen.<\/li>\n<\/ul>\n<h3>10. Hur fels\u00f6ker jag problem med min ultraljudsgenerator?<\/h3>\n<p>Grundl\u00e4ggande fels\u00f6kningssteg kan ibland l\u00f6sa mindre problem med ultraljudsgeneratorer. H\u00e4r \u00e4r n\u00e5gra tips:<\/p>\n<ul>\n<li><strong>Kontrollera str\u00f6mf\u00f6rs\u00f6rjningen:<\/strong> Verifiera att generatorn f\u00e5r tillr\u00e4ckligt med str\u00f6m.<\/li>\n<li><strong>Inspektera anslutningar:<\/strong> Se till att alla anslutningar mellan generatorn, transducern och str\u00f6mf\u00f6rs\u00f6rjningen \u00e4r s\u00e4kra och oskadade.<\/li>\n<li><strong>Lyssna efter ovanliga ljud:<\/strong> Konstiga ljud kan indikera underliggande problem, s\u00e5som frekvensfelmatchning eller transduktorfel.<\/li>\n<li><strong>\u00d6vervaka felkoder:<\/strong> Moderna generatorer visar ofta felkoder f\u00f6r att identifiera specifika problem. Konsultera bruksanvisningen f\u00f6r att f\u00f6rst\u00e5 dessa felkoder.<\/li>\n<li><strong>F\u00f6renkla systemet:<\/strong> F\u00f6rs\u00f6k testa komponenter individuellt f\u00f6r att isolera problemk\u00e4llan.<\/li>\n<li><strong>Konsultera proffs:<\/strong> Om problemet inte kan l\u00f6sas genom grundl\u00e4ggande fels\u00f6kning, s\u00f6k hj\u00e4lp fr\u00e5n kvalificerad tekniker eller tillverkarens servicearbete, som Beijing Ultrasonic.<\/li>\n<\/ul>\n<p>Sammanfattningsvis \u00e4r ultraljudsgeneratorer komplexa men avg\u00f6rande komponenter i ultraljudssystem. Att f\u00f6rst\u00e5 hur de fungerar, deras egenskaper, till\u00e4mpningar och underh\u00e5llskrav \u00e4r avg\u00f6rande f\u00f6r alla anv\u00e4ndare. Att v\u00e4lja r\u00e4tt generator, underh\u00e5lla den korrekt och \u00e5tg\u00e4rda problem snabbt kan s\u00e4kerst\u00e4lla optimal och p\u00e5litlig prestanda, vilket maximerar f\u00f6rdelarna med ultraljudsteknologi. Genom att behandla vanliga fr\u00e5gor och problem erbjuder denna artikel en hj\u00e4lpsam resurs f\u00f6r b\u00e5de nya och erfarna anv\u00e4ndare av ultraljudsgeneratorer.<\/p>\n","protected":false},"excerpt":{"rendered":"<p>Ultrasondgeneratorer \u00e4r kritiska komponenter i ultraljudssystem, ansvariga f\u00f6r att omvandla elektrisk energi till de h\u00f6gfrekventa elektriska signaler som beh\u00f6vs f\u00f6r att driva ultrasondgivare. Dessa generatorer \u00e4r komplexa utrustningar, och deras drift och underh\u00e5ll kan ofta v\u00e4cka m\u00e5nga fr\u00e5gor. Denna artikel syftar till att besvara n\u00e5gra av de vanligaste fr\u00e5gorna om ultrasondgeneratorer och ge en omfattande<\/p>\n","protected":false},"author":1,"featured_media":19251,"parent":0,"menu_order":0,"comment_status":"closed","ping_status":"closed","template":"","meta":{"footnotes":""},"class_list":["post-72770","page","type-page","status-publish","has-post-thumbnail","hentry","prodpage-classic"],"aioseo_notices":[],"_links":{"self":[{"href":"https:\/\/www.bjultrasonic.com\/sv\/wp-json\/wp\/v2\/pages\/72770","targetHints":{"allow":["GET"]}}],"collection":[{"href":"https:\/\/www.bjultrasonic.com\/sv\/wp-json\/wp\/v2\/pages"}],"about":[{"href":"https:\/\/www.bjultrasonic.com\/sv\/wp-json\/wp\/v2\/types\/page"}],"author":[{"embeddable":true,"href":"https:\/\/www.bjultrasonic.com\/sv\/wp-json\/wp\/v2\/users\/1"}],"replies":[{"embeddable":true,"href":"https:\/\/www.bjultrasonic.com\/sv\/wp-json\/wp\/v2\/comments?post=72770"}],"version-history":[{"count":0,"href":"https:\/\/www.bjultrasonic.com\/sv\/wp-json\/wp\/v2\/pages\/72770\/revisions"}],"wp:featuredmedia":[{"embeddable":true,"href":"https:\/\/www.bjultrasonic.com\/sv\/wp-json\/wp\/v2\/media\/19251"}],"wp:attachment":[{"href":"https:\/\/www.bjultrasonic.com\/sv\/wp-json\/wp\/v2\/media?parent=72770"}],"curies":[{"name":"wp","href":"https:\/\/api.w.org\/{rel}","templated":true}]}}