{"id":73078,"date":"2012-04-28T19:12:36","date_gmt":"2012-04-29T02:12:36","guid":{"rendered":"https:\/\/www.bjultrasonic.com\/contact\/"},"modified":"2026-03-31T01:00:28","modified_gmt":"2026-03-31T06:00:28","slug":"contact","status":"publish","type":"page","link":"https:\/\/www.bjultrasonic.com\/sv\/contact\/","title":{"rendered":"Kontakta oss"},"content":{"rendered":"<p>Vi \u00e4r alltid h\u00e4r f\u00f6r att hj\u00e4lpa till! Oavsett om du har en f\u00f6rfr\u00e5gan om v\u00e5ra <a href=\"https:\/\/www.bjultrasonic.com\/shop\/\">ultraljudsprodukter<\/a>, beh\u00f6ver en anpassad OEM-l\u00f6sning eller kr\u00e4ver assistans med priss\u00e4ttning och utcheckning, \u00e4r v\u00e5rt dedikerade team redo att bist\u00e5 dig. V\u00e4nligen fyll i kontaktformul\u00e4ret nedan, s\u00e5 ser vi till att ditt meddelande besvaras inom 2 arbetsdagar. F\u00f6r br\u00e5dskande \u00e4renden \u00e4r du v\u00e4lkommen att kontakta oss direkt via telefon eller WhatsApp.<\/p>\n","protected":false},"excerpt":{"rendered":"<p>Vi \u00e4r alltid h\u00e4r f\u00f6r att hj\u00e4lpa till! Oavsett om du har en f\u00f6rfr\u00e5gan om v\u00e5ra ultraljudsprodukter, beh\u00f6ver en anpassad OEM-l\u00f6sning eller kr\u00e4ver assistans med priss\u00e4ttning och utcheckning, \u00e4r v\u00e5rt dedikerade team redo att bist\u00e5 dig. V\u00e4nligen fyll i kontaktformul\u00e4ret nedan, s\u00e5 ser vi till att ditt meddelande besvaras inom 2 arbetsdagar. F\u00f6r br\u00e5dskande \u00e4renden<\/p>\n","protected":false},"author":1,"featured_media":0,"parent":0,"menu_order":8,"comment_status":"closed","ping_status":"closed","template":"","meta":{"footnotes":""},"class_list":["post-73078","page","type-page","status-publish","hentry","prodpage-classic"],"aioseo_notices":[],"_links":{"self":[{"href":"https:\/\/www.bjultrasonic.com\/sv\/wp-json\/wp\/v2\/pages\/73078","targetHints":{"allow":["GET"]}}],"collection":[{"href":"https:\/\/www.bjultrasonic.com\/sv\/wp-json\/wp\/v2\/pages"}],"about":[{"href":"https:\/\/www.bjultrasonic.com\/sv\/wp-json\/wp\/v2\/types\/page"}],"author":[{"embeddable":true,"href":"https:\/\/www.bjultrasonic.com\/sv\/wp-json\/wp\/v2\/users\/1"}],"replies":[{"embeddable":true,"href":"https:\/\/www.bjultrasonic.com\/sv\/wp-json\/wp\/v2\/comments?post=73078"}],"version-history":[{"count":0,"href":"https:\/\/www.bjultrasonic.com\/sv\/wp-json\/wp\/v2\/pages\/73078\/revisions"}],"wp:attachment":[{"href":"https:\/\/www.bjultrasonic.com\/sv\/wp-json\/wp\/v2\/media?parent=73078"}],"curies":[{"name":"wp","href":"https:\/\/api.w.org\/{rel}","templated":true}]}}