{"id":65304,"date":"2024-04-02T02:04:45","date_gmt":"2024-04-02T07:04:45","guid":{"rendered":"https:\/\/www.bjultrasonic.com\/shop\/digital-ultrasonic-sound-level-meter\/"},"modified":"2026-03-28T20:58:11","modified_gmt":"2026-03-29T01:58:11","slug":"digital-ultrasonic-sound-level-meter","status":"publish","type":"product","link":"https:\/\/www.bjultrasonic.com\/sv\/shop\/digital-ultrasonic-sound-level-meter\/","title":{"rendered":"Digitalt Ultraljuds Ljudniv\u00e5m\u00e4tare"},"content":{"rendered":"<p>Intensiteten av ultraljud, \u00e4ven k\u00e4nd som akustisk effekt, i ett flytande ljudf\u00e4lt \u00e4r en avg\u00f6rande faktor i ultraljudssystem. Det p\u00e5verkar direkt reng\u00f6ringsutrustningens reng\u00f6ringsprestanda och ultraljudsprocessorer effektivitet. En ljudintensitetsm\u00e4tare m\u00f6jligg\u00f6r snabb och bekv\u00e4m m\u00e4tning av ljudf\u00e4ltsintensiteten n\u00e4r som helst och var som helst, och visar tydligt det akustiska effektv\u00e4rdet.<\/p>\n<p>Ultraljudseffekttestare finns i b\u00e4rbara och online\u00f6vervakningsmodeller f\u00f6r att passa olika applikationsbehov.<\/p>\n<p>Ultraljudsljudintensitetsm\u00e4tare (eller ljudniv\u00e5m\u00e4tare) utnyttjar piezoelektrisk keramiks piezoelektriska effekt. Detta inneb\u00e4r att n\u00e4r en kraft appliceras p\u00e5 keramiken omvandlas den kraften till en elektrisk signal. Under samma f\u00f6rh\u00e5llanden ger en starkare kraft en h\u00f6gre sp\u00e4nning. Om kraften \u00e4ndras periodiskt kommer den piezoelektriska keramiken att mata ut en v\u00e4xelsp\u00e4nningssignal med samma frekvens. P\u00e5 grund av kavitation och andra former av st\u00f6rningar \u00e4r den faktiska sp\u00e4nningsv\u00e5gformen en kombination av en huvudv\u00e5g och flera sidov\u00e5gor. V\u00e5rt f\u00f6retags h\u00f6gprecisions ultraljudsfrekvens (energi) analysator l\u00e5ter anv\u00e4ndaren se den faktiska driftv\u00e5gformen och l\u00e4sa ljudintensitetsv\u00e4rdet direkt.<\/p>\n<h3>Viktiga egenskaper<\/h3>\n<ul>\n<li>Enkelsknapp automatiskt m\u00e4tning med automatisk visning av ljudintensitet och v\u00e5gform.<\/li>\n<li>Digital visning av b\u00e5de ljudintensitetsv\u00e4rde och frekvens.<\/li>\n<li>En 3,2-tums f\u00e4rg LCD-sk\u00e4rm med 320&#215;240 uppl\u00f6sning och LED-bakgrundsbelysning.<\/li>\n<li>Ett inbyggt 2300mAh litiumbatteripaket och en extern AC-n\u00e4tadapter.<\/li>\n<li>Automatisk avst\u00e4ngning efter 10 minuter utan signalinmatning.<\/li>\n<\/ul>\n<h3>Vanliga fr\u00e5gor<\/h3>\n<p><strong>Data visar alltid noll.<\/strong><\/p>\n<p>S: N\u00e4r sonden \u00e4r i luften kommer ljudintensitetsm\u00e4taren omedelbart att visa ett realtids ljudintensitetsv\u00e4rde p\u00e5 0 W\/cm\u00b2 och kommer automatiskt att st\u00e4ngas av efter en minut.<\/p>\n<p><strong>Avl\u00e4sningarna verkar vara felaktiga.<\/strong><\/p>\n<p>S: Ljudintensiteten av ultraljud \u00e4r ett komplext koncept. Det kan inte ber\u00e4knas enkelt genom att dela den totala effekten med str\u00e5lningsomr\u00e5det; det m\u00e5ste m\u00e4tas. V\u00e5ra ljudintensitetsm\u00e4tare kalibreras med en standard ljudintensitet innan de l\u00e4mnar fabriken, vilket s\u00e4kerst\u00e4ller att de uppm\u00e4tta v\u00e4rdena \u00e4r korrekta. Det finns en gr\u00e4ns f\u00f6r ljudintensitet; n\u00e4r en viss tr\u00f6skel n\u00e5s i vatten, kan till\u00e4gg av fler transducere eller \u00f6kad effekt inte leda till en linj\u00e4r \u00f6kning av ljudintensiteten, eller ens n\u00e5gon f\u00f6r\u00e4ndring alls.<\/p>\n<p><strong>H\u00f6gfrekventa enheter kan inte m\u00e4tas.<\/strong><\/p>\n<p>S: V\u00e5ra ljudintensitetsm\u00e4tare \u00e4r designade f\u00f6r standard ultraljudsreng\u00f6ringsmaskiner, med ett prim\u00e4rt frekvensomr\u00e5de p\u00e5 10-200kHz. M\u00e4tningar tagna utanf\u00f6r detta omr\u00e5de kommer att vara felaktiga. Detta kan \u00e5tg\u00e4rdas p\u00e5 tv\u00e5 s\u00e4tt:<\/p>\n<ul>\n<li>Informera oss om det specifika frekvensomr\u00e5de du beh\u00f6ver m\u00e4ta, s\u00e5 kan vi skapa en anpassad display och sond.<\/li>\n<li>Anv\u00e4nd en oscilloskop f\u00f6r relativ m\u00e4tning. Sonden kan direkt anslutas till oscilloskopet och ljudintensiteten kan j\u00e4mf\u00f6ras genom att l\u00e4sa oscilloskopets tidsdom\u00e4nsignal. Denna metod ger inte ett absolut ljudintensitetsv\u00e4rde, men till\u00e5ter en j\u00e4mf\u00f6relse mellan m\u00e4tningar.<\/li>\n<\/ul>\n<p><strong>Avl\u00e4sningen \u00e4r onormal; en avl\u00e4sning visas \u00e4ven n\u00e4r den inte \u00e4r i v\u00e4tska.<\/strong><\/p>\n<p>S: Detta problem indikerar skada p\u00e5 displayenheten och kr\u00e4ver retur till v\u00e5rt f\u00f6retag f\u00f6r reparation.<\/p>\n<p><strong>Display-sk\u00e4rmen \u00e4r svart utan visning.<\/strong><\/p>\n<p>S: Instrumentet har ett str\u00f6msparl\u00e4ge. Displayen st\u00e4ngs av om den uppm\u00e4tta ljudintensiteten \u00e4r 0 W\/cm\u00b2 i en minut. Om tryck p\u00e5 ON\/OFF-knappen inte \u00e5terst\u00e4ller displayen, prova att byta batteri. Om displayen fortfarande \u00e4r av, indikerar detta att sk\u00e4rmen \u00e4r skadad och kr\u00e4ver retur till v\u00e5r fabrik f\u00f6r reparation.<\/p>\n<p><strong>Avl\u00e4sningar varierar kraftigt n\u00e4r tv\u00e5 enheter anv\u00e4nds samtidigt.<\/strong><\/p>\n<p>S: V\u00e5r ultraljudsutrustning kalibreras med ett standard ljudf\u00e4lt f\u00f6re leverans. I ultraljudsreng\u00f6ring reflekterar ljudv\u00e5gor mot beh\u00e5llarv\u00e4ggarna och vattenytan, vilket orsakar att ljudintensiteten varierar genom hela reng\u00f6ringsmaskinen. Detta skapar ett st\u00e5ende v\u00e5gf\u00e4lt, d\u00e4r ljudintensiteten \u00e4r minimal vid noder och maximal vid antinoder.<\/p>\n<p>Till exempel, i en 28kHz reng\u00f6ringsmaskin, \u00e4r ljudv\u00e5gl\u00e4ngden i vatten 5,4cm, med tv\u00e5 noder och tv\u00e5 antinoder per v\u00e5gl\u00e4ngd. Detta inneb\u00e4r att avst\u00e5ndet mellan en nod och en antinod \u00e4r 1,3cm. F\u00f6r en 40kHz maskin \u00e4r detta avst\u00e5nd 0,9cm.<\/p>\n<p>D\u00e4rf\u00f6r, n\u00e4r man anv\u00e4nder tv\u00e5 ljudintensitetsm\u00e4tare, \u00e4r det viktigt att de m\u00e4ter samma punkt f\u00f6r att j\u00e4mf\u00f6ra avl\u00e4sningar korrekt. Med tanke p\u00e5 den n\u00e4ra n\u00e4rheten av noder och antinoder, \u00e4r handh\u00e5llna m\u00e4tningar ben\u00e4gna att vara felaktiga p\u00e5 grund av oundviklig r\u00f6relse, vilket \u00e4ndrar ljudf\u00e4ltet. V\u00e5rt f\u00f6retag rekommenderar att anv\u00e4nda en mekanisk kl\u00e4mmmetod f\u00f6r att s\u00e4kra sonden och s\u00e4kerst\u00e4lla konsekventa m\u00e4tplatser. Denna kontrollerade milj\u00f6 m\u00f6jligg\u00f6r en meningsfull j\u00e4mf\u00f6relse mellan de tv\u00e5 enheterna.<\/p>\n<p><strong>V\u00e4rden varierar kraftigt vid testning p\u00e5 olika punkter i samma tank.<\/strong><\/p>\n<p>S: Ultraljudsreng\u00f6ringsmaskiner anv\u00e4nder generellt v\u00e4ggmonterade transducerer f\u00e4sta vid botten eller sidorna av tanken. Installationsprocessen, storleksspecifikationer och konsistens av dessa transducerer kan alla bidra till ett oj\u00e4mnt ljudf\u00e4lt inom reng\u00f6ringstanken, vilket leder till variationer i ljudintensitet vid olika punkter och d\u00e4rmed olika uppm\u00e4tta v\u00e4rden.<\/p>\n<p><strong>Hur ofta beh\u00f6ver instrumentet omkalibreras, och hur best\u00e4ms det?<\/strong><\/p>\n<p>S: Baserat p\u00e5 detektionstransducerkalibreringsstandarden, b\u00f6r denna typ av produkt kalibreras en g\u00e5ng per \u00e5r.<\/p>\n<p><strong>Det finns ovanligt brus i displayenheten.<\/strong><\/p>\n<p>S: Detta kan orsakas av l\u00f6sa interna komponenter. Det rekommenderas att returnera enheten f\u00f6r inspektion och reparation.<\/p>\n","protected":false},"excerpt":{"rendered":"<p>Digital Ultrasonic Sound Level Meter \u00e4r en anordning som anv\u00e4nds f\u00f6r att m\u00e4ta intensiteten av ultraljud i v\u00e4tskor. Den anv\u00e4nds fr\u00e4mst f\u00f6r att m\u00e4ta industriella till\u00e4mpningar s\u00e5som ultraljudsreng\u00f6ring och ultraljudssonokemi. De viktigaste m\u00e4tparametrarna \u00e4r ultraljudsintensitet, ultraljudsv\u00e5gform, arbetsfrekvens, maximal intensitet, minimal intensitet och m\u00e4ttid.<\/p>\n","protected":false},"featured_media":42067,"comment_status":"closed","ping_status":"closed","template":"","meta":[],"product_brand":[],"product_cat":[6234],"product_tag":[],"class_list":{"0":"post-65304","1":"product","2":"type-product","3":"status-publish","4":"has-post-thumbnail","6":"product_cat-ultrasonic-meter-sv","8":"first","9":"instock","10":"shipping-taxable","11":"product-type-external","12":"prodpage-classic"},"aioseo_notices":[],"_links":{"self":[{"href":"https:\/\/www.bjultrasonic.com\/sv\/wp-json\/wp\/v2\/product\/65304","targetHints":{"allow":["GET"]}}],"collection":[{"href":"https:\/\/www.bjultrasonic.com\/sv\/wp-json\/wp\/v2\/product"}],"about":[{"href":"https:\/\/www.bjultrasonic.com\/sv\/wp-json\/wp\/v2\/types\/product"}],"replies":[{"embeddable":true,"href":"https:\/\/www.bjultrasonic.com\/sv\/wp-json\/wp\/v2\/comments?post=65304"}],"wp:featuredmedia":[{"embeddable":true,"href":"https:\/\/www.bjultrasonic.com\/sv\/wp-json\/wp\/v2\/media\/42067"}],"wp:attachment":[{"href":"https:\/\/www.bjultrasonic.com\/sv\/wp-json\/wp\/v2\/media?parent=65304"}],"wp:term":[{"taxonomy":"product_brand","embeddable":true,"href":"https:\/\/www.bjultrasonic.com\/sv\/wp-json\/wp\/v2\/product_brand?post=65304"},{"taxonomy":"product_cat","embeddable":true,"href":"https:\/\/www.bjultrasonic.com\/sv\/wp-json\/wp\/v2\/product_cat?post=65304"},{"taxonomy":"product_tag","embeddable":true,"href":"https:\/\/www.bjultrasonic.com\/sv\/wp-json\/wp\/v2\/product_tag?post=65304"}],"curies":[{"name":"wp","href":"https:\/\/api.w.org\/{rel}","templated":true}]}}