{"id":65326,"date":"2022-08-10T06:03:06","date_gmt":"2022-08-10T11:03:06","guid":{"rendered":"https:\/\/www.bjultrasonic.com\/shop\/ultrasonic-welding-machine\/"},"modified":"2026-03-28T20:57:44","modified_gmt":"2026-03-29T01:57:44","slug":"ultrasonic-welding-machine","status":"publish","type":"product","link":"https:\/\/www.bjultrasonic.com\/sv\/shop\/ultrasonic-welding-machine\/","title":{"rendered":"Ultraljudssvetsmaskin f\u00f6r plast och metall"},"content":{"rendered":"<p><img loading=\"lazy\" decoding=\"async\" class=\"alignnone size-full wp-image-24642\" src=\"https:\/\/www.bjultrasonic.com\/wp-content\/uploads\/2022\/08\/Ultrasonic-Welding-Machine-7.jpg\" alt=\"Ultrasonic Welding Machine 7\" width=\"700\" height=\"561\" \/><\/p>\n<h3>Till\u00e4mpning<\/h3>\n<p>Plastsvetsning, svetsning av non-woven tyger, metallsvetsning med mera.<\/p>\n<p>PSA-betygskortsskivor plastultraljudssvetsmaskin, p\u00e5\/av-pulstimer, exakt effektreglering f\u00f6r att s\u00e4kerst\u00e4lla h\u00f6g svetskvalitet, utrustningen kan arbeta intermittenterande, kan \u00e4ven k\u00f6ras tomg\u00e5ng, f\u00f6r att m\u00f6ta olika svetsbehov. Platt\/N95 senaste huvuddesign, liten och snygg, bra siktlinje vid drift, ny ultraljudsgenerator elboxdesign, intelligent skydd, stabil prestanda, p\u00e5litlig utrustning, l\u00e5ng livsl\u00e4ngd.<\/p>\n<h3>Funktioner<\/h3>\n<ul>\n<li>Anv\u00e4nder sj\u00e4lvsp\u00e4nd krets, under arbete, f\u00f6r att sp\u00e5ra f\u00f6r\u00e4ndringar i transduktorns parametrar, maximal prestanda hos transduktor och verktygshuvud;<\/li>\n<li>Importerad h\u00f6gpresterande transistor, h\u00f6g str\u00f6mresistans och st\u00f6tbest\u00e4ndighet, \u00f6kar stabiliteten hos ultraljudsgeneratorns arbete.<\/li>\n<li>Anv\u00e4nder digital frekvensvisning, frekvensen kan finjusteras, du kan noggrant observera generatorns driftfrekvens.<\/li>\n<li>L\u00e4tt att anv\u00e4nda, kan till\u00e4mpas p\u00e5 olika specifikationer av transduktor och form. Svetsar ett brett utbud av material<\/li>\n<\/ul>\n<h3>Video<\/h3>\n<p><iframe loading=\"lazy\" title=\"Ultrasonic Plastic Welding Machine Supplier\" width=\"500\" height=\"281\" src=\"https:\/\/www.youtube.com\/embed\/rSEf_GwBZQg?feature=oembed\" frameborder=\"0\" allow=\"accelerometer; autoplay; clipboard-write; encrypted-media; gyroscope; picture-in-picture; web-share\" referrerpolicy=\"strict-origin-when-cross-origin\" allowfullscreen><\/iframe><\/p>\n<p><iframe loading=\"lazy\" title=\"Plastic Ultrasonic Welding Machine Manufacturers\" width=\"500\" height=\"281\" src=\"https:\/\/www.youtube.com\/embed\/ntAp1KwSp-k?feature=oembed\" frameborder=\"0\" allow=\"accelerometer; autoplay; clipboard-write; encrypted-media; gyroscope; picture-in-picture; web-share\" referrerpolicy=\"strict-origin-when-cross-origin\" allowfullscreen><\/iframe><\/p>\n<p><iframe loading=\"lazy\" title=\"Ultrasonic Welding Machine\" width=\"500\" height=\"281\" src=\"https:\/\/www.youtube.com\/embed\/uB5-z1eBeCA?feature=oembed\" frameborder=\"0\" allow=\"accelerometer; autoplay; clipboard-write; encrypted-media; gyroscope; picture-in-picture; web-share\" referrerpolicy=\"strict-origin-when-cross-origin\" allowfullscreen><\/iframe><\/p>\n<p><strong>Modellnummer\uff1aBJSU-15<\/strong><\/p>\n<ul>\n<li>Frekvens\uff1a15K<\/li>\n<li>Effekt\uff1a2600W<\/li>\n<li>Driftsp\u00e4nning\uff1aAC220V\/50Hz<\/li>\n<li>Frekvensomr\u00e5de\uff1a15 Khz<\/li>\n<\/ul>\n<p><strong>Modellnummer\uff1aBJSU-20<\/strong><\/p>\n<ul>\n<li>Frekvens\uff1a20K<\/li>\n<li>Effekt\uff1a2000W\/2600W<\/li>\n<li>Driftsp\u00e4nning\uff1aAC220V\/50Hz<\/li>\n<li>Frekvensomr\u00e5de\uff1a20Khz<\/li>\n<\/ul>\n","protected":false},"excerpt":{"rendered":"<p>En ultraljudsvetsmaskin \u00e4r ett specialiserat verktyg som anv\u00e4nder h\u00f6gfrekventa ljudv\u00e5gor f\u00f6r att sammanfoga termoplastmaterial. Det \u00e4r en icke-f\u00f6rst\u00f6rande, effektiv och exakt svetsteknik som inte kr\u00e4ver v\u00e4rme, lim eller l\u00f6sningsmedel.<\/p>\n","protected":false},"featured_media":24636,"comment_status":"closed","ping_status":"closed","template":"","meta":[],"product_brand":[],"product_cat":[5635],"product_tag":[],"class_list":{"0":"post-65326","1":"product","2":"type-product","3":"status-publish","4":"has-post-thumbnail","6":"product_cat-ultrasonic-welding-equipment-sv","8":"first","9":"instock","10":"shipping-taxable","11":"product-type-external","12":"prodpage-classic"},"aioseo_notices":[],"_links":{"self":[{"href":"https:\/\/www.bjultrasonic.com\/sv\/wp-json\/wp\/v2\/product\/65326","targetHints":{"allow":["GET"]}}],"collection":[{"href":"https:\/\/www.bjultrasonic.com\/sv\/wp-json\/wp\/v2\/product"}],"about":[{"href":"https:\/\/www.bjultrasonic.com\/sv\/wp-json\/wp\/v2\/types\/product"}],"replies":[{"embeddable":true,"href":"https:\/\/www.bjultrasonic.com\/sv\/wp-json\/wp\/v2\/comments?post=65326"}],"wp:featuredmedia":[{"embeddable":true,"href":"https:\/\/www.bjultrasonic.com\/sv\/wp-json\/wp\/v2\/media\/24636"}],"wp:attachment":[{"href":"https:\/\/www.bjultrasonic.com\/sv\/wp-json\/wp\/v2\/media?parent=65326"}],"wp:term":[{"taxonomy":"product_brand","embeddable":true,"href":"https:\/\/www.bjultrasonic.com\/sv\/wp-json\/wp\/v2\/product_brand?post=65326"},{"taxonomy":"product_cat","embeddable":true,"href":"https:\/\/www.bjultrasonic.com\/sv\/wp-json\/wp\/v2\/product_cat?post=65326"},{"taxonomy":"product_tag","embeddable":true,"href":"https:\/\/www.bjultrasonic.com\/sv\/wp-json\/wp\/v2\/product_tag?post=65326"}],"curies":[{"name":"wp","href":"https:\/\/api.w.org\/{rel}","templated":true}]}}