{"id":65346,"date":"2021-03-22T09:26:39","date_gmt":"2021-03-22T14:26:39","guid":{"rendered":"https:\/\/www.bjultrasonic.com\/shop\/6000ml-ultrasonic-atomizer\/"},"modified":"2026-03-28T20:57:43","modified_gmt":"2026-03-29T01:57:43","slug":"6000ml-ultrasonic-atomizer","status":"publish","type":"product","link":"https:\/\/www.bjultrasonic.com\/sv\/shop\/6000ml-ultrasonic-atomizer\/","title":{"rendered":"6000ML Ultrasatomiser"},"content":{"rendered":"<p>&nbsp;<\/p>\n<table class=\"table table-striped table-bordered\">\n<tbody>\n<tr>\n<td width=\"232\">Typ<\/td>\n<td width=\"418\">BJAR6000<\/td>\n<\/tr>\n<tr>\n<td width=\"232\">F\u00f6r\u00e5ngningskapacitet<\/td>\n<td width=\"418\">&gt;6000ML<\/td>\n<\/tr>\n<tr>\n<td width=\"232\">Storlek<\/td>\n<td width=\"418\">326*68*52 mm (l\u00e4ngd*bredd*h\u00f6jd)<\/td>\n<\/tr>\n<tr>\n<td width=\"232\">Arbetsfrekvens<\/td>\n<td width=\"418\">1700\u00b150(KHZ)<\/td>\n<\/tr>\n<tr>\n<td width=\"232\">Diameter p\u00e5 piezokeramik<\/td>\n<td width=\"418\">20mm<\/td>\n<\/tr>\n<tr>\n<td width=\"232\">Arbetstemperatur<\/td>\n<td width=\"418\">5\uff5e45\u2103<\/td>\n<\/tr>\n<tr>\n<td width=\"232\">\u00d6verhettningsskydd<\/td>\n<td width=\"418\">50\u2103<\/td>\n<\/tr>\n<tr>\n<td width=\"232\">Vattenniv\u00e5<\/td>\n<td width=\"418\">40mm-80mm<\/p>\n<p>B\u00e4sta niv\u00e5: 65mm<\/td>\n<\/tr>\n<tr>\n<td width=\"232\">Arbetssp\u00e4nning<\/td>\n<td width=\"418\">48V DC<\/td>\n<\/tr>\n<tr>\n<td width=\"232\">Effekt<\/td>\n<td width=\"418\">400W<\/td>\n<\/tr>\n<tr>\n<td width=\"232\">Str\u00f6m<\/td>\n<td width=\"418\">7.5A<\/td>\n<\/tr>\n<tr>\n<td width=\"232\">Material<\/td>\n<td width=\"418\">rostfritt st\u00e5l<\/td>\n<\/tr>\n<tr>\n<td width=\"232\">Kabel<\/td>\n<td width=\"418\">L\u00e4ngd 5m<\/td>\n<\/tr>\n<tr>\n<td width=\"232\">Sp\u00e4nning<\/td>\n<td width=\"418\">220v\/50hz\u00a0\u00a0\u00a0\u00a0\u00a0230v\/50hz<\/p>\n<p>120v\/60hz\u00a0\u00a0\u00a0\u00a0\u00a0\u00a0\u00a0110v\/60hz<\/td>\n<\/tr>\n<\/tbody>\n<\/table>\n<h3>Videor om ultraljudsfuktares<\/h3>\n<p><iframe loading=\"lazy\" title=\"Ultrasonic Humidifier\" width=\"500\" height=\"281\" src=\"https:\/\/www.youtube.com\/embed\/videoseries?list=PLLrjMYkO0_NEpofnqW3MnsGQ-KMwpBJul\" frameborder=\"0\" allow=\"accelerometer; autoplay; clipboard-write; encrypted-media; gyroscope; picture-in-picture; web-share\" referrerpolicy=\"strict-origin-when-cross-origin\" allowfullscreen><\/iframe><\/p>\n","protected":false},"excerpt":{"rendered":"<p><a href=\"https:\/\/www.bjultrasonic.com\/sv\/category\/ultrasonic-atomizer-sv\/\">Ultrasonisk luftfuktare<\/a> anv\u00e4nder ultraljudsenergi f\u00f6r att omvandla v\u00e4tskor till molnliknande partiklar. Ultrasonisk luftfuktare kallas ocks\u00e5 f\u00f6r ultraljudsnebulisator, <a href=\"https:\/\/www.bjultrasonic.com\/sv\/shop\/ultrasonic-atomizing-transducer\/\">ultraljudsdimgenerator<\/a>, ultraljudsdimmare.<\/p>\n","protected":false},"featured_media":42223,"comment_status":"open","ping_status":"closed","template":"","meta":[],"product_brand":[],"product_cat":[6211],"product_tag":[],"class_list":{"0":"post-65346","1":"product","2":"type-product","3":"status-publish","4":"has-post-thumbnail","6":"product_cat-ultrasonic-atomizer-sv","8":"first","9":"instock","10":"shipping-taxable","11":"purchasable","12":"product-type-simple","13":"prodpage-classic"},"aioseo_notices":[],"_links":{"self":[{"href":"https:\/\/www.bjultrasonic.com\/sv\/wp-json\/wp\/v2\/product\/65346","targetHints":{"allow":["GET"]}}],"collection":[{"href":"https:\/\/www.bjultrasonic.com\/sv\/wp-json\/wp\/v2\/product"}],"about":[{"href":"https:\/\/www.bjultrasonic.com\/sv\/wp-json\/wp\/v2\/types\/product"}],"replies":[{"embeddable":true,"href":"https:\/\/www.bjultrasonic.com\/sv\/wp-json\/wp\/v2\/comments?post=65346"}],"wp:featuredmedia":[{"embeddable":true,"href":"https:\/\/www.bjultrasonic.com\/sv\/wp-json\/wp\/v2\/media\/42223"}],"wp:attachment":[{"href":"https:\/\/www.bjultrasonic.com\/sv\/wp-json\/wp\/v2\/media?parent=65346"}],"wp:term":[{"taxonomy":"product_brand","embeddable":true,"href":"https:\/\/www.bjultrasonic.com\/sv\/wp-json\/wp\/v2\/product_brand?post=65346"},{"taxonomy":"product_cat","embeddable":true,"href":"https:\/\/www.bjultrasonic.com\/sv\/wp-json\/wp\/v2\/product_cat?post=65346"},{"taxonomy":"product_tag","embeddable":true,"href":"https:\/\/www.bjultrasonic.com\/sv\/wp-json\/wp\/v2\/product_tag?post=65346"}],"curies":[{"name":"wp","href":"https:\/\/api.w.org\/{rel}","templated":true}]}}