{"id":65386,"date":"2021-03-22T09:07:54","date_gmt":"2021-03-22T14:07:54","guid":{"rendered":"https:\/\/www.bjultrasonic.com\/shop\/1200ml-ultrasonic-mist-maker\/"},"modified":"2026-03-28T20:57:19","modified_gmt":"2026-03-29T01:57:19","slug":"1200ml-ultrasonic-mist-maker","status":"publish","type":"product","link":"https:\/\/www.bjultrasonic.com\/sv\/shop\/1200ml-ultrasonic-mist-maker\/","title":{"rendered":"1200ML Ultrasonisk dimspridare"},"content":{"rendered":"<table class=\"table table-striped table-bordered\">\n<tbody>\n<tr>\n<td width=\"284\">Typ<\/td>\n<td width=\"284\">BJA1200<\/td>\n<\/tr>\n<tr>\n<td width=\"284\">F\u00f6r\u00e5ngningskapacitet<\/td>\n<td width=\"284\">&gt;1200 ml<\/td>\n<\/tr>\n<tr>\n<td width=\"284\">Storlek<\/td>\n<td width=\"284\">135*68*51 mm (L*B*H)<\/td>\n<\/tr>\n<tr>\n<td width=\"284\">Arbetsfrekvens<\/td>\n<td width=\"284\">1700\u00b150 (kHz)<\/td>\n<\/tr>\n<tr>\n<td width=\"284\">Diameter p\u00e5 piezokeramik<\/td>\n<td width=\"284\">20 mm<\/td>\n<\/tr>\n<tr>\n<td width=\"284\">Arbetstemperatur<\/td>\n<td width=\"284\">1\u201345 \u00b0C<\/td>\n<\/tr>\n<tr>\n<td width=\"284\">Vattenniv\u00e5<\/td>\n<td width=\"284\">40\u201380 mm<\/td>\n<\/tr>\n<tr>\n<td width=\"284\">Arbetssp\u00e4nning<\/td>\n<td width=\"284\">36 V AC<\/td>\n<\/tr>\n<tr>\n<td width=\"284\">Arbetsstr\u00f6m<\/td>\n<td width=\"284\">3,3 A<\/td>\n<\/tr>\n<tr>\n<td width=\"284\">Effekt<\/td>\n<td width=\"284\">150 W<\/td>\n<\/tr>\n<tr>\n<td width=\"284\">Material<\/td>\n<td width=\"284\">Rostfritt st\u00e5l<\/td>\n<\/tr>\n<tr>\n<td width=\"284\">Kabel<\/td>\n<td width=\"284\">L\u00e4ngd 5 m<\/td>\n<\/tr>\n<tr>\n<td width=\"284\">Ing\u00e5ngssp\u00e4nning<\/td>\n<td width=\"284\">AC 220 V\/50 Hz<\/p>\n<p>120 V\/60 Hz<\/td>\n<\/tr>\n<\/tbody>\n<\/table>\n<h3>Videor om ultraljudsfuktar<\/h3>\n<p><iframe loading=\"lazy\" title=\"Ultrasonic Humidifier\" width=\"500\" height=\"281\" src=\"https:\/\/www.youtube.com\/embed\/videoseries?list=PLLrjMYkO0_NEpofnqW3MnsGQ-KMwpBJul\" frameborder=\"0\" allow=\"accelerometer; autoplay; clipboard-write; encrypted-media; gyroscope; picture-in-picture; web-share\" referrerpolicy=\"strict-origin-when-cross-origin\" allowfullscreen><\/iframe><\/p>\n","protected":false},"excerpt":{"rendered":"<p><a href=\"https:\/\/www.bjultrasonic.com\/sv\/category\/ultrasonic-atomizer-sv\/\">Ultrasonic humidifier<\/a> anv\u00e4nder ultraljudsenergi f\u00f6r att omvandla v\u00e4tskor till molnliknande partiklar. Ultrasonic humidifier kallas ocks\u00e5 f\u00f6r ultrasonic atomizer, <a href=\"https:\/\/www.bjultrasonic.com\/sv\/shop\/ultrasonic-atomizing-transducer\/\">ultrasonic mist maker<\/a>, ultrasonic fogger.<\/p>\n","protected":false},"featured_media":23793,"comment_status":"open","ping_status":"closed","template":"","meta":[],"product_brand":[],"product_cat":[6211],"product_tag":[],"class_list":{"0":"post-65386","1":"product","2":"type-product","3":"status-publish","4":"has-post-thumbnail","6":"product_cat-ultrasonic-atomizer-sv","8":"first","9":"instock","10":"shipping-taxable","11":"purchasable","12":"product-type-simple","13":"prodpage-classic"},"aioseo_notices":[],"_links":{"self":[{"href":"https:\/\/www.bjultrasonic.com\/sv\/wp-json\/wp\/v2\/product\/65386","targetHints":{"allow":["GET"]}}],"collection":[{"href":"https:\/\/www.bjultrasonic.com\/sv\/wp-json\/wp\/v2\/product"}],"about":[{"href":"https:\/\/www.bjultrasonic.com\/sv\/wp-json\/wp\/v2\/types\/product"}],"replies":[{"embeddable":true,"href":"https:\/\/www.bjultrasonic.com\/sv\/wp-json\/wp\/v2\/comments?post=65386"}],"wp:featuredmedia":[{"embeddable":true,"href":"https:\/\/www.bjultrasonic.com\/sv\/wp-json\/wp\/v2\/media\/23793"}],"wp:attachment":[{"href":"https:\/\/www.bjultrasonic.com\/sv\/wp-json\/wp\/v2\/media?parent=65386"}],"wp:term":[{"taxonomy":"product_brand","embeddable":true,"href":"https:\/\/www.bjultrasonic.com\/sv\/wp-json\/wp\/v2\/product_brand?post=65386"},{"taxonomy":"product_cat","embeddable":true,"href":"https:\/\/www.bjultrasonic.com\/sv\/wp-json\/wp\/v2\/product_cat?post=65386"},{"taxonomy":"product_tag","embeddable":true,"href":"https:\/\/www.bjultrasonic.com\/sv\/wp-json\/wp\/v2\/product_tag?post=65386"}],"curies":[{"name":"wp","href":"https:\/\/api.w.org\/{rel}","templated":true}]}}