{"id":65406,"date":"2021-03-22T09:02:21","date_gmt":"2021-03-22T14:02:21","guid":{"rendered":"https:\/\/www.bjultrasonic.com\/shop\/700ml-ultrasonic-humidifier\/"},"modified":"2026-03-28T20:57:18","modified_gmt":"2026-03-29T01:57:18","slug":"700ml-ultrasonic-humidifier","status":"publish","type":"product","link":"https:\/\/www.bjultrasonic.com\/sv\/shop\/700ml-ultrasonic-humidifier\/","title":{"rendered":"700ML Ultrtrasonisk Luftfuktare"},"content":{"rendered":"<table class=\"table table-striped table-bordered\">\n<tbody>\n<tr>\n<td width=\"343\">Typ<\/td>\n<td width=\"343\">BJA700<\/td>\n<\/tr>\n<tr>\n<td width=\"343\">F\u00f6r\u00e5ngningskapacitet<\/td>\n<td width=\"343\">&gt;700ML<\/td>\n<\/tr>\n<tr>\n<td width=\"343\">Storlek<\/td>\n<td width=\"343\">115*44*51mm L*B*H<\/td>\n<\/tr>\n<tr>\n<td width=\"343\">Arbetsfrekvens<\/td>\n<td width=\"343\">1700\u00b150(KHZ)<\/td>\n<\/tr>\n<tr>\n<td width=\"343\">Diameter piezokeramik<\/td>\n<td width=\"343\">20mm<\/td>\n<\/tr>\n<tr>\n<td width=\"343\">Arbetstemperatur<\/td>\n<td width=\"343\">5\uff5e45\u2103<\/td>\n<\/tr>\n<tr>\n<td width=\"343\">Vattenniv\u00e5<\/td>\n<td width=\"343\">40-60 mm \u00f6ver tankens botten<\/td>\n<\/tr>\n<tr>\n<td width=\"343\">Arbetssp\u00e4nning<\/td>\n<td width=\"343\">DC\u00a036V<\/td>\n<\/tr>\n<tr>\n<td width=\"343\">Effekt:<\/td>\n<td width=\"343\">80W<\/td>\n<\/tr>\n<tr>\n<td width=\"343\">Material<\/td>\n<td width=\"343\">Rostfritt st\u00e5l 304<\/td>\n<\/tr>\n<tr>\n<td width=\"343\">Kabel<\/td>\n<td width=\"343\">1,5M eller 3M<\/td>\n<\/tr>\n<\/tbody>\n<\/table>\n<p>&nbsp;<\/p>\n<h3>Videor om ultraljudsfuktare<\/h3>\n<p><iframe loading=\"lazy\" title=\"Ultrasonic Humidifier\" width=\"500\" height=\"281\" src=\"https:\/\/www.youtube.com\/embed\/videoseries?list=PLLrjMYkO0_NEpofnqW3MnsGQ-KMwpBJul\" frameborder=\"0\" allow=\"accelerometer; autoplay; clipboard-write; encrypted-media; gyroscope; picture-in-picture; web-share\" referrerpolicy=\"strict-origin-when-cross-origin\" allowfullscreen><\/iframe><\/p>\n","protected":false},"excerpt":{"rendered":"<p><a href=\"https:\/\/www.bjultrasonic.com\/sv\/category\/ultrasonic-atomizer-sv\/\">Ultrasonisk luftfuktare<\/a> anv\u00e4nder ultraljudsenergi f\u00f6r att omvandla v\u00e4tskor till molnliknande partiklar. Ultrasonisk luftfuktare kallas ocks\u00e5 f\u00f6r ultraljudsatomiserare, <a href=\"https:\/\/www.bjultrasonic.com\/sv\/shop\/ultrasonic-atomizing-transducer\/\">ultraljudsdimmskapare<\/a>, ultraljudsdimmare.<\/p>\n","protected":false},"featured_media":23789,"comment_status":"open","ping_status":"closed","template":"","meta":[],"product_brand":[],"product_cat":[6211],"product_tag":[],"class_list":{"0":"post-65406","1":"product","2":"type-product","3":"status-publish","4":"has-post-thumbnail","6":"product_cat-ultrasonic-atomizer-sv","8":"first","9":"instock","10":"shipping-taxable","11":"purchasable","12":"product-type-simple","13":"prodpage-classic"},"aioseo_notices":[],"_links":{"self":[{"href":"https:\/\/www.bjultrasonic.com\/sv\/wp-json\/wp\/v2\/product\/65406","targetHints":{"allow":["GET"]}}],"collection":[{"href":"https:\/\/www.bjultrasonic.com\/sv\/wp-json\/wp\/v2\/product"}],"about":[{"href":"https:\/\/www.bjultrasonic.com\/sv\/wp-json\/wp\/v2\/types\/product"}],"replies":[{"embeddable":true,"href":"https:\/\/www.bjultrasonic.com\/sv\/wp-json\/wp\/v2\/comments?post=65406"}],"wp:featuredmedia":[{"embeddable":true,"href":"https:\/\/www.bjultrasonic.com\/sv\/wp-json\/wp\/v2\/media\/23789"}],"wp:attachment":[{"href":"https:\/\/www.bjultrasonic.com\/sv\/wp-json\/wp\/v2\/media?parent=65406"}],"wp:term":[{"taxonomy":"product_brand","embeddable":true,"href":"https:\/\/www.bjultrasonic.com\/sv\/wp-json\/wp\/v2\/product_brand?post=65406"},{"taxonomy":"product_cat","embeddable":true,"href":"https:\/\/www.bjultrasonic.com\/sv\/wp-json\/wp\/v2\/product_cat?post=65406"},{"taxonomy":"product_tag","embeddable":true,"href":"https:\/\/www.bjultrasonic.com\/sv\/wp-json\/wp\/v2\/product_tag?post=65406"}],"curies":[{"name":"wp","href":"https:\/\/api.w.org\/{rel}","templated":true}]}}